{"id":7601,"date":"2024-01-08T10:27:28","date_gmt":"2024-01-08T08:27:28","guid":{"rendered":"https:\/\/www.sonneshop.ee\/product\/ovala-pamatne\/"},"modified":"2024-01-08T10:27:28","modified_gmt":"2024-01-08T08:27:28","slug":"ovala-pamatne","status":"publish","type":"product","link":"https:\/\/www.sonneshop.ee\/lv\/product\/ovala-pamatne\/","title":{"rendered":"Ov\u0101la pamatne"},"content":{"rendered":"","protected":false},"excerpt":{"rendered":"<p>&nbsp;<\/p>\n<h5>Betona pamatne\/stat\u012bvs ar minim\u0101lisma dizainu.<\/h5>\n<p>&nbsp;<\/p>\n<p>Piem\u0113rots k\u0101 pamats svec\u0113m, rotasliet\u0101m, k\u0101 ar\u012b k\u0101 zobu birstes tur\u0113t\u0101js, \u0161\u0137idro ziepju tur\u0113t\u0101js vannas istab\u0101.<\/p>\n<p>Izm\u0113ri: 17,5 x 9,5 x 1,6 cm<br \/>\nMateri\u0101ls: betons<br \/>\nApstr\u0101d\u0101ts ar dab\u012bg\u0101m e\u013c\u013c\u0101m.<\/p>\n<p>Katrs izstr\u0101d\u0101jums ir roku darbs, un tam ir savs unik\u0101ls dizains.<\/p>\n<p>Izstr\u0101d\u0101ts un ra\u017eots Igaunij\u0101.<\/p>\n<p>&nbsp;<\/p>\n","protected":false},"featured_media":6954,"comment_status":"open","ping_status":"closed","template":"","meta":[],"product_brand":[],"product_cat":[593],"product_tag":[594,597,598],"class_list":{"0":"post-7601","1":"product","2":"type-product","3":"status-publish","4":"has-post-thumbnail","6":"product_cat-oko-lv","7":"product_tag-oko-lv","8":"product_tag-ovala-pamatne","9":"product_tag-svecturis","11":"first","12":"instock","13":"taxable","14":"shipping-taxable","15":"purchasable","16":"product-type-simple"},"yoast_head":"<!-- This site is optimized with the Yoast SEO plugin v27.6 - https:\/\/yoast.com\/product\/yoast-seo-wordpress\/ -->\n<title>Ov\u0101la pamatne - Sonne<\/title>\n<meta name=\"robots\" content=\"index, follow, max-snippet:-1, max-image-preview:large, max-video-preview:-1\" \/>\n<link rel=\"canonical\" href=\"https:\/\/www.sonneshop.ee\/lv\/product\/ovala-pamatne\/\" \/>\n<meta property=\"og:locale\" content=\"lv_LV\" \/>\n<meta property=\"og:type\" content=\"article\" \/>\n<meta property=\"og:title\" content=\"Ov\u0101la pamatne - Sonne\" \/>\n<meta property=\"og:description\" content=\"&nbsp; Betona pamatne\/stat\u012bvs ar minim\u0101lisma dizainu. &nbsp; Piem\u0113rots k\u0101 pamats svec\u0113m, rotasliet\u0101m, k\u0101 ar\u012b k\u0101 zobu birstes tur\u0113t\u0101js, \u0161\u0137idro ziepju tur\u0113t\u0101js vannas istab\u0101. Izm\u0113ri: 17,5 x 9,5 x 1,6 cm Materi\u0101ls: betons Apstr\u0101d\u0101ts ar dab\u012bg\u0101m e\u013c\u013c\u0101m. Katrs izstr\u0101d\u0101jums ir roku darbs, un tam ir savs unik\u0101ls dizains. Izstr\u0101d\u0101ts un ra\u017eots Igaunij\u0101. &nbsp;\" \/>\n<meta property=\"og:url\" content=\"https:\/\/www.sonneshop.ee\/lv\/product\/ovala-pamatne\/\" \/>\n<meta property=\"og:site_name\" content=\"Sonne\" \/>\n<meta property=\"article:publisher\" content=\"https:\/\/www.facebook.com\/sonneshop\/\" \/>\n<meta property=\"og:image\" content=\"https:\/\/www.sonneshop.ee\/wp-content\/uploads\/2024\/01\/tumehallkuunlaalus.jpg\" \/>\n\t<meta property=\"og:image:width\" content=\"768\" \/>\n\t<meta property=\"og:image:height\" content=\"1152\" \/>\n\t<meta property=\"og:image:type\" content=\"image\/jpeg\" \/>\n<meta name=\"twitter:card\" content=\"summary_large_image\" \/>\n<script type=\"application\/ld+json\" class=\"yoast-schema-graph\">{\"@context\":\"https:\\\/\\\/schema.org\",\"@graph\":[{\"@type\":\"WebPage\",\"@id\":\"https:\\\/\\\/www.sonneshop.ee\\\/lv\\\/product\\\/ovala-pamatne\\\/\",\"url\":\"https:\\\/\\\/www.sonneshop.ee\\\/lv\\\/product\\\/ovala-pamatne\\\/\",\"name\":\"Ov\u0101la pamatne - Sonne\",\"isPartOf\":{\"@id\":\"https:\\\/\\\/www.sonneshop.ee\\\/lv\\\/#website\"},\"primaryImageOfPage\":{\"@id\":\"https:\\\/\\\/www.sonneshop.ee\\\/lv\\\/product\\\/ovala-pamatne\\\/#primaryimage\"},\"image\":{\"@id\":\"https:\\\/\\\/www.sonneshop.ee\\\/lv\\\/product\\\/ovala-pamatne\\\/#primaryimage\"},\"thumbnailUrl\":\"https:\\\/\\\/www.sonneshop.ee\\\/wp-content\\\/uploads\\\/2024\\\/01\\\/tumehallkuunlaalus.jpg\",\"datePublished\":\"2024-01-08T08:27:28+00:00\",\"breadcrumb\":{\"@id\":\"https:\\\/\\\/www.sonneshop.ee\\\/lv\\\/product\\\/ovala-pamatne\\\/#breadcrumb\"},\"inLanguage\":\"lv-LV\",\"potentialAction\":[{\"@type\":\"ReadAction\",\"target\":[\"https:\\\/\\\/www.sonneshop.ee\\\/lv\\\/product\\\/ovala-pamatne\\\/\"]}]},{\"@type\":\"ImageObject\",\"inLanguage\":\"lv-LV\",\"@id\":\"https:\\\/\\\/www.sonneshop.ee\\\/lv\\\/product\\\/ovala-pamatne\\\/#primaryimage\",\"url\":\"https:\\\/\\\/www.sonneshop.ee\\\/wp-content\\\/uploads\\\/2024\\\/01\\\/tumehallkuunlaalus.jpg\",\"contentUrl\":\"https:\\\/\\\/www.sonneshop.ee\\\/wp-content\\\/uploads\\\/2024\\\/01\\\/tumehallkuunlaalus.jpg\",\"width\":768,\"height\":1152},{\"@type\":\"BreadcrumbList\",\"@id\":\"https:\\\/\\\/www.sonneshop.ee\\\/lv\\\/product\\\/ovala-pamatne\\\/#breadcrumb\",\"itemListElement\":[{\"@type\":\"ListItem\",\"position\":1,\"name\":\"Home\",\"item\":\"https:\\\/\\\/www.sonneshop.ee\\\/lv\\\/kafija-majas-maksla\\\/\"},{\"@type\":\"ListItem\",\"position\":2,\"name\":\"Pood\",\"item\":\"https:\\\/\\\/www.sonneshop.ee\\\/pood\\\/\"},{\"@type\":\"ListItem\",\"position\":3,\"name\":\"Ov\u0101la pamatne\"}]},{\"@type\":\"WebSite\",\"@id\":\"https:\\\/\\\/www.sonneshop.ee\\\/lv\\\/#website\",\"url\":\"https:\\\/\\\/www.sonneshop.ee\\\/lv\\\/\",\"name\":\"Sonne\",\"description\":\"Kohv.Kodu.Kunst\",\"publisher\":{\"@id\":\"https:\\\/\\\/www.sonneshop.ee\\\/lv\\\/#organization\"},\"potentialAction\":[{\"@type\":\"SearchAction\",\"target\":{\"@type\":\"EntryPoint\",\"urlTemplate\":\"https:\\\/\\\/www.sonneshop.ee\\\/lv\\\/?s={search_term_string}\"},\"query-input\":{\"@type\":\"PropertyValueSpecification\",\"valueRequired\":true,\"valueName\":\"search_term_string\"}}],\"inLanguage\":\"lv-LV\"},{\"@type\":\"Organization\",\"@id\":\"https:\\\/\\\/www.sonneshop.ee\\\/lv\\\/#organization\",\"name\":\"Sonne kohv.kodu.kunst\",\"url\":\"https:\\\/\\\/www.sonneshop.ee\\\/lv\\\/\",\"logo\":{\"@type\":\"ImageObject\",\"inLanguage\":\"lv-LV\",\"@id\":\"https:\\\/\\\/www.sonneshop.ee\\\/lv\\\/#\\\/schema\\\/logo\\\/image\\\/\",\"url\":\"https:\\\/\\\/www.sonneshop.ee\\\/wp-content\\\/uploads\\\/2023\\\/07\\\/Sonne_valge.png\",\"contentUrl\":\"https:\\\/\\\/www.sonneshop.ee\\\/wp-content\\\/uploads\\\/2023\\\/07\\\/Sonne_valge.png\",\"width\":600,\"height\":600,\"caption\":\"Sonne kohv.kodu.kunst\"},\"image\":{\"@id\":\"https:\\\/\\\/www.sonneshop.ee\\\/lv\\\/#\\\/schema\\\/logo\\\/image\\\/\"},\"sameAs\":[\"https:\\\/\\\/www.facebook.com\\\/sonneshop\\\/\"]}]}<\/script>\n<!-- \/ Yoast SEO plugin. -->","yoast_head_json":{"title":"Ov\u0101la pamatne - Sonne","robots":{"index":"index","follow":"follow","max-snippet":"max-snippet:-1","max-image-preview":"max-image-preview:large","max-video-preview":"max-video-preview:-1"},"canonical":"https:\/\/www.sonneshop.ee\/lv\/product\/ovala-pamatne\/","og_locale":"lv_LV","og_type":"article","og_title":"Ov\u0101la pamatne - Sonne","og_description":"&nbsp; Betona pamatne\/stat\u012bvs ar minim\u0101lisma dizainu. &nbsp; Piem\u0113rots k\u0101 pamats svec\u0113m, rotasliet\u0101m, k\u0101 ar\u012b k\u0101 zobu birstes tur\u0113t\u0101js, \u0161\u0137idro ziepju tur\u0113t\u0101js vannas istab\u0101. Izm\u0113ri: 17,5 x 9,5 x 1,6 cm Materi\u0101ls: betons Apstr\u0101d\u0101ts ar dab\u012bg\u0101m e\u013c\u013c\u0101m. Katrs izstr\u0101d\u0101jums ir roku darbs, un tam ir savs unik\u0101ls dizains. Izstr\u0101d\u0101ts un ra\u017eots Igaunij\u0101. &nbsp;","og_url":"https:\/\/www.sonneshop.ee\/lv\/product\/ovala-pamatne\/","og_site_name":"Sonne","article_publisher":"https:\/\/www.facebook.com\/sonneshop\/","og_image":[{"width":768,"height":1152,"url":"https:\/\/www.sonneshop.ee\/wp-content\/uploads\/2024\/01\/tumehallkuunlaalus.jpg","type":"image\/jpeg"}],"twitter_card":"summary_large_image","schema":{"@context":"https:\/\/schema.org","@graph":[{"@type":"WebPage","@id":"https:\/\/www.sonneshop.ee\/lv\/product\/ovala-pamatne\/","url":"https:\/\/www.sonneshop.ee\/lv\/product\/ovala-pamatne\/","name":"Ov\u0101la pamatne - Sonne","isPartOf":{"@id":"https:\/\/www.sonneshop.ee\/lv\/#website"},"primaryImageOfPage":{"@id":"https:\/\/www.sonneshop.ee\/lv\/product\/ovala-pamatne\/#primaryimage"},"image":{"@id":"https:\/\/www.sonneshop.ee\/lv\/product\/ovala-pamatne\/#primaryimage"},"thumbnailUrl":"https:\/\/www.sonneshop.ee\/wp-content\/uploads\/2024\/01\/tumehallkuunlaalus.jpg","datePublished":"2024-01-08T08:27:28+00:00","breadcrumb":{"@id":"https:\/\/www.sonneshop.ee\/lv\/product\/ovala-pamatne\/#breadcrumb"},"inLanguage":"lv-LV","potentialAction":[{"@type":"ReadAction","target":["https:\/\/www.sonneshop.ee\/lv\/product\/ovala-pamatne\/"]}]},{"@type":"ImageObject","inLanguage":"lv-LV","@id":"https:\/\/www.sonneshop.ee\/lv\/product\/ovala-pamatne\/#primaryimage","url":"https:\/\/www.sonneshop.ee\/wp-content\/uploads\/2024\/01\/tumehallkuunlaalus.jpg","contentUrl":"https:\/\/www.sonneshop.ee\/wp-content\/uploads\/2024\/01\/tumehallkuunlaalus.jpg","width":768,"height":1152},{"@type":"BreadcrumbList","@id":"https:\/\/www.sonneshop.ee\/lv\/product\/ovala-pamatne\/#breadcrumb","itemListElement":[{"@type":"ListItem","position":1,"name":"Home","item":"https:\/\/www.sonneshop.ee\/lv\/kafija-majas-maksla\/"},{"@type":"ListItem","position":2,"name":"Pood","item":"https:\/\/www.sonneshop.ee\/pood\/"},{"@type":"ListItem","position":3,"name":"Ov\u0101la pamatne"}]},{"@type":"WebSite","@id":"https:\/\/www.sonneshop.ee\/lv\/#website","url":"https:\/\/www.sonneshop.ee\/lv\/","name":"Sonne","description":"Kohv.Kodu.Kunst","publisher":{"@id":"https:\/\/www.sonneshop.ee\/lv\/#organization"},"potentialAction":[{"@type":"SearchAction","target":{"@type":"EntryPoint","urlTemplate":"https:\/\/www.sonneshop.ee\/lv\/?s={search_term_string}"},"query-input":{"@type":"PropertyValueSpecification","valueRequired":true,"valueName":"search_term_string"}}],"inLanguage":"lv-LV"},{"@type":"Organization","@id":"https:\/\/www.sonneshop.ee\/lv\/#organization","name":"Sonne kohv.kodu.kunst","url":"https:\/\/www.sonneshop.ee\/lv\/","logo":{"@type":"ImageObject","inLanguage":"lv-LV","@id":"https:\/\/www.sonneshop.ee\/lv\/#\/schema\/logo\/image\/","url":"https:\/\/www.sonneshop.ee\/wp-content\/uploads\/2023\/07\/Sonne_valge.png","contentUrl":"https:\/\/www.sonneshop.ee\/wp-content\/uploads\/2023\/07\/Sonne_valge.png","width":600,"height":600,"caption":"Sonne kohv.kodu.kunst"},"image":{"@id":"https:\/\/www.sonneshop.ee\/lv\/#\/schema\/logo\/image\/"},"sameAs":["https:\/\/www.facebook.com\/sonneshop\/"]}]}},"_links":{"self":[{"href":"https:\/\/www.sonneshop.ee\/lv\/wp-json\/wp\/v2\/product\/7601","targetHints":{"allow":["GET"]}}],"collection":[{"href":"https:\/\/www.sonneshop.ee\/lv\/wp-json\/wp\/v2\/product"}],"about":[{"href":"https:\/\/www.sonneshop.ee\/lv\/wp-json\/wp\/v2\/types\/product"}],"replies":[{"embeddable":true,"href":"https:\/\/www.sonneshop.ee\/lv\/wp-json\/wp\/v2\/comments?post=7601"}],"wp:featuredmedia":[{"embeddable":true,"href":"https:\/\/www.sonneshop.ee\/lv\/wp-json\/wp\/v2\/media\/6954"}],"wp:attachment":[{"href":"https:\/\/www.sonneshop.ee\/lv\/wp-json\/wp\/v2\/media?parent=7601"}],"wp:term":[{"taxonomy":"product_brand","embeddable":true,"href":"https:\/\/www.sonneshop.ee\/lv\/wp-json\/wp\/v2\/product_brand?post=7601"},{"taxonomy":"product_cat","embeddable":true,"href":"https:\/\/www.sonneshop.ee\/lv\/wp-json\/wp\/v2\/product_cat?post=7601"},{"taxonomy":"product_tag","embeddable":true,"href":"https:\/\/www.sonneshop.ee\/lv\/wp-json\/wp\/v2\/product_tag?post=7601"}],"curies":[{"name":"wp","href":"https:\/\/api.w.org\/{rel}","templated":true}]}}