{"id":7479,"date":"2023-11-14T17:21:02","date_gmt":"2023-11-14T15:21:02","guid":{"rendered":"https:\/\/www.sonneshop.ee\/product\/burbulu-svece-ar-dazadiem-aromatiem\/"},"modified":"2025-12-08T12:17:54","modified_gmt":"2025-12-08T10:17:54","slug":"burbulu-svece-ar-dazadiem-aromatiem","status":"publish","type":"product","link":"https:\/\/www.sonneshop.ee\/lv\/product\/burbulu-svece-ar-dazadiem-aromatiem\/","title":{"rendered":"Burbu\u013cu svece ar da\u017e\u0101diem arom\u0101tiem"},"content":{"rendered":"<p>&nbsp;<\/p>\n<p><span style=\"font-weight: 400;\"><strong>Visas Bright Moon sveces tiek lietas ar rok\u0101m, izmantojot t\u012bru sojas vasku, iztur\u012bgas kokvilnas daktis un augstas kvalit\u0101tes arom\u0101tisk\u0101s e\u013c\u013cas.<\/strong>  Paredz\u0113ts dekorat\u012bvai lieto\u0161anai. Deg\u0161anas laik\u0101 \u0146emiet v\u0113r\u0101, ka sojas vasks var izplat\u012bties, t\u0101p\u0113c m\u0113s iesak\u0101m izmantot karstumiztur\u012bgu pamatni.<\/span><\/p>\n<p><span style=\"font-weight: 400;\">Visas Bright Moon sveces ir izgatavotas no KeraSoy Pillar sojas vaska.<\/span><\/p>\n<p><span style=\"font-weight: 400;\">KeraSoy Pillar vasks ir izgatavots, izmantojot tikai augst\u0101k\u0101s kvalit\u0101tes un atbild\u012bgi ieg\u016btas izejvielas. T\u0101pat k\u0101 visi Kerax dab\u012bgie sve\u010du vaski, ar\u012b KeraSoy Pillar 4120 atbilst nepiecie\u0161amaj\u0101m pras\u012bb\u0101m, t. i., tas ir biolo\u0123iski no\u0101rd\u0101ms, veg\u0101ns un nesatur palmu e\u013c\u013cu. KeraSoy Pillar vaska ra\u017eo\u0161an\u0101 netiek izmantoti dz\u012bvnieku izcelsmes produkti.<\/span><\/p>\n","protected":false},"excerpt":{"rendered":"<p>&nbsp;<\/p>\n<h5>Spilgta m\u0113ness burbu\u013cu svece ir stil\u012bgs dekors j\u016bsu kafijas galdam, \u0113damistabai vai vannas istabas plauktiem. Pat\u012bkam\u0101s maig\u0101s kr\u0101sas un kvalitat\u012bv\u0101s smar\u017eas uzlabos jebkuru interjeru.<\/h5>\n<p>&nbsp;<\/p>\n<ul>\n<li>100% dab\u012bgs sojas vasks<\/li>\n<li>Svars: 160 grami<\/li>\n<li>Izm\u0113rs: 6 x 6 cm<\/li>\n<li>Sadeg\u0161anas laiks ~ 25 h<\/li>\n<li>Ar rok\u0101m lieti Igaunij\u0101<\/li>\n<\/ul>\n<p>&nbsp;<\/p>\n","protected":false},"featured_media":6862,"comment_status":"open","ping_status":"closed","template":"","meta":[],"product_brand":[],"product_cat":[561],"product_tag":[470,469],"class_list":{"0":"post-7479","1":"product","2":"type-product","3":"status-publish","4":"has-post-thumbnail","6":"product_cat-maro-sveces","7":"product_tag-sojas-adas-svece","8":"product_tag-spilgts-meness","10":"first","11":"instock","12":"taxable","13":"shipping-taxable","14":"purchasable","15":"product-type-simple"},"yoast_head":"<!-- This site is optimized with the Yoast SEO plugin v27.4 - https:\/\/yoast.com\/product\/yoast-seo-wordpress\/ -->\n<title>Burbu\u013cu svece ar da\u017e\u0101diem arom\u0101tiem - Sonne<\/title>\n<meta name=\"robots\" content=\"index, follow, max-snippet:-1, max-image-preview:large, max-video-preview:-1\" \/>\n<link rel=\"canonical\" href=\"https:\/\/www.sonneshop.ee\/lv\/product\/burbulu-svece-ar-dazadiem-aromatiem\/\" \/>\n<meta property=\"og:locale\" content=\"lv_LV\" \/>\n<meta property=\"og:type\" content=\"article\" \/>\n<meta property=\"og:title\" content=\"Burbu\u013cu svece ar da\u017e\u0101diem arom\u0101tiem - Sonne\" \/>\n<meta property=\"og:description\" content=\"&nbsp; Spilgta m\u0113ness burbu\u013cu svece ir stil\u012bgs dekors j\u016bsu kafijas galdam, \u0113damistabai vai vannas istabas plauktiem. Pat\u012bkam\u0101s maig\u0101s kr\u0101sas un kvalitat\u012bv\u0101s smar\u017eas uzlabos jebkuru interjeru. &nbsp;  100% dab\u012bgs sojas vasks  Svars: 160 grami  Izm\u0113rs: 6 x 6 cm  Sadeg\u0161anas laiks ~ 25 h  Ar rok\u0101m lieti Igaunij\u0101 &nbsp;\" \/>\n<meta property=\"og:url\" content=\"https:\/\/www.sonneshop.ee\/lv\/product\/burbulu-svece-ar-dazadiem-aromatiem\/\" \/>\n<meta property=\"og:site_name\" content=\"Sonne\" \/>\n<meta property=\"article:publisher\" content=\"https:\/\/www.facebook.com\/sonneshop\/\" \/>\n<meta property=\"article:modified_time\" content=\"2025-12-08T10:17:54+00:00\" \/>\n<meta property=\"og:image\" content=\"https:\/\/www.sonneshop.ee\/wp-content\/uploads\/2023\/11\/helge_kuu_kuunal.jpg\" \/>\n\t<meta property=\"og:image:width\" content=\"1024\" \/>\n\t<meta property=\"og:image:height\" content=\"1365\" \/>\n\t<meta property=\"og:image:type\" content=\"image\/jpeg\" \/>\n<meta name=\"twitter:card\" content=\"summary_large_image\" \/>\n<meta name=\"twitter:label1\" content=\"Est. reading time\" \/>\n\t<meta name=\"twitter:data1\" content=\"1 minute\" \/>\n<script type=\"application\/ld+json\" class=\"yoast-schema-graph\">{\"@context\":\"https:\\\/\\\/schema.org\",\"@graph\":[{\"@type\":\"WebPage\",\"@id\":\"https:\\\/\\\/www.sonneshop.ee\\\/lv\\\/product\\\/burbulu-svece-ar-dazadiem-aromatiem\\\/\",\"url\":\"https:\\\/\\\/www.sonneshop.ee\\\/lv\\\/product\\\/burbulu-svece-ar-dazadiem-aromatiem\\\/\",\"name\":\"Burbu\u013cu svece ar da\u017e\u0101diem arom\u0101tiem - Sonne\",\"isPartOf\":{\"@id\":\"https:\\\/\\\/www.sonneshop.ee\\\/lv\\\/#website\"},\"primaryImageOfPage\":{\"@id\":\"https:\\\/\\\/www.sonneshop.ee\\\/lv\\\/product\\\/burbulu-svece-ar-dazadiem-aromatiem\\\/#primaryimage\"},\"image\":{\"@id\":\"https:\\\/\\\/www.sonneshop.ee\\\/lv\\\/product\\\/burbulu-svece-ar-dazadiem-aromatiem\\\/#primaryimage\"},\"thumbnailUrl\":\"https:\\\/\\\/www.sonneshop.ee\\\/wp-content\\\/uploads\\\/2023\\\/11\\\/helge_kuu_kuunal.jpg\",\"datePublished\":\"2023-11-14T15:21:02+00:00\",\"dateModified\":\"2025-12-08T10:17:54+00:00\",\"breadcrumb\":{\"@id\":\"https:\\\/\\\/www.sonneshop.ee\\\/lv\\\/product\\\/burbulu-svece-ar-dazadiem-aromatiem\\\/#breadcrumb\"},\"inLanguage\":\"lv-LV\",\"potentialAction\":[{\"@type\":\"ReadAction\",\"target\":[\"https:\\\/\\\/www.sonneshop.ee\\\/lv\\\/product\\\/burbulu-svece-ar-dazadiem-aromatiem\\\/\"]}]},{\"@type\":\"ImageObject\",\"inLanguage\":\"lv-LV\",\"@id\":\"https:\\\/\\\/www.sonneshop.ee\\\/lv\\\/product\\\/burbulu-svece-ar-dazadiem-aromatiem\\\/#primaryimage\",\"url\":\"https:\\\/\\\/www.sonneshop.ee\\\/wp-content\\\/uploads\\\/2023\\\/11\\\/helge_kuu_kuunal.jpg\",\"contentUrl\":\"https:\\\/\\\/www.sonneshop.ee\\\/wp-content\\\/uploads\\\/2023\\\/11\\\/helge_kuu_kuunal.jpg\",\"width\":1024,\"height\":1365},{\"@type\":\"BreadcrumbList\",\"@id\":\"https:\\\/\\\/www.sonneshop.ee\\\/lv\\\/product\\\/burbulu-svece-ar-dazadiem-aromatiem\\\/#breadcrumb\",\"itemListElement\":[{\"@type\":\"ListItem\",\"position\":1,\"name\":\"Home\",\"item\":\"https:\\\/\\\/www.sonneshop.ee\\\/lv\\\/kafija-majas-maksla\\\/\"},{\"@type\":\"ListItem\",\"position\":2,\"name\":\"Pood\",\"item\":\"https:\\\/\\\/www.sonneshop.ee\\\/pood\\\/\"},{\"@type\":\"ListItem\",\"position\":3,\"name\":\"Burbu\u013cu svece ar da\u017e\u0101diem arom\u0101tiem\"}]},{\"@type\":\"WebSite\",\"@id\":\"https:\\\/\\\/www.sonneshop.ee\\\/lv\\\/#website\",\"url\":\"https:\\\/\\\/www.sonneshop.ee\\\/lv\\\/\",\"name\":\"Sonne\",\"description\":\"Kohv.Kodu.Kunst\",\"publisher\":{\"@id\":\"https:\\\/\\\/www.sonneshop.ee\\\/lv\\\/#organization\"},\"potentialAction\":[{\"@type\":\"SearchAction\",\"target\":{\"@type\":\"EntryPoint\",\"urlTemplate\":\"https:\\\/\\\/www.sonneshop.ee\\\/lv\\\/?s={search_term_string}\"},\"query-input\":{\"@type\":\"PropertyValueSpecification\",\"valueRequired\":true,\"valueName\":\"search_term_string\"}}],\"inLanguage\":\"lv-LV\"},{\"@type\":\"Organization\",\"@id\":\"https:\\\/\\\/www.sonneshop.ee\\\/lv\\\/#organization\",\"name\":\"Sonne kohv.kodu.kunst\",\"url\":\"https:\\\/\\\/www.sonneshop.ee\\\/lv\\\/\",\"logo\":{\"@type\":\"ImageObject\",\"inLanguage\":\"lv-LV\",\"@id\":\"https:\\\/\\\/www.sonneshop.ee\\\/lv\\\/#\\\/schema\\\/logo\\\/image\\\/\",\"url\":\"https:\\\/\\\/www.sonneshop.ee\\\/wp-content\\\/uploads\\\/2023\\\/07\\\/Sonne_valge.png\",\"contentUrl\":\"https:\\\/\\\/www.sonneshop.ee\\\/wp-content\\\/uploads\\\/2023\\\/07\\\/Sonne_valge.png\",\"width\":600,\"height\":600,\"caption\":\"Sonne kohv.kodu.kunst\"},\"image\":{\"@id\":\"https:\\\/\\\/www.sonneshop.ee\\\/lv\\\/#\\\/schema\\\/logo\\\/image\\\/\"},\"sameAs\":[\"https:\\\/\\\/www.facebook.com\\\/sonneshop\\\/\"]}]}<\/script>\n<!-- \/ Yoast SEO plugin. -->","yoast_head_json":{"title":"Burbu\u013cu svece ar da\u017e\u0101diem arom\u0101tiem - Sonne","robots":{"index":"index","follow":"follow","max-snippet":"max-snippet:-1","max-image-preview":"max-image-preview:large","max-video-preview":"max-video-preview:-1"},"canonical":"https:\/\/www.sonneshop.ee\/lv\/product\/burbulu-svece-ar-dazadiem-aromatiem\/","og_locale":"lv_LV","og_type":"article","og_title":"Burbu\u013cu svece ar da\u017e\u0101diem arom\u0101tiem - Sonne","og_description":"&nbsp; Spilgta m\u0113ness burbu\u013cu svece ir stil\u012bgs dekors j\u016bsu kafijas galdam, \u0113damistabai vai vannas istabas plauktiem. Pat\u012bkam\u0101s maig\u0101s kr\u0101sas un kvalitat\u012bv\u0101s smar\u017eas uzlabos jebkuru interjeru. &nbsp;  100% dab\u012bgs sojas vasks  Svars: 160 grami  Izm\u0113rs: 6 x 6 cm  Sadeg\u0161anas laiks ~ 25 h  Ar rok\u0101m lieti Igaunij\u0101 &nbsp;","og_url":"https:\/\/www.sonneshop.ee\/lv\/product\/burbulu-svece-ar-dazadiem-aromatiem\/","og_site_name":"Sonne","article_publisher":"https:\/\/www.facebook.com\/sonneshop\/","article_modified_time":"2025-12-08T10:17:54+00:00","og_image":[{"width":1024,"height":1365,"url":"https:\/\/www.sonneshop.ee\/wp-content\/uploads\/2023\/11\/helge_kuu_kuunal.jpg","type":"image\/jpeg"}],"twitter_card":"summary_large_image","twitter_misc":{"Est. reading time":"1 minute"},"schema":{"@context":"https:\/\/schema.org","@graph":[{"@type":"WebPage","@id":"https:\/\/www.sonneshop.ee\/lv\/product\/burbulu-svece-ar-dazadiem-aromatiem\/","url":"https:\/\/www.sonneshop.ee\/lv\/product\/burbulu-svece-ar-dazadiem-aromatiem\/","name":"Burbu\u013cu svece ar da\u017e\u0101diem arom\u0101tiem - Sonne","isPartOf":{"@id":"https:\/\/www.sonneshop.ee\/lv\/#website"},"primaryImageOfPage":{"@id":"https:\/\/www.sonneshop.ee\/lv\/product\/burbulu-svece-ar-dazadiem-aromatiem\/#primaryimage"},"image":{"@id":"https:\/\/www.sonneshop.ee\/lv\/product\/burbulu-svece-ar-dazadiem-aromatiem\/#primaryimage"},"thumbnailUrl":"https:\/\/www.sonneshop.ee\/wp-content\/uploads\/2023\/11\/helge_kuu_kuunal.jpg","datePublished":"2023-11-14T15:21:02+00:00","dateModified":"2025-12-08T10:17:54+00:00","breadcrumb":{"@id":"https:\/\/www.sonneshop.ee\/lv\/product\/burbulu-svece-ar-dazadiem-aromatiem\/#breadcrumb"},"inLanguage":"lv-LV","potentialAction":[{"@type":"ReadAction","target":["https:\/\/www.sonneshop.ee\/lv\/product\/burbulu-svece-ar-dazadiem-aromatiem\/"]}]},{"@type":"ImageObject","inLanguage":"lv-LV","@id":"https:\/\/www.sonneshop.ee\/lv\/product\/burbulu-svece-ar-dazadiem-aromatiem\/#primaryimage","url":"https:\/\/www.sonneshop.ee\/wp-content\/uploads\/2023\/11\/helge_kuu_kuunal.jpg","contentUrl":"https:\/\/www.sonneshop.ee\/wp-content\/uploads\/2023\/11\/helge_kuu_kuunal.jpg","width":1024,"height":1365},{"@type":"BreadcrumbList","@id":"https:\/\/www.sonneshop.ee\/lv\/product\/burbulu-svece-ar-dazadiem-aromatiem\/#breadcrumb","itemListElement":[{"@type":"ListItem","position":1,"name":"Home","item":"https:\/\/www.sonneshop.ee\/lv\/kafija-majas-maksla\/"},{"@type":"ListItem","position":2,"name":"Pood","item":"https:\/\/www.sonneshop.ee\/pood\/"},{"@type":"ListItem","position":3,"name":"Burbu\u013cu svece ar da\u017e\u0101diem arom\u0101tiem"}]},{"@type":"WebSite","@id":"https:\/\/www.sonneshop.ee\/lv\/#website","url":"https:\/\/www.sonneshop.ee\/lv\/","name":"Sonne","description":"Kohv.Kodu.Kunst","publisher":{"@id":"https:\/\/www.sonneshop.ee\/lv\/#organization"},"potentialAction":[{"@type":"SearchAction","target":{"@type":"EntryPoint","urlTemplate":"https:\/\/www.sonneshop.ee\/lv\/?s={search_term_string}"},"query-input":{"@type":"PropertyValueSpecification","valueRequired":true,"valueName":"search_term_string"}}],"inLanguage":"lv-LV"},{"@type":"Organization","@id":"https:\/\/www.sonneshop.ee\/lv\/#organization","name":"Sonne kohv.kodu.kunst","url":"https:\/\/www.sonneshop.ee\/lv\/","logo":{"@type":"ImageObject","inLanguage":"lv-LV","@id":"https:\/\/www.sonneshop.ee\/lv\/#\/schema\/logo\/image\/","url":"https:\/\/www.sonneshop.ee\/wp-content\/uploads\/2023\/07\/Sonne_valge.png","contentUrl":"https:\/\/www.sonneshop.ee\/wp-content\/uploads\/2023\/07\/Sonne_valge.png","width":600,"height":600,"caption":"Sonne kohv.kodu.kunst"},"image":{"@id":"https:\/\/www.sonneshop.ee\/lv\/#\/schema\/logo\/image\/"},"sameAs":["https:\/\/www.facebook.com\/sonneshop\/"]}]}},"_links":{"self":[{"href":"https:\/\/www.sonneshop.ee\/lv\/wp-json\/wp\/v2\/product\/7479","targetHints":{"allow":["GET"]}}],"collection":[{"href":"https:\/\/www.sonneshop.ee\/lv\/wp-json\/wp\/v2\/product"}],"about":[{"href":"https:\/\/www.sonneshop.ee\/lv\/wp-json\/wp\/v2\/types\/product"}],"replies":[{"embeddable":true,"href":"https:\/\/www.sonneshop.ee\/lv\/wp-json\/wp\/v2\/comments?post=7479"}],"wp:featuredmedia":[{"embeddable":true,"href":"https:\/\/www.sonneshop.ee\/lv\/wp-json\/wp\/v2\/media\/6862"}],"wp:attachment":[{"href":"https:\/\/www.sonneshop.ee\/lv\/wp-json\/wp\/v2\/media?parent=7479"}],"wp:term":[{"taxonomy":"product_brand","embeddable":true,"href":"https:\/\/www.sonneshop.ee\/lv\/wp-json\/wp\/v2\/product_brand?post=7479"},{"taxonomy":"product_cat","embeddable":true,"href":"https:\/\/www.sonneshop.ee\/lv\/wp-json\/wp\/v2\/product_cat?post=7479"},{"taxonomy":"product_tag","embeddable":true,"href":"https:\/\/www.sonneshop.ee\/lv\/wp-json\/wp\/v2\/product_tag?post=7479"}],"curies":[{"name":"wp","href":"https:\/\/api.w.org\/{rel}","templated":true}]}}