{"id":7455,"date":"2023-11-13T15:31:01","date_gmt":"2023-11-13T13:31:01","guid":{"rendered":"https:\/\/www.sonneshop.ee\/product\/tris-limenu-rafijas-piekaramais-gaismeklis-2\/"},"modified":"2025-04-28T15:08:52","modified_gmt":"2025-04-28T12:08:52","slug":"tris-limenu-rafijas-piekaramais-gaismeklis-2","status":"publish","type":"product","link":"https:\/\/www.sonneshop.ee\/lv\/product\/tris-limenu-rafijas-piekaramais-gaismeklis-2\/","title":{"rendered":"Tr\u012bs l\u012bme\u0146u rafijas piekaramais gaismeklis"},"content":{"rendered":"<p>&nbsp;<\/p>\n<p><span style=\"font-weight: 400;\">Izm\u0113ri:<\/span><\/p>\n<p><span style=\"font-weight: 400;\">&#8211; Izm\u0113rs S: \u00d835 x H20cm<\/span><\/p>\n<p><span style=\"font-weight: 400;\">&#8211; Izm\u0113rs M: \u00d840 x H18cm<\/span><\/p>\n<p><span style=\"font-weight: 400;\">Materi\u0101li: Rafija un sepis<\/span><\/p>\n<p><span style=\"font-weight: 400;\">Marok\u0101 var b\u016bt nelielas ar rok\u0101m darin\u0101to izstr\u0101d\u0101jumu izm\u0113ru un kr\u0101su at\u0161\u0137ir\u012bbas. Katrs gabals ir unik\u0101ls.<\/span><\/p>\n<p><span style=\"font-weight: 400;\">Nav elektr\u012bbas sist\u0113mas. Nepiecie\u0161ams izmantot LED spuldz\u012bti (nav iek\u013cauta komplekt\u0101).<\/span><\/p>\n<p><span style=\"font-weight: 400;\">Izstr\u0101d\u0101jumu var novietot \u0101rpus telp\u0101m, ta\u010du aizsarg\u0101jot no lietus un mitruma.<\/span><\/p>\n<p>&nbsp;<\/p>\n","protected":false},"excerpt":{"rendered":"<p>&nbsp;<\/p>\n<h5><strong>Tr\u012bspak\u0101pju rafijas piekari\u0146\u0161 ar autentisku materi\u0101lu ir ide\u0101li piem\u0113rots boh\u0113mas \u0161ikam.<\/strong><\/h5>\n<p>&nbsp;<\/p>\n<p><span style=\"font-weight: 400;\">Piekaramais lukturis ir izgatavots no dab\u012bg\u0101m \u0161\u0137iedr\u0101m, un t\u0101 r\u0101mis ir izgatavots no met\u0101la. P\u012btie pinumi caurlai\u017e gaismu un pie\u0161\u0137ir telpai siltu un m\u0101j\u012bgu noska\u0146u.<\/span><\/p>\n<p>&nbsp;<\/p>\n","protected":false},"featured_media":6734,"comment_status":"open","ping_status":"closed","template":"","meta":[],"product_brand":[],"product_cat":[446],"product_tag":[447,451,449],"class_list":{"0":"post-7455","1":"product","2":"type-product","3":"status-publish","4":"has-post-thumbnail","6":"product_cat-bohome-living-lv","7":"product_tag-bohome-living-lv","8":"product_tag-laelamp-lv-2","9":"product_tag-piekaramais-gaismeklis-lv","11":"first","12":"instock","13":"taxable","14":"shipping-taxable","15":"purchasable","16":"product-type-simple"},"yoast_head":"<!-- This site is optimized with the Yoast SEO plugin v27.4 - https:\/\/yoast.com\/product\/yoast-seo-wordpress\/ -->\n<title>Tr\u012bs l\u012bme\u0146u rafijas piekaramais gaismeklis - Sonne<\/title>\n<meta name=\"robots\" content=\"index, follow, max-snippet:-1, max-image-preview:large, max-video-preview:-1\" \/>\n<link rel=\"canonical\" href=\"https:\/\/www.sonneshop.ee\/lv\/product\/tris-limenu-rafijas-piekaramais-gaismeklis-2\/\" \/>\n<meta property=\"og:locale\" content=\"lv_LV\" \/>\n<meta property=\"og:type\" content=\"article\" \/>\n<meta property=\"og:title\" content=\"Tr\u012bs l\u012bme\u0146u rafijas piekaramais gaismeklis - Sonne\" \/>\n<meta property=\"og:description\" content=\"&nbsp; Tr\u012bspak\u0101pju rafijas piekari\u0146\u0161 ar autentisku materi\u0101lu ir ide\u0101li piem\u0113rots boh\u0113mas \u0161ikam. &nbsp; Piekaramais lukturis ir izgatavots no dab\u012bg\u0101m \u0161\u0137iedr\u0101m, un t\u0101 r\u0101mis ir izgatavots no met\u0101la. P\u012btie pinumi caurlai\u017e gaismu un pie\u0161\u0137ir telpai siltu un m\u0101j\u012bgu noska\u0146u. &nbsp;\" \/>\n<meta property=\"og:url\" content=\"https:\/\/www.sonneshop.ee\/lv\/product\/tris-limenu-rafijas-piekaramais-gaismeklis-2\/\" \/>\n<meta property=\"og:site_name\" content=\"Sonne\" \/>\n<meta property=\"article:publisher\" content=\"https:\/\/www.facebook.com\/sonneshop\/\" \/>\n<meta property=\"article:modified_time\" content=\"2025-04-28T12:08:52+00:00\" \/>\n<meta property=\"og:image\" content=\"https:\/\/www.sonneshop.ee\/wp-content\/uploads\/2023\/11\/Raphia-multiple-pettit_Bohomeliving.jpg\" \/>\n\t<meta property=\"og:image:width\" content=\"360\" \/>\n\t<meta property=\"og:image:height\" content=\"367\" \/>\n\t<meta property=\"og:image:type\" content=\"image\/jpeg\" \/>\n<meta name=\"twitter:card\" content=\"summary_large_image\" \/>\n<script type=\"application\/ld+json\" class=\"yoast-schema-graph\">{\"@context\":\"https:\\\/\\\/schema.org\",\"@graph\":[{\"@type\":\"WebPage\",\"@id\":\"https:\\\/\\\/www.sonneshop.ee\\\/lv\\\/product\\\/tris-limenu-rafijas-piekaramais-gaismeklis-2\\\/\",\"url\":\"https:\\\/\\\/www.sonneshop.ee\\\/lv\\\/product\\\/tris-limenu-rafijas-piekaramais-gaismeklis-2\\\/\",\"name\":\"Tr\u012bs l\u012bme\u0146u rafijas piekaramais gaismeklis - Sonne\",\"isPartOf\":{\"@id\":\"https:\\\/\\\/www.sonneshop.ee\\\/lv\\\/#website\"},\"primaryImageOfPage\":{\"@id\":\"https:\\\/\\\/www.sonneshop.ee\\\/lv\\\/product\\\/tris-limenu-rafijas-piekaramais-gaismeklis-2\\\/#primaryimage\"},\"image\":{\"@id\":\"https:\\\/\\\/www.sonneshop.ee\\\/lv\\\/product\\\/tris-limenu-rafijas-piekaramais-gaismeklis-2\\\/#primaryimage\"},\"thumbnailUrl\":\"https:\\\/\\\/www.sonneshop.ee\\\/wp-content\\\/uploads\\\/2023\\\/11\\\/Raphia-multiple-pettit_Bohomeliving.jpg\",\"datePublished\":\"2023-11-13T13:31:01+00:00\",\"dateModified\":\"2025-04-28T12:08:52+00:00\",\"breadcrumb\":{\"@id\":\"https:\\\/\\\/www.sonneshop.ee\\\/lv\\\/product\\\/tris-limenu-rafijas-piekaramais-gaismeklis-2\\\/#breadcrumb\"},\"inLanguage\":\"lv-LV\",\"potentialAction\":[{\"@type\":\"ReadAction\",\"target\":[\"https:\\\/\\\/www.sonneshop.ee\\\/lv\\\/product\\\/tris-limenu-rafijas-piekaramais-gaismeklis-2\\\/\"]}]},{\"@type\":\"ImageObject\",\"inLanguage\":\"lv-LV\",\"@id\":\"https:\\\/\\\/www.sonneshop.ee\\\/lv\\\/product\\\/tris-limenu-rafijas-piekaramais-gaismeklis-2\\\/#primaryimage\",\"url\":\"https:\\\/\\\/www.sonneshop.ee\\\/wp-content\\\/uploads\\\/2023\\\/11\\\/Raphia-multiple-pettit_Bohomeliving.jpg\",\"contentUrl\":\"https:\\\/\\\/www.sonneshop.ee\\\/wp-content\\\/uploads\\\/2023\\\/11\\\/Raphia-multiple-pettit_Bohomeliving.jpg\",\"width\":360,\"height\":367},{\"@type\":\"BreadcrumbList\",\"@id\":\"https:\\\/\\\/www.sonneshop.ee\\\/lv\\\/product\\\/tris-limenu-rafijas-piekaramais-gaismeklis-2\\\/#breadcrumb\",\"itemListElement\":[{\"@type\":\"ListItem\",\"position\":1,\"name\":\"Home\",\"item\":\"https:\\\/\\\/www.sonneshop.ee\\\/lv\\\/kafija-majas-maksla\\\/\"},{\"@type\":\"ListItem\",\"position\":2,\"name\":\"Pood\",\"item\":\"https:\\\/\\\/www.sonneshop.ee\\\/pood\\\/\"},{\"@type\":\"ListItem\",\"position\":3,\"name\":\"Tr\u012bs l\u012bme\u0146u rafijas piekaramais gaismeklis\"}]},{\"@type\":\"WebSite\",\"@id\":\"https:\\\/\\\/www.sonneshop.ee\\\/lv\\\/#website\",\"url\":\"https:\\\/\\\/www.sonneshop.ee\\\/lv\\\/\",\"name\":\"Sonne\",\"description\":\"Kohv.Kodu.Kunst\",\"publisher\":{\"@id\":\"https:\\\/\\\/www.sonneshop.ee\\\/lv\\\/#organization\"},\"potentialAction\":[{\"@type\":\"SearchAction\",\"target\":{\"@type\":\"EntryPoint\",\"urlTemplate\":\"https:\\\/\\\/www.sonneshop.ee\\\/lv\\\/?s={search_term_string}\"},\"query-input\":{\"@type\":\"PropertyValueSpecification\",\"valueRequired\":true,\"valueName\":\"search_term_string\"}}],\"inLanguage\":\"lv-LV\"},{\"@type\":\"Organization\",\"@id\":\"https:\\\/\\\/www.sonneshop.ee\\\/lv\\\/#organization\",\"name\":\"Sonne kohv.kodu.kunst\",\"url\":\"https:\\\/\\\/www.sonneshop.ee\\\/lv\\\/\",\"logo\":{\"@type\":\"ImageObject\",\"inLanguage\":\"lv-LV\",\"@id\":\"https:\\\/\\\/www.sonneshop.ee\\\/lv\\\/#\\\/schema\\\/logo\\\/image\\\/\",\"url\":\"https:\\\/\\\/www.sonneshop.ee\\\/wp-content\\\/uploads\\\/2023\\\/07\\\/Sonne_valge.png\",\"contentUrl\":\"https:\\\/\\\/www.sonneshop.ee\\\/wp-content\\\/uploads\\\/2023\\\/07\\\/Sonne_valge.png\",\"width\":600,\"height\":600,\"caption\":\"Sonne kohv.kodu.kunst\"},\"image\":{\"@id\":\"https:\\\/\\\/www.sonneshop.ee\\\/lv\\\/#\\\/schema\\\/logo\\\/image\\\/\"},\"sameAs\":[\"https:\\\/\\\/www.facebook.com\\\/sonneshop\\\/\"]}]}<\/script>\n<!-- \/ Yoast SEO plugin. -->","yoast_head_json":{"title":"Tr\u012bs l\u012bme\u0146u rafijas piekaramais gaismeklis - Sonne","robots":{"index":"index","follow":"follow","max-snippet":"max-snippet:-1","max-image-preview":"max-image-preview:large","max-video-preview":"max-video-preview:-1"},"canonical":"https:\/\/www.sonneshop.ee\/lv\/product\/tris-limenu-rafijas-piekaramais-gaismeklis-2\/","og_locale":"lv_LV","og_type":"article","og_title":"Tr\u012bs l\u012bme\u0146u rafijas piekaramais gaismeklis - Sonne","og_description":"&nbsp; Tr\u012bspak\u0101pju rafijas piekari\u0146\u0161 ar autentisku materi\u0101lu ir ide\u0101li piem\u0113rots boh\u0113mas \u0161ikam. &nbsp; Piekaramais lukturis ir izgatavots no dab\u012bg\u0101m \u0161\u0137iedr\u0101m, un t\u0101 r\u0101mis ir izgatavots no met\u0101la. P\u012btie pinumi caurlai\u017e gaismu un pie\u0161\u0137ir telpai siltu un m\u0101j\u012bgu noska\u0146u. &nbsp;","og_url":"https:\/\/www.sonneshop.ee\/lv\/product\/tris-limenu-rafijas-piekaramais-gaismeklis-2\/","og_site_name":"Sonne","article_publisher":"https:\/\/www.facebook.com\/sonneshop\/","article_modified_time":"2025-04-28T12:08:52+00:00","og_image":[{"width":360,"height":367,"url":"https:\/\/www.sonneshop.ee\/wp-content\/uploads\/2023\/11\/Raphia-multiple-pettit_Bohomeliving.jpg","type":"image\/jpeg"}],"twitter_card":"summary_large_image","schema":{"@context":"https:\/\/schema.org","@graph":[{"@type":"WebPage","@id":"https:\/\/www.sonneshop.ee\/lv\/product\/tris-limenu-rafijas-piekaramais-gaismeklis-2\/","url":"https:\/\/www.sonneshop.ee\/lv\/product\/tris-limenu-rafijas-piekaramais-gaismeklis-2\/","name":"Tr\u012bs l\u012bme\u0146u rafijas piekaramais gaismeklis - Sonne","isPartOf":{"@id":"https:\/\/www.sonneshop.ee\/lv\/#website"},"primaryImageOfPage":{"@id":"https:\/\/www.sonneshop.ee\/lv\/product\/tris-limenu-rafijas-piekaramais-gaismeklis-2\/#primaryimage"},"image":{"@id":"https:\/\/www.sonneshop.ee\/lv\/product\/tris-limenu-rafijas-piekaramais-gaismeklis-2\/#primaryimage"},"thumbnailUrl":"https:\/\/www.sonneshop.ee\/wp-content\/uploads\/2023\/11\/Raphia-multiple-pettit_Bohomeliving.jpg","datePublished":"2023-11-13T13:31:01+00:00","dateModified":"2025-04-28T12:08:52+00:00","breadcrumb":{"@id":"https:\/\/www.sonneshop.ee\/lv\/product\/tris-limenu-rafijas-piekaramais-gaismeklis-2\/#breadcrumb"},"inLanguage":"lv-LV","potentialAction":[{"@type":"ReadAction","target":["https:\/\/www.sonneshop.ee\/lv\/product\/tris-limenu-rafijas-piekaramais-gaismeklis-2\/"]}]},{"@type":"ImageObject","inLanguage":"lv-LV","@id":"https:\/\/www.sonneshop.ee\/lv\/product\/tris-limenu-rafijas-piekaramais-gaismeklis-2\/#primaryimage","url":"https:\/\/www.sonneshop.ee\/wp-content\/uploads\/2023\/11\/Raphia-multiple-pettit_Bohomeliving.jpg","contentUrl":"https:\/\/www.sonneshop.ee\/wp-content\/uploads\/2023\/11\/Raphia-multiple-pettit_Bohomeliving.jpg","width":360,"height":367},{"@type":"BreadcrumbList","@id":"https:\/\/www.sonneshop.ee\/lv\/product\/tris-limenu-rafijas-piekaramais-gaismeklis-2\/#breadcrumb","itemListElement":[{"@type":"ListItem","position":1,"name":"Home","item":"https:\/\/www.sonneshop.ee\/lv\/kafija-majas-maksla\/"},{"@type":"ListItem","position":2,"name":"Pood","item":"https:\/\/www.sonneshop.ee\/pood\/"},{"@type":"ListItem","position":3,"name":"Tr\u012bs l\u012bme\u0146u rafijas piekaramais gaismeklis"}]},{"@type":"WebSite","@id":"https:\/\/www.sonneshop.ee\/lv\/#website","url":"https:\/\/www.sonneshop.ee\/lv\/","name":"Sonne","description":"Kohv.Kodu.Kunst","publisher":{"@id":"https:\/\/www.sonneshop.ee\/lv\/#organization"},"potentialAction":[{"@type":"SearchAction","target":{"@type":"EntryPoint","urlTemplate":"https:\/\/www.sonneshop.ee\/lv\/?s={search_term_string}"},"query-input":{"@type":"PropertyValueSpecification","valueRequired":true,"valueName":"search_term_string"}}],"inLanguage":"lv-LV"},{"@type":"Organization","@id":"https:\/\/www.sonneshop.ee\/lv\/#organization","name":"Sonne kohv.kodu.kunst","url":"https:\/\/www.sonneshop.ee\/lv\/","logo":{"@type":"ImageObject","inLanguage":"lv-LV","@id":"https:\/\/www.sonneshop.ee\/lv\/#\/schema\/logo\/image\/","url":"https:\/\/www.sonneshop.ee\/wp-content\/uploads\/2023\/07\/Sonne_valge.png","contentUrl":"https:\/\/www.sonneshop.ee\/wp-content\/uploads\/2023\/07\/Sonne_valge.png","width":600,"height":600,"caption":"Sonne kohv.kodu.kunst"},"image":{"@id":"https:\/\/www.sonneshop.ee\/lv\/#\/schema\/logo\/image\/"},"sameAs":["https:\/\/www.facebook.com\/sonneshop\/"]}]}},"_links":{"self":[{"href":"https:\/\/www.sonneshop.ee\/lv\/wp-json\/wp\/v2\/product\/7455","targetHints":{"allow":["GET"]}}],"collection":[{"href":"https:\/\/www.sonneshop.ee\/lv\/wp-json\/wp\/v2\/product"}],"about":[{"href":"https:\/\/www.sonneshop.ee\/lv\/wp-json\/wp\/v2\/types\/product"}],"replies":[{"embeddable":true,"href":"https:\/\/www.sonneshop.ee\/lv\/wp-json\/wp\/v2\/comments?post=7455"}],"wp:featuredmedia":[{"embeddable":true,"href":"https:\/\/www.sonneshop.ee\/lv\/wp-json\/wp\/v2\/media\/6734"}],"wp:attachment":[{"href":"https:\/\/www.sonneshop.ee\/lv\/wp-json\/wp\/v2\/media?parent=7455"}],"wp:term":[{"taxonomy":"product_brand","embeddable":true,"href":"https:\/\/www.sonneshop.ee\/lv\/wp-json\/wp\/v2\/product_brand?post=7455"},{"taxonomy":"product_cat","embeddable":true,"href":"https:\/\/www.sonneshop.ee\/lv\/wp-json\/wp\/v2\/product_cat?post=7455"},{"taxonomy":"product_tag","embeddable":true,"href":"https:\/\/www.sonneshop.ee\/lv\/wp-json\/wp\/v2\/product_tag?post=7455"}],"curies":[{"name":"wp","href":"https:\/\/api.w.org\/{rel}","templated":true}]}}