{"id":7454,"date":"2023-11-13T16:39:40","date_gmt":"2023-11-13T14:39:40","guid":{"rendered":"https:\/\/www.sonneshop.ee\/product\/dabigais-rotangpalmas-piekaramais-gaismeklis\/"},"modified":"2025-04-28T14:43:35","modified_gmt":"2025-04-28T11:43:35","slug":"dabigais-rotangpalmas-piekaramais-gaismeklis","status":"publish","type":"product","link":"https:\/\/www.sonneshop.ee\/lv\/product\/dabigais-rotangpalmas-piekaramais-gaismeklis\/","title":{"rendered":"Dab\u012bgais rotangpalmas piekaramais gaismeklis"},"content":{"rendered":"<p>&nbsp;<\/p>\n<p><span style=\"font-weight: 400;\">Izm\u0113ri (diametrs x augstums):<\/span><\/p>\n<p><span style=\"font-weight: 400;\">Saulessargu formas: 30 x 15 cm, 50 x 15 cm, 60 x 15 cm, 80 x 20 cm, 100 x 25 cm,<\/span><\/p>\n<p><span style=\"font-weight: 400;\">Lai gan m\u0113s cen\u0161amies p\u0113c iesp\u0113jas prec\u012bz\u0101k iev\u0113rot nor\u0101d\u012btos izm\u0113rus, preces ir 100% roku darbs, t\u0101p\u0113c var b\u016bt v\u0113rojamas da\u017eas izm\u0113ru at\u0161\u0137ir\u012bbas. *Vari\u0101cija var b\u016bt +\/3 cm maz\u0101kaj\u0101m atsper\u0113m un +\/- 7 cm liel\u0101kaj\u0101m.<\/span><\/p>\n<p><span style=\"font-weight: 400;\">Materi\u0101ls: dabisk\u0101 alfa \u0161\u0137iedra<\/span><\/p>\n<p><span style=\"font-weight: 400;\">Stils: boh\u0113misks \u0161iks un etnisk\u0101 stil\u0101<\/span><\/p>\n<p><span style=\"font-weight: 400;\">Kr\u0101sas: smil\u0161kr\u0101sa\/da\u017ereiz za\u013cgana, ja \u0161\u0137iedras v\u0113l ir jaunas un t\u0101m ir j\u0101\u017e\u016bst telp\u0101s, da\u017ereiz dzeltena, ja \u0161\u0137iedras ir biju\u0161as pak\u013cautas daudz saules gaismas.<\/span><\/p>\n<p><span style=\"font-weight: 400;\">Ra\u017eots Marok\u0101.<\/span><\/p>\n<p><span style=\"font-weight: 400;\">Elektrisk\u0101 sist\u0113ma nav iek\u013cauta komplekt\u0101cij\u0101.  <\/span><span style=\"font-weight: 400;\">LED spuld\u017eu izmanto\u0161ana ir oblig\u0101ta.<\/span><\/p>\n<p><strong>ROKDARBU GAISMEK\u013bI MAROK\u0100<\/strong><\/p>\n<p><span style=\"font-weight: 400;\">\u0160is stiklveida porcel\u0101na gaismeklis ir izgatavots Essaur\u0101, Marok\u0101. Meistari izmanto kaltu rakstu, lai iev\u0113rotu v\u0113lamo formu un izm\u0113ru. P\u0113c tam esparto stumbri tiek mont\u0113ti pie konstrukcijas, lai tie atbilstu formai. Kad \u0161\u0137iedras ir iz\u017euvu\u0161as, raksts tiek no\u0146emts. Un balstiek\u0101rta k\u0101 ar burvju n\u016bji\u0146u saglab\u0101 savu formu. 100% veidgabalu ir izgatavoti ar rok\u0101m.<\/span><\/p>\n<p><strong>K\u0100 UZST\u0100D\u012aT ALFA ROTANGPALMAS LAMPU?<\/strong><\/p>\n<p><span style=\"font-weight: 400;\">\u0160ai dabiskajai lustrai nav r\u0101mja, konstrukcijas vai kontaktligzdas balsta. T\u0101p\u0113c tas ir j\u0101nostiprina ar piekaramo kron\u0161teinu, izmantojot vienu no trim iesp\u0113jam\u0101m metod\u0113m:<\/span><\/p>\n<p><span style=\"font-weight: 400;\">Piestipriniet piekares rokturi pie \u0101\u0137a,<\/span><\/p>\n<p><span style=\"font-weight: 400;\">Piestipriniet piekarin\u0101m\u0101s troses rokturi ar nelielu stieples gabali\u0146u,<\/span><\/p>\n<p><span style=\"font-weight: 400;\">Pievienojiet elektr\u012bbas kabelim vadu un izmantojiet to, lai regul\u0113tu balstiek\u0101rtas augstumu,<\/span><\/p>\n<p><span style=\"font-weight: 400;\">Ap rokturi sasieniet mezglu ar elektrisko kabeli.<\/span><\/p>\n<p><strong>KONSULT\u0100CIJAS PAR APKOPI<\/strong><\/p>\n<p><span style=\"font-weight: 400;\">Lai saglab\u0101tu rotangpalmas piekaram\u0101 apgaismojuma skaistumu, regul\u0101ri not\u012briet putek\u013cus, izmantojot m\u012bkstu dr\u0101nu vai suku ar m\u012bkstiem sariem. Ja t\u0101 kr\u0101sa ir p\u0101r\u0101k za\u013ca, atst\u0101jiet to saul\u0113, lai pa\u0101trin\u0101tu \u0161\u0137iedru nogatavo\u0161anos un t\u0101s k\u013c\u016btu dzeltenas. \u0160o gaismekli var novietot \u0101rpus telp\u0101m, j\u0101izvair\u0101s no tie\u0161as saskares ar \u016bdeni.<\/span><\/p>\n<p>&nbsp;<\/p>\n","protected":false},"excerpt":{"rendered":"<p>&nbsp;<\/p>\n<h5><strong>\u0160\u012b piekarin\u0101m\u0101 lampa, kas izgatavota no dabisk\u0101 rotangpalmas koka, ir m\u016b\u017e\u012bga lustra, kas rada m\u0101j\u012bgu mirdzumu jebkur\u0101 telp\u0101.<\/strong><\/h5>\n<p><span style=\"font-weight: 400;\">100% dab\u012bgs un biolo\u0123iski no\u0101rd\u0101ms materi\u0101ls.  <\/span><\/p>\n<p><span style=\"font-weight: 400;\">\u0160o piekaramo gaismu var uzst\u0101d\u012bt dz\u012bvojam\u0101 istab\u0101 k\u0101 viesistabas lustru, gu\u013camistab\u0101 k\u0101 naktsskap\u012b\u0161a gaismu, kas kar\u0101jas pie griestiem, k\u0101 vannas istabas gaismu, virs tualetes vai pat k\u0101 terases gaismu.  <\/span><\/p>\n<p><span style=\"font-weight: 400;\">Katrs piekaramais gaismeklis ir r\u016bp\u012bgi rok\u0101m austs Marok\u0101, t\u0101p\u0113c katrs gabals ir unik\u0101ls.<\/span><\/p>\n<p><span style=\"font-weight: 400;\">\u0160is gaismeklis ir ide\u0101li piem\u0113rots, lai j\u016bsu interjera dizainam pie\u0161\u0137irtu etnisku un \u0161iku piesk\u0101rienu. Pateicoties dab\u012bg\u0101s virves rokturim, to var piekarin\u0101t pie griestiem vai novietot uz lampas pamatnes. Ar \u0161o atveri aug\u0161pus\u0113 varat viegli ievietot baro\u0161anas kabeli.<\/span><\/p>\n<p>&nbsp;<\/p>\n","protected":false},"featured_media":6770,"comment_status":"open","ping_status":"closed","template":"","meta":[],"product_brand":[],"product_cat":[446],"product_tag":[447,451,449],"class_list":{"0":"post-7454","1":"product","2":"type-product","3":"status-publish","4":"has-post-thumbnail","6":"product_cat-bohome-living-lv","7":"product_tag-bohome-living-lv","8":"product_tag-laelamp-lv-2","9":"product_tag-piekaramais-gaismeklis-lv","11":"first","12":"instock","13":"taxable","14":"shipping-taxable","15":"purchasable","16":"product-type-simple"},"yoast_head":"<!-- This site is optimized with the Yoast SEO plugin v27.5 - https:\/\/yoast.com\/product\/yoast-seo-wordpress\/ -->\n<title>Dab\u012bgais rotangpalmas piekaramais gaismeklis - Sonne<\/title>\n<meta name=\"robots\" content=\"index, follow, max-snippet:-1, max-image-preview:large, max-video-preview:-1\" \/>\n<link rel=\"canonical\" href=\"https:\/\/www.sonneshop.ee\/lv\/product\/dabigais-rotangpalmas-piekaramais-gaismeklis\/\" \/>\n<meta property=\"og:locale\" content=\"lv_LV\" \/>\n<meta property=\"og:type\" content=\"article\" \/>\n<meta property=\"og:title\" content=\"Dab\u012bgais rotangpalmas piekaramais gaismeklis - Sonne\" \/>\n<meta property=\"og:description\" content=\"&nbsp; \u0160\u012b piekarin\u0101m\u0101 lampa, kas izgatavota no dabisk\u0101 rotangpalmas koka, ir m\u016b\u017e\u012bga lustra, kas rada m\u0101j\u012bgu mirdzumu jebkur\u0101 telp\u0101. 100% dab\u012bgs un biolo\u0123iski no\u0101rd\u0101ms materi\u0101ls.  \u0160o piekaramo gaismu var uzst\u0101d\u012bt dz\u012bvojam\u0101 istab\u0101 k\u0101 viesistabas lustru, gu\u013camistab\u0101 k\u0101 naktsskap\u012b\u0161a gaismu, kas kar\u0101jas pie griestiem, k\u0101 vannas istabas gaismu, virs tualetes vai pat k\u0101 terases gaismu.  Katrs piekaramais gaismeklis ir r\u016bp\u012bgi rok\u0101m austs Marok\u0101, t\u0101p\u0113c katrs gabals ir unik\u0101ls. \u0160is gaismeklis ir ide\u0101li piem\u0113rots, lai j\u016bsu interjera dizainam pie\u0161\u0137irtu etnisku un \u0161iku piesk\u0101rienu. Pateicoties dab\u012bg\u0101s virves rokturim, to var piekarin\u0101t pie griestiem vai novietot uz lampas pamatnes. Ar \u0161o atveri aug\u0161pus\u0113 varat viegli ievietot baro\u0161anas kabeli. &nbsp;\" \/>\n<meta property=\"og:url\" content=\"https:\/\/www.sonneshop.ee\/lv\/product\/dabigais-rotangpalmas-piekaramais-gaismeklis\/\" \/>\n<meta property=\"og:site_name\" content=\"Sonne\" \/>\n<meta property=\"article:publisher\" content=\"https:\/\/www.facebook.com\/sonneshop\/\" \/>\n<meta property=\"article:modified_time\" content=\"2025-04-28T11:43:35+00:00\" \/>\n<meta property=\"og:image\" content=\"https:\/\/www.sonneshop.ee\/wp-content\/uploads\/2023\/11\/Bohome_Living_SUSPENSION-LUMINAIRE-BOHEME-EN-ROTIN-NATUREL.jpg\" \/>\n\t<meta property=\"og:image:width\" content=\"720\" \/>\n\t<meta property=\"og:image:height\" content=\"540\" \/>\n\t<meta property=\"og:image:type\" content=\"image\/jpeg\" \/>\n<meta name=\"twitter:card\" content=\"summary_large_image\" \/>\n<meta name=\"twitter:label1\" content=\"Est. reading time\" \/>\n\t<meta name=\"twitter:data1\" content=\"2 minutes\" \/>\n<script type=\"application\/ld+json\" class=\"yoast-schema-graph\">{\"@context\":\"https:\\\/\\\/schema.org\",\"@graph\":[{\"@type\":\"WebPage\",\"@id\":\"https:\\\/\\\/www.sonneshop.ee\\\/lv\\\/product\\\/dabigais-rotangpalmas-piekaramais-gaismeklis\\\/\",\"url\":\"https:\\\/\\\/www.sonneshop.ee\\\/lv\\\/product\\\/dabigais-rotangpalmas-piekaramais-gaismeklis\\\/\",\"name\":\"Dab\u012bgais rotangpalmas piekaramais gaismeklis - Sonne\",\"isPartOf\":{\"@id\":\"https:\\\/\\\/www.sonneshop.ee\\\/lv\\\/#website\"},\"primaryImageOfPage\":{\"@id\":\"https:\\\/\\\/www.sonneshop.ee\\\/lv\\\/product\\\/dabigais-rotangpalmas-piekaramais-gaismeklis\\\/#primaryimage\"},\"image\":{\"@id\":\"https:\\\/\\\/www.sonneshop.ee\\\/lv\\\/product\\\/dabigais-rotangpalmas-piekaramais-gaismeklis\\\/#primaryimage\"},\"thumbnailUrl\":\"https:\\\/\\\/www.sonneshop.ee\\\/wp-content\\\/uploads\\\/2023\\\/11\\\/Bohome_Living_SUSPENSION-LUMINAIRE-BOHEME-EN-ROTIN-NATUREL.jpg\",\"datePublished\":\"2023-11-13T14:39:40+00:00\",\"dateModified\":\"2025-04-28T11:43:35+00:00\",\"breadcrumb\":{\"@id\":\"https:\\\/\\\/www.sonneshop.ee\\\/lv\\\/product\\\/dabigais-rotangpalmas-piekaramais-gaismeklis\\\/#breadcrumb\"},\"inLanguage\":\"lv-LV\",\"potentialAction\":[{\"@type\":\"ReadAction\",\"target\":[\"https:\\\/\\\/www.sonneshop.ee\\\/lv\\\/product\\\/dabigais-rotangpalmas-piekaramais-gaismeklis\\\/\"]}]},{\"@type\":\"ImageObject\",\"inLanguage\":\"lv-LV\",\"@id\":\"https:\\\/\\\/www.sonneshop.ee\\\/lv\\\/product\\\/dabigais-rotangpalmas-piekaramais-gaismeklis\\\/#primaryimage\",\"url\":\"https:\\\/\\\/www.sonneshop.ee\\\/wp-content\\\/uploads\\\/2023\\\/11\\\/Bohome_Living_SUSPENSION-LUMINAIRE-BOHEME-EN-ROTIN-NATUREL.jpg\",\"contentUrl\":\"https:\\\/\\\/www.sonneshop.ee\\\/wp-content\\\/uploads\\\/2023\\\/11\\\/Bohome_Living_SUSPENSION-LUMINAIRE-BOHEME-EN-ROTIN-NATUREL.jpg\",\"width\":720,\"height\":540},{\"@type\":\"BreadcrumbList\",\"@id\":\"https:\\\/\\\/www.sonneshop.ee\\\/lv\\\/product\\\/dabigais-rotangpalmas-piekaramais-gaismeklis\\\/#breadcrumb\",\"itemListElement\":[{\"@type\":\"ListItem\",\"position\":1,\"name\":\"Home\",\"item\":\"https:\\\/\\\/www.sonneshop.ee\\\/lv\\\/kafija-majas-maksla\\\/\"},{\"@type\":\"ListItem\",\"position\":2,\"name\":\"Pood\",\"item\":\"https:\\\/\\\/www.sonneshop.ee\\\/pood\\\/\"},{\"@type\":\"ListItem\",\"position\":3,\"name\":\"Dab\u012bgais rotangpalmas piekaramais gaismeklis\"}]},{\"@type\":\"WebSite\",\"@id\":\"https:\\\/\\\/www.sonneshop.ee\\\/lv\\\/#website\",\"url\":\"https:\\\/\\\/www.sonneshop.ee\\\/lv\\\/\",\"name\":\"Sonne\",\"description\":\"Kohv.Kodu.Kunst\",\"publisher\":{\"@id\":\"https:\\\/\\\/www.sonneshop.ee\\\/lv\\\/#organization\"},\"potentialAction\":[{\"@type\":\"SearchAction\",\"target\":{\"@type\":\"EntryPoint\",\"urlTemplate\":\"https:\\\/\\\/www.sonneshop.ee\\\/lv\\\/?s={search_term_string}\"},\"query-input\":{\"@type\":\"PropertyValueSpecification\",\"valueRequired\":true,\"valueName\":\"search_term_string\"}}],\"inLanguage\":\"lv-LV\"},{\"@type\":\"Organization\",\"@id\":\"https:\\\/\\\/www.sonneshop.ee\\\/lv\\\/#organization\",\"name\":\"Sonne kohv.kodu.kunst\",\"url\":\"https:\\\/\\\/www.sonneshop.ee\\\/lv\\\/\",\"logo\":{\"@type\":\"ImageObject\",\"inLanguage\":\"lv-LV\",\"@id\":\"https:\\\/\\\/www.sonneshop.ee\\\/lv\\\/#\\\/schema\\\/logo\\\/image\\\/\",\"url\":\"https:\\\/\\\/www.sonneshop.ee\\\/wp-content\\\/uploads\\\/2023\\\/07\\\/Sonne_valge.png\",\"contentUrl\":\"https:\\\/\\\/www.sonneshop.ee\\\/wp-content\\\/uploads\\\/2023\\\/07\\\/Sonne_valge.png\",\"width\":600,\"height\":600,\"caption\":\"Sonne kohv.kodu.kunst\"},\"image\":{\"@id\":\"https:\\\/\\\/www.sonneshop.ee\\\/lv\\\/#\\\/schema\\\/logo\\\/image\\\/\"},\"sameAs\":[\"https:\\\/\\\/www.facebook.com\\\/sonneshop\\\/\"]}]}<\/script>\n<!-- \/ Yoast SEO plugin. -->","yoast_head_json":{"title":"Dab\u012bgais rotangpalmas piekaramais gaismeklis - Sonne","robots":{"index":"index","follow":"follow","max-snippet":"max-snippet:-1","max-image-preview":"max-image-preview:large","max-video-preview":"max-video-preview:-1"},"canonical":"https:\/\/www.sonneshop.ee\/lv\/product\/dabigais-rotangpalmas-piekaramais-gaismeklis\/","og_locale":"lv_LV","og_type":"article","og_title":"Dab\u012bgais rotangpalmas piekaramais gaismeklis - Sonne","og_description":"&nbsp; \u0160\u012b piekarin\u0101m\u0101 lampa, kas izgatavota no dabisk\u0101 rotangpalmas koka, ir m\u016b\u017e\u012bga lustra, kas rada m\u0101j\u012bgu mirdzumu jebkur\u0101 telp\u0101. 100% dab\u012bgs un biolo\u0123iski no\u0101rd\u0101ms materi\u0101ls.  \u0160o piekaramo gaismu var uzst\u0101d\u012bt dz\u012bvojam\u0101 istab\u0101 k\u0101 viesistabas lustru, gu\u013camistab\u0101 k\u0101 naktsskap\u012b\u0161a gaismu, kas kar\u0101jas pie griestiem, k\u0101 vannas istabas gaismu, virs tualetes vai pat k\u0101 terases gaismu.  Katrs piekaramais gaismeklis ir r\u016bp\u012bgi rok\u0101m austs Marok\u0101, t\u0101p\u0113c katrs gabals ir unik\u0101ls. \u0160is gaismeklis ir ide\u0101li piem\u0113rots, lai j\u016bsu interjera dizainam pie\u0161\u0137irtu etnisku un \u0161iku piesk\u0101rienu. Pateicoties dab\u012bg\u0101s virves rokturim, to var piekarin\u0101t pie griestiem vai novietot uz lampas pamatnes. Ar \u0161o atveri aug\u0161pus\u0113 varat viegli ievietot baro\u0161anas kabeli. &nbsp;","og_url":"https:\/\/www.sonneshop.ee\/lv\/product\/dabigais-rotangpalmas-piekaramais-gaismeklis\/","og_site_name":"Sonne","article_publisher":"https:\/\/www.facebook.com\/sonneshop\/","article_modified_time":"2025-04-28T11:43:35+00:00","og_image":[{"width":720,"height":540,"url":"https:\/\/www.sonneshop.ee\/wp-content\/uploads\/2023\/11\/Bohome_Living_SUSPENSION-LUMINAIRE-BOHEME-EN-ROTIN-NATUREL.jpg","type":"image\/jpeg"}],"twitter_card":"summary_large_image","twitter_misc":{"Est. reading time":"2 minutes"},"schema":{"@context":"https:\/\/schema.org","@graph":[{"@type":"WebPage","@id":"https:\/\/www.sonneshop.ee\/lv\/product\/dabigais-rotangpalmas-piekaramais-gaismeklis\/","url":"https:\/\/www.sonneshop.ee\/lv\/product\/dabigais-rotangpalmas-piekaramais-gaismeklis\/","name":"Dab\u012bgais rotangpalmas piekaramais gaismeklis - Sonne","isPartOf":{"@id":"https:\/\/www.sonneshop.ee\/lv\/#website"},"primaryImageOfPage":{"@id":"https:\/\/www.sonneshop.ee\/lv\/product\/dabigais-rotangpalmas-piekaramais-gaismeklis\/#primaryimage"},"image":{"@id":"https:\/\/www.sonneshop.ee\/lv\/product\/dabigais-rotangpalmas-piekaramais-gaismeklis\/#primaryimage"},"thumbnailUrl":"https:\/\/www.sonneshop.ee\/wp-content\/uploads\/2023\/11\/Bohome_Living_SUSPENSION-LUMINAIRE-BOHEME-EN-ROTIN-NATUREL.jpg","datePublished":"2023-11-13T14:39:40+00:00","dateModified":"2025-04-28T11:43:35+00:00","breadcrumb":{"@id":"https:\/\/www.sonneshop.ee\/lv\/product\/dabigais-rotangpalmas-piekaramais-gaismeklis\/#breadcrumb"},"inLanguage":"lv-LV","potentialAction":[{"@type":"ReadAction","target":["https:\/\/www.sonneshop.ee\/lv\/product\/dabigais-rotangpalmas-piekaramais-gaismeklis\/"]}]},{"@type":"ImageObject","inLanguage":"lv-LV","@id":"https:\/\/www.sonneshop.ee\/lv\/product\/dabigais-rotangpalmas-piekaramais-gaismeklis\/#primaryimage","url":"https:\/\/www.sonneshop.ee\/wp-content\/uploads\/2023\/11\/Bohome_Living_SUSPENSION-LUMINAIRE-BOHEME-EN-ROTIN-NATUREL.jpg","contentUrl":"https:\/\/www.sonneshop.ee\/wp-content\/uploads\/2023\/11\/Bohome_Living_SUSPENSION-LUMINAIRE-BOHEME-EN-ROTIN-NATUREL.jpg","width":720,"height":540},{"@type":"BreadcrumbList","@id":"https:\/\/www.sonneshop.ee\/lv\/product\/dabigais-rotangpalmas-piekaramais-gaismeklis\/#breadcrumb","itemListElement":[{"@type":"ListItem","position":1,"name":"Home","item":"https:\/\/www.sonneshop.ee\/lv\/kafija-majas-maksla\/"},{"@type":"ListItem","position":2,"name":"Pood","item":"https:\/\/www.sonneshop.ee\/pood\/"},{"@type":"ListItem","position":3,"name":"Dab\u012bgais rotangpalmas piekaramais gaismeklis"}]},{"@type":"WebSite","@id":"https:\/\/www.sonneshop.ee\/lv\/#website","url":"https:\/\/www.sonneshop.ee\/lv\/","name":"Sonne","description":"Kohv.Kodu.Kunst","publisher":{"@id":"https:\/\/www.sonneshop.ee\/lv\/#organization"},"potentialAction":[{"@type":"SearchAction","target":{"@type":"EntryPoint","urlTemplate":"https:\/\/www.sonneshop.ee\/lv\/?s={search_term_string}"},"query-input":{"@type":"PropertyValueSpecification","valueRequired":true,"valueName":"search_term_string"}}],"inLanguage":"lv-LV"},{"@type":"Organization","@id":"https:\/\/www.sonneshop.ee\/lv\/#organization","name":"Sonne kohv.kodu.kunst","url":"https:\/\/www.sonneshop.ee\/lv\/","logo":{"@type":"ImageObject","inLanguage":"lv-LV","@id":"https:\/\/www.sonneshop.ee\/lv\/#\/schema\/logo\/image\/","url":"https:\/\/www.sonneshop.ee\/wp-content\/uploads\/2023\/07\/Sonne_valge.png","contentUrl":"https:\/\/www.sonneshop.ee\/wp-content\/uploads\/2023\/07\/Sonne_valge.png","width":600,"height":600,"caption":"Sonne kohv.kodu.kunst"},"image":{"@id":"https:\/\/www.sonneshop.ee\/lv\/#\/schema\/logo\/image\/"},"sameAs":["https:\/\/www.facebook.com\/sonneshop\/"]}]}},"_links":{"self":[{"href":"https:\/\/www.sonneshop.ee\/lv\/wp-json\/wp\/v2\/product\/7454","targetHints":{"allow":["GET"]}}],"collection":[{"href":"https:\/\/www.sonneshop.ee\/lv\/wp-json\/wp\/v2\/product"}],"about":[{"href":"https:\/\/www.sonneshop.ee\/lv\/wp-json\/wp\/v2\/types\/product"}],"replies":[{"embeddable":true,"href":"https:\/\/www.sonneshop.ee\/lv\/wp-json\/wp\/v2\/comments?post=7454"}],"wp:featuredmedia":[{"embeddable":true,"href":"https:\/\/www.sonneshop.ee\/lv\/wp-json\/wp\/v2\/media\/6770"}],"wp:attachment":[{"href":"https:\/\/www.sonneshop.ee\/lv\/wp-json\/wp\/v2\/media?parent=7454"}],"wp:term":[{"taxonomy":"product_brand","embeddable":true,"href":"https:\/\/www.sonneshop.ee\/lv\/wp-json\/wp\/v2\/product_brand?post=7454"},{"taxonomy":"product_cat","embeddable":true,"href":"https:\/\/www.sonneshop.ee\/lv\/wp-json\/wp\/v2\/product_cat?post=7454"},{"taxonomy":"product_tag","embeddable":true,"href":"https:\/\/www.sonneshop.ee\/lv\/wp-json\/wp\/v2\/product_tag?post=7454"}],"curies":[{"name":"wp","href":"https:\/\/api.w.org\/{rel}","templated":true}]}}