{"id":7424,"date":"2023-11-12T07:46:23","date_gmt":"2023-11-12T05:46:23","guid":{"rendered":"https:\/\/www.sonneshop.ee\/product\/tris-limenu-rafijas-piekaramais-gaismeklis\/"},"modified":"2024-01-26T14:55:02","modified_gmt":"2024-01-26T12:55:02","slug":"tris-limenu-rafijas-piekaramais-gaismeklis","status":"publish","type":"product","link":"https:\/\/www.sonneshop.ee\/lv\/product\/tris-limenu-rafijas-piekaramais-gaismeklis\/","title":{"rendered":"Tr\u012bs l\u012bme\u0146u rafijas piekaramais gaismeklis"},"content":{"rendered":"<p>Izm\u0113ri: \u00d840 x H40cm<br \/>\nMateri\u0101li: Rafija un sepis<\/p>\n<p>Marok\u0101 var b\u016bt nelielas ar rok\u0101m darin\u0101to izstr\u0101d\u0101jumu izm\u0113ru un kr\u0101su at\u0161\u0137ir\u012bbas. Katrs gabals ir unik\u0101ls.<\/p>\n<p>Nav elektr\u012bbas sist\u0113mas. Nepiecie\u0161ams izmantot LED spuldz\u012bti (nav iek\u013cauta komplekt\u0101).<\/p>\n<p>Izstr\u0101d\u0101jumu var novietot \u0101rpus telp\u0101m, bet aizsarg\u0101t no lietus un mitruma.<\/p>\n","protected":false},"excerpt":{"rendered":"<h5><\/h5>\n<p>&nbsp;<\/p>\n<h5>Tr\u012bspak\u0101pju rafijas piekaramais gaismeklis ar t\u0101 autentisko materi\u0101lu ir piem\u0113rots boh\u0113mas \u0161ikam.<\/h5>\n<p>&nbsp;<\/p>\n<p>Piekaramais lukturis ir izgatavots no dab\u012bg\u0101m \u0161\u0137iedr\u0101m, un t\u0101 r\u0101mis ir izgatavots no met\u0101la. P\u012btie pinumi caurlai\u017e gaismu un pie\u0161\u0137ir telpai siltu un m\u0101j\u012bgu noska\u0146u.<\/p>\n","protected":false},"featured_media":6718,"comment_status":"open","ping_status":"closed","template":"","meta":[],"product_brand":[],"product_cat":[446],"product_tag":[447,451,449],"class_list":{"0":"post-7424","1":"product","2":"type-product","3":"status-publish","4":"has-post-thumbnail","6":"product_cat-bohome-living-lv","7":"product_tag-bohome-living-lv","8":"product_tag-laelamp-lv-2","9":"product_tag-piekaramais-gaismeklis-lv","11":"first","12":"instock","13":"taxable","14":"shipping-taxable","15":"purchasable","16":"product-type-simple"},"yoast_head":"<!-- This site is optimized with the Yoast SEO plugin v27.5 - https:\/\/yoast.com\/product\/yoast-seo-wordpress\/ -->\n<title>Tr\u012bs l\u012bme\u0146u rafijas piekaramais gaismeklis - Sonne<\/title>\n<meta name=\"robots\" content=\"index, follow, max-snippet:-1, max-image-preview:large, max-video-preview:-1\" \/>\n<link rel=\"canonical\" href=\"https:\/\/www.sonneshop.ee\/lv\/product\/tris-limenu-rafijas-piekaramais-gaismeklis\/\" \/>\n<meta property=\"og:locale\" content=\"lv_LV\" \/>\n<meta property=\"og:type\" content=\"article\" \/>\n<meta property=\"og:title\" content=\"Tr\u012bs l\u012bme\u0146u rafijas piekaramais gaismeklis - Sonne\" \/>\n<meta property=\"og:description\" content=\"&nbsp; Tr\u012bspak\u0101pju rafijas piekaramais gaismeklis ar t\u0101 autentisko materi\u0101lu ir piem\u0113rots boh\u0113mas \u0161ikam. &nbsp; Piekaramais lukturis ir izgatavots no dab\u012bg\u0101m \u0161\u0137iedr\u0101m, un t\u0101 r\u0101mis ir izgatavots no met\u0101la. P\u012btie pinumi caurlai\u017e gaismu un pie\u0161\u0137ir telpai siltu un m\u0101j\u012bgu noska\u0146u.\" \/>\n<meta property=\"og:url\" content=\"https:\/\/www.sonneshop.ee\/lv\/product\/tris-limenu-rafijas-piekaramais-gaismeklis\/\" \/>\n<meta property=\"og:site_name\" content=\"Sonne\" \/>\n<meta property=\"article:publisher\" content=\"https:\/\/www.facebook.com\/sonneshop\/\" \/>\n<meta property=\"article:modified_time\" content=\"2024-01-26T12:55:02+00:00\" \/>\n<meta property=\"og:image\" content=\"https:\/\/www.sonneshop.ee\/wp-content\/uploads\/2023\/11\/bohome_living_suspensionenraphia3niveaux.jpg\" \/>\n\t<meta property=\"og:image:width\" content=\"540\" \/>\n\t<meta property=\"og:image:height\" content=\"540\" \/>\n\t<meta property=\"og:image:type\" content=\"image\/jpeg\" \/>\n<meta name=\"twitter:card\" content=\"summary_large_image\" \/>\n<script type=\"application\/ld+json\" class=\"yoast-schema-graph\">{\"@context\":\"https:\\\/\\\/schema.org\",\"@graph\":[{\"@type\":\"WebPage\",\"@id\":\"https:\\\/\\\/www.sonneshop.ee\\\/lv\\\/product\\\/tris-limenu-rafijas-piekaramais-gaismeklis\\\/\",\"url\":\"https:\\\/\\\/www.sonneshop.ee\\\/lv\\\/product\\\/tris-limenu-rafijas-piekaramais-gaismeklis\\\/\",\"name\":\"Tr\u012bs l\u012bme\u0146u rafijas piekaramais gaismeklis - Sonne\",\"isPartOf\":{\"@id\":\"https:\\\/\\\/www.sonneshop.ee\\\/lv\\\/#website\"},\"primaryImageOfPage\":{\"@id\":\"https:\\\/\\\/www.sonneshop.ee\\\/lv\\\/product\\\/tris-limenu-rafijas-piekaramais-gaismeklis\\\/#primaryimage\"},\"image\":{\"@id\":\"https:\\\/\\\/www.sonneshop.ee\\\/lv\\\/product\\\/tris-limenu-rafijas-piekaramais-gaismeklis\\\/#primaryimage\"},\"thumbnailUrl\":\"https:\\\/\\\/www.sonneshop.ee\\\/wp-content\\\/uploads\\\/2023\\\/11\\\/bohome_living_suspensionenraphia3niveaux.jpg\",\"datePublished\":\"2023-11-12T05:46:23+00:00\",\"dateModified\":\"2024-01-26T12:55:02+00:00\",\"breadcrumb\":{\"@id\":\"https:\\\/\\\/www.sonneshop.ee\\\/lv\\\/product\\\/tris-limenu-rafijas-piekaramais-gaismeklis\\\/#breadcrumb\"},\"inLanguage\":\"lv-LV\",\"potentialAction\":[{\"@type\":\"ReadAction\",\"target\":[\"https:\\\/\\\/www.sonneshop.ee\\\/lv\\\/product\\\/tris-limenu-rafijas-piekaramais-gaismeklis\\\/\"]}]},{\"@type\":\"ImageObject\",\"inLanguage\":\"lv-LV\",\"@id\":\"https:\\\/\\\/www.sonneshop.ee\\\/lv\\\/product\\\/tris-limenu-rafijas-piekaramais-gaismeklis\\\/#primaryimage\",\"url\":\"https:\\\/\\\/www.sonneshop.ee\\\/wp-content\\\/uploads\\\/2023\\\/11\\\/bohome_living_suspensionenraphia3niveaux.jpg\",\"contentUrl\":\"https:\\\/\\\/www.sonneshop.ee\\\/wp-content\\\/uploads\\\/2023\\\/11\\\/bohome_living_suspensionenraphia3niveaux.jpg\",\"width\":540,\"height\":540},{\"@type\":\"BreadcrumbList\",\"@id\":\"https:\\\/\\\/www.sonneshop.ee\\\/lv\\\/product\\\/tris-limenu-rafijas-piekaramais-gaismeklis\\\/#breadcrumb\",\"itemListElement\":[{\"@type\":\"ListItem\",\"position\":1,\"name\":\"Home\",\"item\":\"https:\\\/\\\/www.sonneshop.ee\\\/lv\\\/kafija-majas-maksla\\\/\"},{\"@type\":\"ListItem\",\"position\":2,\"name\":\"Pood\",\"item\":\"https:\\\/\\\/www.sonneshop.ee\\\/pood\\\/\"},{\"@type\":\"ListItem\",\"position\":3,\"name\":\"Tr\u012bs l\u012bme\u0146u rafijas piekaramais gaismeklis\"}]},{\"@type\":\"WebSite\",\"@id\":\"https:\\\/\\\/www.sonneshop.ee\\\/lv\\\/#website\",\"url\":\"https:\\\/\\\/www.sonneshop.ee\\\/lv\\\/\",\"name\":\"Sonne\",\"description\":\"Kohv.Kodu.Kunst\",\"publisher\":{\"@id\":\"https:\\\/\\\/www.sonneshop.ee\\\/lv\\\/#organization\"},\"potentialAction\":[{\"@type\":\"SearchAction\",\"target\":{\"@type\":\"EntryPoint\",\"urlTemplate\":\"https:\\\/\\\/www.sonneshop.ee\\\/lv\\\/?s={search_term_string}\"},\"query-input\":{\"@type\":\"PropertyValueSpecification\",\"valueRequired\":true,\"valueName\":\"search_term_string\"}}],\"inLanguage\":\"lv-LV\"},{\"@type\":\"Organization\",\"@id\":\"https:\\\/\\\/www.sonneshop.ee\\\/lv\\\/#organization\",\"name\":\"Sonne kohv.kodu.kunst\",\"url\":\"https:\\\/\\\/www.sonneshop.ee\\\/lv\\\/\",\"logo\":{\"@type\":\"ImageObject\",\"inLanguage\":\"lv-LV\",\"@id\":\"https:\\\/\\\/www.sonneshop.ee\\\/lv\\\/#\\\/schema\\\/logo\\\/image\\\/\",\"url\":\"https:\\\/\\\/www.sonneshop.ee\\\/wp-content\\\/uploads\\\/2023\\\/07\\\/Sonne_valge.png\",\"contentUrl\":\"https:\\\/\\\/www.sonneshop.ee\\\/wp-content\\\/uploads\\\/2023\\\/07\\\/Sonne_valge.png\",\"width\":600,\"height\":600,\"caption\":\"Sonne kohv.kodu.kunst\"},\"image\":{\"@id\":\"https:\\\/\\\/www.sonneshop.ee\\\/lv\\\/#\\\/schema\\\/logo\\\/image\\\/\"},\"sameAs\":[\"https:\\\/\\\/www.facebook.com\\\/sonneshop\\\/\"]}]}<\/script>\n<!-- \/ Yoast SEO plugin. -->","yoast_head_json":{"title":"Tr\u012bs l\u012bme\u0146u rafijas piekaramais gaismeklis - Sonne","robots":{"index":"index","follow":"follow","max-snippet":"max-snippet:-1","max-image-preview":"max-image-preview:large","max-video-preview":"max-video-preview:-1"},"canonical":"https:\/\/www.sonneshop.ee\/lv\/product\/tris-limenu-rafijas-piekaramais-gaismeklis\/","og_locale":"lv_LV","og_type":"article","og_title":"Tr\u012bs l\u012bme\u0146u rafijas piekaramais gaismeklis - Sonne","og_description":"&nbsp; Tr\u012bspak\u0101pju rafijas piekaramais gaismeklis ar t\u0101 autentisko materi\u0101lu ir piem\u0113rots boh\u0113mas \u0161ikam. &nbsp; Piekaramais lukturis ir izgatavots no dab\u012bg\u0101m \u0161\u0137iedr\u0101m, un t\u0101 r\u0101mis ir izgatavots no met\u0101la. P\u012btie pinumi caurlai\u017e gaismu un pie\u0161\u0137ir telpai siltu un m\u0101j\u012bgu noska\u0146u.","og_url":"https:\/\/www.sonneshop.ee\/lv\/product\/tris-limenu-rafijas-piekaramais-gaismeklis\/","og_site_name":"Sonne","article_publisher":"https:\/\/www.facebook.com\/sonneshop\/","article_modified_time":"2024-01-26T12:55:02+00:00","og_image":[{"width":540,"height":540,"url":"https:\/\/www.sonneshop.ee\/wp-content\/uploads\/2023\/11\/bohome_living_suspensionenraphia3niveaux.jpg","type":"image\/jpeg"}],"twitter_card":"summary_large_image","schema":{"@context":"https:\/\/schema.org","@graph":[{"@type":"WebPage","@id":"https:\/\/www.sonneshop.ee\/lv\/product\/tris-limenu-rafijas-piekaramais-gaismeklis\/","url":"https:\/\/www.sonneshop.ee\/lv\/product\/tris-limenu-rafijas-piekaramais-gaismeklis\/","name":"Tr\u012bs l\u012bme\u0146u rafijas piekaramais gaismeklis - Sonne","isPartOf":{"@id":"https:\/\/www.sonneshop.ee\/lv\/#website"},"primaryImageOfPage":{"@id":"https:\/\/www.sonneshop.ee\/lv\/product\/tris-limenu-rafijas-piekaramais-gaismeklis\/#primaryimage"},"image":{"@id":"https:\/\/www.sonneshop.ee\/lv\/product\/tris-limenu-rafijas-piekaramais-gaismeklis\/#primaryimage"},"thumbnailUrl":"https:\/\/www.sonneshop.ee\/wp-content\/uploads\/2023\/11\/bohome_living_suspensionenraphia3niveaux.jpg","datePublished":"2023-11-12T05:46:23+00:00","dateModified":"2024-01-26T12:55:02+00:00","breadcrumb":{"@id":"https:\/\/www.sonneshop.ee\/lv\/product\/tris-limenu-rafijas-piekaramais-gaismeklis\/#breadcrumb"},"inLanguage":"lv-LV","potentialAction":[{"@type":"ReadAction","target":["https:\/\/www.sonneshop.ee\/lv\/product\/tris-limenu-rafijas-piekaramais-gaismeklis\/"]}]},{"@type":"ImageObject","inLanguage":"lv-LV","@id":"https:\/\/www.sonneshop.ee\/lv\/product\/tris-limenu-rafijas-piekaramais-gaismeklis\/#primaryimage","url":"https:\/\/www.sonneshop.ee\/wp-content\/uploads\/2023\/11\/bohome_living_suspensionenraphia3niveaux.jpg","contentUrl":"https:\/\/www.sonneshop.ee\/wp-content\/uploads\/2023\/11\/bohome_living_suspensionenraphia3niveaux.jpg","width":540,"height":540},{"@type":"BreadcrumbList","@id":"https:\/\/www.sonneshop.ee\/lv\/product\/tris-limenu-rafijas-piekaramais-gaismeklis\/#breadcrumb","itemListElement":[{"@type":"ListItem","position":1,"name":"Home","item":"https:\/\/www.sonneshop.ee\/lv\/kafija-majas-maksla\/"},{"@type":"ListItem","position":2,"name":"Pood","item":"https:\/\/www.sonneshop.ee\/pood\/"},{"@type":"ListItem","position":3,"name":"Tr\u012bs l\u012bme\u0146u rafijas piekaramais gaismeklis"}]},{"@type":"WebSite","@id":"https:\/\/www.sonneshop.ee\/lv\/#website","url":"https:\/\/www.sonneshop.ee\/lv\/","name":"Sonne","description":"Kohv.Kodu.Kunst","publisher":{"@id":"https:\/\/www.sonneshop.ee\/lv\/#organization"},"potentialAction":[{"@type":"SearchAction","target":{"@type":"EntryPoint","urlTemplate":"https:\/\/www.sonneshop.ee\/lv\/?s={search_term_string}"},"query-input":{"@type":"PropertyValueSpecification","valueRequired":true,"valueName":"search_term_string"}}],"inLanguage":"lv-LV"},{"@type":"Organization","@id":"https:\/\/www.sonneshop.ee\/lv\/#organization","name":"Sonne kohv.kodu.kunst","url":"https:\/\/www.sonneshop.ee\/lv\/","logo":{"@type":"ImageObject","inLanguage":"lv-LV","@id":"https:\/\/www.sonneshop.ee\/lv\/#\/schema\/logo\/image\/","url":"https:\/\/www.sonneshop.ee\/wp-content\/uploads\/2023\/07\/Sonne_valge.png","contentUrl":"https:\/\/www.sonneshop.ee\/wp-content\/uploads\/2023\/07\/Sonne_valge.png","width":600,"height":600,"caption":"Sonne kohv.kodu.kunst"},"image":{"@id":"https:\/\/www.sonneshop.ee\/lv\/#\/schema\/logo\/image\/"},"sameAs":["https:\/\/www.facebook.com\/sonneshop\/"]}]}},"_links":{"self":[{"href":"https:\/\/www.sonneshop.ee\/lv\/wp-json\/wp\/v2\/product\/7424","targetHints":{"allow":["GET"]}}],"collection":[{"href":"https:\/\/www.sonneshop.ee\/lv\/wp-json\/wp\/v2\/product"}],"about":[{"href":"https:\/\/www.sonneshop.ee\/lv\/wp-json\/wp\/v2\/types\/product"}],"replies":[{"embeddable":true,"href":"https:\/\/www.sonneshop.ee\/lv\/wp-json\/wp\/v2\/comments?post=7424"}],"wp:featuredmedia":[{"embeddable":true,"href":"https:\/\/www.sonneshop.ee\/lv\/wp-json\/wp\/v2\/media\/6718"}],"wp:attachment":[{"href":"https:\/\/www.sonneshop.ee\/lv\/wp-json\/wp\/v2\/media?parent=7424"}],"wp:term":[{"taxonomy":"product_brand","embeddable":true,"href":"https:\/\/www.sonneshop.ee\/lv\/wp-json\/wp\/v2\/product_brand?post=7424"},{"taxonomy":"product_cat","embeddable":true,"href":"https:\/\/www.sonneshop.ee\/lv\/wp-json\/wp\/v2\/product_cat?post=7424"},{"taxonomy":"product_tag","embeddable":true,"href":"https:\/\/www.sonneshop.ee\/lv\/wp-json\/wp\/v2\/product_tag?post=7424"}],"curies":[{"name":"wp","href":"https:\/\/api.w.org\/{rel}","templated":true}]}}