{"id":7188,"date":"2023-11-17T14:20:38","date_gmt":"2023-11-17T12:20:38","guid":{"rendered":"https:\/\/www.sonneshop.ee\/pardosanas-nosacijumi\/"},"modified":"2024-01-19T16:13:35","modified_gmt":"2024-01-19T14:13:35","slug":"pardosanas-nosacijumi","status":"publish","type":"page","link":"https:\/\/www.sonneshop.ee\/lv\/pardosanas-nosacijumi\/","title":{"rendered":"P\u0101rdo\u0161anas nosac\u012bjumi"},"content":{"rendered":"\t\t<div data-elementor-type=\"wp-page\" data-elementor-id=\"7188\" class=\"elementor elementor-7188 elementor-5502\">\n\t\t\t\t\t\t<section class=\"elementor-section elementor-top-section elementor-element elementor-element-10535e2f elementor-section-boxed elementor-section-height-default elementor-section-height-default\" data-id=\"10535e2f\" data-element_type=\"section\" data-e-type=\"section\" data-settings=\"{&quot;grandrestaurant_ext_is_background_parallax&quot;:&quot;false&quot;,&quot;grandrestaurant_ext_is_background_backdrop&quot;:&quot;false&quot;,&quot;grandrestaurant_ext_is_background_on_scroll&quot;:&quot;false&quot;}\">\n\t\t\t\t\t\t<div class=\"elementor-container elementor-column-gap-default\">\n\t\t\t\t\t<div class=\"elementor-column elementor-col-100 elementor-top-column elementor-element elementor-element-381680a0\" data-id=\"381680a0\" data-element_type=\"column\" data-e-type=\"column\" data-settings=\"{&quot;grandrestaurant_ext_link_reservation&quot;:&quot;false&quot;,&quot;grandrestaurant_ext_link_sidemenu&quot;:&quot;false&quot;,&quot;grandrestaurant_ext_link_fullmenu&quot;:&quot;false&quot;,&quot;grandrestaurant_ext_link_closed_fullmenu&quot;:&quot;false&quot;,&quot;grandrestaurant_ext_is_scrollme&quot;:&quot;false&quot;,&quot;grandrestaurant_ext_is_smoove&quot;:&quot;false&quot;,&quot;grandrestaurant_ext_is_parallax_mouse&quot;:&quot;false&quot;,&quot;grandrestaurant_ext_is_infinite&quot;:&quot;false&quot;,&quot;grandrestaurant_ext_is_fadeout_animation&quot;:&quot;false&quot;,&quot;grandrestaurant_ext_mobile_static&quot;:&quot;false&quot;}\">\n\t\t\t<div class=\"elementor-widget-wrap elementor-element-populated\">\n\t\t\t\t\t\t<div class=\"elementor-element elementor-element-6400a70 elementor-widget elementor-widget-spacer\" data-id=\"6400a70\" data-element_type=\"widget\" data-e-type=\"widget\" data-settings=\"{&quot;grandrestaurant_ext_link_reservation&quot;:&quot;false&quot;,&quot;grandrestaurant_ext_link_sidemenu&quot;:&quot;false&quot;,&quot;grandrestaurant_ext_link_fullmenu&quot;:&quot;false&quot;,&quot;grandrestaurant_ext_link_closed_fullmenu&quot;:&quot;false&quot;,&quot;grandrestaurant_ext_is_scrollme&quot;:&quot;false&quot;,&quot;grandrestaurant_ext_is_smoove&quot;:&quot;false&quot;,&quot;grandrestaurant_ext_is_parallax_mouse&quot;:&quot;false&quot;,&quot;grandrestaurant_ext_is_infinite&quot;:&quot;false&quot;,&quot;grandrestaurant_ext_is_fadeout_animation&quot;:&quot;false&quot;,&quot;grandrestaurant_ext_mobile_static&quot;:&quot;false&quot;}\" data-widget_type=\"spacer.default\">\n\t\t\t\t<div class=\"elementor-widget-container\">\n\t\t\t\t\t\t\t<div class=\"elementor-spacer\">\n\t\t\t<div class=\"elementor-spacer-inner\"><\/div>\n\t\t<\/div>\n\t\t\t\t\t\t<\/div>\n\t\t\t\t<\/div>\n\t\t\t\t<div class=\"elementor-element elementor-element-46c81016 elementor-widget__width-initial elementor-widget elementor-widget-text-editor\" data-id=\"46c81016\" data-element_type=\"widget\" data-e-type=\"widget\" data-settings=\"{&quot;grandrestaurant_ext_link_reservation&quot;:&quot;false&quot;,&quot;grandrestaurant_ext_link_sidemenu&quot;:&quot;false&quot;,&quot;grandrestaurant_ext_link_fullmenu&quot;:&quot;false&quot;,&quot;grandrestaurant_ext_link_closed_fullmenu&quot;:&quot;false&quot;,&quot;grandrestaurant_ext_is_scrollme&quot;:&quot;false&quot;,&quot;grandrestaurant_ext_is_smoove&quot;:&quot;false&quot;,&quot;grandrestaurant_ext_is_parallax_mouse&quot;:&quot;false&quot;,&quot;grandrestaurant_ext_is_infinite&quot;:&quot;false&quot;,&quot;grandrestaurant_ext_is_fadeout_animation&quot;:&quot;false&quot;,&quot;grandrestaurant_ext_mobile_static&quot;:&quot;false&quot;}\" data-widget_type=\"text-editor.default\">\n\t\t\t\t<div class=\"elementor-widget-container\">\n\t\t\t\t\t\t\t\t\t<p>Interneta veikala sonneshop.ee (turpm\u0101k tekst\u0101 &#8211; Interneta veikals) \u012bpa\u0161nieks ir O\u00dc Sonne Shop (re\u0123istr\u0101cijas kods 16436538), kas atrodas Kuninga 34, P\u0113rnav\u0101.<\/p>\n<h4><strong>P\u0101rdo\u0161anas l\u012bguma sp\u0113k\u0101 esam\u012bba, komerci\u0101l\u0101 inform\u0101cija un inform\u0101cija par cenu<\/strong><\/h4>\n<p>Pirk\u0161anas noteikumi un nosac\u012bjumi attiecas uz pre\u010du ieg\u0101di no Interneta veikala.<\/p>\n<p>Interneta veikal\u0101 p\u0101rdoto produktu cenas ir nor\u0101d\u012btas pie produktiem. Pieg\u0101des maksa tiek pieskait\u012bta cenai. Visas interneta veikal\u0101 p\u0101rdoto pre\u010du cenas ir nor\u0101d\u012btas eiro.<\/p>\n<p>Pieg\u0101des maksa ir atkar\u012bga no pirc\u0113ja atra\u0161an\u0101s vietas un pieg\u0101des veida. Pieg\u0101des maksa pirc\u0113jam tiks nor\u0101d\u012bta, veicot pas\u016bt\u012bjumu.<\/p>\n<p>Inform\u0101cija par prec\u0113m ir sniegta tie\u0161saistes veikal\u0101 tie\u0161i pie prec\u0113m.<\/p>\n<h4><strong>Pas\u016bt\u012bjuma iesnieg\u0161ana<\/strong><\/h4>\n<p>Lai veiktu pas\u016bt\u012bjumu, jums ir j\u0101pievieno v\u0113lamie produkti iepirkumu groz\u0101. Lai veiktu pas\u016bt\u012bjumu, ir j\u0101aizpilda nepiecie\u0161amie lauki un j\u0101izv\u0113las atbilsto\u0161ais pieg\u0101des veids. P\u0113c tam ekr\u0101n\u0101 tiks par\u0101d\u012bta maksas summa, kuru var dro\u0161i samaks\u0101t, izmantojot \u0161\u0101das maks\u0101jumu metodes:<\/p>\n<p>Igaunijas banku maks\u0101jumi: Swedbank, SEB, Luminor, LHV, Coop Pank, Citadele, Pocopay.<br \/>Somijas banku maks\u0101jumi: Aktia, \u00c5landsbanken, Danske, Handelsbanken, Nordea, Oma S\u00e4\u00e4stopankki, Pohjola, POP Pankki, S-Pankki, S\u00e4\u00e4stopankki.<br \/>Banku maks\u0101jumi Latvij\u0101: Swedbank, SEB, Citadele un Luminor.<br \/>Banku maks\u0101jumi Lietuv\u0101: Swedbank, SEB, Citadele, \u0160iauliu un Luminor.<\/p>\n<p>Visa\/Mastercard kar\u0161u maks\u0101jumi<\/p>\n<p>NB! Maks\u0101jot ar bankas p\u0101rskait\u012bjumu, bankas lap\u0101 noteikti nospiediet pogu &#8220;Atpaka\u013c pie tirgot\u0101ja&#8221;.<\/p>\n<p>Maks\u0101jumus veic <a href=\"http:\/\/www.maksekeskus.ee\/\" target=\"_blank\" rel=\"noopener noreferrer\">Maksekeskus AS<\/a>. Maks\u0101jums tiek veikts \u0101rpus Interneta veikala dro\u0161\u0101 vid\u0113 &#8211; maks\u0101juma ar bankas p\u0101rskait\u012bjumu gad\u012bjum\u0101 attiec\u012bg\u0101s bankas dro\u0161\u0101 vid\u0113 un maks\u0101juma ar kred\u012btkarti gad\u012bjum\u0101 &#8211; Maksekeskus AS dro\u0161\u0101 vid\u0113. P\u0101rdev\u0113jam nav piek\u013cuves klienta bankas un kred\u012btkartes datiem. L\u012bgums st\u0101jas sp\u0113k\u0101 no dienas, kad internetveikala nor\u0113\u0137inu kont\u0101 ir sa\u0146emta pien\u0101ko\u0161\u0101 summa.<\/p>\n<p>Interneta veikala \u012bpa\u0161nieks ir personas datu p\u0101rzinis un nodod personas datus, kas nepiecie\u0161ami maks\u0101jumu veik\u0161anai, apstr\u0101d\u0101t\u0101jam Maksekeskus AS.<\/p>\n<p>Ja pas\u016bt\u012bt\u0101s preces nevar pieg\u0101d\u0101t pieg\u0101des termi\u0146a beig\u0101m vai k\u0101da cita iemesla d\u0113\u013c, pirc\u0113js tiks inform\u0113ts p\u0113c iesp\u0113jas \u0101tr\u0101k, un samaks\u0101t\u0101 nauda (ieskaitot pieg\u0101des izmaksas) tiks atmaks\u0101ta nekav\u0113joties, bet ne v\u0113l\u0101k k\u0101 14 dienu laik\u0101 p\u0113c pazi\u0146ojuma sa\u0146em\u0161anas.<\/p>\n<h4><strong>Pieg\u0101de uz<\/strong><\/h4>\n<p><span style=\"color: #252665;\">Preces tiek pieg\u0101d\u0101tas vis\u0101 pasaul\u0113.<\/span><\/p>\n<p>Pirc\u0113jam ir \u0161\u0101das iesp\u0113jas sa\u0146emt preces:<\/p>\n<p>Omniva paku autom\u0101ti (Igaunija, Latvija, Lietuva)<br \/>Omniva kurjers (Igaunija, Latvija, Lietuva)<br \/>Itella SmartPOST paku autom\u0101ti (Igaunija, Somija)<br \/>Itella SmartPOST kurjers (Igaunija, Somija)<br \/>DPD paku termin\u0101\u013ci (Igaunija, Latvija, Lietuva).<br \/>LP Express paku autom\u0101ti (Lietuva)<\/p>\n<p>Omniva (glob\u0101la pieg\u0101de)<\/p>\n<p>Pieg\u0101des izmaksas sedz pirc\u0113js, un atbilsto\u0161\u0101 inform\u0101cija par cenu tiek par\u0101d\u012bta kop\u0101 ar pieg\u0101des metodi.<\/p>\n<p><span style=\"color: #252665;\">Igaunij\u0101 s\u016bt\u012bjumi parasti ierodas pirc\u0113ja nor\u0101d\u012btaj\u0101 galam\u0113r\u0137\u012b l\u012bdz 5 darba dienu laik\u0101 no pirkuma l\u012bguma sp\u0113k\u0101 st\u0101\u0161an\u0101s dienas. \u0100rpus Igaunijas pieg\u0101de notiks 14 kalend\u0101ro dienu laik\u0101.<\/span><\/p>\n<p>Iz\u0146\u0113muma gad\u012bjumos jums ir ties\u012bbas sa\u0146emt preces pieg\u0101di l\u012bdz 45 kalend\u0101ro dienu laik\u0101.<\/p>\n<h4><strong>Atteikuma ties\u012bbas<\/strong><\/h4>\n<p>P\u0113c pas\u016bt\u012bjuma sa\u0146em\u0161anas pirc\u0113jam ir ties\u012bbas atteikties no e-l\u012bguma 14 dienu laik\u0101.<\/p>\n<p>Atteikuma ties\u012bbas nav sp\u0113k\u0101, ja pirc\u0113js ir juridiska persona.<\/p>\n<p>Lai izmantotu 14 dienu atteikuma ties\u012bbas, pas\u016bt\u012bt\u0101s preces nedr\u012bkst izmantot nek\u0101d\u0101 cit\u0101 veid\u0101, iz\u0146emot to, kas nepiecie\u0161ams, lai p\u0101rliecin\u0101tos par pre\u010du raksturu, \u012bpa\u0161\u012bb\u0101m un darb\u012bbu, t\u0101pat k\u0101 tas ir at\u013cauts, test\u0113jot preces fizisk\u0101 veikal\u0101.<\/p>\n<p>Ja preces ir izmantotas citiem m\u0113r\u0137iem, kas nav nepiecie\u0161ami, lai p\u0101rliecin\u0101tos par pre\u010du raksturu, \u012bpa\u0161\u012bb\u0101m un darb\u012bbu, vai ja prec\u0113m ir lieto\u0161anas vai nolietojuma paz\u012bmes, Interneta veikalam ir ties\u012bbas samazin\u0101t atmaks\u0101jamo maksu atbilsto\u0161i pre\u010du v\u0113rt\u012bbas samazin\u0101jumam.<\/p>\n<p>Lai atgrieztu preces, jums j\u0101iesniedz atteikuma veidlapa<span style=\"color: #ff0000;\"> <\/span>un j\u0101nos\u016bta uz info@sonneshop.ee 14 dienu laik\u0101 p\u0113c pre\u010du sa\u0146em\u0161anas.<\/p>\n<p>Pre\u010du atgrie\u0161anas izmaksas sedz pirc\u0113js, ja vien atgrie\u0161anas iemesls nav t\u0101ds, ka atgrie\u017eamais produkts neatbilst pas\u016bt\u012btajam (piem\u0113ram, nepareizs vai boj\u0101ts produkts).<\/p>\n<p>Pirc\u0113jam ir j\u0101atgrie\u017e preces 14 dienu laik\u0101 no pieteikuma datuma vai j\u0101iesniedz pier\u0101d\u012bjums, ka vi\u0146\u0161 t\u0101s ir nodevis p\u0101rvad\u0101t\u0101jam iepriek\u0161 min\u0113taj\u0101 termi\u0146\u0101.<\/p>\n<p>Sa\u0146emot atgriezt\u0101s preces, interneta veikals nekav\u0113joties, bet ne v\u0113l\u0101k k\u0101 14 dienu laik\u0101 p\u0113c atteikuma sa\u0146em\u0161anas, atmaks\u0101 pirc\u0113jam visus no pirc\u0113ja sa\u0146emtos maks\u0101jumus saska\u0146\u0101 ar l\u012bgumu.<\/p>\n<p>Interneta veikals var atteikties atmaks\u0101t naudu, kam\u0113r tas nav sa\u0146\u0113mis preces, uz kur\u0101m attiecas l\u012bgums, vai kam\u0113r pirc\u0113js nav iesniedzis pier\u0101d\u012bjumus, ka vi\u0146\u0161 ir nos\u016bt\u012bjis preces atpaka\u013c, atkar\u012bb\u0101 no t\u0101, kas notiek agr\u0101k.<\/p>\n<p>Ja pirc\u0113js ir nep\u0101rprotami izv\u0113l\u0113jies pieg\u0101des veidu, kas nav visl\u0113t\u0101kais pieg\u0101des veids, ko pied\u0101v\u0101 Interneta veikals, Interneta veikalam nav pien\u0101kuma atl\u012bdzin\u0101t pat\u0113r\u0113t\u0101jam izmaksas, kas p\u0101rsniedz parast\u0101 pieg\u0101des veida izmaksas.<\/p>\n<p>Interneta veikalam ir ties\u012bbas atteikties no p\u0101rdo\u0161anas un piepras\u012bt no pirc\u0113ja atgriezt preces, ja preces cena interneta veikal\u0101 k\u013c\u016bdas d\u0113\u013c ir nor\u0101d\u012bta iev\u0113rojami zem\u0101ka par preces tirgus cenu.<\/p>\n<h4><strong>Ties\u012bbas iesniegt s\u016bdz\u012bbu<\/strong><\/h4>\n<p>Interneta veikals ir atbild\u012bgs par pirc\u0113jam p\u0101rdoto pre\u010du neatbilst\u012bbu vai defektu, kas jau past\u0101v\u0113ja pieg\u0101des br\u012bd\u012b un kas izpaud\u012bsies ne v\u0113l\u0101k k\u0101 divu gadu laik\u0101 p\u0113c pre\u010du pieg\u0101des pirc\u0113jam.  <b data-stringify-type=\"bold\">P\u0113c tam vienu gadu p\u0113c pre\u010du pieg\u0101des pirc\u0113jam tiek uzskat\u012bts, ka defekts ir past\u0101v\u0113jis pieg\u0101des br\u012bd\u012b. Interneta veikala pien\u0101kums ir atsp\u0113kot \u0161o pie\u0146\u0113mumu.<\/b><\/p>\n<p>Defekta gad\u012bjum\u0101 pirc\u0113jam ir ties\u012bbas ne v\u0113l\u0101k k\u0101 divu m\u0113ne\u0161u laik\u0101 sazin\u0101ties ar interneta veikalu, nos\u016btot e-pastu uz info@sonneshop.ee vai zvanot pa t\u0101lruni 5833 1631.<\/p>\n<p>Interneta veikals nav atbild\u012bgs par defektiem, kas radu\u0161ies p\u0113c pre\u010du pieg\u0101des pirc\u0113jam.<\/p>\n<p>Ja prec\u0113m, kas ieg\u0101d\u0101tas no Interneta veikala, ir defekts, par kuru ir atbild\u012bgs Interneta veikals, Interneta veikals labos vai nomain\u012bs boj\u0101t\u0101s preces. Ja preci nav iesp\u0113jams salabot vai aizst\u0101t, interneta veikals atmaks\u0101 pirc\u0113jam visas ar p\u0101rdo\u0161anas l\u012bgumu saist\u012bt\u0101s izmaksas.<\/p>\n<p>Interneta veikals 15 dienu laik\u0101 atbild\u0113s uz pat\u0113r\u0113t\u0101ja s\u016bdz\u012bbu rakstiski vai t\u0101d\u0101 form\u0101t\u0101, ko var atveidot rakstiski.<\/p>\n<h4><strong>Tie\u0161\u0101 tirgved\u012bba un personas datu apstr\u0101de<\/strong><\/h4>\n<p>Interneta veikals izmanto pirc\u0113ja sniegtos personas datus tikai, lai apstr\u0101d\u0101tu pas\u016bt\u012bjumu un nos\u016bt\u012btu preces pirc\u0113jam. Interneta veikals p\u0101rs\u016bta personas datus transporta uz\u0146\u0113mumiem, lai pieg\u0101d\u0101tu preces.<\/p>\n<p>Interneta veikals nos\u016bta jaunumus un pied\u0101v\u0101jumus uz pirc\u0113ja e-pasta adresi tikai tad, ja pirc\u0113js ir izteicis v\u0113lmi tos sa\u0146emt, ievadot savu e-pasta adresi t\u012bmek\u013ca vietn\u0113 un nor\u0101d\u012bjis savu v\u0113lmi sa\u0146emt tie\u0161\u0101 pasta pazi\u0146ojumus.<\/p>\n<p>Pirc\u0113js jebkur\u0101 laik\u0101 var atteikties no pied\u0101v\u0101jumu un bi\u013cetenu sa\u0146em\u0161anas pa e-pastu, pazi\u0146ojot mums par to pa e-pastu vai izpildot nor\u0101d\u012bjumus e-past\u0101, kur\u0101 ir pied\u0101v\u0101jumi.<\/p>\n<h4><strong>Str\u012bdu iz\u0161\u0137ir\u0161ana<\/strong><\/h4>\n<p>Ja pirc\u0113jam ir k\u0101das s\u016bdz\u012bbas par Interneta veikalu, t\u0101s j\u0101nos\u016bta pa e-pastu uz info@sonneshop.ee vai pa t\u0101lruni 5833 1631.<\/p>\n<p>Ja pirc\u0113js un interneta veikals nesp\u0113j atrisin\u0101t str\u012bdu, vienojoties, pirc\u0113js var v\u0113rsties Pat\u0113r\u0113t\u0101ju str\u012bdu komisij\u0101. Ar proced\u016bras noteikumiem var iepaz\u012bties un pieteikties <a href=\"https:\/\/komisjon.ee\/et\/avalduse-esitamine\" target=\"_blank\" rel=\"noopener noreferrer\">\u0161eit.<\/a> Pat\u0113r\u0113t\u0101ju str\u012bdu komiteja ir kompetenta risin\u0101t str\u012bdus, kas izriet no l\u012bguma, kas nosl\u0113gts starp pirc\u0113ju un Interneta veikalu. Komisijai nav j\u0101maks\u0101 par pirc\u0113ja s\u016bdz\u012bbas izskat\u012b\u0161anu.<\/p>\n<p>Pirc\u0113js var v\u0113rsties Eiropas Savien\u012bbas pat\u0113r\u0113t\u0101ju str\u012bdu iz\u0161\u0137ir\u0161anas platform\u0101 <a href=\"https:\/\/ec.europa.eu\/consumers\/odr\/main\/index.cfm?event=main.home2.show&amp;lng=ET\" target=\"_blank\" rel=\"noopener noreferrer\">.<\/a><\/p>\n\t\t\t\t\t\t\t\t<\/div>\n\t\t\t\t<\/div>\n\t\t\t\t\t<\/div>\n\t\t<\/div>\n\t\t\t\t\t<\/div>\n\t\t<\/section>\n\t\t\t\t<\/div>\n\t\t","protected":false},"excerpt":{"rendered":"<p>Interneta veikala sonneshop.ee (turpm\u0101k tekst\u0101 &#8211; Interneta veikals) \u012bpa\u0161nieks ir O\u00dc Sonne Shop (re\u0123istr\u0101cijas kods 16436538), kas atrodas Kuninga 34, P\u0113rnav\u0101. P\u0101rdo\u0161anas l\u012bguma sp\u0113k\u0101 esam\u012bba, komerci\u0101l\u0101 inform\u0101cija un inform\u0101cija par cenu Pirk\u0161anas noteikumi un nosac\u012bjumi attiecas uz pre\u010du ieg\u0101di no [&hellip;]<\/p>\n","protected":false},"author":1,"featured_media":0,"parent":0,"menu_order":0,"comment_status":"closed","ping_status":"closed","template":"","meta":{"footnotes":""},"class_list":["post-7188","page","type-page","status-publish","hentry"],"yoast_head":"<!-- This site is optimized with the Yoast SEO plugin v27.6 - https:\/\/yoast.com\/product\/yoast-seo-wordpress\/ -->\n<title>P\u0101rdo\u0161anas nosac\u012bjumi - Sonne<\/title>\n<meta name=\"robots\" content=\"index, follow, max-snippet:-1, max-image-preview:large, max-video-preview:-1\" \/>\n<link rel=\"canonical\" href=\"https:\/\/www.sonneshop.ee\/lv\/pardosanas-nosacijumi\/\" \/>\n<meta property=\"og:locale\" content=\"lv_LV\" \/>\n<meta property=\"og:type\" content=\"article\" \/>\n<meta property=\"og:title\" content=\"P\u0101rdo\u0161anas nosac\u012bjumi - Sonne\" \/>\n<meta property=\"og:description\" content=\"Interneta veikala sonneshop.ee (turpm\u0101k tekst\u0101 &#8211; Interneta veikals) \u012bpa\u0161nieks ir O\u00dc Sonne Shop (re\u0123istr\u0101cijas kods 16436538), kas atrodas Kuninga 34, P\u0113rnav\u0101. P\u0101rdo\u0161anas l\u012bguma sp\u0113k\u0101 esam\u012bba, komerci\u0101l\u0101 inform\u0101cija un inform\u0101cija par cenu Pirk\u0161anas noteikumi un nosac\u012bjumi attiecas uz pre\u010du ieg\u0101di no [&hellip;]\" \/>\n<meta property=\"og:url\" content=\"https:\/\/www.sonneshop.ee\/lv\/pardosanas-nosacijumi\/\" \/>\n<meta property=\"og:site_name\" content=\"Sonne\" \/>\n<meta property=\"article:publisher\" content=\"https:\/\/www.facebook.com\/sonneshop\/\" \/>\n<meta property=\"article:modified_time\" content=\"2024-01-19T14:13:35+00:00\" \/>\n<meta name=\"twitter:card\" content=\"summary_large_image\" \/>\n<meta name=\"twitter:label1\" content=\"Est. reading time\" \/>\n\t<meta name=\"twitter:data1\" content=\"7 minutes\" \/>\n<script type=\"application\/ld+json\" class=\"yoast-schema-graph\">{\"@context\":\"https:\\\/\\\/schema.org\",\"@graph\":[{\"@type\":\"WebPage\",\"@id\":\"https:\\\/\\\/www.sonneshop.ee\\\/lv\\\/pardosanas-nosacijumi\\\/\",\"url\":\"https:\\\/\\\/www.sonneshop.ee\\\/lv\\\/pardosanas-nosacijumi\\\/\",\"name\":\"P\u0101rdo\u0161anas nosac\u012bjumi - Sonne\",\"isPartOf\":{\"@id\":\"https:\\\/\\\/www.sonneshop.ee\\\/lv\\\/#website\"},\"datePublished\":\"2023-11-17T12:20:38+00:00\",\"dateModified\":\"2024-01-19T14:13:35+00:00\",\"breadcrumb\":{\"@id\":\"https:\\\/\\\/www.sonneshop.ee\\\/lv\\\/pardosanas-nosacijumi\\\/#breadcrumb\"},\"inLanguage\":\"lv-LV\",\"potentialAction\":[{\"@type\":\"ReadAction\",\"target\":[\"https:\\\/\\\/www.sonneshop.ee\\\/lv\\\/pardosanas-nosacijumi\\\/\"]}]},{\"@type\":\"BreadcrumbList\",\"@id\":\"https:\\\/\\\/www.sonneshop.ee\\\/lv\\\/pardosanas-nosacijumi\\\/#breadcrumb\",\"itemListElement\":[{\"@type\":\"ListItem\",\"position\":1,\"name\":\"Home\",\"item\":\"https:\\\/\\\/www.sonneshop.ee\\\/lv\\\/kafija-majas-maksla\\\/\"},{\"@type\":\"ListItem\",\"position\":2,\"name\":\"P\u0101rdo\u0161anas nosac\u012bjumi\"}]},{\"@type\":\"WebSite\",\"@id\":\"https:\\\/\\\/www.sonneshop.ee\\\/lv\\\/#website\",\"url\":\"https:\\\/\\\/www.sonneshop.ee\\\/lv\\\/\",\"name\":\"Sonne\",\"description\":\"Kohv.Kodu.Kunst\",\"publisher\":{\"@id\":\"https:\\\/\\\/www.sonneshop.ee\\\/lv\\\/#organization\"},\"potentialAction\":[{\"@type\":\"SearchAction\",\"target\":{\"@type\":\"EntryPoint\",\"urlTemplate\":\"https:\\\/\\\/www.sonneshop.ee\\\/lv\\\/?s={search_term_string}\"},\"query-input\":{\"@type\":\"PropertyValueSpecification\",\"valueRequired\":true,\"valueName\":\"search_term_string\"}}],\"inLanguage\":\"lv-LV\"},{\"@type\":\"Organization\",\"@id\":\"https:\\\/\\\/www.sonneshop.ee\\\/lv\\\/#organization\",\"name\":\"Sonne kohv.kodu.kunst\",\"url\":\"https:\\\/\\\/www.sonneshop.ee\\\/lv\\\/\",\"logo\":{\"@type\":\"ImageObject\",\"inLanguage\":\"lv-LV\",\"@id\":\"https:\\\/\\\/www.sonneshop.ee\\\/lv\\\/#\\\/schema\\\/logo\\\/image\\\/\",\"url\":\"https:\\\/\\\/www.sonneshop.ee\\\/wp-content\\\/uploads\\\/2023\\\/07\\\/Sonne_valge.png\",\"contentUrl\":\"https:\\\/\\\/www.sonneshop.ee\\\/wp-content\\\/uploads\\\/2023\\\/07\\\/Sonne_valge.png\",\"width\":600,\"height\":600,\"caption\":\"Sonne kohv.kodu.kunst\"},\"image\":{\"@id\":\"https:\\\/\\\/www.sonneshop.ee\\\/lv\\\/#\\\/schema\\\/logo\\\/image\\\/\"},\"sameAs\":[\"https:\\\/\\\/www.facebook.com\\\/sonneshop\\\/\"]}]}<\/script>\n<!-- \/ Yoast SEO plugin. -->","yoast_head_json":{"title":"P\u0101rdo\u0161anas nosac\u012bjumi - Sonne","robots":{"index":"index","follow":"follow","max-snippet":"max-snippet:-1","max-image-preview":"max-image-preview:large","max-video-preview":"max-video-preview:-1"},"canonical":"https:\/\/www.sonneshop.ee\/lv\/pardosanas-nosacijumi\/","og_locale":"lv_LV","og_type":"article","og_title":"P\u0101rdo\u0161anas nosac\u012bjumi - Sonne","og_description":"Interneta veikala sonneshop.ee (turpm\u0101k tekst\u0101 &#8211; Interneta veikals) \u012bpa\u0161nieks ir O\u00dc Sonne Shop (re\u0123istr\u0101cijas kods 16436538), kas atrodas Kuninga 34, P\u0113rnav\u0101. P\u0101rdo\u0161anas l\u012bguma sp\u0113k\u0101 esam\u012bba, komerci\u0101l\u0101 inform\u0101cija un inform\u0101cija par cenu Pirk\u0161anas noteikumi un nosac\u012bjumi attiecas uz pre\u010du ieg\u0101di no [&hellip;]","og_url":"https:\/\/www.sonneshop.ee\/lv\/pardosanas-nosacijumi\/","og_site_name":"Sonne","article_publisher":"https:\/\/www.facebook.com\/sonneshop\/","article_modified_time":"2024-01-19T14:13:35+00:00","twitter_card":"summary_large_image","twitter_misc":{"Est. reading time":"7 minutes"},"schema":{"@context":"https:\/\/schema.org","@graph":[{"@type":"WebPage","@id":"https:\/\/www.sonneshop.ee\/lv\/pardosanas-nosacijumi\/","url":"https:\/\/www.sonneshop.ee\/lv\/pardosanas-nosacijumi\/","name":"P\u0101rdo\u0161anas nosac\u012bjumi - Sonne","isPartOf":{"@id":"https:\/\/www.sonneshop.ee\/lv\/#website"},"datePublished":"2023-11-17T12:20:38+00:00","dateModified":"2024-01-19T14:13:35+00:00","breadcrumb":{"@id":"https:\/\/www.sonneshop.ee\/lv\/pardosanas-nosacijumi\/#breadcrumb"},"inLanguage":"lv-LV","potentialAction":[{"@type":"ReadAction","target":["https:\/\/www.sonneshop.ee\/lv\/pardosanas-nosacijumi\/"]}]},{"@type":"BreadcrumbList","@id":"https:\/\/www.sonneshop.ee\/lv\/pardosanas-nosacijumi\/#breadcrumb","itemListElement":[{"@type":"ListItem","position":1,"name":"Home","item":"https:\/\/www.sonneshop.ee\/lv\/kafija-majas-maksla\/"},{"@type":"ListItem","position":2,"name":"P\u0101rdo\u0161anas nosac\u012bjumi"}]},{"@type":"WebSite","@id":"https:\/\/www.sonneshop.ee\/lv\/#website","url":"https:\/\/www.sonneshop.ee\/lv\/","name":"Sonne","description":"Kohv.Kodu.Kunst","publisher":{"@id":"https:\/\/www.sonneshop.ee\/lv\/#organization"},"potentialAction":[{"@type":"SearchAction","target":{"@type":"EntryPoint","urlTemplate":"https:\/\/www.sonneshop.ee\/lv\/?s={search_term_string}"},"query-input":{"@type":"PropertyValueSpecification","valueRequired":true,"valueName":"search_term_string"}}],"inLanguage":"lv-LV"},{"@type":"Organization","@id":"https:\/\/www.sonneshop.ee\/lv\/#organization","name":"Sonne kohv.kodu.kunst","url":"https:\/\/www.sonneshop.ee\/lv\/","logo":{"@type":"ImageObject","inLanguage":"lv-LV","@id":"https:\/\/www.sonneshop.ee\/lv\/#\/schema\/logo\/image\/","url":"https:\/\/www.sonneshop.ee\/wp-content\/uploads\/2023\/07\/Sonne_valge.png","contentUrl":"https:\/\/www.sonneshop.ee\/wp-content\/uploads\/2023\/07\/Sonne_valge.png","width":600,"height":600,"caption":"Sonne kohv.kodu.kunst"},"image":{"@id":"https:\/\/www.sonneshop.ee\/lv\/#\/schema\/logo\/image\/"},"sameAs":["https:\/\/www.facebook.com\/sonneshop\/"]}]}},"_links":{"self":[{"href":"https:\/\/www.sonneshop.ee\/lv\/wp-json\/wp\/v2\/pages\/7188","targetHints":{"allow":["GET"]}}],"collection":[{"href":"https:\/\/www.sonneshop.ee\/lv\/wp-json\/wp\/v2\/pages"}],"about":[{"href":"https:\/\/www.sonneshop.ee\/lv\/wp-json\/wp\/v2\/types\/page"}],"author":[{"embeddable":true,"href":"https:\/\/www.sonneshop.ee\/lv\/wp-json\/wp\/v2\/users\/1"}],"replies":[{"embeddable":true,"href":"https:\/\/www.sonneshop.ee\/lv\/wp-json\/wp\/v2\/comments?post=7188"}],"version-history":[{"count":1,"href":"https:\/\/www.sonneshop.ee\/lv\/wp-json\/wp\/v2\/pages\/7188\/revisions"}],"predecessor-version":[{"id":7189,"href":"https:\/\/www.sonneshop.ee\/lv\/wp-json\/wp\/v2\/pages\/7188\/revisions\/7189"}],"wp:attachment":[{"href":"https:\/\/www.sonneshop.ee\/lv\/wp-json\/wp\/v2\/media?parent=7188"}],"curies":[{"name":"wp","href":"https:\/\/api.w.org\/{rel}","templated":true}]}}