{"id":7981,"date":"2023-11-14T16:40:30","date_gmt":"2023-11-14T14:40:30","guid":{"rendered":"https:\/\/www.sonneshop.ee\/product\/burbuline-zvake-su-pusbrangiais-akmenimis\/"},"modified":"2025-12-08T12:18:20","modified_gmt":"2025-12-08T10:18:20","slug":"burbuline-zvake-su-pusbrangiais-akmenimis","status":"publish","type":"product","link":"https:\/\/www.sonneshop.ee\/lt\/produktas\/burbuline-zvake-su-pusbrangiais-akmenimis\/","title":{"rendered":"Burbulin\u0117 \u017evak\u0117 su pusbrangiais akmenimis"},"content":{"rendered":"<p>&nbsp;<\/p>\n<p><span style=\"font-weight: 400;\"><strong>Visos &#8222;Bright Moon&#8221; \u017evak\u0117s liejamos rankomis, naudojant gryn\u0105 soj\u0173 va\u0161k\u0105, patvarias medvilnines \u017evaki\u0173 dagtis ir auk\u0161tos kokyb\u0117s kvapiuosius aliejus.<\/strong>  Skirta dekoratyviniam naudojimui. Degdami tur\u0117kite omenyje, kad soj\u0173 va\u0161kas gali i\u0161sisklaidyti, tod\u0117l rekomenduojame naudoti kar\u0161\u010diui atspar\u0173 pagrind\u0105.<\/span><\/p>\n<p><span style=\"font-weight: 400;\">Visos &#8222;Bright Moon&#8221; \u017evak\u0117s gaminamos i\u0161 &#8222;KeraSoy Pillar&#8221; soj\u0173 va\u0161ko.<\/span><\/p>\n<p><span style=\"font-weight: 400;\">&#8222;KeraSoy Pillar&#8221; va\u0161kas gaminamas naudojant tik auk\u0161\u010diausios kokyb\u0117s ir atsakingai gaunamas \u017ealiavas. Kaip ir visi &#8222;Kerax&#8221; nat\u016bral\u016bs \u017evaki\u0173 va\u0161kai, &#8222;KeraSoy Pillar 4120&#8221; atitinka b\u016btinus reikalavimus, t. y. yra biologi\u0161kai skaidus, vegani\u0161kas ir be palmi\u0173 aliejaus. Gaminant &#8222;KeraSoy Pillar&#8221; va\u0161k\u0105 nenaudojami jokie gyv\u016bnin\u0117s kilm\u0117s produktai.<\/span><\/p>\n<p><span style=\"font-weight: 400;\">Kri\u0161tolin\u0117s \u017evak\u0117s yra kvapiosios, o pagal u\u017esakym\u0105 prie \u017evak\u0117s pridedamas kristalui b\u016bdingas tekstas.<\/span><\/p>\n<p>&nbsp;<\/p>\n","protected":false},"excerpt":{"rendered":"<p>&nbsp;<\/p>\n<h5><span style=\"font-weight: 400;\"><strong>\u017dvak\u0117 &#8222;Bright Moon Stone Candle&#8221; sujungia \u017evilgan\u010di\u0173 kristal\u0173 magij\u0105 ir paprast\u0105 burbulin\u0117s \u017evak\u0117s estetik\u0105.<\/strong> <\/span><\/h5>\n<p>&nbsp;<\/p>\n<ul>\n<li style=\"font-weight: 400;\" aria-level=\"1\"><span style=\"font-weight: 400;\">100 % nat\u016bralus soj\u0173 va\u0161kas<\/span><\/li>\n<li style=\"font-weight: 400;\" aria-level=\"1\"><span style=\"font-weight: 400;\">Svoris: 160 gram\u0173<\/span><\/li>\n<li style=\"font-weight: 400;\" aria-level=\"1\"><span style=\"font-weight: 400;\">Dydis: 6 x 6 cm<\/span><\/li>\n<li style=\"font-weight: 400;\" aria-level=\"1\"><span style=\"font-weight: 400;\">Degimo trukm\u0117 ~25 val.<\/span><\/li>\n<li style=\"font-weight: 400;\" aria-level=\"1\"><span style=\"font-weight: 400;\">Rankomis nulietas Estijoje<\/span><\/li>\n<\/ul>\n<p>&nbsp;<\/p>\n<p>&nbsp;<\/p>\n","protected":false},"featured_media":6935,"comment_status":"open","ping_status":"closed","template":"","meta":[],"product_brand":[],"product_cat":[538],"product_tag":[472,473],"class_list":{"0":"post-7981","1":"product","2":"type-product","3":"status-publish","4":"has-post-thumbnail","6":"product_cat-maro-zvakes","7":"product_tag-ryskus-menulis","8":"product_tag-soju-odos-zvake","10":"first","11":"instock","12":"taxable","13":"shipping-taxable","14":"purchasable","15":"product-type-simple"},"yoast_head":"<!-- This site is optimized with the Yoast SEO plugin v27.4 - https:\/\/yoast.com\/product\/yoast-seo-wordpress\/ -->\n<title>Burbulin\u0117 \u017evak\u0117 su pusbrangiais akmenimis - Sonne<\/title>\n<meta name=\"robots\" content=\"index, follow, max-snippet:-1, max-image-preview:large, max-video-preview:-1\" \/>\n<link rel=\"canonical\" href=\"https:\/\/www.sonneshop.ee\/lt\/produktas\/burbuline-zvake-su-pusbrangiais-akmenimis\/\" \/>\n<meta property=\"og:locale\" content=\"lt_LT\" \/>\n<meta property=\"og:type\" content=\"article\" \/>\n<meta property=\"og:title\" content=\"Burbulin\u0117 \u017evak\u0117 su pusbrangiais akmenimis - Sonne\" \/>\n<meta property=\"og:description\" content=\"&nbsp; \u017dvak\u0117 &quot;Bright Moon Stone Candle&quot; sujungia \u017evilgan\u010di\u0173 kristal\u0173 magij\u0105 ir paprast\u0105 burbulin\u0117s \u017evak\u0117s estetik\u0105. &nbsp;  100 % nat\u016bralus soj\u0173 va\u0161kas  Svoris: 160 gram\u0173  Dydis: 6 x 6 cm  Degimo trukm\u0117 ~25 val.  Rankomis nulietas Estijoje &nbsp; &nbsp;\" \/>\n<meta property=\"og:url\" content=\"https:\/\/www.sonneshop.ee\/lt\/produktas\/burbuline-zvake-su-pusbrangiais-akmenimis\/\" \/>\n<meta property=\"og:site_name\" content=\"Sonne\" \/>\n<meta property=\"article:publisher\" content=\"https:\/\/www.facebook.com\/sonneshop\/\" \/>\n<meta property=\"article:modified_time\" content=\"2025-12-08T10:18:20+00:00\" \/>\n<meta property=\"og:image\" content=\"https:\/\/www.sonneshop.ee\/wp-content\/uploads\/2023\/11\/Helge_Kuu_poolvaariskividega_mullikuunal.jpg\" \/>\n\t<meta property=\"og:image:width\" content=\"600\" \/>\n\t<meta property=\"og:image:height\" content=\"600\" \/>\n\t<meta property=\"og:image:type\" content=\"image\/jpeg\" \/>\n<meta name=\"twitter:card\" content=\"summary_large_image\" \/>\n<meta name=\"twitter:label1\" content=\"Est. reading time\" \/>\n\t<meta name=\"twitter:data1\" content=\"1 minut\u0117\" \/>\n<script type=\"application\/ld+json\" class=\"yoast-schema-graph\">{\"@context\":\"https:\\\/\\\/schema.org\",\"@graph\":[{\"@type\":\"WebPage\",\"@id\":\"https:\\\/\\\/www.sonneshop.ee\\\/lt\\\/produktas\\\/burbuline-zvake-su-pusbrangiais-akmenimis\\\/\",\"url\":\"https:\\\/\\\/www.sonneshop.ee\\\/lt\\\/produktas\\\/burbuline-zvake-su-pusbrangiais-akmenimis\\\/\",\"name\":\"Burbulin\u0117 \u017evak\u0117 su pusbrangiais akmenimis - Sonne\",\"isPartOf\":{\"@id\":\"https:\\\/\\\/www.sonneshop.ee\\\/lt\\\/#website\"},\"primaryImageOfPage\":{\"@id\":\"https:\\\/\\\/www.sonneshop.ee\\\/lt\\\/produktas\\\/burbuline-zvake-su-pusbrangiais-akmenimis\\\/#primaryimage\"},\"image\":{\"@id\":\"https:\\\/\\\/www.sonneshop.ee\\\/lt\\\/produktas\\\/burbuline-zvake-su-pusbrangiais-akmenimis\\\/#primaryimage\"},\"thumbnailUrl\":\"https:\\\/\\\/www.sonneshop.ee\\\/wp-content\\\/uploads\\\/2023\\\/11\\\/Helge_Kuu_poolvaariskividega_mullikuunal.jpg\",\"datePublished\":\"2023-11-14T14:40:30+00:00\",\"dateModified\":\"2025-12-08T10:18:20+00:00\",\"breadcrumb\":{\"@id\":\"https:\\\/\\\/www.sonneshop.ee\\\/lt\\\/produktas\\\/burbuline-zvake-su-pusbrangiais-akmenimis\\\/#breadcrumb\"},\"inLanguage\":\"lt-LT\",\"potentialAction\":[{\"@type\":\"ReadAction\",\"target\":[\"https:\\\/\\\/www.sonneshop.ee\\\/lt\\\/produktas\\\/burbuline-zvake-su-pusbrangiais-akmenimis\\\/\"]}]},{\"@type\":\"ImageObject\",\"inLanguage\":\"lt-LT\",\"@id\":\"https:\\\/\\\/www.sonneshop.ee\\\/lt\\\/produktas\\\/burbuline-zvake-su-pusbrangiais-akmenimis\\\/#primaryimage\",\"url\":\"https:\\\/\\\/www.sonneshop.ee\\\/wp-content\\\/uploads\\\/2023\\\/11\\\/Helge_Kuu_poolvaariskividega_mullikuunal.jpg\",\"contentUrl\":\"https:\\\/\\\/www.sonneshop.ee\\\/wp-content\\\/uploads\\\/2023\\\/11\\\/Helge_Kuu_poolvaariskividega_mullikuunal.jpg\",\"width\":600,\"height\":600},{\"@type\":\"BreadcrumbList\",\"@id\":\"https:\\\/\\\/www.sonneshop.ee\\\/lt\\\/produktas\\\/burbuline-zvake-su-pusbrangiais-akmenimis\\\/#breadcrumb\",\"itemListElement\":[{\"@type\":\"ListItem\",\"position\":1,\"name\":\"Home\",\"item\":\"https:\\\/\\\/www.sonneshop.ee\\\/lt\\\/kava-namai-menas\\\/\"},{\"@type\":\"ListItem\",\"position\":2,\"name\":\"Pood\",\"item\":\"https:\\\/\\\/www.sonneshop.ee\\\/pood\\\/\"},{\"@type\":\"ListItem\",\"position\":3,\"name\":\"Burbulin\u0117 \u017evak\u0117 su pusbrangiais akmenimis\"}]},{\"@type\":\"WebSite\",\"@id\":\"https:\\\/\\\/www.sonneshop.ee\\\/lt\\\/#website\",\"url\":\"https:\\\/\\\/www.sonneshop.ee\\\/lt\\\/\",\"name\":\"Sonne\",\"description\":\"Kohv.Kodu.Kunst\",\"publisher\":{\"@id\":\"https:\\\/\\\/www.sonneshop.ee\\\/lt\\\/#organization\"},\"potentialAction\":[{\"@type\":\"SearchAction\",\"target\":{\"@type\":\"EntryPoint\",\"urlTemplate\":\"https:\\\/\\\/www.sonneshop.ee\\\/lt\\\/?s={search_term_string}\"},\"query-input\":{\"@type\":\"PropertyValueSpecification\",\"valueRequired\":true,\"valueName\":\"search_term_string\"}}],\"inLanguage\":\"lt-LT\"},{\"@type\":\"Organization\",\"@id\":\"https:\\\/\\\/www.sonneshop.ee\\\/lt\\\/#organization\",\"name\":\"Sonne kohv.kodu.kunst\",\"url\":\"https:\\\/\\\/www.sonneshop.ee\\\/lt\\\/\",\"logo\":{\"@type\":\"ImageObject\",\"inLanguage\":\"lt-LT\",\"@id\":\"https:\\\/\\\/www.sonneshop.ee\\\/lt\\\/#\\\/schema\\\/logo\\\/image\\\/\",\"url\":\"https:\\\/\\\/www.sonneshop.ee\\\/wp-content\\\/uploads\\\/2023\\\/07\\\/Sonne_valge.png\",\"contentUrl\":\"https:\\\/\\\/www.sonneshop.ee\\\/wp-content\\\/uploads\\\/2023\\\/07\\\/Sonne_valge.png\",\"width\":600,\"height\":600,\"caption\":\"Sonne kohv.kodu.kunst\"},\"image\":{\"@id\":\"https:\\\/\\\/www.sonneshop.ee\\\/lt\\\/#\\\/schema\\\/logo\\\/image\\\/\"},\"sameAs\":[\"https:\\\/\\\/www.facebook.com\\\/sonneshop\\\/\"]}]}<\/script>\n<!-- \/ Yoast SEO plugin. -->","yoast_head_json":{"title":"Burbulin\u0117 \u017evak\u0117 su pusbrangiais akmenimis - Sonne","robots":{"index":"index","follow":"follow","max-snippet":"max-snippet:-1","max-image-preview":"max-image-preview:large","max-video-preview":"max-video-preview:-1"},"canonical":"https:\/\/www.sonneshop.ee\/lt\/produktas\/burbuline-zvake-su-pusbrangiais-akmenimis\/","og_locale":"lt_LT","og_type":"article","og_title":"Burbulin\u0117 \u017evak\u0117 su pusbrangiais akmenimis - Sonne","og_description":"&nbsp; \u017dvak\u0117 \"Bright Moon Stone Candle\" sujungia \u017evilgan\u010di\u0173 kristal\u0173 magij\u0105 ir paprast\u0105 burbulin\u0117s \u017evak\u0117s estetik\u0105. &nbsp;  100 % nat\u016bralus soj\u0173 va\u0161kas  Svoris: 160 gram\u0173  Dydis: 6 x 6 cm  Degimo trukm\u0117 ~25 val.  Rankomis nulietas Estijoje &nbsp; &nbsp;","og_url":"https:\/\/www.sonneshop.ee\/lt\/produktas\/burbuline-zvake-su-pusbrangiais-akmenimis\/","og_site_name":"Sonne","article_publisher":"https:\/\/www.facebook.com\/sonneshop\/","article_modified_time":"2025-12-08T10:18:20+00:00","og_image":[{"width":600,"height":600,"url":"https:\/\/www.sonneshop.ee\/wp-content\/uploads\/2023\/11\/Helge_Kuu_poolvaariskividega_mullikuunal.jpg","type":"image\/jpeg"}],"twitter_card":"summary_large_image","twitter_misc":{"Est. reading time":"1 minut\u0117"},"schema":{"@context":"https:\/\/schema.org","@graph":[{"@type":"WebPage","@id":"https:\/\/www.sonneshop.ee\/lt\/produktas\/burbuline-zvake-su-pusbrangiais-akmenimis\/","url":"https:\/\/www.sonneshop.ee\/lt\/produktas\/burbuline-zvake-su-pusbrangiais-akmenimis\/","name":"Burbulin\u0117 \u017evak\u0117 su pusbrangiais akmenimis - Sonne","isPartOf":{"@id":"https:\/\/www.sonneshop.ee\/lt\/#website"},"primaryImageOfPage":{"@id":"https:\/\/www.sonneshop.ee\/lt\/produktas\/burbuline-zvake-su-pusbrangiais-akmenimis\/#primaryimage"},"image":{"@id":"https:\/\/www.sonneshop.ee\/lt\/produktas\/burbuline-zvake-su-pusbrangiais-akmenimis\/#primaryimage"},"thumbnailUrl":"https:\/\/www.sonneshop.ee\/wp-content\/uploads\/2023\/11\/Helge_Kuu_poolvaariskividega_mullikuunal.jpg","datePublished":"2023-11-14T14:40:30+00:00","dateModified":"2025-12-08T10:18:20+00:00","breadcrumb":{"@id":"https:\/\/www.sonneshop.ee\/lt\/produktas\/burbuline-zvake-su-pusbrangiais-akmenimis\/#breadcrumb"},"inLanguage":"lt-LT","potentialAction":[{"@type":"ReadAction","target":["https:\/\/www.sonneshop.ee\/lt\/produktas\/burbuline-zvake-su-pusbrangiais-akmenimis\/"]}]},{"@type":"ImageObject","inLanguage":"lt-LT","@id":"https:\/\/www.sonneshop.ee\/lt\/produktas\/burbuline-zvake-su-pusbrangiais-akmenimis\/#primaryimage","url":"https:\/\/www.sonneshop.ee\/wp-content\/uploads\/2023\/11\/Helge_Kuu_poolvaariskividega_mullikuunal.jpg","contentUrl":"https:\/\/www.sonneshop.ee\/wp-content\/uploads\/2023\/11\/Helge_Kuu_poolvaariskividega_mullikuunal.jpg","width":600,"height":600},{"@type":"BreadcrumbList","@id":"https:\/\/www.sonneshop.ee\/lt\/produktas\/burbuline-zvake-su-pusbrangiais-akmenimis\/#breadcrumb","itemListElement":[{"@type":"ListItem","position":1,"name":"Home","item":"https:\/\/www.sonneshop.ee\/lt\/kava-namai-menas\/"},{"@type":"ListItem","position":2,"name":"Pood","item":"https:\/\/www.sonneshop.ee\/pood\/"},{"@type":"ListItem","position":3,"name":"Burbulin\u0117 \u017evak\u0117 su pusbrangiais akmenimis"}]},{"@type":"WebSite","@id":"https:\/\/www.sonneshop.ee\/lt\/#website","url":"https:\/\/www.sonneshop.ee\/lt\/","name":"Sonne","description":"Kohv.Kodu.Kunst","publisher":{"@id":"https:\/\/www.sonneshop.ee\/lt\/#organization"},"potentialAction":[{"@type":"SearchAction","target":{"@type":"EntryPoint","urlTemplate":"https:\/\/www.sonneshop.ee\/lt\/?s={search_term_string}"},"query-input":{"@type":"PropertyValueSpecification","valueRequired":true,"valueName":"search_term_string"}}],"inLanguage":"lt-LT"},{"@type":"Organization","@id":"https:\/\/www.sonneshop.ee\/lt\/#organization","name":"Sonne kohv.kodu.kunst","url":"https:\/\/www.sonneshop.ee\/lt\/","logo":{"@type":"ImageObject","inLanguage":"lt-LT","@id":"https:\/\/www.sonneshop.ee\/lt\/#\/schema\/logo\/image\/","url":"https:\/\/www.sonneshop.ee\/wp-content\/uploads\/2023\/07\/Sonne_valge.png","contentUrl":"https:\/\/www.sonneshop.ee\/wp-content\/uploads\/2023\/07\/Sonne_valge.png","width":600,"height":600,"caption":"Sonne kohv.kodu.kunst"},"image":{"@id":"https:\/\/www.sonneshop.ee\/lt\/#\/schema\/logo\/image\/"},"sameAs":["https:\/\/www.facebook.com\/sonneshop\/"]}]}},"_links":{"self":[{"href":"https:\/\/www.sonneshop.ee\/lt\/wp-json\/wp\/v2\/product\/7981","targetHints":{"allow":["GET"]}}],"collection":[{"href":"https:\/\/www.sonneshop.ee\/lt\/wp-json\/wp\/v2\/product"}],"about":[{"href":"https:\/\/www.sonneshop.ee\/lt\/wp-json\/wp\/v2\/types\/product"}],"replies":[{"embeddable":true,"href":"https:\/\/www.sonneshop.ee\/lt\/wp-json\/wp\/v2\/comments?post=7981"}],"wp:featuredmedia":[{"embeddable":true,"href":"https:\/\/www.sonneshop.ee\/lt\/wp-json\/wp\/v2\/media\/6935"}],"wp:attachment":[{"href":"https:\/\/www.sonneshop.ee\/lt\/wp-json\/wp\/v2\/media?parent=7981"}],"wp:term":[{"taxonomy":"product_brand","embeddable":true,"href":"https:\/\/www.sonneshop.ee\/lt\/wp-json\/wp\/v2\/product_brand?post=7981"},{"taxonomy":"product_cat","embeddable":true,"href":"https:\/\/www.sonneshop.ee\/lt\/wp-json\/wp\/v2\/product_cat?post=7981"},{"taxonomy":"product_tag","embeddable":true,"href":"https:\/\/www.sonneshop.ee\/lt\/wp-json\/wp\/v2\/product_tag?post=7981"}],"curies":[{"name":"wp","href":"https:\/\/api.w.org\/{rel}","templated":true}]}}