{"id":7978,"date":"2023-11-14T16:10:45","date_gmt":"2023-11-14T14:10:45","guid":{"rendered":"https:\/\/www.sonneshop.ee\/product\/klasikiniai-akiniai-nuo-saules\/"},"modified":"2023-11-14T16:10:45","modified_gmt":"2023-11-14T14:10:45","slug":"klasikiniai-akiniai-nuo-saules","status":"publish","type":"product","link":"https:\/\/www.sonneshop.ee\/lt\/produktas\/klasikiniai-akiniai-nuo-saules\/","title":{"rendered":"Klasikiniai akiniai nuo saul\u0117s"},"content":{"rendered":"<p>&nbsp;<\/p>\n<p><strong>SONNENGLAS\u00ae TAIP PAT REI\u0160KIA:<\/strong><\/p>\n<p><span style=\"font-weight: 400;\">PALIKSIME PASAUL\u012e GERESN\u0116S B\u016aKL\u0116S, NEI J\u012e RADOME.<\/span><\/p>\n<p><span style=\"font-weight: 400;\">\u0160is procesas nuo pat jo atsiradimo Johanesburgo rajonuose yra tiesiogiai susij\u0119s su j\u012f gaminan\u010di\u0173 \u017emoni\u0173 gyvenimu. \u0160ie \u017emon\u0117s pasiek\u0117  <\/span><\/p>\n<p><span style=\"font-weight: 400;\">tai, k\u0105 turi geriausio, &#8211; d\u0117l savo i\u0161radingumo ir nebl\u0117stan\u010dio gyvenimo d\u017eiaugsmo. B\u016btent \u0161i siela lemia tai, kas yra SONNENGLAS\u00ae: \u0161viesa, kuri \u0161vie\u010dia \u012fvairiais b\u016bdais.<\/span><\/p>\n<p><span style=\"font-weight: 400;\">Tod\u0117l savaime suprantama, kad saul\u0117s lempas gaminame socialiai tvariai, laikydamiesi grie\u017et\u0173 s\u0105\u017einingos prekybos standart\u0173. Savo gamykloje Piet\u0173 Afrikos Respublikoje sukuriame stabilias darbo vietas ir perspektyvas anks\u010diau nedirbusiems jauniems \u017emon\u0117ms, gyvenantiems socialiai remtinuose Johanesburgo rajonuose.<\/span><\/p>\n<p><span style=\"font-weight: 400;\">SONNENGLAS\u00ae daugiausia gaminamas rankomis. Taip u\u017etikrinama auk\u0161ta kokyb\u0117 ir ypa\u010d ilgaam\u017ei\u0161kumas. Tikra Piet\u0173 Afrikos s\u0117km\u0117s istorija, kuri ne tik \u012f\u017eiebs daugiau \u0161viesos miestuose, bet ir padarys likus\u012f pasaul\u012f \u0161viesesn\u012f &#8211; \u0161viesa po \u0161viesos.<\/span><\/p>\n<p>&nbsp;<\/p>\n","protected":false},"excerpt":{"rendered":"<p>&nbsp;<\/p>\n<h5><strong>Naujos kartos \u017ealiosios auk\u0161tosios technologijos, gerai pa\u017e\u012fstama 1 litro (33,8 uncijos) versija, blizganti iki 100 valand\u0173.<\/strong><\/h5>\n<p>&nbsp;<\/p>\n<p><span style=\"font-weight: 400;\">Funkcijos:<\/span><\/p>\n<p><span style=\"font-weight: 400;\">Po kiekvieno pilno \u012fkrovimo veikia iki 100 valand\u0173<\/span><\/p>\n<p><span style=\"font-weight: 400;\">Automati\u0161kai \u012fsijungia nakt\u012f ir i\u0161sijungia kit\u0105 ryt\u0105<\/span><\/p>\n<p><span style=\"font-weight: 400;\">Nauji SONNENGLAS\u00ae \u0161viesos diodai su \u0161velnia, \u0161ilta ir nemirgan\u010dia \u0161viesa (3000K).<\/span><\/p>\n<p><span style=\"font-weight: 400;\">10 valand\u0173 baterijos veikimo laikas vos po 10 minu\u010di\u0173 \u012fkrovimo per USB-C<\/span><\/p>\n<p><span style=\"font-weight: 400;\">Praktinis akumuliatoriaus \u012fkrovos indikatorius<\/span><\/p>\n<p><span style=\"font-weight: 400;\">\u012ebr\u0117\u017eimams atspari auk\u0161tos kokyb\u0117s danga<\/span><\/p>\n<p><span style=\"font-weight: 400;\">Atsparus atmosferos poveikiui, ner\u016bdijantis, apsaugotas nuo lietaus<\/span><\/p>\n<p><span style=\"font-weight: 400;\">Integruotas USB prievadas su dulki\u0173 ki\u0161tuku<\/span><\/p>\n<p>&nbsp;<\/p>\n","protected":false},"featured_media":6799,"comment_status":"open","ping_status":"closed","template":"","meta":[],"product_brand":[],"product_cat":[980],"product_tag":[981],"class_list":{"0":"post-7978","1":"product","2":"type-product","3":"status-publish","4":"has-post-thumbnail","6":"product_cat-saules-stiklas","7":"product_tag-saules-stiklas","9":"first","10":"instock","11":"taxable","12":"shipping-taxable","13":"purchasable","14":"product-type-simple"},"yoast_head":"<!-- This site is optimized with the Yoast SEO plugin v27.5 - https:\/\/yoast.com\/product\/yoast-seo-wordpress\/ -->\n<title>Klasikiniai akiniai nuo saul\u0117s - Sonne<\/title>\n<meta name=\"robots\" content=\"index, follow, max-snippet:-1, max-image-preview:large, max-video-preview:-1\" \/>\n<link rel=\"canonical\" href=\"https:\/\/www.sonneshop.ee\/lt\/produktas\/klasikiniai-akiniai-nuo-saules\/\" \/>\n<meta property=\"og:locale\" content=\"lt_LT\" \/>\n<meta property=\"og:type\" content=\"article\" \/>\n<meta property=\"og:title\" content=\"Klasikiniai akiniai nuo saul\u0117s - Sonne\" \/>\n<meta property=\"og:description\" content=\"&nbsp; Naujos kartos \u017ealiosios auk\u0161tosios technologijos, gerai pa\u017e\u012fstama 1 litro (33,8 uncijos) versija, blizganti iki 100 valand\u0173. &nbsp; Funkcijos: Po kiekvieno pilno \u012fkrovimo veikia iki 100 valand\u0173 Automati\u0161kai \u012fsijungia nakt\u012f ir i\u0161sijungia kit\u0105 ryt\u0105 Nauji SONNENGLAS\u00ae \u0161viesos diodai su \u0161velnia, \u0161ilta ir nemirgan\u010dia \u0161viesa (3000K). 10 valand\u0173 baterijos veikimo laikas vos po 10 minu\u010di\u0173 \u012fkrovimo per USB-C Praktinis akumuliatoriaus \u012fkrovos indikatorius \u012ebr\u0117\u017eimams atspari auk\u0161tos kokyb\u0117s danga Atsparus atmosferos poveikiui, ner\u016bdijantis, apsaugotas nuo lietaus Integruotas USB prievadas su dulki\u0173 ki\u0161tuku &nbsp;\" \/>\n<meta property=\"og:url\" content=\"https:\/\/www.sonneshop.ee\/lt\/produktas\/klasikiniai-akiniai-nuo-saules\/\" \/>\n<meta property=\"og:site_name\" content=\"Sonne\" \/>\n<meta property=\"article:publisher\" content=\"https:\/\/www.facebook.com\/sonneshop\/\" \/>\n<meta property=\"og:image\" content=\"https:\/\/www.sonneshop.ee\/wp-content\/uploads\/2023\/11\/Sonneglas_classic-1.jpg\" \/>\n\t<meta property=\"og:image:width\" content=\"800\" \/>\n\t<meta property=\"og:image:height\" content=\"800\" \/>\n\t<meta property=\"og:image:type\" content=\"image\/jpeg\" \/>\n<meta name=\"twitter:card\" content=\"summary_large_image\" \/>\n<meta name=\"twitter:label1\" content=\"Est. reading time\" \/>\n\t<meta name=\"twitter:data1\" content=\"1 minut\u0117\" \/>\n<script type=\"application\/ld+json\" class=\"yoast-schema-graph\">{\"@context\":\"https:\\\/\\\/schema.org\",\"@graph\":[{\"@type\":\"WebPage\",\"@id\":\"https:\\\/\\\/www.sonneshop.ee\\\/lt\\\/produktas\\\/klasikiniai-akiniai-nuo-saules\\\/\",\"url\":\"https:\\\/\\\/www.sonneshop.ee\\\/lt\\\/produktas\\\/klasikiniai-akiniai-nuo-saules\\\/\",\"name\":\"Klasikiniai akiniai nuo saul\u0117s - Sonne\",\"isPartOf\":{\"@id\":\"https:\\\/\\\/www.sonneshop.ee\\\/lt\\\/#website\"},\"primaryImageOfPage\":{\"@id\":\"https:\\\/\\\/www.sonneshop.ee\\\/lt\\\/produktas\\\/klasikiniai-akiniai-nuo-saules\\\/#primaryimage\"},\"image\":{\"@id\":\"https:\\\/\\\/www.sonneshop.ee\\\/lt\\\/produktas\\\/klasikiniai-akiniai-nuo-saules\\\/#primaryimage\"},\"thumbnailUrl\":\"https:\\\/\\\/www.sonneshop.ee\\\/wp-content\\\/uploads\\\/2023\\\/11\\\/Sonneglas_classic-1.jpg\",\"datePublished\":\"2023-11-14T14:10:45+00:00\",\"breadcrumb\":{\"@id\":\"https:\\\/\\\/www.sonneshop.ee\\\/lt\\\/produktas\\\/klasikiniai-akiniai-nuo-saules\\\/#breadcrumb\"},\"inLanguage\":\"lt-LT\",\"potentialAction\":[{\"@type\":\"ReadAction\",\"target\":[\"https:\\\/\\\/www.sonneshop.ee\\\/lt\\\/produktas\\\/klasikiniai-akiniai-nuo-saules\\\/\"]}]},{\"@type\":\"ImageObject\",\"inLanguage\":\"lt-LT\",\"@id\":\"https:\\\/\\\/www.sonneshop.ee\\\/lt\\\/produktas\\\/klasikiniai-akiniai-nuo-saules\\\/#primaryimage\",\"url\":\"https:\\\/\\\/www.sonneshop.ee\\\/wp-content\\\/uploads\\\/2023\\\/11\\\/Sonneglas_classic-1.jpg\",\"contentUrl\":\"https:\\\/\\\/www.sonneshop.ee\\\/wp-content\\\/uploads\\\/2023\\\/11\\\/Sonneglas_classic-1.jpg\",\"width\":800,\"height\":800},{\"@type\":\"BreadcrumbList\",\"@id\":\"https:\\\/\\\/www.sonneshop.ee\\\/lt\\\/produktas\\\/klasikiniai-akiniai-nuo-saules\\\/#breadcrumb\",\"itemListElement\":[{\"@type\":\"ListItem\",\"position\":1,\"name\":\"Home\",\"item\":\"https:\\\/\\\/www.sonneshop.ee\\\/lt\\\/kava-namai-menas\\\/\"},{\"@type\":\"ListItem\",\"position\":2,\"name\":\"Pood\",\"item\":\"https:\\\/\\\/www.sonneshop.ee\\\/pood\\\/\"},{\"@type\":\"ListItem\",\"position\":3,\"name\":\"Klasikiniai akiniai nuo saul\u0117s\"}]},{\"@type\":\"WebSite\",\"@id\":\"https:\\\/\\\/www.sonneshop.ee\\\/lt\\\/#website\",\"url\":\"https:\\\/\\\/www.sonneshop.ee\\\/lt\\\/\",\"name\":\"Sonne\",\"description\":\"Kohv.Kodu.Kunst\",\"publisher\":{\"@id\":\"https:\\\/\\\/www.sonneshop.ee\\\/lt\\\/#organization\"},\"potentialAction\":[{\"@type\":\"SearchAction\",\"target\":{\"@type\":\"EntryPoint\",\"urlTemplate\":\"https:\\\/\\\/www.sonneshop.ee\\\/lt\\\/?s={search_term_string}\"},\"query-input\":{\"@type\":\"PropertyValueSpecification\",\"valueRequired\":true,\"valueName\":\"search_term_string\"}}],\"inLanguage\":\"lt-LT\"},{\"@type\":\"Organization\",\"@id\":\"https:\\\/\\\/www.sonneshop.ee\\\/lt\\\/#organization\",\"name\":\"Sonne kohv.kodu.kunst\",\"url\":\"https:\\\/\\\/www.sonneshop.ee\\\/lt\\\/\",\"logo\":{\"@type\":\"ImageObject\",\"inLanguage\":\"lt-LT\",\"@id\":\"https:\\\/\\\/www.sonneshop.ee\\\/lt\\\/#\\\/schema\\\/logo\\\/image\\\/\",\"url\":\"https:\\\/\\\/www.sonneshop.ee\\\/wp-content\\\/uploads\\\/2023\\\/07\\\/Sonne_valge.png\",\"contentUrl\":\"https:\\\/\\\/www.sonneshop.ee\\\/wp-content\\\/uploads\\\/2023\\\/07\\\/Sonne_valge.png\",\"width\":600,\"height\":600,\"caption\":\"Sonne kohv.kodu.kunst\"},\"image\":{\"@id\":\"https:\\\/\\\/www.sonneshop.ee\\\/lt\\\/#\\\/schema\\\/logo\\\/image\\\/\"},\"sameAs\":[\"https:\\\/\\\/www.facebook.com\\\/sonneshop\\\/\"]}]}<\/script>\n<!-- \/ Yoast SEO plugin. -->","yoast_head_json":{"title":"Klasikiniai akiniai nuo saul\u0117s - Sonne","robots":{"index":"index","follow":"follow","max-snippet":"max-snippet:-1","max-image-preview":"max-image-preview:large","max-video-preview":"max-video-preview:-1"},"canonical":"https:\/\/www.sonneshop.ee\/lt\/produktas\/klasikiniai-akiniai-nuo-saules\/","og_locale":"lt_LT","og_type":"article","og_title":"Klasikiniai akiniai nuo saul\u0117s - Sonne","og_description":"&nbsp; Naujos kartos \u017ealiosios auk\u0161tosios technologijos, gerai pa\u017e\u012fstama 1 litro (33,8 uncijos) versija, blizganti iki 100 valand\u0173. &nbsp; Funkcijos: Po kiekvieno pilno \u012fkrovimo veikia iki 100 valand\u0173 Automati\u0161kai \u012fsijungia nakt\u012f ir i\u0161sijungia kit\u0105 ryt\u0105 Nauji SONNENGLAS\u00ae \u0161viesos diodai su \u0161velnia, \u0161ilta ir nemirgan\u010dia \u0161viesa (3000K). 10 valand\u0173 baterijos veikimo laikas vos po 10 minu\u010di\u0173 \u012fkrovimo per USB-C Praktinis akumuliatoriaus \u012fkrovos indikatorius \u012ebr\u0117\u017eimams atspari auk\u0161tos kokyb\u0117s danga Atsparus atmosferos poveikiui, ner\u016bdijantis, apsaugotas nuo lietaus Integruotas USB prievadas su dulki\u0173 ki\u0161tuku &nbsp;","og_url":"https:\/\/www.sonneshop.ee\/lt\/produktas\/klasikiniai-akiniai-nuo-saules\/","og_site_name":"Sonne","article_publisher":"https:\/\/www.facebook.com\/sonneshop\/","og_image":[{"width":800,"height":800,"url":"https:\/\/www.sonneshop.ee\/wp-content\/uploads\/2023\/11\/Sonneglas_classic-1.jpg","type":"image\/jpeg"}],"twitter_card":"summary_large_image","twitter_misc":{"Est. reading time":"1 minut\u0117"},"schema":{"@context":"https:\/\/schema.org","@graph":[{"@type":"WebPage","@id":"https:\/\/www.sonneshop.ee\/lt\/produktas\/klasikiniai-akiniai-nuo-saules\/","url":"https:\/\/www.sonneshop.ee\/lt\/produktas\/klasikiniai-akiniai-nuo-saules\/","name":"Klasikiniai akiniai nuo saul\u0117s - Sonne","isPartOf":{"@id":"https:\/\/www.sonneshop.ee\/lt\/#website"},"primaryImageOfPage":{"@id":"https:\/\/www.sonneshop.ee\/lt\/produktas\/klasikiniai-akiniai-nuo-saules\/#primaryimage"},"image":{"@id":"https:\/\/www.sonneshop.ee\/lt\/produktas\/klasikiniai-akiniai-nuo-saules\/#primaryimage"},"thumbnailUrl":"https:\/\/www.sonneshop.ee\/wp-content\/uploads\/2023\/11\/Sonneglas_classic-1.jpg","datePublished":"2023-11-14T14:10:45+00:00","breadcrumb":{"@id":"https:\/\/www.sonneshop.ee\/lt\/produktas\/klasikiniai-akiniai-nuo-saules\/#breadcrumb"},"inLanguage":"lt-LT","potentialAction":[{"@type":"ReadAction","target":["https:\/\/www.sonneshop.ee\/lt\/produktas\/klasikiniai-akiniai-nuo-saules\/"]}]},{"@type":"ImageObject","inLanguage":"lt-LT","@id":"https:\/\/www.sonneshop.ee\/lt\/produktas\/klasikiniai-akiniai-nuo-saules\/#primaryimage","url":"https:\/\/www.sonneshop.ee\/wp-content\/uploads\/2023\/11\/Sonneglas_classic-1.jpg","contentUrl":"https:\/\/www.sonneshop.ee\/wp-content\/uploads\/2023\/11\/Sonneglas_classic-1.jpg","width":800,"height":800},{"@type":"BreadcrumbList","@id":"https:\/\/www.sonneshop.ee\/lt\/produktas\/klasikiniai-akiniai-nuo-saules\/#breadcrumb","itemListElement":[{"@type":"ListItem","position":1,"name":"Home","item":"https:\/\/www.sonneshop.ee\/lt\/kava-namai-menas\/"},{"@type":"ListItem","position":2,"name":"Pood","item":"https:\/\/www.sonneshop.ee\/pood\/"},{"@type":"ListItem","position":3,"name":"Klasikiniai akiniai nuo saul\u0117s"}]},{"@type":"WebSite","@id":"https:\/\/www.sonneshop.ee\/lt\/#website","url":"https:\/\/www.sonneshop.ee\/lt\/","name":"Sonne","description":"Kohv.Kodu.Kunst","publisher":{"@id":"https:\/\/www.sonneshop.ee\/lt\/#organization"},"potentialAction":[{"@type":"SearchAction","target":{"@type":"EntryPoint","urlTemplate":"https:\/\/www.sonneshop.ee\/lt\/?s={search_term_string}"},"query-input":{"@type":"PropertyValueSpecification","valueRequired":true,"valueName":"search_term_string"}}],"inLanguage":"lt-LT"},{"@type":"Organization","@id":"https:\/\/www.sonneshop.ee\/lt\/#organization","name":"Sonne kohv.kodu.kunst","url":"https:\/\/www.sonneshop.ee\/lt\/","logo":{"@type":"ImageObject","inLanguage":"lt-LT","@id":"https:\/\/www.sonneshop.ee\/lt\/#\/schema\/logo\/image\/","url":"https:\/\/www.sonneshop.ee\/wp-content\/uploads\/2023\/07\/Sonne_valge.png","contentUrl":"https:\/\/www.sonneshop.ee\/wp-content\/uploads\/2023\/07\/Sonne_valge.png","width":600,"height":600,"caption":"Sonne kohv.kodu.kunst"},"image":{"@id":"https:\/\/www.sonneshop.ee\/lt\/#\/schema\/logo\/image\/"},"sameAs":["https:\/\/www.facebook.com\/sonneshop\/"]}]}},"_links":{"self":[{"href":"https:\/\/www.sonneshop.ee\/lt\/wp-json\/wp\/v2\/product\/7978","targetHints":{"allow":["GET"]}}],"collection":[{"href":"https:\/\/www.sonneshop.ee\/lt\/wp-json\/wp\/v2\/product"}],"about":[{"href":"https:\/\/www.sonneshop.ee\/lt\/wp-json\/wp\/v2\/types\/product"}],"replies":[{"embeddable":true,"href":"https:\/\/www.sonneshop.ee\/lt\/wp-json\/wp\/v2\/comments?post=7978"}],"wp:featuredmedia":[{"embeddable":true,"href":"https:\/\/www.sonneshop.ee\/lt\/wp-json\/wp\/v2\/media\/6799"}],"wp:attachment":[{"href":"https:\/\/www.sonneshop.ee\/lt\/wp-json\/wp\/v2\/media?parent=7978"}],"wp:term":[{"taxonomy":"product_brand","embeddable":true,"href":"https:\/\/www.sonneshop.ee\/lt\/wp-json\/wp\/v2\/product_brand?post=7978"},{"taxonomy":"product_cat","embeddable":true,"href":"https:\/\/www.sonneshop.ee\/lt\/wp-json\/wp\/v2\/product_cat?post=7978"},{"taxonomy":"product_tag","embeddable":true,"href":"https:\/\/www.sonneshop.ee\/lt\/wp-json\/wp\/v2\/product_tag?post=7978"}],"curies":[{"name":"wp","href":"https:\/\/api.w.org\/{rel}","templated":true}]}}