{"id":7603,"date":"2024-01-08T10:51:28","date_gmt":"2024-01-08T08:51:28","guid":{"rendered":"https:\/\/www.sonneshop.ee\/product\/seebialus\/"},"modified":"2024-01-08T10:51:28","modified_gmt":"2024-01-08T08:51:28","slug":"seebialus","status":"publish","type":"product","link":"https:\/\/www.sonneshop.ee\/lt\/produktas\/seebialus\/","title":{"rendered":"Seebialus"},"content":{"rendered":"","protected":false},"excerpt":{"rendered":"<p>&nbsp;<\/p>\n<h5>Minimalistinio dizaino betonin\u0117 muilin\u0117, i\u0161 kurios, naudojant kiet\u0105j\u012f muil\u0105, i\u0161 pagrindo nuteka vandens perteklius.<\/h5>\n<p>&nbsp;<\/p>\n<p>Puikiai tinka tiek vonios kambariui, tiek virtuvei.<\/p>\n<p>Matmenys: 12 x 8,5 cm<br \/>\nMed\u017eiaga: betonas<br \/>\nApdorota vandeniui atspariais nat\u016braliais aliejais.<\/p>\n<p>Kiekvienas gaminys yra rank\u0173 darbo ir turi unikal\u0173 dizain\u0105.<\/p>\n<p>Sukurta ir pagaminta Estijoje.<\/p>\n<p>&nbsp;<\/p>\n","protected":false},"featured_media":6963,"comment_status":"open","ping_status":"closed","template":"","meta":[],"product_brand":[],"product_cat":[578],"product_tag":[579,600],"class_list":{"0":"post-7603","1":"product","2":"type-product","3":"status-publish","4":"has-post-thumbnail","6":"product_cat-oko-lt","7":"product_tag-oko-lt","8":"product_tag-seebialus-lt","10":"first","11":"instock","12":"taxable","13":"shipping-taxable","14":"purchasable","15":"product-type-simple"},"yoast_head":"<!-- This site is optimized with the Yoast SEO plugin v27.5 - https:\/\/yoast.com\/product\/yoast-seo-wordpress\/ -->\n<title>Seebialus - Sonne<\/title>\n<meta name=\"robots\" content=\"index, follow, max-snippet:-1, max-image-preview:large, max-video-preview:-1\" \/>\n<link rel=\"canonical\" href=\"https:\/\/www.sonneshop.ee\/lt\/produktas\/seebialus\/\" \/>\n<meta property=\"og:locale\" content=\"lt_LT\" \/>\n<meta property=\"og:type\" content=\"article\" \/>\n<meta property=\"og:title\" content=\"Seebialus - Sonne\" \/>\n<meta property=\"og:description\" content=\"&nbsp; Minimalistinio dizaino betonin\u0117 muilin\u0117, i\u0161 kurios, naudojant kiet\u0105j\u012f muil\u0105, i\u0161 pagrindo nuteka vandens perteklius. &nbsp; Puikiai tinka tiek vonios kambariui, tiek virtuvei. Matmenys: 12 x 8,5 cm Med\u017eiaga: betonas Apdorota vandeniui atspariais nat\u016braliais aliejais. Kiekvienas gaminys yra rank\u0173 darbo ir turi unikal\u0173 dizain\u0105. Sukurta ir pagaminta Estijoje. &nbsp;\" \/>\n<meta property=\"og:url\" content=\"https:\/\/www.sonneshop.ee\/lt\/produktas\/seebialus\/\" \/>\n<meta property=\"og:site_name\" content=\"Sonne\" \/>\n<meta property=\"article:publisher\" content=\"https:\/\/www.facebook.com\/sonneshop\/\" \/>\n<meta property=\"og:image\" content=\"https:\/\/www.sonneshop.ee\/wp-content\/uploads\/2024\/01\/okoseebialushall.jpg\" \/>\n\t<meta property=\"og:image:width\" content=\"300\" \/>\n\t<meta property=\"og:image:height\" content=\"300\" \/>\n\t<meta property=\"og:image:type\" content=\"image\/jpeg\" \/>\n<meta name=\"twitter:card\" content=\"summary_large_image\" \/>\n<script type=\"application\/ld+json\" class=\"yoast-schema-graph\">{\"@context\":\"https:\\\/\\\/schema.org\",\"@graph\":[{\"@type\":\"WebPage\",\"@id\":\"https:\\\/\\\/www.sonneshop.ee\\\/lt\\\/produktas\\\/seebialus\\\/\",\"url\":\"https:\\\/\\\/www.sonneshop.ee\\\/lt\\\/produktas\\\/seebialus\\\/\",\"name\":\"Seebialus - Sonne\",\"isPartOf\":{\"@id\":\"https:\\\/\\\/www.sonneshop.ee\\\/lt\\\/#website\"},\"primaryImageOfPage\":{\"@id\":\"https:\\\/\\\/www.sonneshop.ee\\\/lt\\\/produktas\\\/seebialus\\\/#primaryimage\"},\"image\":{\"@id\":\"https:\\\/\\\/www.sonneshop.ee\\\/lt\\\/produktas\\\/seebialus\\\/#primaryimage\"},\"thumbnailUrl\":\"https:\\\/\\\/www.sonneshop.ee\\\/wp-content\\\/uploads\\\/2024\\\/01\\\/okoseebialushall.jpg\",\"datePublished\":\"2024-01-08T08:51:28+00:00\",\"breadcrumb\":{\"@id\":\"https:\\\/\\\/www.sonneshop.ee\\\/lt\\\/produktas\\\/seebialus\\\/#breadcrumb\"},\"inLanguage\":\"lt-LT\",\"potentialAction\":[{\"@type\":\"ReadAction\",\"target\":[\"https:\\\/\\\/www.sonneshop.ee\\\/lt\\\/produktas\\\/seebialus\\\/\"]}]},{\"@type\":\"ImageObject\",\"inLanguage\":\"lt-LT\",\"@id\":\"https:\\\/\\\/www.sonneshop.ee\\\/lt\\\/produktas\\\/seebialus\\\/#primaryimage\",\"url\":\"https:\\\/\\\/www.sonneshop.ee\\\/wp-content\\\/uploads\\\/2024\\\/01\\\/okoseebialushall.jpg\",\"contentUrl\":\"https:\\\/\\\/www.sonneshop.ee\\\/wp-content\\\/uploads\\\/2024\\\/01\\\/okoseebialushall.jpg\",\"width\":300,\"height\":300},{\"@type\":\"BreadcrumbList\",\"@id\":\"https:\\\/\\\/www.sonneshop.ee\\\/lt\\\/produktas\\\/seebialus\\\/#breadcrumb\",\"itemListElement\":[{\"@type\":\"ListItem\",\"position\":1,\"name\":\"Home\",\"item\":\"https:\\\/\\\/www.sonneshop.ee\\\/lt\\\/kava-namai-menas\\\/\"},{\"@type\":\"ListItem\",\"position\":2,\"name\":\"Pood\",\"item\":\"https:\\\/\\\/www.sonneshop.ee\\\/pood\\\/\"},{\"@type\":\"ListItem\",\"position\":3,\"name\":\"Seebialus\"}]},{\"@type\":\"WebSite\",\"@id\":\"https:\\\/\\\/www.sonneshop.ee\\\/lt\\\/#website\",\"url\":\"https:\\\/\\\/www.sonneshop.ee\\\/lt\\\/\",\"name\":\"Sonne\",\"description\":\"Kohv.Kodu.Kunst\",\"publisher\":{\"@id\":\"https:\\\/\\\/www.sonneshop.ee\\\/lt\\\/#organization\"},\"potentialAction\":[{\"@type\":\"SearchAction\",\"target\":{\"@type\":\"EntryPoint\",\"urlTemplate\":\"https:\\\/\\\/www.sonneshop.ee\\\/lt\\\/?s={search_term_string}\"},\"query-input\":{\"@type\":\"PropertyValueSpecification\",\"valueRequired\":true,\"valueName\":\"search_term_string\"}}],\"inLanguage\":\"lt-LT\"},{\"@type\":\"Organization\",\"@id\":\"https:\\\/\\\/www.sonneshop.ee\\\/lt\\\/#organization\",\"name\":\"Sonne kohv.kodu.kunst\",\"url\":\"https:\\\/\\\/www.sonneshop.ee\\\/lt\\\/\",\"logo\":{\"@type\":\"ImageObject\",\"inLanguage\":\"lt-LT\",\"@id\":\"https:\\\/\\\/www.sonneshop.ee\\\/lt\\\/#\\\/schema\\\/logo\\\/image\\\/\",\"url\":\"https:\\\/\\\/www.sonneshop.ee\\\/wp-content\\\/uploads\\\/2023\\\/07\\\/Sonne_valge.png\",\"contentUrl\":\"https:\\\/\\\/www.sonneshop.ee\\\/wp-content\\\/uploads\\\/2023\\\/07\\\/Sonne_valge.png\",\"width\":600,\"height\":600,\"caption\":\"Sonne kohv.kodu.kunst\"},\"image\":{\"@id\":\"https:\\\/\\\/www.sonneshop.ee\\\/lt\\\/#\\\/schema\\\/logo\\\/image\\\/\"},\"sameAs\":[\"https:\\\/\\\/www.facebook.com\\\/sonneshop\\\/\"]}]}<\/script>\n<!-- \/ Yoast SEO plugin. -->","yoast_head_json":{"title":"Seebialus - Sonne","robots":{"index":"index","follow":"follow","max-snippet":"max-snippet:-1","max-image-preview":"max-image-preview:large","max-video-preview":"max-video-preview:-1"},"canonical":"https:\/\/www.sonneshop.ee\/lt\/produktas\/seebialus\/","og_locale":"lt_LT","og_type":"article","og_title":"Seebialus - Sonne","og_description":"&nbsp; Minimalistinio dizaino betonin\u0117 muilin\u0117, i\u0161 kurios, naudojant kiet\u0105j\u012f muil\u0105, i\u0161 pagrindo nuteka vandens perteklius. &nbsp; Puikiai tinka tiek vonios kambariui, tiek virtuvei. Matmenys: 12 x 8,5 cm Med\u017eiaga: betonas Apdorota vandeniui atspariais nat\u016braliais aliejais. Kiekvienas gaminys yra rank\u0173 darbo ir turi unikal\u0173 dizain\u0105. Sukurta ir pagaminta Estijoje. &nbsp;","og_url":"https:\/\/www.sonneshop.ee\/lt\/produktas\/seebialus\/","og_site_name":"Sonne","article_publisher":"https:\/\/www.facebook.com\/sonneshop\/","og_image":[{"width":300,"height":300,"url":"https:\/\/www.sonneshop.ee\/wp-content\/uploads\/2024\/01\/okoseebialushall.jpg","type":"image\/jpeg"}],"twitter_card":"summary_large_image","schema":{"@context":"https:\/\/schema.org","@graph":[{"@type":"WebPage","@id":"https:\/\/www.sonneshop.ee\/lt\/produktas\/seebialus\/","url":"https:\/\/www.sonneshop.ee\/lt\/produktas\/seebialus\/","name":"Seebialus - Sonne","isPartOf":{"@id":"https:\/\/www.sonneshop.ee\/lt\/#website"},"primaryImageOfPage":{"@id":"https:\/\/www.sonneshop.ee\/lt\/produktas\/seebialus\/#primaryimage"},"image":{"@id":"https:\/\/www.sonneshop.ee\/lt\/produktas\/seebialus\/#primaryimage"},"thumbnailUrl":"https:\/\/www.sonneshop.ee\/wp-content\/uploads\/2024\/01\/okoseebialushall.jpg","datePublished":"2024-01-08T08:51:28+00:00","breadcrumb":{"@id":"https:\/\/www.sonneshop.ee\/lt\/produktas\/seebialus\/#breadcrumb"},"inLanguage":"lt-LT","potentialAction":[{"@type":"ReadAction","target":["https:\/\/www.sonneshop.ee\/lt\/produktas\/seebialus\/"]}]},{"@type":"ImageObject","inLanguage":"lt-LT","@id":"https:\/\/www.sonneshop.ee\/lt\/produktas\/seebialus\/#primaryimage","url":"https:\/\/www.sonneshop.ee\/wp-content\/uploads\/2024\/01\/okoseebialushall.jpg","contentUrl":"https:\/\/www.sonneshop.ee\/wp-content\/uploads\/2024\/01\/okoseebialushall.jpg","width":300,"height":300},{"@type":"BreadcrumbList","@id":"https:\/\/www.sonneshop.ee\/lt\/produktas\/seebialus\/#breadcrumb","itemListElement":[{"@type":"ListItem","position":1,"name":"Home","item":"https:\/\/www.sonneshop.ee\/lt\/kava-namai-menas\/"},{"@type":"ListItem","position":2,"name":"Pood","item":"https:\/\/www.sonneshop.ee\/pood\/"},{"@type":"ListItem","position":3,"name":"Seebialus"}]},{"@type":"WebSite","@id":"https:\/\/www.sonneshop.ee\/lt\/#website","url":"https:\/\/www.sonneshop.ee\/lt\/","name":"Sonne","description":"Kohv.Kodu.Kunst","publisher":{"@id":"https:\/\/www.sonneshop.ee\/lt\/#organization"},"potentialAction":[{"@type":"SearchAction","target":{"@type":"EntryPoint","urlTemplate":"https:\/\/www.sonneshop.ee\/lt\/?s={search_term_string}"},"query-input":{"@type":"PropertyValueSpecification","valueRequired":true,"valueName":"search_term_string"}}],"inLanguage":"lt-LT"},{"@type":"Organization","@id":"https:\/\/www.sonneshop.ee\/lt\/#organization","name":"Sonne kohv.kodu.kunst","url":"https:\/\/www.sonneshop.ee\/lt\/","logo":{"@type":"ImageObject","inLanguage":"lt-LT","@id":"https:\/\/www.sonneshop.ee\/lt\/#\/schema\/logo\/image\/","url":"https:\/\/www.sonneshop.ee\/wp-content\/uploads\/2023\/07\/Sonne_valge.png","contentUrl":"https:\/\/www.sonneshop.ee\/wp-content\/uploads\/2023\/07\/Sonne_valge.png","width":600,"height":600,"caption":"Sonne kohv.kodu.kunst"},"image":{"@id":"https:\/\/www.sonneshop.ee\/lt\/#\/schema\/logo\/image\/"},"sameAs":["https:\/\/www.facebook.com\/sonneshop\/"]}]}},"_links":{"self":[{"href":"https:\/\/www.sonneshop.ee\/lt\/wp-json\/wp\/v2\/product\/7603","targetHints":{"allow":["GET"]}}],"collection":[{"href":"https:\/\/www.sonneshop.ee\/lt\/wp-json\/wp\/v2\/product"}],"about":[{"href":"https:\/\/www.sonneshop.ee\/lt\/wp-json\/wp\/v2\/types\/product"}],"replies":[{"embeddable":true,"href":"https:\/\/www.sonneshop.ee\/lt\/wp-json\/wp\/v2\/comments?post=7603"}],"wp:featuredmedia":[{"embeddable":true,"href":"https:\/\/www.sonneshop.ee\/lt\/wp-json\/wp\/v2\/media\/6963"}],"wp:attachment":[{"href":"https:\/\/www.sonneshop.ee\/lt\/wp-json\/wp\/v2\/media?parent=7603"}],"wp:term":[{"taxonomy":"product_brand","embeddable":true,"href":"https:\/\/www.sonneshop.ee\/lt\/wp-json\/wp\/v2\/product_brand?post=7603"},{"taxonomy":"product_cat","embeddable":true,"href":"https:\/\/www.sonneshop.ee\/lt\/wp-json\/wp\/v2\/product_cat?post=7603"},{"taxonomy":"product_tag","embeddable":true,"href":"https:\/\/www.sonneshop.ee\/lt\/wp-json\/wp\/v2\/product_tag?post=7603"}],"curies":[{"name":"wp","href":"https:\/\/api.w.org\/{rel}","templated":true}]}}