{"id":7461,"date":"2023-11-13T17:45:30","date_gmt":"2023-11-13T15:45:30","guid":{"rendered":"https:\/\/www.sonneshop.ee\/product\/kvadrato-formos-avikailis-su-nagais\/"},"modified":"2023-11-13T17:45:30","modified_gmt":"2023-11-13T15:45:30","slug":"kvadrato-formos-avikailis-su-nagais","status":"publish","type":"product","link":"https:\/\/www.sonneshop.ee\/lt\/produktas\/kvadrato-formos-avikailis-su-nagais\/","title":{"rendered":"Kvadrato formos avikailis su nagais"},"content":{"rendered":"<p>&nbsp;<\/p>\n<p><span style=\"font-weight: 400;\">Matmenys:<\/span><\/p>\n<p><span style=\"font-weight: 400;\">XS dydis: \u00d820 x H20cm<\/span><\/p>\n<p><span style=\"font-weight: 400;\">Med\u017eiagos: palmi\u0173 lapai ir sepis<\/span><\/p>\n<p><span style=\"font-weight: 400;\">\u0160is gaminys yra \u0161viestuvo gaubtas, o ne pakabinamas \u0161viestuvas. Tvirtinimo sistema neleid\u017eia gerai i\u0161laikyti pusiausvyros kabant.<\/span><\/p>\n<p><span style=\"font-weight: 400;\">Maroke pagamint\u0173 rank\u0173 darbo gamini\u0173 dydis ir spalva gali \u0161iek tiek skirtis. Kiekvienas k\u016brinys yra unikalus.<\/span><\/p>\n<p><span style=\"font-weight: 400;\">N\u0117ra elektros energijos sistemos. Reikia naudoti LED lemput\u0119 (\u012f komplekt\u0105 ne\u012feina).<\/span><\/p>\n<p>&nbsp;<\/p>\n","protected":false},"excerpt":{"rendered":"<p>&nbsp;<\/p>\n<h5><strong>Kutais margintas \u0117riuko vilnos atspalvis yra madingas, traukiantis ak\u012f ir puikiai papuo\u0161iantis bet kur\u012f kambar\u012f.  <\/strong><\/h5>\n<p><span style=\"font-weight: 400;\">Apvalus \u0161viestuvo gaubtas su palm\u0117s lapu tvirtinamas ant grind\u0173 lempos pagrindo arba naktinio staliuko su E27 lizdu.<\/span><\/p>\n<p>&nbsp;<\/p>\n","protected":false},"featured_media":6779,"comment_status":"open","ping_status":"closed","template":"","meta":[],"product_brand":[],"product_cat":[442],"product_tag":[443,445,444],"class_list":{"0":"post-7461","1":"product","2":"type-product","3":"status-publish","4":"has-post-thumbnail","6":"product_cat-bohome-living-lt","7":"product_tag-bohome-living-lt","8":"product_tag-laelamp-lt","9":"product_tag-pakabinamas-sviestuvas","11":"first","12":"instock","13":"taxable","14":"shipping-taxable","15":"purchasable","16":"product-type-simple"},"yoast_head":"<!-- This site is optimized with the Yoast SEO plugin v27.4 - https:\/\/yoast.com\/product\/yoast-seo-wordpress\/ -->\n<title>Kvadrato formos avikailis su nagais - Sonne<\/title>\n<meta name=\"robots\" content=\"index, follow, max-snippet:-1, max-image-preview:large, max-video-preview:-1\" \/>\n<link rel=\"canonical\" href=\"https:\/\/www.sonneshop.ee\/lt\/produktas\/kvadrato-formos-avikailis-su-nagais\/\" \/>\n<meta property=\"og:locale\" content=\"lt_LT\" \/>\n<meta property=\"og:type\" content=\"article\" \/>\n<meta property=\"og:title\" content=\"Kvadrato formos avikailis su nagais - Sonne\" \/>\n<meta property=\"og:description\" content=\"&nbsp; Kutais margintas \u0117riuko vilnos atspalvis yra madingas, traukiantis ak\u012f ir puikiai papuo\u0161iantis bet kur\u012f kambar\u012f.  Apvalus \u0161viestuvo gaubtas su palm\u0117s lapu tvirtinamas ant grind\u0173 lempos pagrindo arba naktinio staliuko su E27 lizdu. &nbsp;\" \/>\n<meta property=\"og:url\" content=\"https:\/\/www.sonneshop.ee\/lt\/produktas\/kvadrato-formos-avikailis-su-nagais\/\" \/>\n<meta property=\"og:site_name\" content=\"Sonne\" \/>\n<meta property=\"article:publisher\" content=\"https:\/\/www.facebook.com\/sonneshop\/\" \/>\n<meta property=\"og:image\" content=\"https:\/\/www.sonneshop.ee\/wp-content\/uploads\/2023\/11\/Abat-jour-en-paille-a-franges-carre_Bohome_Living.jpg\" \/>\n\t<meta property=\"og:image:width\" content=\"720\" \/>\n\t<meta property=\"og:image:height\" content=\"720\" \/>\n\t<meta property=\"og:image:type\" content=\"image\/jpeg\" \/>\n<meta name=\"twitter:card\" content=\"summary_large_image\" \/>\n<script type=\"application\/ld+json\" class=\"yoast-schema-graph\">{\"@context\":\"https:\\\/\\\/schema.org\",\"@graph\":[{\"@type\":\"WebPage\",\"@id\":\"https:\\\/\\\/www.sonneshop.ee\\\/lt\\\/produktas\\\/kvadrato-formos-avikailis-su-nagais\\\/\",\"url\":\"https:\\\/\\\/www.sonneshop.ee\\\/lt\\\/produktas\\\/kvadrato-formos-avikailis-su-nagais\\\/\",\"name\":\"Kvadrato formos avikailis su nagais - Sonne\",\"isPartOf\":{\"@id\":\"https:\\\/\\\/www.sonneshop.ee\\\/lt\\\/#website\"},\"primaryImageOfPage\":{\"@id\":\"https:\\\/\\\/www.sonneshop.ee\\\/lt\\\/produktas\\\/kvadrato-formos-avikailis-su-nagais\\\/#primaryimage\"},\"image\":{\"@id\":\"https:\\\/\\\/www.sonneshop.ee\\\/lt\\\/produktas\\\/kvadrato-formos-avikailis-su-nagais\\\/#primaryimage\"},\"thumbnailUrl\":\"https:\\\/\\\/www.sonneshop.ee\\\/wp-content\\\/uploads\\\/2023\\\/11\\\/Abat-jour-en-paille-a-franges-carre_Bohome_Living.jpg\",\"datePublished\":\"2023-11-13T15:45:30+00:00\",\"breadcrumb\":{\"@id\":\"https:\\\/\\\/www.sonneshop.ee\\\/lt\\\/produktas\\\/kvadrato-formos-avikailis-su-nagais\\\/#breadcrumb\"},\"inLanguage\":\"lt-LT\",\"potentialAction\":[{\"@type\":\"ReadAction\",\"target\":[\"https:\\\/\\\/www.sonneshop.ee\\\/lt\\\/produktas\\\/kvadrato-formos-avikailis-su-nagais\\\/\"]}]},{\"@type\":\"ImageObject\",\"inLanguage\":\"lt-LT\",\"@id\":\"https:\\\/\\\/www.sonneshop.ee\\\/lt\\\/produktas\\\/kvadrato-formos-avikailis-su-nagais\\\/#primaryimage\",\"url\":\"https:\\\/\\\/www.sonneshop.ee\\\/wp-content\\\/uploads\\\/2023\\\/11\\\/Abat-jour-en-paille-a-franges-carre_Bohome_Living.jpg\",\"contentUrl\":\"https:\\\/\\\/www.sonneshop.ee\\\/wp-content\\\/uploads\\\/2023\\\/11\\\/Abat-jour-en-paille-a-franges-carre_Bohome_Living.jpg\",\"width\":720,\"height\":720},{\"@type\":\"BreadcrumbList\",\"@id\":\"https:\\\/\\\/www.sonneshop.ee\\\/lt\\\/produktas\\\/kvadrato-formos-avikailis-su-nagais\\\/#breadcrumb\",\"itemListElement\":[{\"@type\":\"ListItem\",\"position\":1,\"name\":\"Home\",\"item\":\"https:\\\/\\\/www.sonneshop.ee\\\/lt\\\/kava-namai-menas\\\/\"},{\"@type\":\"ListItem\",\"position\":2,\"name\":\"Pood\",\"item\":\"https:\\\/\\\/www.sonneshop.ee\\\/pood\\\/\"},{\"@type\":\"ListItem\",\"position\":3,\"name\":\"Kvadrato formos avikailis su nagais\"}]},{\"@type\":\"WebSite\",\"@id\":\"https:\\\/\\\/www.sonneshop.ee\\\/lt\\\/#website\",\"url\":\"https:\\\/\\\/www.sonneshop.ee\\\/lt\\\/\",\"name\":\"Sonne\",\"description\":\"Kohv.Kodu.Kunst\",\"publisher\":{\"@id\":\"https:\\\/\\\/www.sonneshop.ee\\\/lt\\\/#organization\"},\"potentialAction\":[{\"@type\":\"SearchAction\",\"target\":{\"@type\":\"EntryPoint\",\"urlTemplate\":\"https:\\\/\\\/www.sonneshop.ee\\\/lt\\\/?s={search_term_string}\"},\"query-input\":{\"@type\":\"PropertyValueSpecification\",\"valueRequired\":true,\"valueName\":\"search_term_string\"}}],\"inLanguage\":\"lt-LT\"},{\"@type\":\"Organization\",\"@id\":\"https:\\\/\\\/www.sonneshop.ee\\\/lt\\\/#organization\",\"name\":\"Sonne kohv.kodu.kunst\",\"url\":\"https:\\\/\\\/www.sonneshop.ee\\\/lt\\\/\",\"logo\":{\"@type\":\"ImageObject\",\"inLanguage\":\"lt-LT\",\"@id\":\"https:\\\/\\\/www.sonneshop.ee\\\/lt\\\/#\\\/schema\\\/logo\\\/image\\\/\",\"url\":\"https:\\\/\\\/www.sonneshop.ee\\\/wp-content\\\/uploads\\\/2023\\\/07\\\/Sonne_valge.png\",\"contentUrl\":\"https:\\\/\\\/www.sonneshop.ee\\\/wp-content\\\/uploads\\\/2023\\\/07\\\/Sonne_valge.png\",\"width\":600,\"height\":600,\"caption\":\"Sonne kohv.kodu.kunst\"},\"image\":{\"@id\":\"https:\\\/\\\/www.sonneshop.ee\\\/lt\\\/#\\\/schema\\\/logo\\\/image\\\/\"},\"sameAs\":[\"https:\\\/\\\/www.facebook.com\\\/sonneshop\\\/\"]}]}<\/script>\n<!-- \/ Yoast SEO plugin. -->","yoast_head_json":{"title":"Kvadrato formos avikailis su nagais - Sonne","robots":{"index":"index","follow":"follow","max-snippet":"max-snippet:-1","max-image-preview":"max-image-preview:large","max-video-preview":"max-video-preview:-1"},"canonical":"https:\/\/www.sonneshop.ee\/lt\/produktas\/kvadrato-formos-avikailis-su-nagais\/","og_locale":"lt_LT","og_type":"article","og_title":"Kvadrato formos avikailis su nagais - Sonne","og_description":"&nbsp; Kutais margintas \u0117riuko vilnos atspalvis yra madingas, traukiantis ak\u012f ir puikiai papuo\u0161iantis bet kur\u012f kambar\u012f.  Apvalus \u0161viestuvo gaubtas su palm\u0117s lapu tvirtinamas ant grind\u0173 lempos pagrindo arba naktinio staliuko su E27 lizdu. &nbsp;","og_url":"https:\/\/www.sonneshop.ee\/lt\/produktas\/kvadrato-formos-avikailis-su-nagais\/","og_site_name":"Sonne","article_publisher":"https:\/\/www.facebook.com\/sonneshop\/","og_image":[{"width":720,"height":720,"url":"https:\/\/www.sonneshop.ee\/wp-content\/uploads\/2023\/11\/Abat-jour-en-paille-a-franges-carre_Bohome_Living.jpg","type":"image\/jpeg"}],"twitter_card":"summary_large_image","schema":{"@context":"https:\/\/schema.org","@graph":[{"@type":"WebPage","@id":"https:\/\/www.sonneshop.ee\/lt\/produktas\/kvadrato-formos-avikailis-su-nagais\/","url":"https:\/\/www.sonneshop.ee\/lt\/produktas\/kvadrato-formos-avikailis-su-nagais\/","name":"Kvadrato formos avikailis su nagais - Sonne","isPartOf":{"@id":"https:\/\/www.sonneshop.ee\/lt\/#website"},"primaryImageOfPage":{"@id":"https:\/\/www.sonneshop.ee\/lt\/produktas\/kvadrato-formos-avikailis-su-nagais\/#primaryimage"},"image":{"@id":"https:\/\/www.sonneshop.ee\/lt\/produktas\/kvadrato-formos-avikailis-su-nagais\/#primaryimage"},"thumbnailUrl":"https:\/\/www.sonneshop.ee\/wp-content\/uploads\/2023\/11\/Abat-jour-en-paille-a-franges-carre_Bohome_Living.jpg","datePublished":"2023-11-13T15:45:30+00:00","breadcrumb":{"@id":"https:\/\/www.sonneshop.ee\/lt\/produktas\/kvadrato-formos-avikailis-su-nagais\/#breadcrumb"},"inLanguage":"lt-LT","potentialAction":[{"@type":"ReadAction","target":["https:\/\/www.sonneshop.ee\/lt\/produktas\/kvadrato-formos-avikailis-su-nagais\/"]}]},{"@type":"ImageObject","inLanguage":"lt-LT","@id":"https:\/\/www.sonneshop.ee\/lt\/produktas\/kvadrato-formos-avikailis-su-nagais\/#primaryimage","url":"https:\/\/www.sonneshop.ee\/wp-content\/uploads\/2023\/11\/Abat-jour-en-paille-a-franges-carre_Bohome_Living.jpg","contentUrl":"https:\/\/www.sonneshop.ee\/wp-content\/uploads\/2023\/11\/Abat-jour-en-paille-a-franges-carre_Bohome_Living.jpg","width":720,"height":720},{"@type":"BreadcrumbList","@id":"https:\/\/www.sonneshop.ee\/lt\/produktas\/kvadrato-formos-avikailis-su-nagais\/#breadcrumb","itemListElement":[{"@type":"ListItem","position":1,"name":"Home","item":"https:\/\/www.sonneshop.ee\/lt\/kava-namai-menas\/"},{"@type":"ListItem","position":2,"name":"Pood","item":"https:\/\/www.sonneshop.ee\/pood\/"},{"@type":"ListItem","position":3,"name":"Kvadrato formos avikailis su nagais"}]},{"@type":"WebSite","@id":"https:\/\/www.sonneshop.ee\/lt\/#website","url":"https:\/\/www.sonneshop.ee\/lt\/","name":"Sonne","description":"Kohv.Kodu.Kunst","publisher":{"@id":"https:\/\/www.sonneshop.ee\/lt\/#organization"},"potentialAction":[{"@type":"SearchAction","target":{"@type":"EntryPoint","urlTemplate":"https:\/\/www.sonneshop.ee\/lt\/?s={search_term_string}"},"query-input":{"@type":"PropertyValueSpecification","valueRequired":true,"valueName":"search_term_string"}}],"inLanguage":"lt-LT"},{"@type":"Organization","@id":"https:\/\/www.sonneshop.ee\/lt\/#organization","name":"Sonne kohv.kodu.kunst","url":"https:\/\/www.sonneshop.ee\/lt\/","logo":{"@type":"ImageObject","inLanguage":"lt-LT","@id":"https:\/\/www.sonneshop.ee\/lt\/#\/schema\/logo\/image\/","url":"https:\/\/www.sonneshop.ee\/wp-content\/uploads\/2023\/07\/Sonne_valge.png","contentUrl":"https:\/\/www.sonneshop.ee\/wp-content\/uploads\/2023\/07\/Sonne_valge.png","width":600,"height":600,"caption":"Sonne kohv.kodu.kunst"},"image":{"@id":"https:\/\/www.sonneshop.ee\/lt\/#\/schema\/logo\/image\/"},"sameAs":["https:\/\/www.facebook.com\/sonneshop\/"]}]}},"_links":{"self":[{"href":"https:\/\/www.sonneshop.ee\/lt\/wp-json\/wp\/v2\/product\/7461","targetHints":{"allow":["GET"]}}],"collection":[{"href":"https:\/\/www.sonneshop.ee\/lt\/wp-json\/wp\/v2\/product"}],"about":[{"href":"https:\/\/www.sonneshop.ee\/lt\/wp-json\/wp\/v2\/types\/product"}],"replies":[{"embeddable":true,"href":"https:\/\/www.sonneshop.ee\/lt\/wp-json\/wp\/v2\/comments?post=7461"}],"wp:featuredmedia":[{"embeddable":true,"href":"https:\/\/www.sonneshop.ee\/lt\/wp-json\/wp\/v2\/media\/6779"}],"wp:attachment":[{"href":"https:\/\/www.sonneshop.ee\/lt\/wp-json\/wp\/v2\/media?parent=7461"}],"wp:term":[{"taxonomy":"product_brand","embeddable":true,"href":"https:\/\/www.sonneshop.ee\/lt\/wp-json\/wp\/v2\/product_brand?post=7461"},{"taxonomy":"product_cat","embeddable":true,"href":"https:\/\/www.sonneshop.ee\/lt\/wp-json\/wp\/v2\/product_cat?post=7461"},{"taxonomy":"product_tag","embeddable":true,"href":"https:\/\/www.sonneshop.ee\/lt\/wp-json\/wp\/v2\/product_tag?post=7461"}],"curies":[{"name":"wp","href":"https:\/\/api.w.org\/{rel}","templated":true}]}}