{"id":7453,"date":"2023-11-13T15:31:01","date_gmt":"2023-11-13T13:31:01","guid":{"rendered":"https:\/\/www.sonneshop.ee\/product\/triju-pakopu-rafijos-pakabinamas-sviestuvas-2\/"},"modified":"2025-04-28T15:08:53","modified_gmt":"2025-04-28T12:08:53","slug":"triju-pakopu-rafijos-pakabinamas-sviestuvas-2","status":"publish","type":"product","link":"https:\/\/www.sonneshop.ee\/lt\/produktas\/triju-pakopu-rafijos-pakabinamas-sviestuvas-2\/","title":{"rendered":"Trij\u0173 pakop\u0173 rafijos pakabinamas \u0161viestuvas"},"content":{"rendered":"<p>&nbsp;<\/p>\n<p><span style=\"font-weight: 400;\">Matmenys:<\/span><\/p>\n<p><span style=\"font-weight: 400;\">&#8211; S dydis: \u00d835 x H20cm<\/span><\/p>\n<p><span style=\"font-weight: 400;\">&#8211; M dydis: \u00d840 x H18cm<\/span><\/p>\n<p><span style=\"font-weight: 400;\">Med\u017eiagos: Rafija ir sepis<\/span><\/p>\n<p><span style=\"font-weight: 400;\">Maroke pagamint\u0173 rank\u0173 darbo gamini\u0173 dydis ir spalva gali \u0161iek tiek skirtis. Kiekvienas k\u016brinys yra unikalus.<\/span><\/p>\n<p><span style=\"font-weight: 400;\">N\u0117ra elektros energijos sistemos. Reikia naudoti LED lemput\u0119 (\u012f komplekt\u0105 ne\u012feina).<\/span><\/p>\n<p><span style=\"font-weight: 400;\">Gamin\u012f galima statyti lauke, ta\u010diau saugoti nuo lietaus ir dr\u0117gm\u0117s.<\/span><\/p>\n<p>&nbsp;<\/p>\n","protected":false},"excerpt":{"rendered":"<p>&nbsp;<\/p>\n<h5><strong>Trij\u0173 pakop\u0173 rafijos pakabukas, pagamintas i\u0161 autenti\u0161kos med\u017eiagos, puikiai tinka bohemi\u0161kai eleganti\u0161kam stiliui.<\/strong><\/h5>\n<p>&nbsp;<\/p>\n<p><span style=\"font-weight: 400;\">Pakabinamas \u0161viestuvas pagamintas i\u0161 nat\u016bralaus pluo\u0161to, o r\u0117mas &#8211; i\u0161 metalo. Pintin\u0117 praleid\u017eia \u0161vies\u0105 ir suteikia kambariui \u0161ilumos bei jaukumo.<\/span><\/p>\n<p>&nbsp;<\/p>\n","protected":false},"featured_media":6735,"comment_status":"open","ping_status":"closed","template":"","meta":[],"product_brand":[],"product_cat":[442],"product_tag":[443,445,444],"class_list":{"0":"post-7453","1":"product","2":"type-product","3":"status-publish","4":"has-post-thumbnail","6":"product_cat-bohome-living-lt","7":"product_tag-bohome-living-lt","8":"product_tag-laelamp-lt","9":"product_tag-pakabinamas-sviestuvas","11":"first","12":"instock","13":"taxable","14":"shipping-taxable","15":"purchasable","16":"product-type-simple"},"yoast_head":"<!-- This site is optimized with the Yoast SEO plugin v27.5 - https:\/\/yoast.com\/product\/yoast-seo-wordpress\/ -->\n<title>Trij\u0173 pakop\u0173 rafijos pakabinamas \u0161viestuvas - Sonne<\/title>\n<meta name=\"robots\" content=\"index, follow, max-snippet:-1, max-image-preview:large, max-video-preview:-1\" \/>\n<link rel=\"canonical\" href=\"https:\/\/www.sonneshop.ee\/lt\/produktas\/triju-pakopu-rafijos-pakabinamas-sviestuvas-2\/\" \/>\n<meta property=\"og:locale\" content=\"lt_LT\" \/>\n<meta property=\"og:type\" content=\"article\" \/>\n<meta property=\"og:title\" content=\"Trij\u0173 pakop\u0173 rafijos pakabinamas \u0161viestuvas - Sonne\" \/>\n<meta property=\"og:description\" content=\"&nbsp; Trij\u0173 pakop\u0173 rafijos pakabukas, pagamintas i\u0161 autenti\u0161kos med\u017eiagos, puikiai tinka bohemi\u0161kai eleganti\u0161kam stiliui. &nbsp; Pakabinamas \u0161viestuvas pagamintas i\u0161 nat\u016bralaus pluo\u0161to, o r\u0117mas - i\u0161 metalo. Pintin\u0117 praleid\u017eia \u0161vies\u0105 ir suteikia kambariui \u0161ilumos bei jaukumo. &nbsp;\" \/>\n<meta property=\"og:url\" content=\"https:\/\/www.sonneshop.ee\/lt\/produktas\/triju-pakopu-rafijos-pakabinamas-sviestuvas-2\/\" \/>\n<meta property=\"og:site_name\" content=\"Sonne\" \/>\n<meta property=\"article:publisher\" content=\"https:\/\/www.facebook.com\/sonneshop\/\" \/>\n<meta property=\"article:modified_time\" content=\"2025-04-28T12:08:53+00:00\" \/>\n<meta property=\"og:image\" content=\"https:\/\/www.sonneshop.ee\/wp-content\/uploads\/2023\/11\/Raphia-multiple-pettit_Bohomeliving.jpg\" \/>\n\t<meta property=\"og:image:width\" content=\"360\" \/>\n\t<meta property=\"og:image:height\" content=\"367\" \/>\n\t<meta property=\"og:image:type\" content=\"image\/jpeg\" \/>\n<meta name=\"twitter:card\" content=\"summary_large_image\" \/>\n<script type=\"application\/ld+json\" class=\"yoast-schema-graph\">{\"@context\":\"https:\\\/\\\/schema.org\",\"@graph\":[{\"@type\":\"WebPage\",\"@id\":\"https:\\\/\\\/www.sonneshop.ee\\\/lt\\\/produktas\\\/triju-pakopu-rafijos-pakabinamas-sviestuvas-2\\\/\",\"url\":\"https:\\\/\\\/www.sonneshop.ee\\\/lt\\\/produktas\\\/triju-pakopu-rafijos-pakabinamas-sviestuvas-2\\\/\",\"name\":\"Trij\u0173 pakop\u0173 rafijos pakabinamas \u0161viestuvas - Sonne\",\"isPartOf\":{\"@id\":\"https:\\\/\\\/www.sonneshop.ee\\\/lt\\\/#website\"},\"primaryImageOfPage\":{\"@id\":\"https:\\\/\\\/www.sonneshop.ee\\\/lt\\\/produktas\\\/triju-pakopu-rafijos-pakabinamas-sviestuvas-2\\\/#primaryimage\"},\"image\":{\"@id\":\"https:\\\/\\\/www.sonneshop.ee\\\/lt\\\/produktas\\\/triju-pakopu-rafijos-pakabinamas-sviestuvas-2\\\/#primaryimage\"},\"thumbnailUrl\":\"https:\\\/\\\/www.sonneshop.ee\\\/wp-content\\\/uploads\\\/2023\\\/11\\\/Raphia-multiple-pettit_Bohomeliving.jpg\",\"datePublished\":\"2023-11-13T13:31:01+00:00\",\"dateModified\":\"2025-04-28T12:08:53+00:00\",\"breadcrumb\":{\"@id\":\"https:\\\/\\\/www.sonneshop.ee\\\/lt\\\/produktas\\\/triju-pakopu-rafijos-pakabinamas-sviestuvas-2\\\/#breadcrumb\"},\"inLanguage\":\"lt-LT\",\"potentialAction\":[{\"@type\":\"ReadAction\",\"target\":[\"https:\\\/\\\/www.sonneshop.ee\\\/lt\\\/produktas\\\/triju-pakopu-rafijos-pakabinamas-sviestuvas-2\\\/\"]}]},{\"@type\":\"ImageObject\",\"inLanguage\":\"lt-LT\",\"@id\":\"https:\\\/\\\/www.sonneshop.ee\\\/lt\\\/produktas\\\/triju-pakopu-rafijos-pakabinamas-sviestuvas-2\\\/#primaryimage\",\"url\":\"https:\\\/\\\/www.sonneshop.ee\\\/wp-content\\\/uploads\\\/2023\\\/11\\\/Raphia-multiple-pettit_Bohomeliving.jpg\",\"contentUrl\":\"https:\\\/\\\/www.sonneshop.ee\\\/wp-content\\\/uploads\\\/2023\\\/11\\\/Raphia-multiple-pettit_Bohomeliving.jpg\",\"width\":360,\"height\":367},{\"@type\":\"BreadcrumbList\",\"@id\":\"https:\\\/\\\/www.sonneshop.ee\\\/lt\\\/produktas\\\/triju-pakopu-rafijos-pakabinamas-sviestuvas-2\\\/#breadcrumb\",\"itemListElement\":[{\"@type\":\"ListItem\",\"position\":1,\"name\":\"Home\",\"item\":\"https:\\\/\\\/www.sonneshop.ee\\\/lt\\\/kava-namai-menas\\\/\"},{\"@type\":\"ListItem\",\"position\":2,\"name\":\"Pood\",\"item\":\"https:\\\/\\\/www.sonneshop.ee\\\/pood\\\/\"},{\"@type\":\"ListItem\",\"position\":3,\"name\":\"Trij\u0173 pakop\u0173 rafijos pakabinamas \u0161viestuvas\"}]},{\"@type\":\"WebSite\",\"@id\":\"https:\\\/\\\/www.sonneshop.ee\\\/lt\\\/#website\",\"url\":\"https:\\\/\\\/www.sonneshop.ee\\\/lt\\\/\",\"name\":\"Sonne\",\"description\":\"Kohv.Kodu.Kunst\",\"publisher\":{\"@id\":\"https:\\\/\\\/www.sonneshop.ee\\\/lt\\\/#organization\"},\"potentialAction\":[{\"@type\":\"SearchAction\",\"target\":{\"@type\":\"EntryPoint\",\"urlTemplate\":\"https:\\\/\\\/www.sonneshop.ee\\\/lt\\\/?s={search_term_string}\"},\"query-input\":{\"@type\":\"PropertyValueSpecification\",\"valueRequired\":true,\"valueName\":\"search_term_string\"}}],\"inLanguage\":\"lt-LT\"},{\"@type\":\"Organization\",\"@id\":\"https:\\\/\\\/www.sonneshop.ee\\\/lt\\\/#organization\",\"name\":\"Sonne kohv.kodu.kunst\",\"url\":\"https:\\\/\\\/www.sonneshop.ee\\\/lt\\\/\",\"logo\":{\"@type\":\"ImageObject\",\"inLanguage\":\"lt-LT\",\"@id\":\"https:\\\/\\\/www.sonneshop.ee\\\/lt\\\/#\\\/schema\\\/logo\\\/image\\\/\",\"url\":\"https:\\\/\\\/www.sonneshop.ee\\\/wp-content\\\/uploads\\\/2023\\\/07\\\/Sonne_valge.png\",\"contentUrl\":\"https:\\\/\\\/www.sonneshop.ee\\\/wp-content\\\/uploads\\\/2023\\\/07\\\/Sonne_valge.png\",\"width\":600,\"height\":600,\"caption\":\"Sonne kohv.kodu.kunst\"},\"image\":{\"@id\":\"https:\\\/\\\/www.sonneshop.ee\\\/lt\\\/#\\\/schema\\\/logo\\\/image\\\/\"},\"sameAs\":[\"https:\\\/\\\/www.facebook.com\\\/sonneshop\\\/\"]}]}<\/script>\n<!-- \/ Yoast SEO plugin. -->","yoast_head_json":{"title":"Trij\u0173 pakop\u0173 rafijos pakabinamas \u0161viestuvas - Sonne","robots":{"index":"index","follow":"follow","max-snippet":"max-snippet:-1","max-image-preview":"max-image-preview:large","max-video-preview":"max-video-preview:-1"},"canonical":"https:\/\/www.sonneshop.ee\/lt\/produktas\/triju-pakopu-rafijos-pakabinamas-sviestuvas-2\/","og_locale":"lt_LT","og_type":"article","og_title":"Trij\u0173 pakop\u0173 rafijos pakabinamas \u0161viestuvas - Sonne","og_description":"&nbsp; Trij\u0173 pakop\u0173 rafijos pakabukas, pagamintas i\u0161 autenti\u0161kos med\u017eiagos, puikiai tinka bohemi\u0161kai eleganti\u0161kam stiliui. &nbsp; Pakabinamas \u0161viestuvas pagamintas i\u0161 nat\u016bralaus pluo\u0161to, o r\u0117mas - i\u0161 metalo. Pintin\u0117 praleid\u017eia \u0161vies\u0105 ir suteikia kambariui \u0161ilumos bei jaukumo. &nbsp;","og_url":"https:\/\/www.sonneshop.ee\/lt\/produktas\/triju-pakopu-rafijos-pakabinamas-sviestuvas-2\/","og_site_name":"Sonne","article_publisher":"https:\/\/www.facebook.com\/sonneshop\/","article_modified_time":"2025-04-28T12:08:53+00:00","og_image":[{"width":360,"height":367,"url":"https:\/\/www.sonneshop.ee\/wp-content\/uploads\/2023\/11\/Raphia-multiple-pettit_Bohomeliving.jpg","type":"image\/jpeg"}],"twitter_card":"summary_large_image","schema":{"@context":"https:\/\/schema.org","@graph":[{"@type":"WebPage","@id":"https:\/\/www.sonneshop.ee\/lt\/produktas\/triju-pakopu-rafijos-pakabinamas-sviestuvas-2\/","url":"https:\/\/www.sonneshop.ee\/lt\/produktas\/triju-pakopu-rafijos-pakabinamas-sviestuvas-2\/","name":"Trij\u0173 pakop\u0173 rafijos pakabinamas \u0161viestuvas - Sonne","isPartOf":{"@id":"https:\/\/www.sonneshop.ee\/lt\/#website"},"primaryImageOfPage":{"@id":"https:\/\/www.sonneshop.ee\/lt\/produktas\/triju-pakopu-rafijos-pakabinamas-sviestuvas-2\/#primaryimage"},"image":{"@id":"https:\/\/www.sonneshop.ee\/lt\/produktas\/triju-pakopu-rafijos-pakabinamas-sviestuvas-2\/#primaryimage"},"thumbnailUrl":"https:\/\/www.sonneshop.ee\/wp-content\/uploads\/2023\/11\/Raphia-multiple-pettit_Bohomeliving.jpg","datePublished":"2023-11-13T13:31:01+00:00","dateModified":"2025-04-28T12:08:53+00:00","breadcrumb":{"@id":"https:\/\/www.sonneshop.ee\/lt\/produktas\/triju-pakopu-rafijos-pakabinamas-sviestuvas-2\/#breadcrumb"},"inLanguage":"lt-LT","potentialAction":[{"@type":"ReadAction","target":["https:\/\/www.sonneshop.ee\/lt\/produktas\/triju-pakopu-rafijos-pakabinamas-sviestuvas-2\/"]}]},{"@type":"ImageObject","inLanguage":"lt-LT","@id":"https:\/\/www.sonneshop.ee\/lt\/produktas\/triju-pakopu-rafijos-pakabinamas-sviestuvas-2\/#primaryimage","url":"https:\/\/www.sonneshop.ee\/wp-content\/uploads\/2023\/11\/Raphia-multiple-pettit_Bohomeliving.jpg","contentUrl":"https:\/\/www.sonneshop.ee\/wp-content\/uploads\/2023\/11\/Raphia-multiple-pettit_Bohomeliving.jpg","width":360,"height":367},{"@type":"BreadcrumbList","@id":"https:\/\/www.sonneshop.ee\/lt\/produktas\/triju-pakopu-rafijos-pakabinamas-sviestuvas-2\/#breadcrumb","itemListElement":[{"@type":"ListItem","position":1,"name":"Home","item":"https:\/\/www.sonneshop.ee\/lt\/kava-namai-menas\/"},{"@type":"ListItem","position":2,"name":"Pood","item":"https:\/\/www.sonneshop.ee\/pood\/"},{"@type":"ListItem","position":3,"name":"Trij\u0173 pakop\u0173 rafijos pakabinamas \u0161viestuvas"}]},{"@type":"WebSite","@id":"https:\/\/www.sonneshop.ee\/lt\/#website","url":"https:\/\/www.sonneshop.ee\/lt\/","name":"Sonne","description":"Kohv.Kodu.Kunst","publisher":{"@id":"https:\/\/www.sonneshop.ee\/lt\/#organization"},"potentialAction":[{"@type":"SearchAction","target":{"@type":"EntryPoint","urlTemplate":"https:\/\/www.sonneshop.ee\/lt\/?s={search_term_string}"},"query-input":{"@type":"PropertyValueSpecification","valueRequired":true,"valueName":"search_term_string"}}],"inLanguage":"lt-LT"},{"@type":"Organization","@id":"https:\/\/www.sonneshop.ee\/lt\/#organization","name":"Sonne kohv.kodu.kunst","url":"https:\/\/www.sonneshop.ee\/lt\/","logo":{"@type":"ImageObject","inLanguage":"lt-LT","@id":"https:\/\/www.sonneshop.ee\/lt\/#\/schema\/logo\/image\/","url":"https:\/\/www.sonneshop.ee\/wp-content\/uploads\/2023\/07\/Sonne_valge.png","contentUrl":"https:\/\/www.sonneshop.ee\/wp-content\/uploads\/2023\/07\/Sonne_valge.png","width":600,"height":600,"caption":"Sonne kohv.kodu.kunst"},"image":{"@id":"https:\/\/www.sonneshop.ee\/lt\/#\/schema\/logo\/image\/"},"sameAs":["https:\/\/www.facebook.com\/sonneshop\/"]}]}},"_links":{"self":[{"href":"https:\/\/www.sonneshop.ee\/lt\/wp-json\/wp\/v2\/product\/7453","targetHints":{"allow":["GET"]}}],"collection":[{"href":"https:\/\/www.sonneshop.ee\/lt\/wp-json\/wp\/v2\/product"}],"about":[{"href":"https:\/\/www.sonneshop.ee\/lt\/wp-json\/wp\/v2\/types\/product"}],"replies":[{"embeddable":true,"href":"https:\/\/www.sonneshop.ee\/lt\/wp-json\/wp\/v2\/comments?post=7453"}],"wp:featuredmedia":[{"embeddable":true,"href":"https:\/\/www.sonneshop.ee\/lt\/wp-json\/wp\/v2\/media\/6735"}],"wp:attachment":[{"href":"https:\/\/www.sonneshop.ee\/lt\/wp-json\/wp\/v2\/media?parent=7453"}],"wp:term":[{"taxonomy":"product_brand","embeddable":true,"href":"https:\/\/www.sonneshop.ee\/lt\/wp-json\/wp\/v2\/product_brand?post=7453"},{"taxonomy":"product_cat","embeddable":true,"href":"https:\/\/www.sonneshop.ee\/lt\/wp-json\/wp\/v2\/product_cat?post=7453"},{"taxonomy":"product_tag","embeddable":true,"href":"https:\/\/www.sonneshop.ee\/lt\/wp-json\/wp\/v2\/product_tag?post=7453"}],"curies":[{"name":"wp","href":"https:\/\/api.w.org\/{rel}","templated":true}]}}