{"id":7451,"date":"2023-11-13T16:39:40","date_gmt":"2023-11-13T14:39:40","guid":{"rendered":"https:\/\/www.sonneshop.ee\/product\/naturalaus-rotango-pakabinamas-sviestuvas\/"},"modified":"2025-04-28T14:43:36","modified_gmt":"2025-04-28T11:43:36","slug":"naturalaus-rotango-pakabinamas-sviestuvas","status":"publish","type":"product","link":"https:\/\/www.sonneshop.ee\/lt\/produktas\/naturalaus-rotango-pakabinamas-sviestuvas\/","title":{"rendered":"Nat\u016bralaus rotango pakabinamas \u0161viestuvas"},"content":{"rendered":"<p>&nbsp;<\/p>\n<p><span style=\"font-weight: 400;\">Matmenys (skersmuo x auk\u0161tis):<\/span><\/p>\n<p><span style=\"font-weight: 400;\">Sk\u0117\u010di\u0173 nuo saul\u0117s formos: 30 x 15 cm, 50 x 15 cm, 60 x 15 cm, 80 x 20 cm, 100 x 25 cm,<\/span><\/p>\n<p><span style=\"font-weight: 400;\">Nors stengiam\u0117s kiek \u012fmanoma tiksliau laikytis matmen\u0173, gaminiai yra 100 % rank\u0173 darbo, tod\u0117l galite pasteb\u0117ti tam tikr\u0173 dyd\u017eio skirtum\u0173. *Ma\u017eiausi\u0173 spyruokli\u0173 nuokrypis gali b\u016bti +\/3 cm, o did\u017eiausi\u0173 &#8211; +\/- 7 cm.<\/span><\/p>\n<p><span style=\"font-weight: 400;\">Med\u017eiaga: nat\u016bralus alfa pluo\u0161tas<\/span><\/p>\n<p><span style=\"font-weight: 400;\">Stilius: bohemi\u0161kai eleganti\u0161kas ir etninis<\/span><\/p>\n<p><span style=\"font-weight: 400;\">Spalvos: sm\u0117lio (kartais \u017ealsva), jei pluo\u0161tas dar jaunas ir turi d\u017ei\u016bti patalpoje, kartais geltona, jei pluo\u0161tas buvo veikiamas saul\u0117s spinduli\u0173.<\/span><\/p>\n<p><span style=\"font-weight: 400;\">Pagaminta Maroke.<\/span><\/p>\n<p><span style=\"font-weight: 400;\">Elektros sistema ne\u012ftraukta.  <\/span><span style=\"font-weight: 400;\">Privaloma naudoti LED lemputes.<\/span><\/p>\n<p><strong>RANK\u0172 DARBO \u0160VIESTUVAI MAROKE<\/strong><\/p>\n<p><span style=\"font-weight: 400;\">\u0160is vitrininio porceliano \u0161viestuvas pagamintas Essaouiroje, Maroke. Meistrai naudoja kalt\u0105 ra\u0161t\u0105, kad i\u0161laikyt\u0173 norim\u0105 form\u0105 ir dyd\u012f. Tuomet esparto stiebai montuojami prie konstrukcijos, kad atitikt\u0173 form\u0105. Kai pluo\u0161tai i\u0161d\u017ei\u016bsta, ra\u0161tas pa\u0161alinamas. Pakaba i\u0161laiko savo form\u0105 tarsi burt\u0173 lazdele mostel\u0117jus. 100 % jungiam\u0173j\u0173 detali\u0173 gaminama rankomis.<\/span><\/p>\n<p><strong>KAIP SUMONTUOTI &#8222;ALFA&#8221; ROTANGO LEMP\u0104?<\/strong><\/p>\n<p><span style=\"font-weight: 400;\">\u0160is nat\u016bralus \u0161viestuvas neturi r\u0117mo, konstrukcijos ar lizdo atramos. Tod\u0117l jis turi b\u016bti pritvirtintas pakabinamuoju laikikliu vienu i\u0161 trij\u0173 galim\u0173 b\u016bd\u0173:<\/span><\/p>\n<p><span style=\"font-weight: 400;\">Pritvirtinkite pakabos ranken\u0105 prie kablio,<\/span><\/p>\n<p><span style=\"font-weight: 400;\">Pritvirtinkite pakabos troso ranken\u0105 nedideliu vielos gabal\u0117liu,<\/span><\/p>\n<p><span style=\"font-weight: 400;\">Prie elektros laido prid\u0117kite laid\u0105 ir naudokite j\u012f pakabos auk\u0161\u010diui reguliuoti,<\/span><\/p>\n<p><span style=\"font-weight: 400;\">Ant rankenos u\u017eri\u0161kite mazg\u0105 su elektros kabeliu.<\/span><\/p>\n<p><strong>TECHNIN\u0116S PRIE\u017dI\u016aROS PATARIMAI<\/strong><\/p>\n<p><span style=\"font-weight: 400;\">Nor\u0117dami i\u0161saugoti rotango pakabinamo \u0161viestuvo gro\u017e\u012f, reguliariai nuvalykite dulkes mink\u0161tu skudur\u0117liu arba \u0161epet\u0117liu su mink\u0161tais \u0161ereliais. Jei j\u016bs\u0173 skoniui jos spalva per daug \u017ealsva, palikite j\u0105 saul\u0117je, kad pluo\u0161tas grei\u010diau subr\u0119st\u0173 ir tapt\u0173 geltonas. \u0160\u012f \u0161viestuv\u0105 galima statyti lauke, venkite tiesioginio s\u0105ly\u010dio su vandeniu.<\/span><\/p>\n<p>&nbsp;<\/p>\n","protected":false},"excerpt":{"rendered":"<p>&nbsp;<\/p>\n<h5><strong>Rank\u0173 darbo \u0161viestuvas pagamintas i\u0161 nat\u016bralaus rotango ir yra nesenstantis \u0161viestuvas, kuris sukuria jauk\u0173 \u0161vyt\u0117jim\u0105 bet kuriame kambaryje.<\/strong><\/h5>\n<p><span style=\"font-weight: 400;\">100 % nat\u016brali ir biologi\u0161kai suyranti med\u017eiaga.  <\/span><\/p>\n<p><span style=\"font-weight: 400;\">\u0160\u012f pakabinam\u0105 \u0161viestuv\u0105 galima \u012frengti svetain\u0117je kaip svetain\u0117s \u0161viestuv\u0105, miegamajame, kaip nuo lub\u0173 kabant\u012f naktin\u012f staliuk\u0105, kaip vonios kambario \u0161viestuv\u0105, vir\u0161 tualeto ar net kaip terasos \u0161viestuv\u0105.  <\/span><\/p>\n<p><span style=\"font-weight: 400;\">Kiekvienas pakabinamas \u0161viestuvas kruop\u0161\u010diai aud\u017eiamas rankomis Maroke, tod\u0117l kiekvienas k\u016brinys yra unikalus.<\/span><\/p>\n<p><span style=\"font-weight: 400;\">\u0160is \u0161viestuvas puikiai tinka j\u016bs\u0173 interjero dizainui suteikti etnin\u012f ir eleganti\u0161k\u0105 akcent\u0105. D\u0117l nat\u016bralios virv\u0117s rankenos j\u012f galima kabinti ant lub\u0173 arba statyti ant \u0161viestuvo pagrindo. Vir\u0161uje esan\u010dioje angoje galite lengvai \u012fki\u0161ti maitinimo laid\u0105.<\/span><\/p>\n<p>&nbsp;<\/p>\n","protected":false},"featured_media":6771,"comment_status":"open","ping_status":"closed","template":"","meta":[],"product_brand":[],"product_cat":[442],"product_tag":[443,445,444],"class_list":{"0":"post-7451","1":"product","2":"type-product","3":"status-publish","4":"has-post-thumbnail","6":"product_cat-bohome-living-lt","7":"product_tag-bohome-living-lt","8":"product_tag-laelamp-lt","9":"product_tag-pakabinamas-sviestuvas","11":"first","12":"instock","13":"taxable","14":"shipping-taxable","15":"purchasable","16":"product-type-simple"},"yoast_head":"<!-- This site is optimized with the Yoast SEO plugin v27.6 - https:\/\/yoast.com\/product\/yoast-seo-wordpress\/ -->\n<title>Nat\u016bralaus rotango pakabinamas \u0161viestuvas - Sonne<\/title>\n<meta name=\"robots\" content=\"index, follow, max-snippet:-1, max-image-preview:large, max-video-preview:-1\" \/>\n<link rel=\"canonical\" href=\"https:\/\/www.sonneshop.ee\/lt\/produktas\/naturalaus-rotango-pakabinamas-sviestuvas\/\" \/>\n<meta property=\"og:locale\" content=\"lt_LT\" \/>\n<meta property=\"og:type\" content=\"article\" \/>\n<meta property=\"og:title\" content=\"Nat\u016bralaus rotango pakabinamas \u0161viestuvas - Sonne\" \/>\n<meta property=\"og:description\" content=\"&nbsp; Rank\u0173 darbo \u0161viestuvas pagamintas i\u0161 nat\u016bralaus rotango ir yra nesenstantis \u0161viestuvas, kuris sukuria jauk\u0173 \u0161vyt\u0117jim\u0105 bet kuriame kambaryje. 100 % nat\u016brali ir biologi\u0161kai suyranti med\u017eiaga.  \u0160\u012f pakabinam\u0105 \u0161viestuv\u0105 galima \u012frengti svetain\u0117je kaip svetain\u0117s \u0161viestuv\u0105, miegamajame, kaip nuo lub\u0173 kabant\u012f naktin\u012f staliuk\u0105, kaip vonios kambario \u0161viestuv\u0105, vir\u0161 tualeto ar net kaip terasos \u0161viestuv\u0105.  Kiekvienas pakabinamas \u0161viestuvas kruop\u0161\u010diai aud\u017eiamas rankomis Maroke, tod\u0117l kiekvienas k\u016brinys yra unikalus. \u0160is \u0161viestuvas puikiai tinka j\u016bs\u0173 interjero dizainui suteikti etnin\u012f ir eleganti\u0161k\u0105 akcent\u0105. D\u0117l nat\u016bralios virv\u0117s rankenos j\u012f galima kabinti ant lub\u0173 arba statyti ant \u0161viestuvo pagrindo. Vir\u0161uje esan\u010dioje angoje galite lengvai \u012fki\u0161ti maitinimo laid\u0105. &nbsp;\" \/>\n<meta property=\"og:url\" content=\"https:\/\/www.sonneshop.ee\/lt\/produktas\/naturalaus-rotango-pakabinamas-sviestuvas\/\" \/>\n<meta property=\"og:site_name\" content=\"Sonne\" \/>\n<meta property=\"article:publisher\" content=\"https:\/\/www.facebook.com\/sonneshop\/\" \/>\n<meta property=\"article:modified_time\" content=\"2025-04-28T11:43:36+00:00\" \/>\n<meta property=\"og:image\" content=\"https:\/\/www.sonneshop.ee\/wp-content\/uploads\/2023\/11\/Bohome_Living_SUSPENSION-LUMINAIRE-BOHEME-EN-ROTIN-NATUREL.jpg\" \/>\n\t<meta property=\"og:image:width\" content=\"720\" \/>\n\t<meta property=\"og:image:height\" content=\"540\" \/>\n\t<meta property=\"og:image:type\" content=\"image\/jpeg\" \/>\n<meta name=\"twitter:card\" content=\"summary_large_image\" \/>\n<meta name=\"twitter:label1\" content=\"Est. reading time\" \/>\n\t<meta name=\"twitter:data1\" content=\"1 minut\u0117\" \/>\n<script type=\"application\/ld+json\" class=\"yoast-schema-graph\">{\"@context\":\"https:\\\/\\\/schema.org\",\"@graph\":[{\"@type\":\"WebPage\",\"@id\":\"https:\\\/\\\/www.sonneshop.ee\\\/lt\\\/produktas\\\/naturalaus-rotango-pakabinamas-sviestuvas\\\/\",\"url\":\"https:\\\/\\\/www.sonneshop.ee\\\/lt\\\/produktas\\\/naturalaus-rotango-pakabinamas-sviestuvas\\\/\",\"name\":\"Nat\u016bralaus rotango pakabinamas \u0161viestuvas - Sonne\",\"isPartOf\":{\"@id\":\"https:\\\/\\\/www.sonneshop.ee\\\/lt\\\/#website\"},\"primaryImageOfPage\":{\"@id\":\"https:\\\/\\\/www.sonneshop.ee\\\/lt\\\/produktas\\\/naturalaus-rotango-pakabinamas-sviestuvas\\\/#primaryimage\"},\"image\":{\"@id\":\"https:\\\/\\\/www.sonneshop.ee\\\/lt\\\/produktas\\\/naturalaus-rotango-pakabinamas-sviestuvas\\\/#primaryimage\"},\"thumbnailUrl\":\"https:\\\/\\\/www.sonneshop.ee\\\/wp-content\\\/uploads\\\/2023\\\/11\\\/Bohome_Living_SUSPENSION-LUMINAIRE-BOHEME-EN-ROTIN-NATUREL.jpg\",\"datePublished\":\"2023-11-13T14:39:40+00:00\",\"dateModified\":\"2025-04-28T11:43:36+00:00\",\"breadcrumb\":{\"@id\":\"https:\\\/\\\/www.sonneshop.ee\\\/lt\\\/produktas\\\/naturalaus-rotango-pakabinamas-sviestuvas\\\/#breadcrumb\"},\"inLanguage\":\"lt-LT\",\"potentialAction\":[{\"@type\":\"ReadAction\",\"target\":[\"https:\\\/\\\/www.sonneshop.ee\\\/lt\\\/produktas\\\/naturalaus-rotango-pakabinamas-sviestuvas\\\/\"]}]},{\"@type\":\"ImageObject\",\"inLanguage\":\"lt-LT\",\"@id\":\"https:\\\/\\\/www.sonneshop.ee\\\/lt\\\/produktas\\\/naturalaus-rotango-pakabinamas-sviestuvas\\\/#primaryimage\",\"url\":\"https:\\\/\\\/www.sonneshop.ee\\\/wp-content\\\/uploads\\\/2023\\\/11\\\/Bohome_Living_SUSPENSION-LUMINAIRE-BOHEME-EN-ROTIN-NATUREL.jpg\",\"contentUrl\":\"https:\\\/\\\/www.sonneshop.ee\\\/wp-content\\\/uploads\\\/2023\\\/11\\\/Bohome_Living_SUSPENSION-LUMINAIRE-BOHEME-EN-ROTIN-NATUREL.jpg\",\"width\":720,\"height\":540},{\"@type\":\"BreadcrumbList\",\"@id\":\"https:\\\/\\\/www.sonneshop.ee\\\/lt\\\/produktas\\\/naturalaus-rotango-pakabinamas-sviestuvas\\\/#breadcrumb\",\"itemListElement\":[{\"@type\":\"ListItem\",\"position\":1,\"name\":\"Home\",\"item\":\"https:\\\/\\\/www.sonneshop.ee\\\/lt\\\/kava-namai-menas\\\/\"},{\"@type\":\"ListItem\",\"position\":2,\"name\":\"Pood\",\"item\":\"https:\\\/\\\/www.sonneshop.ee\\\/pood\\\/\"},{\"@type\":\"ListItem\",\"position\":3,\"name\":\"Nat\u016bralaus rotango pakabinamas \u0161viestuvas\"}]},{\"@type\":\"WebSite\",\"@id\":\"https:\\\/\\\/www.sonneshop.ee\\\/lt\\\/#website\",\"url\":\"https:\\\/\\\/www.sonneshop.ee\\\/lt\\\/\",\"name\":\"Sonne\",\"description\":\"Kohv.Kodu.Kunst\",\"publisher\":{\"@id\":\"https:\\\/\\\/www.sonneshop.ee\\\/lt\\\/#organization\"},\"potentialAction\":[{\"@type\":\"SearchAction\",\"target\":{\"@type\":\"EntryPoint\",\"urlTemplate\":\"https:\\\/\\\/www.sonneshop.ee\\\/lt\\\/?s={search_term_string}\"},\"query-input\":{\"@type\":\"PropertyValueSpecification\",\"valueRequired\":true,\"valueName\":\"search_term_string\"}}],\"inLanguage\":\"lt-LT\"},{\"@type\":\"Organization\",\"@id\":\"https:\\\/\\\/www.sonneshop.ee\\\/lt\\\/#organization\",\"name\":\"Sonne kohv.kodu.kunst\",\"url\":\"https:\\\/\\\/www.sonneshop.ee\\\/lt\\\/\",\"logo\":{\"@type\":\"ImageObject\",\"inLanguage\":\"lt-LT\",\"@id\":\"https:\\\/\\\/www.sonneshop.ee\\\/lt\\\/#\\\/schema\\\/logo\\\/image\\\/\",\"url\":\"https:\\\/\\\/www.sonneshop.ee\\\/wp-content\\\/uploads\\\/2023\\\/07\\\/Sonne_valge.png\",\"contentUrl\":\"https:\\\/\\\/www.sonneshop.ee\\\/wp-content\\\/uploads\\\/2023\\\/07\\\/Sonne_valge.png\",\"width\":600,\"height\":600,\"caption\":\"Sonne kohv.kodu.kunst\"},\"image\":{\"@id\":\"https:\\\/\\\/www.sonneshop.ee\\\/lt\\\/#\\\/schema\\\/logo\\\/image\\\/\"},\"sameAs\":[\"https:\\\/\\\/www.facebook.com\\\/sonneshop\\\/\"]}]}<\/script>\n<!-- \/ Yoast SEO plugin. -->","yoast_head_json":{"title":"Nat\u016bralaus rotango pakabinamas \u0161viestuvas - Sonne","robots":{"index":"index","follow":"follow","max-snippet":"max-snippet:-1","max-image-preview":"max-image-preview:large","max-video-preview":"max-video-preview:-1"},"canonical":"https:\/\/www.sonneshop.ee\/lt\/produktas\/naturalaus-rotango-pakabinamas-sviestuvas\/","og_locale":"lt_LT","og_type":"article","og_title":"Nat\u016bralaus rotango pakabinamas \u0161viestuvas - Sonne","og_description":"&nbsp; Rank\u0173 darbo \u0161viestuvas pagamintas i\u0161 nat\u016bralaus rotango ir yra nesenstantis \u0161viestuvas, kuris sukuria jauk\u0173 \u0161vyt\u0117jim\u0105 bet kuriame kambaryje. 100 % nat\u016brali ir biologi\u0161kai suyranti med\u017eiaga.  \u0160\u012f pakabinam\u0105 \u0161viestuv\u0105 galima \u012frengti svetain\u0117je kaip svetain\u0117s \u0161viestuv\u0105, miegamajame, kaip nuo lub\u0173 kabant\u012f naktin\u012f staliuk\u0105, kaip vonios kambario \u0161viestuv\u0105, vir\u0161 tualeto ar net kaip terasos \u0161viestuv\u0105.  Kiekvienas pakabinamas \u0161viestuvas kruop\u0161\u010diai aud\u017eiamas rankomis Maroke, tod\u0117l kiekvienas k\u016brinys yra unikalus. \u0160is \u0161viestuvas puikiai tinka j\u016bs\u0173 interjero dizainui suteikti etnin\u012f ir eleganti\u0161k\u0105 akcent\u0105. D\u0117l nat\u016bralios virv\u0117s rankenos j\u012f galima kabinti ant lub\u0173 arba statyti ant \u0161viestuvo pagrindo. Vir\u0161uje esan\u010dioje angoje galite lengvai \u012fki\u0161ti maitinimo laid\u0105. &nbsp;","og_url":"https:\/\/www.sonneshop.ee\/lt\/produktas\/naturalaus-rotango-pakabinamas-sviestuvas\/","og_site_name":"Sonne","article_publisher":"https:\/\/www.facebook.com\/sonneshop\/","article_modified_time":"2025-04-28T11:43:36+00:00","og_image":[{"width":720,"height":540,"url":"https:\/\/www.sonneshop.ee\/wp-content\/uploads\/2023\/11\/Bohome_Living_SUSPENSION-LUMINAIRE-BOHEME-EN-ROTIN-NATUREL.jpg","type":"image\/jpeg"}],"twitter_card":"summary_large_image","twitter_misc":{"Est. reading time":"1 minut\u0117"},"schema":{"@context":"https:\/\/schema.org","@graph":[{"@type":"WebPage","@id":"https:\/\/www.sonneshop.ee\/lt\/produktas\/naturalaus-rotango-pakabinamas-sviestuvas\/","url":"https:\/\/www.sonneshop.ee\/lt\/produktas\/naturalaus-rotango-pakabinamas-sviestuvas\/","name":"Nat\u016bralaus rotango pakabinamas \u0161viestuvas - Sonne","isPartOf":{"@id":"https:\/\/www.sonneshop.ee\/lt\/#website"},"primaryImageOfPage":{"@id":"https:\/\/www.sonneshop.ee\/lt\/produktas\/naturalaus-rotango-pakabinamas-sviestuvas\/#primaryimage"},"image":{"@id":"https:\/\/www.sonneshop.ee\/lt\/produktas\/naturalaus-rotango-pakabinamas-sviestuvas\/#primaryimage"},"thumbnailUrl":"https:\/\/www.sonneshop.ee\/wp-content\/uploads\/2023\/11\/Bohome_Living_SUSPENSION-LUMINAIRE-BOHEME-EN-ROTIN-NATUREL.jpg","datePublished":"2023-11-13T14:39:40+00:00","dateModified":"2025-04-28T11:43:36+00:00","breadcrumb":{"@id":"https:\/\/www.sonneshop.ee\/lt\/produktas\/naturalaus-rotango-pakabinamas-sviestuvas\/#breadcrumb"},"inLanguage":"lt-LT","potentialAction":[{"@type":"ReadAction","target":["https:\/\/www.sonneshop.ee\/lt\/produktas\/naturalaus-rotango-pakabinamas-sviestuvas\/"]}]},{"@type":"ImageObject","inLanguage":"lt-LT","@id":"https:\/\/www.sonneshop.ee\/lt\/produktas\/naturalaus-rotango-pakabinamas-sviestuvas\/#primaryimage","url":"https:\/\/www.sonneshop.ee\/wp-content\/uploads\/2023\/11\/Bohome_Living_SUSPENSION-LUMINAIRE-BOHEME-EN-ROTIN-NATUREL.jpg","contentUrl":"https:\/\/www.sonneshop.ee\/wp-content\/uploads\/2023\/11\/Bohome_Living_SUSPENSION-LUMINAIRE-BOHEME-EN-ROTIN-NATUREL.jpg","width":720,"height":540},{"@type":"BreadcrumbList","@id":"https:\/\/www.sonneshop.ee\/lt\/produktas\/naturalaus-rotango-pakabinamas-sviestuvas\/#breadcrumb","itemListElement":[{"@type":"ListItem","position":1,"name":"Home","item":"https:\/\/www.sonneshop.ee\/lt\/kava-namai-menas\/"},{"@type":"ListItem","position":2,"name":"Pood","item":"https:\/\/www.sonneshop.ee\/pood\/"},{"@type":"ListItem","position":3,"name":"Nat\u016bralaus rotango pakabinamas \u0161viestuvas"}]},{"@type":"WebSite","@id":"https:\/\/www.sonneshop.ee\/lt\/#website","url":"https:\/\/www.sonneshop.ee\/lt\/","name":"Sonne","description":"Kohv.Kodu.Kunst","publisher":{"@id":"https:\/\/www.sonneshop.ee\/lt\/#organization"},"potentialAction":[{"@type":"SearchAction","target":{"@type":"EntryPoint","urlTemplate":"https:\/\/www.sonneshop.ee\/lt\/?s={search_term_string}"},"query-input":{"@type":"PropertyValueSpecification","valueRequired":true,"valueName":"search_term_string"}}],"inLanguage":"lt-LT"},{"@type":"Organization","@id":"https:\/\/www.sonneshop.ee\/lt\/#organization","name":"Sonne kohv.kodu.kunst","url":"https:\/\/www.sonneshop.ee\/lt\/","logo":{"@type":"ImageObject","inLanguage":"lt-LT","@id":"https:\/\/www.sonneshop.ee\/lt\/#\/schema\/logo\/image\/","url":"https:\/\/www.sonneshop.ee\/wp-content\/uploads\/2023\/07\/Sonne_valge.png","contentUrl":"https:\/\/www.sonneshop.ee\/wp-content\/uploads\/2023\/07\/Sonne_valge.png","width":600,"height":600,"caption":"Sonne kohv.kodu.kunst"},"image":{"@id":"https:\/\/www.sonneshop.ee\/lt\/#\/schema\/logo\/image\/"},"sameAs":["https:\/\/www.facebook.com\/sonneshop\/"]}]}},"_links":{"self":[{"href":"https:\/\/www.sonneshop.ee\/lt\/wp-json\/wp\/v2\/product\/7451","targetHints":{"allow":["GET"]}}],"collection":[{"href":"https:\/\/www.sonneshop.ee\/lt\/wp-json\/wp\/v2\/product"}],"about":[{"href":"https:\/\/www.sonneshop.ee\/lt\/wp-json\/wp\/v2\/types\/product"}],"replies":[{"embeddable":true,"href":"https:\/\/www.sonneshop.ee\/lt\/wp-json\/wp\/v2\/comments?post=7451"}],"wp:featuredmedia":[{"embeddable":true,"href":"https:\/\/www.sonneshop.ee\/lt\/wp-json\/wp\/v2\/media\/6771"}],"wp:attachment":[{"href":"https:\/\/www.sonneshop.ee\/lt\/wp-json\/wp\/v2\/media?parent=7451"}],"wp:term":[{"taxonomy":"product_brand","embeddable":true,"href":"https:\/\/www.sonneshop.ee\/lt\/wp-json\/wp\/v2\/product_brand?post=7451"},{"taxonomy":"product_cat","embeddable":true,"href":"https:\/\/www.sonneshop.ee\/lt\/wp-json\/wp\/v2\/product_cat?post=7451"},{"taxonomy":"product_tag","embeddable":true,"href":"https:\/\/www.sonneshop.ee\/lt\/wp-json\/wp\/v2\/product_tag?post=7451"}],"curies":[{"name":"wp","href":"https:\/\/api.w.org\/{rel}","templated":true}]}}