{"id":7190,"date":"2023-11-17T14:20:38","date_gmt":"2023-11-17T12:20:38","guid":{"rendered":"https:\/\/www.sonneshop.ee\/pardavimo-salygos\/"},"modified":"2024-01-19T16:13:36","modified_gmt":"2024-01-19T14:13:36","slug":"pardavimo-salygos","status":"publish","type":"page","link":"https:\/\/www.sonneshop.ee\/lt\/pardavimo-salygos\/","title":{"rendered":"Pardavimo s\u0105lygos"},"content":{"rendered":"\t\t<div data-elementor-type=\"wp-page\" data-elementor-id=\"7190\" class=\"elementor elementor-7190 elementor-5502\">\n\t\t\t\t\t\t<section class=\"elementor-section elementor-top-section elementor-element elementor-element-10535e2f elementor-section-boxed elementor-section-height-default elementor-section-height-default\" data-id=\"10535e2f\" data-element_type=\"section\" data-e-type=\"section\" data-settings=\"{&quot;grandrestaurant_ext_is_background_parallax&quot;:&quot;false&quot;,&quot;grandrestaurant_ext_is_background_backdrop&quot;:&quot;false&quot;,&quot;grandrestaurant_ext_is_background_on_scroll&quot;:&quot;false&quot;}\">\n\t\t\t\t\t\t<div class=\"elementor-container elementor-column-gap-default\">\n\t\t\t\t\t<div class=\"elementor-column elementor-col-100 elementor-top-column elementor-element elementor-element-381680a0\" data-id=\"381680a0\" data-element_type=\"column\" data-e-type=\"column\" data-settings=\"{&quot;grandrestaurant_ext_link_reservation&quot;:&quot;false&quot;,&quot;grandrestaurant_ext_link_sidemenu&quot;:&quot;false&quot;,&quot;grandrestaurant_ext_link_fullmenu&quot;:&quot;false&quot;,&quot;grandrestaurant_ext_link_closed_fullmenu&quot;:&quot;false&quot;,&quot;grandrestaurant_ext_is_scrollme&quot;:&quot;false&quot;,&quot;grandrestaurant_ext_is_smoove&quot;:&quot;false&quot;,&quot;grandrestaurant_ext_is_parallax_mouse&quot;:&quot;false&quot;,&quot;grandrestaurant_ext_is_infinite&quot;:&quot;false&quot;,&quot;grandrestaurant_ext_is_fadeout_animation&quot;:&quot;false&quot;,&quot;grandrestaurant_ext_mobile_static&quot;:&quot;false&quot;}\">\n\t\t\t<div class=\"elementor-widget-wrap elementor-element-populated\">\n\t\t\t\t\t\t<div class=\"elementor-element elementor-element-6400a70 elementor-widget elementor-widget-spacer\" data-id=\"6400a70\" data-element_type=\"widget\" data-e-type=\"widget\" data-settings=\"{&quot;grandrestaurant_ext_link_reservation&quot;:&quot;false&quot;,&quot;grandrestaurant_ext_link_sidemenu&quot;:&quot;false&quot;,&quot;grandrestaurant_ext_link_fullmenu&quot;:&quot;false&quot;,&quot;grandrestaurant_ext_link_closed_fullmenu&quot;:&quot;false&quot;,&quot;grandrestaurant_ext_is_scrollme&quot;:&quot;false&quot;,&quot;grandrestaurant_ext_is_smoove&quot;:&quot;false&quot;,&quot;grandrestaurant_ext_is_parallax_mouse&quot;:&quot;false&quot;,&quot;grandrestaurant_ext_is_infinite&quot;:&quot;false&quot;,&quot;grandrestaurant_ext_is_fadeout_animation&quot;:&quot;false&quot;,&quot;grandrestaurant_ext_mobile_static&quot;:&quot;false&quot;}\" data-widget_type=\"spacer.default\">\n\t\t\t\t<div class=\"elementor-widget-container\">\n\t\t\t\t\t\t\t<div class=\"elementor-spacer\">\n\t\t\t<div class=\"elementor-spacer-inner\"><\/div>\n\t\t<\/div>\n\t\t\t\t\t\t<\/div>\n\t\t\t\t<\/div>\n\t\t\t\t<div class=\"elementor-element elementor-element-46c81016 elementor-widget__width-initial elementor-widget elementor-widget-text-editor\" data-id=\"46c81016\" data-element_type=\"widget\" data-e-type=\"widget\" data-settings=\"{&quot;grandrestaurant_ext_link_reservation&quot;:&quot;false&quot;,&quot;grandrestaurant_ext_link_sidemenu&quot;:&quot;false&quot;,&quot;grandrestaurant_ext_link_fullmenu&quot;:&quot;false&quot;,&quot;grandrestaurant_ext_link_closed_fullmenu&quot;:&quot;false&quot;,&quot;grandrestaurant_ext_is_scrollme&quot;:&quot;false&quot;,&quot;grandrestaurant_ext_is_smoove&quot;:&quot;false&quot;,&quot;grandrestaurant_ext_is_parallax_mouse&quot;:&quot;false&quot;,&quot;grandrestaurant_ext_is_infinite&quot;:&quot;false&quot;,&quot;grandrestaurant_ext_is_fadeout_animation&quot;:&quot;false&quot;,&quot;grandrestaurant_ext_mobile_static&quot;:&quot;false&quot;}\" data-widget_type=\"text-editor.default\">\n\t\t\t\t<div class=\"elementor-widget-container\">\n\t\t\t\t\t\t\t\t\t<p>Internetin\u0117s parduotuv\u0117s sonneshop.ee (toliau &#8211; Internetin\u0117 parduotuv\u0117) savininkas yra O\u00dc Sonne Shop (registracijos kodas 16436538), \u012fsik\u016brusi adresu Kuninga 34, P\u00e4rnu.<\/p>\n<h4><strong>Pirkimo-pardavimo sutarties galiojimas, komercin\u0117 ir kain\u0173 informacija<\/strong><\/h4>\n<p>\u0160ios pardavimo s\u0105lygos taikomos perkant prekes i\u0161 internetin\u0117s parduotuv\u0117s.<\/p>\n<p>Internetin\u0117je parduotuv\u0117je parduodam\u0173 produkt\u0173 kainos nurodytos prie produkt\u0173. Prie kainos pridedamas pristatymo mokestis. Visos internetin\u0117je parduotuv\u0117je parduodam\u0173 preki\u0173 kainos nurodytos eurais.<\/p>\n<p>Pristatymo mokestis priklauso nuo pirk\u0117jo buvimo vietos ir pristatymo b\u016bdo. Pristatymo mokestis bus nurodytas pirk\u0117jui pateikiant u\u017esakym\u0105.<\/p>\n<p>Informacija apie prekes pateikiama internetin\u0117je parduotuv\u0117je prie pat preki\u0173.<\/p>\n<h4><strong>U\u017esakymo pateikimas<\/strong><\/h4>\n<p>Nor\u0117dami u\u017esakyti, \u012f pirkini\u0173 krep\u0161el\u012f turite \u012ftraukti norimus produktus. Nor\u0117dami pateikti u\u017esakym\u0105, turite u\u017epildyti reikiamus laukus ir pasirinkti atitinkam\u0105 pristatymo b\u016bd\u0105. Tuomet ekrane bus rodoma mokes\u010dio suma, kuri\u0105 galima saugiai sumok\u0117ti \u0161iais mok\u0117jimo b\u016bdais:<\/p>\n<p>Estijos bank\u0173 mok\u0117jimai: &#8222;Swedbank&#8221;, SEB, &#8222;Luminor&#8221;, LHV, &#8222;Coop Pank&#8221;, &#8222;Citadele&#8221;, &#8222;Pocopay&#8221;.<br \/>Suomijos bank\u0173 mok\u0117jimai: Aktia, \u00c5landsbanken, Danske, Handelsbanken, Nordea, Oma S\u00e4\u00e4stopankki, Pohjola, POP Pankki, S-Pankki, S\u00e4\u00e4stopankki.<br \/>Bank\u0173 mok\u0117jimai Latvijoje: &#8222;Swedbank&#8221;, SEB, &#8222;Citadele&#8221; ir &#8222;Luminor&#8221;.<br \/>Bank\u0173 mok\u0117jimai Lietuvoje: &#8222;Swedbank&#8221;, SEB, &#8222;Citadele&#8221;, &#8222;\u0160iauli\u0173&#8221; ir &#8222;Luminor&#8221;.<\/p>\n<p>Mok\u0117jimai Visa\/Mastercard kortel\u0117mis<\/p>\n<p>NB! Mok\u0117dami banko pavedimu, banko puslapyje b\u016btinai paspauskite mygtuk\u0105 &#8222;Gr\u012f\u017eti pas prekybinink\u0105&#8221;.<\/p>\n<p>Mok\u0117jimams tarpininkauja <a href=\"http:\/\/www.maksekeskus.ee\/\" target=\"_blank\" rel=\"noopener noreferrer\">&#8222;Maksekeskus AS&#8221;<\/a>. Mok\u0117jimas atliekamas ne internetin\u0117je parduotuv\u0117je saugioje aplinkoje &#8211; jei mokama banko pavedimu &#8211; atitinkamo banko saugioje aplinkoje, o jei mokama kredito kortele &#8211; &#8222;Maksekeskus AS&#8221; saugioje aplinkoje. Pardav\u0117jas neturi prieigos prie kliento banko ir kredito kortel\u0117s duomen\u0173. Sutartis \u012fsigalioja nuo tos dienos, kai \u012f internetin\u0117s parduotuv\u0117s atsiskaitom\u0105j\u0105 s\u0105skait\u0105 gaunama mok\u0117tina suma.<\/p>\n<p>Internetin\u0117s parduotuv\u0117s savininkas yra asmens duomen\u0173 valdytojas ir asmens duomenis, reikalingus mok\u0117jimams atlikti, perduoda tvarkytojui &#8222;Maksekeskus AS&#8221;.<\/p>\n<p>Jei u\u017esakytos prek\u0117s negali b\u016bti pristatytos d\u0117l pristatymo termino pabaigos ar bet kokios kitos prie\u017easties, pirk\u0117jas bus informuotas kuo grei\u010diau, o sumok\u0117ti pinigai (\u012fskaitant pristatymo i\u0161laidas) bus gr\u0105\u017einti nedelsiant, bet ne v\u0117liau kaip per 14 dien\u0173 nuo prane\u0161imo gavimo.<\/p>\n<h4><strong>Pristatymas \u012f<\/strong><\/h4>\n<p><span style=\"color: #252665;\">Prek\u0117s siun\u010diamos visame pasaulyje.<\/span><\/p>\n<p>Pirk\u0117jas turi \u0161ias preki\u0173 atsi\u0117mimo galimybes:<\/p>\n<p>&#8222;Omniva&#8221; siunt\u0173 automatai (Estija, Latvija, Lietuva)<br \/>&#8222;Omniva courier&#8221; (Estija, Latvija, Lietuva)<br \/>&#8222;Itella SmartPOST&#8221; siunt\u0173 ma\u0161inos (Estija, Suomija)<br \/>&#8222;Itella SmartPOST&#8221; kurjeris (Estija, Suomija)<br \/>DPD siunt\u0173 terminalai (Estijoje, Latvijoje, Lietuvoje)<br \/>&#8222;LP Express&#8221; siunt\u0173 automatai (Lietuva)<\/p>\n<p>&#8222;Omniva&#8221; (visuotinis pristatymas)<\/p>\n<p>Siuntimo i\u0161laidas apmoka pirk\u0117jas, o atitinkama informacija apie kain\u0105 rodoma prie siuntimo b\u016bdo.<\/p>\n<p><span style=\"color: #252665;\">Siuntos Estijoje paprastai pasiekia pirk\u0117jo nurodyt\u0105 paskirties viet\u0105 ne v\u0117liau kaip per 5 darbo dienas nuo pirkimo-pardavimo sutarties \u012fsigaliojimo. U\u017e Estijos rib\u0173 prek\u0117s pristatomos per 14 kalendorini\u0173 dien\u0173.<\/span><\/p>\n<p>I\u0161imtiniais atvejais turite teis\u0119 reikalauti, kad prek\u0117s b\u016bt\u0173 pristatytos per 45 kalendorines dienas.<\/p>\n<h4><strong>Teis\u0117 atsisakyti sutarties<\/strong><\/h4>\n<p>Gav\u0119s u\u017esakym\u0105, pirk\u0117jas turi teis\u0119 per 14 dien\u0173 atsisakyti e. sutarties.<\/p>\n<p>Teis\u0117 atsisakyti sutarties netaikoma, jei pirk\u0117jas yra juridinis asmuo.<\/p>\n<p>Norint pasinaudoti 14 dien\u0173 atsisakymo teise, u\u017esakytos prek\u0117s negali b\u016bti naudojamos jokiais kitais b\u016bdais, i\u0161skyrus tuos, kurie yra b\u016btini preki\u0173 pob\u016bd\u017eiui, savyb\u0117ms ir veikimui nustatyti, taip, kaip leid\u017eiama i\u0161bandyti prekes fizin\u0117je parduotuv\u0117je.<\/p>\n<p>Jei prek\u0117s buvo naudojamos kitais tikslais, nei b\u016btina preki\u0173 pob\u016bd\u017eiui, savyb\u0117ms ir veikimui nustatyti, arba jei prek\u0117s turi naudojimo ar nusid\u0117v\u0117jimo po\u017eymi\u0173, internetin\u0117 parduotuv\u0117 turi teis\u0119 suma\u017einti gr\u0105\u017eintin\u0105 mokest\u012f pagal suma\u017e\u0117jusi\u0105 preki\u0173 vert\u0119.<\/p>\n<p>Nor\u0117dami gr\u0105\u017einti prekes, turite pateikti atsisakymo nuo sutarties form\u0105 adresu<span style=\"color: #ff0000;\"> <\/span>ir i\u0161si\u0173sti j\u0105 adresu info@sonneshop.ee per 14 dien\u0173 nuo preki\u0173 gavimo.<\/p>\n<p>Preki\u0173 gr\u0105\u017einimo i\u0161laidas apmoka pirk\u0117jas, i\u0161skyrus atvejus, kai gr\u0105\u017einimo prie\u017eastis yra ta, kad gr\u0105\u017einamas produktas neatitinka u\u017esakyto produkto (pvz., netinkamas arba nekokybi\u0161kas produktas).<\/p>\n<p>Pirk\u0117jas privalo gr\u0105\u017einti prekes per 14 dien\u0173 nuo parai\u0161kos pateikimo dienos arba pateikti \u012frodym\u0105, kad per \u0161\u012f laikotarp\u012f perdav\u0117 prekes ve\u017e\u0117jui.<\/p>\n<p>Gavusi gr\u0105\u017eintas prekes, internetin\u0117 parduotuv\u0117 nedelsdama, bet ne v\u0117liau kaip per 14 dien\u0173 nuo atsisakymo gavimo dienos, gr\u0105\u017eins pirk\u0117jui visus pagal sutart\u012f i\u0161 pirk\u0117jo gautus mok\u0117jimus.<\/p>\n<p>Internetin\u0117 parduotuv\u0117 gali atsisakyti gr\u0105\u017einti pinigus, kol ji negaus sutartyje numatyt\u0173 preki\u0173 arba kol pirk\u0117jas nepateiks \u012frodym\u0173, kad jis gr\u0105\u017eino prekes, atsi\u017evelgiant \u012f tai, kas \u012fvyks anks\u010diau.<\/p>\n<p>Jei pirk\u0117jas ai\u0161kiai pasirinko kit\u0105 nei internetin\u0117s parduotuv\u0117s si\u016blomas pigiausias pristatymo b\u016bdas, internetin\u0117 parduotuv\u0117 neprivalo atlyginti vartotojui i\u0161laid\u0173, kurios vir\u0161ija \u012fprasto pristatymo b\u016bdo kain\u0105.<\/p>\n<p>Internetin\u0117 parduotuv\u0117 turi teis\u0119 atsisakyti pardavimo ir reikalauti, kad pirk\u0117jas gr\u0105\u017eint\u0173 prekes, jei preki\u0173 kaina internetin\u0117je parduotuv\u0117je d\u0117l klaidos buvo nurodyta gerokai ma\u017eesn\u0117 u\u017e preki\u0173 rinkos kain\u0105.<\/p>\n<h4><strong>Teis\u0117 pateikti skund\u0105<\/strong><\/h4>\n<p>Internetin\u0117 parduotuv\u0117 atsako u\u017e pirk\u0117jui parduot\u0173 preki\u0173 neatitikim\u0105 ar defekt\u0105, kuris jau egzistavo pristatymo metu ir kuris paai\u0161k\u0117s ne v\u0117liau kaip per dvejus metus nuo preki\u0173 pristatymo pirk\u0117jui.  <b data-stringify-type=\"bold\">V\u0117liau vienerius metus nuo preki\u0173 pristatymo pirk\u0117jui preziumuojama, kad defektas egzistavo pristatymo metu. Internetin\u0117 parduotuv\u0117 privalo paneigti \u0161i\u0105 prezumpcij\u0105.<\/b><\/p>\n<p>Defekto atveju pirk\u0117jas turi teis\u0119 ne v\u0117liau kaip per du m\u0117nesius kreiptis \u012f internetin\u0119 parduotuv\u0119 el. pa\u0161tu info@sonneshop.ee arba telefonu 5833 1631.<\/p>\n<p>Internetin\u0117 parduotuv\u0117 neatsako u\u017e defektus, atsiradusius po to, kai prek\u0117s buvo pristatytos pirk\u0117jui.<\/p>\n<p>Jei i\u0161 internetin\u0117s parduotuv\u0117s \u012fsigytos prek\u0117s turi defekt\u0173, u\u017e kuriuos atsakinga internetin\u0117 parduotuv\u0117, internetin\u0117 parduotuv\u0117 pataisys arba pakeis nekokybi\u0161kas prekes. Jei preki\u0173 ne\u012fmanoma pataisyti ar pakeisti, internetin\u0117 parduotuv\u0117 gr\u0105\u017eins pirk\u0117jui visus su pirkimo-pardavimo sutartimi susijusius mokes\u010dius.<\/p>\n<p>Internetin\u0117 parduotuv\u0117 \u012f vartotojo skund\u0105 atsako ra\u0161tu arba tokia forma, kad j\u012f b\u016bt\u0173 galima atgaminti ra\u0161tu, per 15 dien\u0173.<\/p>\n<h4><strong>Tiesiogin\u0117 rinkodara ir asmens duomen\u0173 tvarkymas<\/strong><\/h4>\n<p>Internetin\u0117 parduotuv\u0117 pirk\u0117jo pateiktus asmens duomenis naudoja tik u\u017esakymui apdoroti ir prek\u0117ms pirk\u0117jui i\u0161si\u0173sti. Internetin\u0117 parduotuv\u0117 perduoda asmens duomenis transporto \u012fmon\u0117ms, kad gal\u0117t\u0173 pristatyti prekes.<\/p>\n<p>Internetin\u0117 parduotuv\u0117 siun\u010dia naujienlai\u0161kius ir pasi\u016blymus pirk\u0117jo el. pa\u0161to adresu tik tuo atveju, jei pirk\u0117jas i\u0161rei\u0161k\u0117 pageidavim\u0105 juos gauti \u012fvesdamas savo el. pa\u0161to adres\u0105 svetain\u0117je ir nurod\u0117 nor\u012fs gauti tiesioginio pa\u0161to prane\u0161imus.<\/p>\n<p>Pirk\u0117jas gali bet kada atsisakyti gauti pasi\u016blymus ir naujienlai\u0161kius el. pa\u0161tu, apie tai prane\u0161damas mums el. pa\u0161tu arba vykdydamas el. lai\u0161ke, kuriame pateikiami pasi\u016blymai, pateiktus nurodymus.<\/p>\n<h4><strong>Gin\u010d\u0173 sprendimas<\/strong><\/h4>\n<p>Jei pirk\u0117jas turi koki\u0173 nors nusiskundim\u0173 d\u0117l internetin\u0117s parduotuv\u0117s, jie tur\u0117t\u0173 b\u016bti siun\u010diami el. pa\u0161tu info@sonneshop.ee arba telefonu 5833 1631.<\/p>\n<p>Jei pirk\u0117jui ir internetinei parduotuvei nepavyksta i\u0161spr\u0119sti gin\u010do susitarimu, pirk\u0117jas gali kreiptis \u012f Vartotoj\u0173 gin\u010d\u0173 komisij\u0105. Su proced\u016bros s\u0105lygomis galite susipa\u017einti ir pateikti parai\u0161k\u0105 <a href=\"https:\/\/komisjon.ee\/et\/avalduse-esitamine\" target=\"_blank\" rel=\"noopener noreferrer\">\u010dia<\/a>. Vartotoj\u0173 gin\u010d\u0173 komisija yra kompetentinga spr\u0119sti gin\u010dus, kylan\u010dius i\u0161 sutarties, sudarytos tarp pirk\u0117jo ir internetin\u0117s parduotuv\u0117s. Komisijai nereikia mok\u0117ti u\u017e pirk\u0117jo skundo nagrin\u0117jim\u0105.<\/p>\n<p>Pirk\u0117jas gali kreiptis \u012f Europos S\u0105jungos vartotoj\u0173 gin\u010d\u0173 sprendimo platform\u0105 <a href=\"https:\/\/ec.europa.eu\/consumers\/odr\/main\/index.cfm?event=main.home2.show&amp;lng=ET\" target=\"_blank\" rel=\"noopener noreferrer\">.<\/a><\/p>\n\t\t\t\t\t\t\t\t<\/div>\n\t\t\t\t<\/div>\n\t\t\t\t\t<\/div>\n\t\t<\/div>\n\t\t\t\t\t<\/div>\n\t\t<\/section>\n\t\t\t\t<\/div>\n\t\t","protected":false},"excerpt":{"rendered":"<p>Internetin\u0117s parduotuv\u0117s sonneshop.ee (toliau &#8211; Internetin\u0117 parduotuv\u0117) savininkas yra O\u00dc Sonne Shop (registracijos kodas 16436538), \u012fsik\u016brusi adresu Kuninga 34, P\u00e4rnu. Pirkimo-pardavimo sutarties galiojimas, komercin\u0117 ir kain\u0173 informacija \u0160ios pardavimo s\u0105lygos taikomos perkant prekes i\u0161 internetin\u0117s parduotuv\u0117s. Internetin\u0117je parduotuv\u0117je parduodam\u0173 produkt\u0173 [&hellip;]<\/p>\n","protected":false},"author":1,"featured_media":0,"parent":0,"menu_order":0,"comment_status":"closed","ping_status":"closed","template":"","meta":{"footnotes":""},"class_list":["post-7190","page","type-page","status-publish","hentry"],"yoast_head":"<!-- This site is optimized with the Yoast SEO plugin v27.3 - https:\/\/yoast.com\/product\/yoast-seo-wordpress\/ -->\n<title>Pardavimo s\u0105lygos - Sonne<\/title>\n<meta name=\"robots\" content=\"index, follow, max-snippet:-1, max-image-preview:large, max-video-preview:-1\" \/>\n<link rel=\"canonical\" href=\"https:\/\/www.sonneshop.ee\/lt\/pardavimo-salygos\/\" \/>\n<meta property=\"og:locale\" content=\"lt_LT\" \/>\n<meta property=\"og:type\" content=\"article\" \/>\n<meta property=\"og:title\" content=\"Pardavimo s\u0105lygos - Sonne\" \/>\n<meta property=\"og:description\" content=\"Internetin\u0117s parduotuv\u0117s sonneshop.ee (toliau &#8211; Internetin\u0117 parduotuv\u0117) savininkas yra O\u00dc Sonne Shop (registracijos kodas 16436538), \u012fsik\u016brusi adresu Kuninga 34, P\u00e4rnu. Pirkimo-pardavimo sutarties galiojimas, komercin\u0117 ir kain\u0173 informacija \u0160ios pardavimo s\u0105lygos taikomos perkant prekes i\u0161 internetin\u0117s parduotuv\u0117s. Internetin\u0117je parduotuv\u0117je parduodam\u0173 produkt\u0173 [&hellip;]\" \/>\n<meta property=\"og:url\" content=\"https:\/\/www.sonneshop.ee\/lt\/pardavimo-salygos\/\" \/>\n<meta property=\"og:site_name\" content=\"Sonne\" \/>\n<meta property=\"article:publisher\" content=\"https:\/\/www.facebook.com\/sonneshop\/\" \/>\n<meta property=\"article:modified_time\" content=\"2024-01-19T14:13:36+00:00\" \/>\n<meta name=\"twitter:card\" content=\"summary_large_image\" \/>\n<meta name=\"twitter:label1\" content=\"Est. reading time\" \/>\n\t<meta name=\"twitter:data1\" content=\"6 minut\u0117s\" \/>\n<script type=\"application\/ld+json\" class=\"yoast-schema-graph\">{\"@context\":\"https:\\\/\\\/schema.org\",\"@graph\":[{\"@type\":\"WebPage\",\"@id\":\"https:\\\/\\\/www.sonneshop.ee\\\/lt\\\/pardavimo-salygos\\\/\",\"url\":\"https:\\\/\\\/www.sonneshop.ee\\\/lt\\\/pardavimo-salygos\\\/\",\"name\":\"Pardavimo s\u0105lygos - Sonne\",\"isPartOf\":{\"@id\":\"https:\\\/\\\/www.sonneshop.ee\\\/lt\\\/#website\"},\"datePublished\":\"2023-11-17T12:20:38+00:00\",\"dateModified\":\"2024-01-19T14:13:36+00:00\",\"breadcrumb\":{\"@id\":\"https:\\\/\\\/www.sonneshop.ee\\\/lt\\\/pardavimo-salygos\\\/#breadcrumb\"},\"inLanguage\":\"lt-LT\",\"potentialAction\":[{\"@type\":\"ReadAction\",\"target\":[\"https:\\\/\\\/www.sonneshop.ee\\\/lt\\\/pardavimo-salygos\\\/\"]}]},{\"@type\":\"BreadcrumbList\",\"@id\":\"https:\\\/\\\/www.sonneshop.ee\\\/lt\\\/pardavimo-salygos\\\/#breadcrumb\",\"itemListElement\":[{\"@type\":\"ListItem\",\"position\":1,\"name\":\"Home\",\"item\":\"https:\\\/\\\/www.sonneshop.ee\\\/lt\\\/kava-namai-menas\\\/\"},{\"@type\":\"ListItem\",\"position\":2,\"name\":\"Pardavimo s\u0105lygos\"}]},{\"@type\":\"WebSite\",\"@id\":\"https:\\\/\\\/www.sonneshop.ee\\\/lt\\\/#website\",\"url\":\"https:\\\/\\\/www.sonneshop.ee\\\/lt\\\/\",\"name\":\"Sonne\",\"description\":\"Kohv.Kodu.Kunst\",\"publisher\":{\"@id\":\"https:\\\/\\\/www.sonneshop.ee\\\/lt\\\/#organization\"},\"potentialAction\":[{\"@type\":\"SearchAction\",\"target\":{\"@type\":\"EntryPoint\",\"urlTemplate\":\"https:\\\/\\\/www.sonneshop.ee\\\/lt\\\/?s={search_term_string}\"},\"query-input\":{\"@type\":\"PropertyValueSpecification\",\"valueRequired\":true,\"valueName\":\"search_term_string\"}}],\"inLanguage\":\"lt-LT\"},{\"@type\":\"Organization\",\"@id\":\"https:\\\/\\\/www.sonneshop.ee\\\/lt\\\/#organization\",\"name\":\"Sonne kohv.kodu.kunst\",\"url\":\"https:\\\/\\\/www.sonneshop.ee\\\/lt\\\/\",\"logo\":{\"@type\":\"ImageObject\",\"inLanguage\":\"lt-LT\",\"@id\":\"https:\\\/\\\/www.sonneshop.ee\\\/lt\\\/#\\\/schema\\\/logo\\\/image\\\/\",\"url\":\"https:\\\/\\\/www.sonneshop.ee\\\/wp-content\\\/uploads\\\/2023\\\/07\\\/Sonne_valge.png\",\"contentUrl\":\"https:\\\/\\\/www.sonneshop.ee\\\/wp-content\\\/uploads\\\/2023\\\/07\\\/Sonne_valge.png\",\"width\":600,\"height\":600,\"caption\":\"Sonne kohv.kodu.kunst\"},\"image\":{\"@id\":\"https:\\\/\\\/www.sonneshop.ee\\\/lt\\\/#\\\/schema\\\/logo\\\/image\\\/\"},\"sameAs\":[\"https:\\\/\\\/www.facebook.com\\\/sonneshop\\\/\"]}]}<\/script>\n<!-- \/ Yoast SEO plugin. -->","yoast_head_json":{"title":"Pardavimo s\u0105lygos - Sonne","robots":{"index":"index","follow":"follow","max-snippet":"max-snippet:-1","max-image-preview":"max-image-preview:large","max-video-preview":"max-video-preview:-1"},"canonical":"https:\/\/www.sonneshop.ee\/lt\/pardavimo-salygos\/","og_locale":"lt_LT","og_type":"article","og_title":"Pardavimo s\u0105lygos - Sonne","og_description":"Internetin\u0117s parduotuv\u0117s sonneshop.ee (toliau &#8211; Internetin\u0117 parduotuv\u0117) savininkas yra O\u00dc Sonne Shop (registracijos kodas 16436538), \u012fsik\u016brusi adresu Kuninga 34, P\u00e4rnu. Pirkimo-pardavimo sutarties galiojimas, komercin\u0117 ir kain\u0173 informacija \u0160ios pardavimo s\u0105lygos taikomos perkant prekes i\u0161 internetin\u0117s parduotuv\u0117s. Internetin\u0117je parduotuv\u0117je parduodam\u0173 produkt\u0173 [&hellip;]","og_url":"https:\/\/www.sonneshop.ee\/lt\/pardavimo-salygos\/","og_site_name":"Sonne","article_publisher":"https:\/\/www.facebook.com\/sonneshop\/","article_modified_time":"2024-01-19T14:13:36+00:00","twitter_card":"summary_large_image","twitter_misc":{"Est. reading time":"6 minut\u0117s"},"schema":{"@context":"https:\/\/schema.org","@graph":[{"@type":"WebPage","@id":"https:\/\/www.sonneshop.ee\/lt\/pardavimo-salygos\/","url":"https:\/\/www.sonneshop.ee\/lt\/pardavimo-salygos\/","name":"Pardavimo s\u0105lygos - Sonne","isPartOf":{"@id":"https:\/\/www.sonneshop.ee\/lt\/#website"},"datePublished":"2023-11-17T12:20:38+00:00","dateModified":"2024-01-19T14:13:36+00:00","breadcrumb":{"@id":"https:\/\/www.sonneshop.ee\/lt\/pardavimo-salygos\/#breadcrumb"},"inLanguage":"lt-LT","potentialAction":[{"@type":"ReadAction","target":["https:\/\/www.sonneshop.ee\/lt\/pardavimo-salygos\/"]}]},{"@type":"BreadcrumbList","@id":"https:\/\/www.sonneshop.ee\/lt\/pardavimo-salygos\/#breadcrumb","itemListElement":[{"@type":"ListItem","position":1,"name":"Home","item":"https:\/\/www.sonneshop.ee\/lt\/kava-namai-menas\/"},{"@type":"ListItem","position":2,"name":"Pardavimo s\u0105lygos"}]},{"@type":"WebSite","@id":"https:\/\/www.sonneshop.ee\/lt\/#website","url":"https:\/\/www.sonneshop.ee\/lt\/","name":"Sonne","description":"Kohv.Kodu.Kunst","publisher":{"@id":"https:\/\/www.sonneshop.ee\/lt\/#organization"},"potentialAction":[{"@type":"SearchAction","target":{"@type":"EntryPoint","urlTemplate":"https:\/\/www.sonneshop.ee\/lt\/?s={search_term_string}"},"query-input":{"@type":"PropertyValueSpecification","valueRequired":true,"valueName":"search_term_string"}}],"inLanguage":"lt-LT"},{"@type":"Organization","@id":"https:\/\/www.sonneshop.ee\/lt\/#organization","name":"Sonne kohv.kodu.kunst","url":"https:\/\/www.sonneshop.ee\/lt\/","logo":{"@type":"ImageObject","inLanguage":"lt-LT","@id":"https:\/\/www.sonneshop.ee\/lt\/#\/schema\/logo\/image\/","url":"https:\/\/www.sonneshop.ee\/wp-content\/uploads\/2023\/07\/Sonne_valge.png","contentUrl":"https:\/\/www.sonneshop.ee\/wp-content\/uploads\/2023\/07\/Sonne_valge.png","width":600,"height":600,"caption":"Sonne kohv.kodu.kunst"},"image":{"@id":"https:\/\/www.sonneshop.ee\/lt\/#\/schema\/logo\/image\/"},"sameAs":["https:\/\/www.facebook.com\/sonneshop\/"]}]}},"_links":{"self":[{"href":"https:\/\/www.sonneshop.ee\/lt\/wp-json\/wp\/v2\/pages\/7190","targetHints":{"allow":["GET"]}}],"collection":[{"href":"https:\/\/www.sonneshop.ee\/lt\/wp-json\/wp\/v2\/pages"}],"about":[{"href":"https:\/\/www.sonneshop.ee\/lt\/wp-json\/wp\/v2\/types\/page"}],"author":[{"embeddable":true,"href":"https:\/\/www.sonneshop.ee\/lt\/wp-json\/wp\/v2\/users\/1"}],"replies":[{"embeddable":true,"href":"https:\/\/www.sonneshop.ee\/lt\/wp-json\/wp\/v2\/comments?post=7190"}],"version-history":[{"count":1,"href":"https:\/\/www.sonneshop.ee\/lt\/wp-json\/wp\/v2\/pages\/7190\/revisions"}],"predecessor-version":[{"id":7191,"href":"https:\/\/www.sonneshop.ee\/lt\/wp-json\/wp\/v2\/pages\/7190\/revisions\/7191"}],"wp:attachment":[{"href":"https:\/\/www.sonneshop.ee\/lt\/wp-json\/wp\/v2\/media?parent=7190"}],"curies":[{"name":"wp","href":"https:\/\/api.w.org\/{rel}","templated":true}]}}