{"id":7151,"date":"2023-06-12T07:40:11","date_gmt":"2023-06-12T04:40:11","guid":{"rendered":"https:\/\/www.sonneshop.ee\/privatumo-politika\/"},"modified":"2026-04-06T10:24:41","modified_gmt":"2026-04-06T07:24:41","slug":"privatumo-politika","status":"publish","type":"page","link":"https:\/\/www.sonneshop.ee\/lt\/privatumo-politika\/","title":{"rendered":"Privatumo politika"},"content":{"rendered":"\t\t<div data-elementor-type=\"wp-page\" data-elementor-id=\"7151\" class=\"elementor elementor-7151 elementor-3\">\n\t\t\t\t\t\t<section class=\"elementor-section elementor-top-section elementor-element elementor-element-10535e2f elementor-section-boxed elementor-section-height-default elementor-section-height-default\" data-id=\"10535e2f\" data-element_type=\"section\" data-e-type=\"section\" data-settings=\"{&quot;grandrestaurant_ext_is_background_parallax&quot;:&quot;false&quot;,&quot;grandrestaurant_ext_is_background_backdrop&quot;:&quot;false&quot;,&quot;grandrestaurant_ext_is_background_on_scroll&quot;:&quot;false&quot;}\">\n\t\t\t\t\t\t<div class=\"elementor-container elementor-column-gap-default\">\n\t\t\t\t\t<div class=\"elementor-column elementor-col-100 elementor-top-column elementor-element elementor-element-381680a0\" data-id=\"381680a0\" data-element_type=\"column\" data-e-type=\"column\" data-settings=\"{&quot;grandrestaurant_ext_link_reservation&quot;:&quot;false&quot;,&quot;grandrestaurant_ext_link_sidemenu&quot;:&quot;false&quot;,&quot;grandrestaurant_ext_link_fullmenu&quot;:&quot;false&quot;,&quot;grandrestaurant_ext_link_closed_fullmenu&quot;:&quot;false&quot;,&quot;grandrestaurant_ext_is_scrollme&quot;:&quot;false&quot;,&quot;grandrestaurant_ext_is_smoove&quot;:&quot;false&quot;,&quot;grandrestaurant_ext_is_parallax_mouse&quot;:&quot;false&quot;,&quot;grandrestaurant_ext_is_infinite&quot;:&quot;false&quot;,&quot;grandrestaurant_ext_is_fadeout_animation&quot;:&quot;false&quot;,&quot;grandrestaurant_ext_mobile_static&quot;:&quot;false&quot;}\">\n\t\t\t<div class=\"elementor-widget-wrap elementor-element-populated\">\n\t\t\t\t\t\t<div class=\"elementor-element elementor-element-6400a70 elementor-widget elementor-widget-spacer\" data-id=\"6400a70\" data-element_type=\"widget\" data-e-type=\"widget\" data-settings=\"{&quot;grandrestaurant_ext_link_reservation&quot;:&quot;false&quot;,&quot;grandrestaurant_ext_link_sidemenu&quot;:&quot;false&quot;,&quot;grandrestaurant_ext_link_fullmenu&quot;:&quot;false&quot;,&quot;grandrestaurant_ext_link_closed_fullmenu&quot;:&quot;false&quot;,&quot;grandrestaurant_ext_is_scrollme&quot;:&quot;false&quot;,&quot;grandrestaurant_ext_is_smoove&quot;:&quot;false&quot;,&quot;grandrestaurant_ext_is_parallax_mouse&quot;:&quot;false&quot;,&quot;grandrestaurant_ext_is_infinite&quot;:&quot;false&quot;,&quot;grandrestaurant_ext_is_fadeout_animation&quot;:&quot;false&quot;,&quot;grandrestaurant_ext_mobile_static&quot;:&quot;false&quot;}\" data-widget_type=\"spacer.default\">\n\t\t\t\t<div class=\"elementor-widget-container\">\n\t\t\t\t\t\t\t<div class=\"elementor-spacer\">\n\t\t\t<div class=\"elementor-spacer-inner\"><\/div>\n\t\t<\/div>\n\t\t\t\t\t\t<\/div>\n\t\t\t\t<\/div>\n\t\t\t\t<div class=\"elementor-element elementor-element-b767149 elementor-hidden-tablet elementor-hidden-mobile elementor-widget elementor-widget-heading\" data-id=\"b767149\" data-element_type=\"widget\" data-e-type=\"widget\" data-settings=\"{&quot;grandrestaurant_ext_link_reservation&quot;:&quot;false&quot;,&quot;grandrestaurant_ext_link_sidemenu&quot;:&quot;false&quot;,&quot;grandrestaurant_ext_link_fullmenu&quot;:&quot;false&quot;,&quot;grandrestaurant_ext_link_closed_fullmenu&quot;:&quot;false&quot;,&quot;grandrestaurant_ext_is_scrollme&quot;:&quot;false&quot;,&quot;grandrestaurant_ext_is_smoove&quot;:&quot;false&quot;,&quot;grandrestaurant_ext_is_parallax_mouse&quot;:&quot;false&quot;,&quot;grandrestaurant_ext_is_infinite&quot;:&quot;false&quot;,&quot;grandrestaurant_ext_is_fadeout_animation&quot;:&quot;false&quot;,&quot;grandrestaurant_ext_mobile_static&quot;:&quot;false&quot;}\" data-widget_type=\"heading.default\">\n\t\t\t\t<div class=\"elementor-widget-container\">\n\t\t\t\t\t<h2 class=\"elementor-heading-title elementor-size-default\">Privatumo politika<\/h2>\t\t\t\t<\/div>\n\t\t\t\t<\/div>\n\t\t\t\t<div class=\"elementor-element elementor-element-6a68093 elementor-hidden-desktop elementor-widget elementor-widget-heading\" data-id=\"6a68093\" data-element_type=\"widget\" data-e-type=\"widget\" data-settings=\"{&quot;grandrestaurant_ext_link_reservation&quot;:&quot;false&quot;,&quot;grandrestaurant_ext_link_sidemenu&quot;:&quot;false&quot;,&quot;grandrestaurant_ext_link_fullmenu&quot;:&quot;false&quot;,&quot;grandrestaurant_ext_link_closed_fullmenu&quot;:&quot;false&quot;,&quot;grandrestaurant_ext_is_scrollme&quot;:&quot;false&quot;,&quot;grandrestaurant_ext_is_smoove&quot;:&quot;false&quot;,&quot;grandrestaurant_ext_is_parallax_mouse&quot;:&quot;false&quot;,&quot;grandrestaurant_ext_is_infinite&quot;:&quot;false&quot;,&quot;grandrestaurant_ext_is_fadeout_animation&quot;:&quot;false&quot;,&quot;grandrestaurant_ext_mobile_static&quot;:&quot;false&quot;}\" data-widget_type=\"heading.default\">\n\t\t\t\t<div class=\"elementor-widget-container\">\n\t\t\t\t\t<h2 class=\"elementor-heading-title elementor-size-default\">Privatumo politika<\/h2>\t\t\t\t<\/div>\n\t\t\t\t<\/div>\n\t\t\t\t<div class=\"elementor-element elementor-element-46c81016 elementor-widget elementor-widget-text-editor\" data-id=\"46c81016\" data-element_type=\"widget\" data-e-type=\"widget\" data-settings=\"{&quot;grandrestaurant_ext_link_reservation&quot;:&quot;false&quot;,&quot;grandrestaurant_ext_link_sidemenu&quot;:&quot;false&quot;,&quot;grandrestaurant_ext_link_fullmenu&quot;:&quot;false&quot;,&quot;grandrestaurant_ext_link_closed_fullmenu&quot;:&quot;false&quot;,&quot;grandrestaurant_ext_is_scrollme&quot;:&quot;false&quot;,&quot;grandrestaurant_ext_is_smoove&quot;:&quot;false&quot;,&quot;grandrestaurant_ext_is_parallax_mouse&quot;:&quot;false&quot;,&quot;grandrestaurant_ext_is_infinite&quot;:&quot;false&quot;,&quot;grandrestaurant_ext_is_fadeout_animation&quot;:&quot;false&quot;,&quot;grandrestaurant_ext_mobile_static&quot;:&quot;false&quot;}\" data-widget_type=\"text-editor.default\">\n\t\t\t\t<div class=\"elementor-widget-container\">\n\t\t\t\t\t\t\t\t\t<div class=\"page\" title=\"Puslapis 1\"><div class=\"layoutArea\"><p>Internetin\u0117s parduotuv\u0117s www.sonneshop.ee asmens duomen\u0173 valdytojas yra &#8222;Sonne Shop O\u00dc&#8221; (registruota buvein\u0117 16436538), P\u00e4rnu apskritis, P\u00e4rnu miestas, Kihlepa kaimas, Meieri, 88305, tel. +372 <a href=\"tel:37258331631\">5833 1631<\/a> ir el. pa\u0161tas <a href=\"mailto:info@sonneshop.ee\">info@sonneshop.ee<\/a>.<\/p><h4 class=\"column\"><strong>Kokie asmens duomenys tvarkomi<\/strong><\/h4><ul><li>vard\u0105, pavard\u0119, telefono numer\u012f ir el. pa\u0161to adres\u0105;<\/li><li>pristatymo adresas;<\/li><li>banko s\u0105skaitos numeris;<\/li><li>preki\u0173 ir paslaug\u0173 kain\u0105 ir mok\u0117jimo duomenis (pirkimo istorij\u0105);<\/li><li>informacija apie klient\u0173 aptarnavim\u0105;<\/li><li>IP adresas<\/li><\/ul><h4><strong>Asmens duomen\u0173 tvarkymo tikslai<\/strong><\/h4><p>Asmens duomenys naudojami klient\u0173 u\u017esakymams valdyti ir prek\u0117ms pristatyti.<\/p><p>Pirkimo istorijos duomenys (pirkimo data, prek\u0117s, kiekis, kliento duomenys) naudojami siekiant sudaryti \u012fsigyt\u0173 preki\u0173 ir paslaug\u0173 ap\u017evalg\u0105, analizuoti klient\u0173 pageidavimus ir, be kita ko, spr\u0119sti vartotoj\u0173 gin\u010dus.<\/p><p>Banko s\u0105skaitos numeris naudojamas gr\u0105\u017einant mok\u0117jimus klientui.<\/p><p>Asmens duomenys, tokie kaip el. pa\u0161tas, telefono numeris, kliento vardas ir pavard\u0117, tvarkomi siekiant i\u0161spr\u0119sti klausimus, susijusius su preki\u0173 ir paslaug\u0173 teikimu (klient\u0173 aptarnavimas). El. pa\u0161tu taip pat siun\u010diamos s\u0105skaitos fakt\u016bros, o telefono numeriu prane\u0161ama apie preki\u0173 atve\u017eim\u0105 \u012f siunt\u0173 automat\u0105.<\/p><p>Internetin\u0117s parduotuv\u0117s naudotojo IP adresas arba kiti tinklo identifikatoriai tvarkomi siekiant teikti internetin\u0119 parduotuv\u0119 kaip informacin\u0117s visuomen\u0117s paslaug\u0105 ir interneto naudojimo statistikos tikslais.<\/p><h4><strong>Teisinis pagrindas<\/strong><\/h4><p>Asmens duomenys tvarkomi sutarties su klientu vykdymo tikslais (klient\u0173 u\u017esakym\u0173 valdymas, preki\u0173 pristatymas, gr\u0105\u017einimas ir mok\u0117jimai).<\/p><\/div><\/div><div class=\"page\" title=\"2 puslapis\"><div class=\"layoutArea\"><div class=\"column\"><p>Asmens duomenys tvarkomi siekiant \u012fvykdyti teisin\u0119 prievol\u0119 (pvz., buhalterin\u0119 apskait\u0105).<\/p><p>Asmens duomenis tvarkyti b\u016btina d\u0117l teis\u0117to intereso, kurio siekia duomen\u0173 valdytojas, rinkdamas pirkimo istorij\u0105, kad gal\u0117t\u0173 spr\u0119sti galimus vartotoj\u0173 gin\u010dus.<\/p><h4><strong>Gav\u0117jai, kuriems atskleid\u017eiami asmens duomenys<\/strong><\/h4><p>&#8222;Sonne Shop O\u00dc&#8221; yra asmens duomen\u0173 valdytojas, &#8222;Sonne Shop O\u00dc&#8221; asmens duomenis, reikalingus mok\u0117jimams atlikti, perduoda tvarkytojui &#8222;Maksekeskus AS&#8221;.<\/p><p>Asmens duomenys bus perduodami internetin\u0117s parduotuv\u0117s klient\u0173 aptarnavimo tarnybai, kad b\u016bt\u0173 galima tvarkyti pirkinius ir pirkini\u0173 istorij\u0105 bei spr\u0119sti klient\u0173 problemas. (taikoma tik tuo atveju, jei klient\u0173 aptarnavimo paslaug\u0105 teikia kitas asmuo, t. y. asmuo, nepriklausantis e. parduotuvei).<\/p><p>Vardas, pavard\u0117, telefono numeris ir el. pa\u0161to adresas bus perduoti kliento pasirinktam transporto paslaug\u0173 teik\u0117jui. Jei prekes pristato kurjeris, be kontaktini\u0173 duomen\u0173 bus nurodytas ir kliento adresas.<\/p><p>Jei internetin\u0117s parduotuv\u0117s apskait\u0105 vykdo paslaug\u0173 teik\u0117jas, asmens duomenys bus perduoti paslaug\u0173 teik\u0117jui apskaitos operacijoms atlikti.<\/p><p>Asmens duomenys gali b\u016bti perduodami informacini\u0173 technologij\u0173 paslaug\u0173 teik\u0117jams, jei tai b\u016btina internetin\u0117s parduotuv\u0117s funkcionalumui ar duomen\u0173 prieinamumui u\u017etikrinti.<\/p><h4><strong>Saugumas ir prieiga prie duomen\u0173<\/strong><\/h4><p>Asmens duomenys saugomi prieglobos paslaugos serveriuose, esan\u010diuose Europos S\u0105jungos valstyb\u0117s nar\u0117s arba prie Europos ekonomin\u0117s erdv\u0117s prisijungusios \u0161alies teritorijoje. Duomenys gali b\u016bti perduodami \u012f \u0161alis, kuri\u0173 duomen\u0173 apsaugos lyg\u012f Europos Komisija \u012fvertino kaip tinkam\u0105, arba \u012f tre\u010diojoje \u0161alyje esan\u010di\u0105 \u012fmon\u0119, kuriai taikoma apsaugos priemon\u0117, kaip nurodyta BDAR 46, 47 straipsniuose arba 49 straipsnio 1 dalyje.<\/p><\/div><\/div><\/div><div class=\"page\" title=\"Puslapis 3\"><div class=\"layoutArea\"><div class=\"column\"><p>Prieiga prie asmens duomen\u0173 suteikiama internetin\u0117s parduotuv\u0117s darbuotojams, kurie gali susipa\u017einti su asmens duomenimis, kad gal\u0117t\u0173 spr\u0119sti techninius klausimus, susijusius su naudojimusi internetine parduotuve, ir teikti klient\u0173 aptarnavimo paslaugas.<\/p><p>Internetin\u0117 parduotuv\u0117 \u012fgyvendina tinkamas fizines, organizacines ir informacini\u0173 technologij\u0173 saugumo priemones, kad apsaugot\u0173 asmens duomenis nuo atsitiktinio ar neteis\u0117to sunaikinimo, praradimo, pakeitimo ar neteis\u0117tos prieigos ir atskleidimo, pavyzd\u017eiui: internetin\u0117s parduotuv\u0117s serveri\u0173 ugniasien\u0117 ir tinkama antivirusin\u0117 apsauga, reguliariai kuriamos ir atskirai nuo internetin\u0117s parduotuv\u0117s serverio saugomos atsargin\u0117s kopijos.<\/p><p>Internetin\u0117s parduotuv\u0117s asmens duomen\u0173 perdavimas gav\u0117jams (pvz., transporto paslaug\u0173 teik\u0117jams ir duomen\u0173 kaupikliams) grind\u017eiamas internetin\u0117s parduotuv\u0117s ir duomen\u0173 tvarkytoj\u0173 sutartimis. Duomen\u0173 valdytojai privalo u\u017etikrinti tinkamas asmens duomen\u0173 tvarkymo apsaugos priemones pagal BDAR 28 straipsn\u012f.<\/p><h4><strong>Prieiga prie asmens duomen\u0173 ir j\u0173 taisymas<\/strong><\/h4><p>Asmens duomenis galima per\u017ei\u016br\u0117ti ir i\u0161taisyti internetin\u0117s parduotuv\u0117s naudotojo profilyje arba per klient\u0173 aptarnavimo skyri\u0173. Jei pirkimas atliktas be naudotojo paskyros, asmeninius duomenis galite pasiekti prisijung\u0119. Jei pra\u0161ymas susipa\u017einti su asmens duomenimis pateikiamas elektronin\u0117mis priemon\u0117mis, informacija taip pat pateikiama vie\u0161ai prieinamomis elektronin\u0117mis priemon\u0117mis.<\/p><\/div><\/div><div class=\"layoutArea\"><div class=\"column\"><h4><strong>Sutikimo at\u0161aukimas<\/strong><\/h4><div class=\"layoutArea\"><div class=\"column\"><p>Jei asmens duomenys tvarkomi remiantis kliento sutikimu, klientas turi teis\u0119 at\u0161aukti sutikim\u0105 kliento paskyros nustatymuose arba informuodamas klient\u0173 aptarnavimo skyri\u0173 el. pa\u0161tu.<\/p><\/div><\/div><h4><strong>Saugykla<\/strong><\/h4><\/div><div class=\"column\"><p>U\u017edarius internetin\u0117s parduotuv\u0117s kliento paskyr\u0105, j\u016bs\u0173 asmens duomenys bus i\u0161trinti, i\u0161skyrus asmens duomenis (pirkimo istorijos duomenis), kuriuos reikia saugoti apskaitos tikslais arba sprend\u017eiant vartotoj\u0173 gin\u010dus.<\/p><\/div><\/div><div class=\"layoutArea\"><div class=\"column\"><p>Gin\u010d\u0173, susijusi\u0173 su mok\u0117jimais ir vartotoj\u0173 gin\u010dais, atveju asmens duomenys bus saugomi tol, kol reikalavimas bus patenkintas arba pasibaigs senaties terminas.<\/p><p>Apskaitos dokumentuose esantys asmens duomenys saugomi septynerius metus.<\/p><h4><strong>Apribojimas<\/strong><\/h4><p>Turite teis\u0119 reikalauti apriboti savo asmens duomen\u0173 tvarkym\u0105, jei duomenys yra netiksl\u016bs ar nei\u0161sam\u016bs arba jei j\u016bs\u0173 asmens duomenys tvarkomi neteis\u0117tai.<\/p><\/div><\/div><\/div><div class=\"page\" title=\"Puslapis 4\"><div class=\"layoutArea\"><div class=\"column\"><h4><strong>Prie\u0161taravimai<\/strong><\/h4><p>Klientas turi teis\u0119 nesutikti, kad b\u016bt\u0173 tvarkomi jo asmens duomenys, jei jis turi pagrindo manyti, kad n\u0117ra teis\u0117to pagrindo tvarkyti jo asmens duomenis.<\/p><h4><strong>Pa\u0161alinimas<\/strong><\/h4><p>Nor\u0117dami i\u0161trinti asmens duomenis, turite susisiekti su klient\u0173 aptarnavimo tarnyba el. pa\u0161tu. Atsakymas \u012f pra\u0161ym\u0105 i\u0161trinti duomenis bus pateiktas ne v\u0117liau kaip per vien\u0105 m\u0117nes\u012f, nurodant i\u0161trynimo laikotarp\u012f. Atsakyme \u012f pra\u0161ym\u0105 taip pat bus nurodyta, kurie asmens duomenys nebus i\u0161trinti, kokiu teisiniu pagrindu ir d\u0117l kokios prie\u017easties.<\/p><h4><strong>Perk\u0117limas \u012f<\/strong><\/h4><p>\u012e el. pa\u0161tu pateiktus pra\u0161ymus d\u0117l asmens duomen\u0173 perdavimo bus atsakyta ne v\u0117liau kaip per vien\u0105 m\u0117nes\u012f. Klient\u0173 aptarnavimo tarnyba patikrins tapatyb\u0119 ir prane\u0161 apie perduodamus asmens duomenis.<\/p><\/div><\/div><div class=\"layoutArea\"><div class=\"column\"><h4><strong>Tiesiogin\u0117s rinkodaros prane\u0161imai<\/strong><\/h4><p>El. pa\u0161to adresas ir telefono numeris bus naudojami tiesiogin\u0117s rinkodaros prane\u0161imams si\u0173sti, jei klientas dav\u0117 sutikim\u0105. Jei klientas nepageidauja gauti tiesiogin\u0117s rinkodaros prane\u0161im\u0173, jis tur\u0117t\u0173 pasirinkti atitinkam\u0105 nuorod\u0105 el. lai\u0161ko para\u0161t\u0117je arba susisiekti su klient\u0173 aptarnavimo tarnyba.<\/p><\/div><\/div><div class=\"section\"><div class=\"layoutArea\"><div class=\"column\"><p>Jei asmens duomenys tvarkomi tiesiogin\u0117s rinkodaros (profiliavimo) tikslais, klientas turi teis\u0119 bet kuriuo metu nesutikti su pirminiu ir tolesniu savo asmens duomen\u0173 tvarkymu, \u012fskaitant profiliavim\u0105, susijus\u012f su tiesiogine rinkodara, apie tai informuodamas klient\u0173 aptarnavimo skyri\u0173 el. pa\u0161tu.<\/p><\/div><\/div><\/div><div class=\"layoutArea\"><div class=\"column\"><h4><strong>Gin\u010d\u0173 sprendimas<\/strong><\/h4><p>Gin\u010dus, susijusius su asmens duomen\u0173 tvarkymu, galima spr\u0119sti per klient\u0173 aptarnavimo skyri\u0173 adresu <a href=\"mailto:info@sonneshop.ee\">info@sonneshop.ee<\/a>. Prie\u017ei\u016bros institucija yra Estijos duomen\u0173 apsaugos inspekcija (info@aki.ee).<\/p><\/div><\/div><\/div>\t\t\t\t\t\t\t\t<\/div>\n\t\t\t\t<\/div>\n\t\t\t\t\t<\/div>\n\t\t<\/div>\n\t\t\t\t\t<\/div>\n\t\t<\/section>\n\t\t\t\t<\/div>\n\t\t","protected":false},"excerpt":{"rendered":"<p>Privatumo politika Privatumo politika Internetin\u0117s parduotuv\u0117s www.sonneshop.ee asmens duomen\u0173 valdytojas yra &#8222;Sonne Shop O\u00dc&#8221; (registruota buvein\u0117 16436538), P\u00e4rnu apskritis, P\u00e4rnu miestas, Kihlepa kaimas, Meieri, 88305, tel. +372 5833 1631 ir el. pa\u0161tas info@sonneshop.ee. Kokie asmens duomenys tvarkomi vard\u0105, pavard\u0119, telefono [&hellip;]<\/p>\n","protected":false},"author":1,"featured_media":0,"parent":0,"menu_order":0,"comment_status":"closed","ping_status":"closed","template":"","meta":{"footnotes":""},"class_list":["post-7151","page","type-page","status-publish","hentry"],"yoast_head":"<!-- This site is optimized with the Yoast SEO plugin v27.5 - https:\/\/yoast.com\/product\/yoast-seo-wordpress\/ -->\n<title>Privatumo politika - Sonne<\/title>\n<meta name=\"robots\" content=\"index, follow, max-snippet:-1, max-image-preview:large, max-video-preview:-1\" \/>\n<link rel=\"canonical\" href=\"https:\/\/www.sonneshop.ee\/lt\/privatumo-politika\/\" \/>\n<meta property=\"og:locale\" content=\"lt_LT\" \/>\n<meta property=\"og:type\" content=\"article\" \/>\n<meta property=\"og:title\" content=\"Privatumo politika - Sonne\" \/>\n<meta property=\"og:description\" content=\"Privatumo politika Privatumo politika Internetin\u0117s parduotuv\u0117s www.sonneshop.ee asmens duomen\u0173 valdytojas yra &#8222;Sonne Shop O\u00dc&#8221; (registruota buvein\u0117 16436538), P\u00e4rnu apskritis, P\u00e4rnu miestas, Kihlepa kaimas, Meieri, 88305, tel. +372 5833 1631 ir el. pa\u0161tas info@sonneshop.ee. Kokie asmens duomenys tvarkomi vard\u0105, pavard\u0119, telefono [&hellip;]\" \/>\n<meta property=\"og:url\" content=\"https:\/\/www.sonneshop.ee\/lt\/privatumo-politika\/\" \/>\n<meta property=\"og:site_name\" content=\"Sonne\" \/>\n<meta property=\"article:publisher\" content=\"https:\/\/www.facebook.com\/sonneshop\/\" \/>\n<meta property=\"article:modified_time\" content=\"2026-04-06T07:24:41+00:00\" \/>\n<meta name=\"twitter:card\" content=\"summary_large_image\" \/>\n<meta name=\"twitter:label1\" content=\"Est. reading time\" \/>\n\t<meta name=\"twitter:data1\" content=\"5 minut\u0117s\" \/>\n<script type=\"application\/ld+json\" class=\"yoast-schema-graph\">{\"@context\":\"https:\\\/\\\/schema.org\",\"@graph\":[{\"@type\":\"WebPage\",\"@id\":\"https:\\\/\\\/www.sonneshop.ee\\\/lt\\\/privatumo-politika\\\/\",\"url\":\"https:\\\/\\\/www.sonneshop.ee\\\/lt\\\/privatumo-politika\\\/\",\"name\":\"Privatumo politika - Sonne\",\"isPartOf\":{\"@id\":\"https:\\\/\\\/www.sonneshop.ee\\\/lt\\\/#website\"},\"datePublished\":\"2023-06-12T04:40:11+00:00\",\"dateModified\":\"2026-04-06T07:24:41+00:00\",\"breadcrumb\":{\"@id\":\"https:\\\/\\\/www.sonneshop.ee\\\/lt\\\/privatumo-politika\\\/#breadcrumb\"},\"inLanguage\":\"lt-LT\",\"potentialAction\":[{\"@type\":\"ReadAction\",\"target\":[\"https:\\\/\\\/www.sonneshop.ee\\\/lt\\\/privatumo-politika\\\/\"]}]},{\"@type\":\"BreadcrumbList\",\"@id\":\"https:\\\/\\\/www.sonneshop.ee\\\/lt\\\/privatumo-politika\\\/#breadcrumb\",\"itemListElement\":[{\"@type\":\"ListItem\",\"position\":1,\"name\":\"Home\",\"item\":\"https:\\\/\\\/www.sonneshop.ee\\\/lt\\\/kava-namai-menas\\\/\"},{\"@type\":\"ListItem\",\"position\":2,\"name\":\"Privatumo politika\"}]},{\"@type\":\"WebSite\",\"@id\":\"https:\\\/\\\/www.sonneshop.ee\\\/lt\\\/#website\",\"url\":\"https:\\\/\\\/www.sonneshop.ee\\\/lt\\\/\",\"name\":\"Sonne\",\"description\":\"Kohv.Kodu.Kunst\",\"publisher\":{\"@id\":\"https:\\\/\\\/www.sonneshop.ee\\\/lt\\\/#organization\"},\"potentialAction\":[{\"@type\":\"SearchAction\",\"target\":{\"@type\":\"EntryPoint\",\"urlTemplate\":\"https:\\\/\\\/www.sonneshop.ee\\\/lt\\\/?s={search_term_string}\"},\"query-input\":{\"@type\":\"PropertyValueSpecification\",\"valueRequired\":true,\"valueName\":\"search_term_string\"}}],\"inLanguage\":\"lt-LT\"},{\"@type\":\"Organization\",\"@id\":\"https:\\\/\\\/www.sonneshop.ee\\\/lt\\\/#organization\",\"name\":\"Sonne kohv.kodu.kunst\",\"url\":\"https:\\\/\\\/www.sonneshop.ee\\\/lt\\\/\",\"logo\":{\"@type\":\"ImageObject\",\"inLanguage\":\"lt-LT\",\"@id\":\"https:\\\/\\\/www.sonneshop.ee\\\/lt\\\/#\\\/schema\\\/logo\\\/image\\\/\",\"url\":\"https:\\\/\\\/www.sonneshop.ee\\\/wp-content\\\/uploads\\\/2023\\\/07\\\/Sonne_valge.png\",\"contentUrl\":\"https:\\\/\\\/www.sonneshop.ee\\\/wp-content\\\/uploads\\\/2023\\\/07\\\/Sonne_valge.png\",\"width\":600,\"height\":600,\"caption\":\"Sonne kohv.kodu.kunst\"},\"image\":{\"@id\":\"https:\\\/\\\/www.sonneshop.ee\\\/lt\\\/#\\\/schema\\\/logo\\\/image\\\/\"},\"sameAs\":[\"https:\\\/\\\/www.facebook.com\\\/sonneshop\\\/\"]}]}<\/script>\n<!-- \/ Yoast SEO plugin. -->","yoast_head_json":{"title":"Privatumo politika - Sonne","robots":{"index":"index","follow":"follow","max-snippet":"max-snippet:-1","max-image-preview":"max-image-preview:large","max-video-preview":"max-video-preview:-1"},"canonical":"https:\/\/www.sonneshop.ee\/lt\/privatumo-politika\/","og_locale":"lt_LT","og_type":"article","og_title":"Privatumo politika - Sonne","og_description":"Privatumo politika Privatumo politika Internetin\u0117s parduotuv\u0117s www.sonneshop.ee asmens duomen\u0173 valdytojas yra &#8222;Sonne Shop O\u00dc&#8221; (registruota buvein\u0117 16436538), P\u00e4rnu apskritis, P\u00e4rnu miestas, Kihlepa kaimas, Meieri, 88305, tel. +372 5833 1631 ir el. pa\u0161tas info@sonneshop.ee. Kokie asmens duomenys tvarkomi vard\u0105, pavard\u0119, telefono [&hellip;]","og_url":"https:\/\/www.sonneshop.ee\/lt\/privatumo-politika\/","og_site_name":"Sonne","article_publisher":"https:\/\/www.facebook.com\/sonneshop\/","article_modified_time":"2026-04-06T07:24:41+00:00","twitter_card":"summary_large_image","twitter_misc":{"Est. reading time":"5 minut\u0117s"},"schema":{"@context":"https:\/\/schema.org","@graph":[{"@type":"WebPage","@id":"https:\/\/www.sonneshop.ee\/lt\/privatumo-politika\/","url":"https:\/\/www.sonneshop.ee\/lt\/privatumo-politika\/","name":"Privatumo politika - Sonne","isPartOf":{"@id":"https:\/\/www.sonneshop.ee\/lt\/#website"},"datePublished":"2023-06-12T04:40:11+00:00","dateModified":"2026-04-06T07:24:41+00:00","breadcrumb":{"@id":"https:\/\/www.sonneshop.ee\/lt\/privatumo-politika\/#breadcrumb"},"inLanguage":"lt-LT","potentialAction":[{"@type":"ReadAction","target":["https:\/\/www.sonneshop.ee\/lt\/privatumo-politika\/"]}]},{"@type":"BreadcrumbList","@id":"https:\/\/www.sonneshop.ee\/lt\/privatumo-politika\/#breadcrumb","itemListElement":[{"@type":"ListItem","position":1,"name":"Home","item":"https:\/\/www.sonneshop.ee\/lt\/kava-namai-menas\/"},{"@type":"ListItem","position":2,"name":"Privatumo politika"}]},{"@type":"WebSite","@id":"https:\/\/www.sonneshop.ee\/lt\/#website","url":"https:\/\/www.sonneshop.ee\/lt\/","name":"Sonne","description":"Kohv.Kodu.Kunst","publisher":{"@id":"https:\/\/www.sonneshop.ee\/lt\/#organization"},"potentialAction":[{"@type":"SearchAction","target":{"@type":"EntryPoint","urlTemplate":"https:\/\/www.sonneshop.ee\/lt\/?s={search_term_string}"},"query-input":{"@type":"PropertyValueSpecification","valueRequired":true,"valueName":"search_term_string"}}],"inLanguage":"lt-LT"},{"@type":"Organization","@id":"https:\/\/www.sonneshop.ee\/lt\/#organization","name":"Sonne kohv.kodu.kunst","url":"https:\/\/www.sonneshop.ee\/lt\/","logo":{"@type":"ImageObject","inLanguage":"lt-LT","@id":"https:\/\/www.sonneshop.ee\/lt\/#\/schema\/logo\/image\/","url":"https:\/\/www.sonneshop.ee\/wp-content\/uploads\/2023\/07\/Sonne_valge.png","contentUrl":"https:\/\/www.sonneshop.ee\/wp-content\/uploads\/2023\/07\/Sonne_valge.png","width":600,"height":600,"caption":"Sonne kohv.kodu.kunst"},"image":{"@id":"https:\/\/www.sonneshop.ee\/lt\/#\/schema\/logo\/image\/"},"sameAs":["https:\/\/www.facebook.com\/sonneshop\/"]}]}},"_links":{"self":[{"href":"https:\/\/www.sonneshop.ee\/lt\/wp-json\/wp\/v2\/pages\/7151","targetHints":{"allow":["GET"]}}],"collection":[{"href":"https:\/\/www.sonneshop.ee\/lt\/wp-json\/wp\/v2\/pages"}],"about":[{"href":"https:\/\/www.sonneshop.ee\/lt\/wp-json\/wp\/v2\/types\/page"}],"author":[{"embeddable":true,"href":"https:\/\/www.sonneshop.ee\/lt\/wp-json\/wp\/v2\/users\/1"}],"replies":[{"embeddable":true,"href":"https:\/\/www.sonneshop.ee\/lt\/wp-json\/wp\/v2\/comments?post=7151"}],"version-history":[{"count":4,"href":"https:\/\/www.sonneshop.ee\/lt\/wp-json\/wp\/v2\/pages\/7151\/revisions"}],"predecessor-version":[{"id":11070,"href":"https:\/\/www.sonneshop.ee\/lt\/wp-json\/wp\/v2\/pages\/7151\/revisions\/11070"}],"wp:attachment":[{"href":"https:\/\/www.sonneshop.ee\/lt\/wp-json\/wp\/v2\/media?parent=7151"}],"curies":[{"name":"wp","href":"https:\/\/api.w.org\/{rel}","templated":true}]}}