{"id":7150,"date":"2023-10-01T15:54:13","date_gmt":"2023-10-01T12:54:13","guid":{"rendered":"https:\/\/www.sonneshop.ee\/uzsakymo-salygos\/"},"modified":"2026-04-06T10:23:01","modified_gmt":"2026-04-06T07:23:01","slug":"uzsakymo-salygos","status":"publish","type":"page","link":"https:\/\/www.sonneshop.ee\/lt\/uzsakymo-salygos\/","title":{"rendered":"U\u017esakymo s\u0105lygos"},"content":{"rendered":"\t\t<div data-elementor-type=\"wp-page\" data-elementor-id=\"7150\" class=\"elementor elementor-7150 elementor-5042\">\n\t\t\t\t\t\t<section class=\"elementor-section elementor-top-section elementor-element elementor-element-ddabfc8 elementor-section-boxed elementor-section-height-default elementor-section-height-default\" data-id=\"ddabfc8\" data-element_type=\"section\" data-e-type=\"section\" data-settings=\"{&quot;grandrestaurant_ext_is_background_parallax&quot;:&quot;false&quot;,&quot;grandrestaurant_ext_is_background_backdrop&quot;:&quot;false&quot;,&quot;grandrestaurant_ext_is_background_on_scroll&quot;:&quot;false&quot;}\">\n\t\t\t\t\t\t<div class=\"elementor-container elementor-column-gap-default\">\n\t\t\t\t\t<div class=\"elementor-column elementor-col-100 elementor-top-column elementor-element elementor-element-83bd9cd\" data-id=\"83bd9cd\" data-element_type=\"column\" data-e-type=\"column\" data-settings=\"{&quot;grandrestaurant_ext_link_reservation&quot;:&quot;false&quot;,&quot;grandrestaurant_ext_link_sidemenu&quot;:&quot;false&quot;,&quot;grandrestaurant_ext_link_fullmenu&quot;:&quot;false&quot;,&quot;grandrestaurant_ext_link_closed_fullmenu&quot;:&quot;false&quot;,&quot;grandrestaurant_ext_is_scrollme&quot;:&quot;false&quot;,&quot;grandrestaurant_ext_is_smoove&quot;:&quot;false&quot;,&quot;grandrestaurant_ext_is_parallax_mouse&quot;:&quot;false&quot;,&quot;grandrestaurant_ext_is_infinite&quot;:&quot;false&quot;,&quot;grandrestaurant_ext_is_fadeout_animation&quot;:&quot;false&quot;,&quot;grandrestaurant_ext_mobile_static&quot;:&quot;false&quot;}\">\n\t\t\t<div class=\"elementor-widget-wrap elementor-element-populated\">\n\t\t\t\t\t\t<div class=\"elementor-element elementor-element-2e9478b elementor-widget elementor-widget-spacer\" data-id=\"2e9478b\" data-element_type=\"widget\" data-e-type=\"widget\" data-settings=\"{&quot;grandrestaurant_ext_link_reservation&quot;:&quot;false&quot;,&quot;grandrestaurant_ext_link_sidemenu&quot;:&quot;false&quot;,&quot;grandrestaurant_ext_link_fullmenu&quot;:&quot;false&quot;,&quot;grandrestaurant_ext_link_closed_fullmenu&quot;:&quot;false&quot;,&quot;grandrestaurant_ext_is_scrollme&quot;:&quot;false&quot;,&quot;grandrestaurant_ext_is_smoove&quot;:&quot;false&quot;,&quot;grandrestaurant_ext_is_parallax_mouse&quot;:&quot;false&quot;,&quot;grandrestaurant_ext_is_infinite&quot;:&quot;false&quot;,&quot;grandrestaurant_ext_is_fadeout_animation&quot;:&quot;false&quot;,&quot;grandrestaurant_ext_mobile_static&quot;:&quot;false&quot;}\" data-widget_type=\"spacer.default\">\n\t\t\t\t<div class=\"elementor-widget-container\">\n\t\t\t\t\t\t\t<div class=\"elementor-spacer\">\n\t\t\t<div class=\"elementor-spacer-inner\"><\/div>\n\t\t<\/div>\n\t\t\t\t\t\t<\/div>\n\t\t\t\t<\/div>\n\t\t\t\t\t<\/div>\n\t\t<\/div>\n\t\t\t\t\t<\/div>\n\t\t<\/section>\n\t\t\t\t<section class=\"elementor-section elementor-top-section elementor-element elementor-element-e9fe9e5 elementor-section-boxed elementor-section-height-default elementor-section-height-default\" data-id=\"e9fe9e5\" data-element_type=\"section\" data-e-type=\"section\" data-settings=\"{&quot;grandrestaurant_ext_is_background_parallax&quot;:&quot;false&quot;,&quot;grandrestaurant_ext_is_background_backdrop&quot;:&quot;false&quot;,&quot;grandrestaurant_ext_is_background_on_scroll&quot;:&quot;false&quot;}\">\n\t\t\t\t\t\t<div class=\"elementor-container elementor-column-gap-default\">\n\t\t\t\t\t<div class=\"elementor-column elementor-col-100 elementor-top-column elementor-element elementor-element-54f229d\" data-id=\"54f229d\" data-element_type=\"column\" data-e-type=\"column\" data-settings=\"{&quot;grandrestaurant_ext_link_reservation&quot;:&quot;false&quot;,&quot;grandrestaurant_ext_link_sidemenu&quot;:&quot;false&quot;,&quot;grandrestaurant_ext_link_fullmenu&quot;:&quot;false&quot;,&quot;grandrestaurant_ext_link_closed_fullmenu&quot;:&quot;false&quot;,&quot;grandrestaurant_ext_is_scrollme&quot;:&quot;false&quot;,&quot;grandrestaurant_ext_is_smoove&quot;:&quot;false&quot;,&quot;grandrestaurant_ext_is_parallax_mouse&quot;:&quot;false&quot;,&quot;grandrestaurant_ext_is_infinite&quot;:&quot;false&quot;,&quot;grandrestaurant_ext_is_fadeout_animation&quot;:&quot;false&quot;,&quot;grandrestaurant_ext_mobile_static&quot;:&quot;false&quot;}\">\n\t\t\t<div class=\"elementor-widget-wrap elementor-element-populated\">\n\t\t\t\t\t\t<div class=\"elementor-element elementor-element-803dcf9 elementor-hidden-tablet elementor-hidden-mobile elementor-widget elementor-widget-heading\" data-id=\"803dcf9\" data-element_type=\"widget\" data-e-type=\"widget\" data-settings=\"{&quot;grandrestaurant_ext_link_reservation&quot;:&quot;false&quot;,&quot;grandrestaurant_ext_link_sidemenu&quot;:&quot;false&quot;,&quot;grandrestaurant_ext_link_fullmenu&quot;:&quot;false&quot;,&quot;grandrestaurant_ext_link_closed_fullmenu&quot;:&quot;false&quot;,&quot;grandrestaurant_ext_is_scrollme&quot;:&quot;false&quot;,&quot;grandrestaurant_ext_is_smoove&quot;:&quot;false&quot;,&quot;grandrestaurant_ext_is_parallax_mouse&quot;:&quot;false&quot;,&quot;grandrestaurant_ext_is_infinite&quot;:&quot;false&quot;,&quot;grandrestaurant_ext_is_fadeout_animation&quot;:&quot;false&quot;,&quot;grandrestaurant_ext_mobile_static&quot;:&quot;false&quot;}\" data-widget_type=\"heading.default\">\n\t\t\t\t<div class=\"elementor-widget-container\">\n\t\t\t\t\t<h2 class=\"elementor-heading-title elementor-size-default\">U\u017esakymo s\u0105lygos<\/h2>\t\t\t\t<\/div>\n\t\t\t\t<\/div>\n\t\t\t\t<div class=\"elementor-element elementor-element-af65dbf elementor-hidden-desktop elementor-widget elementor-widget-heading\" data-id=\"af65dbf\" data-element_type=\"widget\" data-e-type=\"widget\" data-settings=\"{&quot;grandrestaurant_ext_link_reservation&quot;:&quot;false&quot;,&quot;grandrestaurant_ext_link_sidemenu&quot;:&quot;false&quot;,&quot;grandrestaurant_ext_link_fullmenu&quot;:&quot;false&quot;,&quot;grandrestaurant_ext_link_closed_fullmenu&quot;:&quot;false&quot;,&quot;grandrestaurant_ext_is_scrollme&quot;:&quot;false&quot;,&quot;grandrestaurant_ext_is_smoove&quot;:&quot;false&quot;,&quot;grandrestaurant_ext_is_parallax_mouse&quot;:&quot;false&quot;,&quot;grandrestaurant_ext_is_infinite&quot;:&quot;false&quot;,&quot;grandrestaurant_ext_is_fadeout_animation&quot;:&quot;false&quot;,&quot;grandrestaurant_ext_mobile_static&quot;:&quot;false&quot;}\" data-widget_type=\"heading.default\">\n\t\t\t\t<div class=\"elementor-widget-container\">\n\t\t\t\t\t<h2 class=\"elementor-heading-title elementor-size-default\">U\u017esakymo s\u0105lygos<\/h2>\t\t\t\t<\/div>\n\t\t\t\t<\/div>\n\t\t\t\t\t<\/div>\n\t\t<\/div>\n\t\t\t\t\t<\/div>\n\t\t<\/section>\n\t\t\t\t<section class=\"elementor-section elementor-top-section elementor-element elementor-element-06b743b elementor-section-boxed elementor-section-height-default elementor-section-height-default\" data-id=\"06b743b\" data-element_type=\"section\" data-e-type=\"section\" data-settings=\"{&quot;grandrestaurant_ext_is_background_parallax&quot;:&quot;false&quot;,&quot;grandrestaurant_ext_is_background_backdrop&quot;:&quot;false&quot;,&quot;grandrestaurant_ext_is_background_on_scroll&quot;:&quot;false&quot;}\">\n\t\t\t\t\t\t<div class=\"elementor-container elementor-column-gap-default\">\n\t\t\t\t\t<div class=\"elementor-column elementor-col-100 elementor-top-column elementor-element elementor-element-2ba8477\" data-id=\"2ba8477\" data-element_type=\"column\" data-e-type=\"column\" data-settings=\"{&quot;grandrestaurant_ext_link_reservation&quot;:&quot;false&quot;,&quot;grandrestaurant_ext_link_sidemenu&quot;:&quot;false&quot;,&quot;grandrestaurant_ext_link_fullmenu&quot;:&quot;false&quot;,&quot;grandrestaurant_ext_link_closed_fullmenu&quot;:&quot;false&quot;,&quot;grandrestaurant_ext_is_scrollme&quot;:&quot;false&quot;,&quot;grandrestaurant_ext_is_smoove&quot;:&quot;false&quot;,&quot;grandrestaurant_ext_is_parallax_mouse&quot;:&quot;false&quot;,&quot;grandrestaurant_ext_is_infinite&quot;:&quot;false&quot;,&quot;grandrestaurant_ext_is_fadeout_animation&quot;:&quot;false&quot;,&quot;grandrestaurant_ext_mobile_static&quot;:&quot;false&quot;}\">\n\t\t\t<div class=\"elementor-widget-wrap elementor-element-populated\">\n\t\t\t\t\t\t<div class=\"elementor-element elementor-element-1d7e615 elementor-widget elementor-widget-text-editor\" data-id=\"1d7e615\" data-element_type=\"widget\" data-e-type=\"widget\" data-settings=\"{&quot;grandrestaurant_ext_link_reservation&quot;:&quot;false&quot;,&quot;grandrestaurant_ext_link_sidemenu&quot;:&quot;false&quot;,&quot;grandrestaurant_ext_link_fullmenu&quot;:&quot;false&quot;,&quot;grandrestaurant_ext_link_closed_fullmenu&quot;:&quot;false&quot;,&quot;grandrestaurant_ext_is_scrollme&quot;:&quot;false&quot;,&quot;grandrestaurant_ext_is_smoove&quot;:&quot;false&quot;,&quot;grandrestaurant_ext_is_parallax_mouse&quot;:&quot;false&quot;,&quot;grandrestaurant_ext_is_infinite&quot;:&quot;false&quot;,&quot;grandrestaurant_ext_is_fadeout_animation&quot;:&quot;false&quot;,&quot;grandrestaurant_ext_mobile_static&quot;:&quot;false&quot;}\" data-widget_type=\"text-editor.default\">\n\t\t\t\t<div class=\"elementor-widget-container\">\n\t\t\t\t\t\t\t\t\t<p><span style=\"color: #dda133;\">\u2713 <\/span>Norint patvirtinti u\u017esakym\u0105, reikia sumok\u0117ti 50 EUR dalin\u012f u\u017estat\u0105, kuris bus taikomas, kai u\u017esakymas bus apmok\u0117tas banko pavedimu arba vietoje grynaisiais pinigais ar kortele. Sumok\u0117damas rezervacijos mokest\u012f mok\u0117tojas sutinka su kambario taisykl\u0117mis.<\/p><p><span style=\"color: #dda133;\">\u2713 <\/span>U\u017e papildomas paslaugas reikia sumok\u0117ti i\u0161 anksto likus 7 dienoms iki renginio.<\/p><p><span style=\"color: #dda133;\">\u2713 <\/span>I\u0161ankstinis mok\u0117jimas u\u017e maitinim\u0105 likus 7 dienoms iki renginio.<\/p><p><span style=\"color: #dda133;\">\u2713 <\/span>Kainos nurodytos eurais.<\/p><p><span style=\"color: #dda133;\">\u2713 <\/span>Likusi paketo dalis mokama vietoje grynaisiais pinigais, banko kortele arba pagal s\u0105skait\u0105 fakt\u016br\u0105 v\u0117liau, jei pateikiamas garantinis ra\u0161tas. U\u017esakymui patvirtinti sumok\u0117ta suma bus i\u0161skai\u010diuota i\u0161 galutin\u0117s sumos mokant u\u017e paslaugas ir produktus.<\/p><p><span style=\"color: #dda133;\">\u2713 <\/span>I\u0161ankstiniai mok\u0117jimai negr\u0105\u017einami.<span class=\"Apple-converted-space\"> <\/span><\/p><p><span style=\"color: #dda133;\">\u2713 <\/span>At\u0161aukimas likus ne ma\u017eiau kaip 7 dienoms iki renginio.<span class=\"Apple-converted-space\"> <\/span><\/p><p><span style=\"color: #dda133;\">\u2713 &#8222;Sonne <\/span>Caf\u00e9&#8221; pasilieka teis\u0119 keisti kainora\u0161t\u012f.<\/p>\t\t\t\t\t\t\t\t<\/div>\n\t\t\t\t<\/div>\n\t\t\t\t\t<\/div>\n\t\t<\/div>\n\t\t\t\t\t<\/div>\n\t\t<\/section>\n\t\t\t\t<section class=\"elementor-section elementor-top-section elementor-element elementor-element-45f5896 elementor-section-boxed elementor-section-height-default elementor-section-height-default\" data-id=\"45f5896\" data-element_type=\"section\" data-e-type=\"section\" data-settings=\"{&quot;grandrestaurant_ext_is_background_parallax&quot;:&quot;false&quot;,&quot;grandrestaurant_ext_is_background_backdrop&quot;:&quot;false&quot;,&quot;grandrestaurant_ext_is_background_on_scroll&quot;:&quot;false&quot;}\">\n\t\t\t\t\t\t<div class=\"elementor-container elementor-column-gap-default\">\n\t\t\t\t\t<div class=\"elementor-column elementor-col-100 elementor-top-column elementor-element elementor-element-6fc3123\" data-id=\"6fc3123\" data-element_type=\"column\" data-e-type=\"column\" data-settings=\"{&quot;grandrestaurant_ext_link_reservation&quot;:&quot;false&quot;,&quot;grandrestaurant_ext_link_sidemenu&quot;:&quot;false&quot;,&quot;grandrestaurant_ext_link_fullmenu&quot;:&quot;false&quot;,&quot;grandrestaurant_ext_link_closed_fullmenu&quot;:&quot;false&quot;,&quot;grandrestaurant_ext_is_scrollme&quot;:&quot;false&quot;,&quot;grandrestaurant_ext_is_smoove&quot;:&quot;false&quot;,&quot;grandrestaurant_ext_is_parallax_mouse&quot;:&quot;false&quot;,&quot;grandrestaurant_ext_is_infinite&quot;:&quot;false&quot;,&quot;grandrestaurant_ext_is_fadeout_animation&quot;:&quot;false&quot;,&quot;grandrestaurant_ext_mobile_static&quot;:&quot;false&quot;}\">\n\t\t\t<div class=\"elementor-widget-wrap elementor-element-populated\">\n\t\t\t\t\t\t<div class=\"elementor-element elementor-element-059c6b8 elementor-widget elementor-widget-heading\" data-id=\"059c6b8\" data-element_type=\"widget\" data-e-type=\"widget\" data-settings=\"{&quot;grandrestaurant_ext_link_reservation&quot;:&quot;false&quot;,&quot;grandrestaurant_ext_link_sidemenu&quot;:&quot;false&quot;,&quot;grandrestaurant_ext_link_fullmenu&quot;:&quot;false&quot;,&quot;grandrestaurant_ext_link_closed_fullmenu&quot;:&quot;false&quot;,&quot;grandrestaurant_ext_is_scrollme&quot;:&quot;false&quot;,&quot;grandrestaurant_ext_is_smoove&quot;:&quot;false&quot;,&quot;grandrestaurant_ext_is_parallax_mouse&quot;:&quot;false&quot;,&quot;grandrestaurant_ext_is_infinite&quot;:&quot;false&quot;,&quot;grandrestaurant_ext_is_fadeout_animation&quot;:&quot;false&quot;,&quot;grandrestaurant_ext_mobile_static&quot;:&quot;false&quot;}\" data-widget_type=\"heading.default\">\n\t\t\t\t<div class=\"elementor-widget-container\">\n\t\t\t\t\t<h2 class=\"elementor-heading-title elementor-size-default\">Naudojimosi patalpomis taisykl\u0117s<\/h2>\t\t\t\t<\/div>\n\t\t\t\t<\/div>\n\t\t\t\t\t<\/div>\n\t\t<\/div>\n\t\t\t\t\t<\/div>\n\t\t<\/section>\n\t\t\t\t<section class=\"elementor-section elementor-top-section elementor-element elementor-element-1fc6ec6 elementor-section-boxed elementor-section-height-default elementor-section-height-default\" data-id=\"1fc6ec6\" data-element_type=\"section\" data-e-type=\"section\" data-settings=\"{&quot;grandrestaurant_ext_is_background_parallax&quot;:&quot;false&quot;,&quot;grandrestaurant_ext_is_background_backdrop&quot;:&quot;false&quot;,&quot;grandrestaurant_ext_is_background_on_scroll&quot;:&quot;false&quot;}\">\n\t\t\t\t\t\t<div class=\"elementor-container elementor-column-gap-default\">\n\t\t\t\t\t<div class=\"elementor-column elementor-col-100 elementor-top-column elementor-element elementor-element-65990ff\" data-id=\"65990ff\" data-element_type=\"column\" data-e-type=\"column\" data-settings=\"{&quot;grandrestaurant_ext_link_reservation&quot;:&quot;false&quot;,&quot;grandrestaurant_ext_link_sidemenu&quot;:&quot;false&quot;,&quot;grandrestaurant_ext_link_fullmenu&quot;:&quot;false&quot;,&quot;grandrestaurant_ext_link_closed_fullmenu&quot;:&quot;false&quot;,&quot;grandrestaurant_ext_is_scrollme&quot;:&quot;false&quot;,&quot;grandrestaurant_ext_is_smoove&quot;:&quot;false&quot;,&quot;grandrestaurant_ext_is_parallax_mouse&quot;:&quot;false&quot;,&quot;grandrestaurant_ext_is_infinite&quot;:&quot;false&quot;,&quot;grandrestaurant_ext_is_fadeout_animation&quot;:&quot;false&quot;,&quot;grandrestaurant_ext_mobile_static&quot;:&quot;false&quot;}\">\n\t\t\t<div class=\"elementor-widget-wrap elementor-element-populated\">\n\t\t\t\t\t\t<div class=\"elementor-element elementor-element-be6860a elementor-widget elementor-widget-text-editor\" data-id=\"be6860a\" data-element_type=\"widget\" data-e-type=\"widget\" data-settings=\"{&quot;grandrestaurant_ext_link_reservation&quot;:&quot;false&quot;,&quot;grandrestaurant_ext_link_sidemenu&quot;:&quot;false&quot;,&quot;grandrestaurant_ext_link_fullmenu&quot;:&quot;false&quot;,&quot;grandrestaurant_ext_link_closed_fullmenu&quot;:&quot;false&quot;,&quot;grandrestaurant_ext_is_scrollme&quot;:&quot;false&quot;,&quot;grandrestaurant_ext_is_smoove&quot;:&quot;false&quot;,&quot;grandrestaurant_ext_is_parallax_mouse&quot;:&quot;false&quot;,&quot;grandrestaurant_ext_is_infinite&quot;:&quot;false&quot;,&quot;grandrestaurant_ext_is_fadeout_animation&quot;:&quot;false&quot;,&quot;grandrestaurant_ext_mobile_static&quot;:&quot;false&quot;}\" data-widget_type=\"text-editor.default\">\n\t\t\t\t<div class=\"elementor-widget-container\">\n\t\t\t\t\t\t\t\t\t<p><span style=\"color: #dda133;\">\u2713 <\/span>Gyv\u016bnai yra laukiami. Apie tai galite prane\u0161ti i\u0161 anksto, kad \u017einotume, kaip geriausiai prisitaikyti prie j\u016bs\u0173 poreiki\u0173.  <\/p><p><span style=\"color: #dda133;\">\u2713 <\/span>Alkohol\u012f svetain\u0117je galima vartoti tik kaip nealkoholinius g\u0117rimus ir tik i\u0161 anksto susitarus.<\/p><p><span style=\"color: #dda133;\">\u2713 R\u016bkyti <\/span>galima tik lauke, bet ne viduje.  <\/p><p><span style=\"color: #dda133;\">\u2713 <\/span>I\u0161eidami palikite patalpas tvarkingas.  <\/p><p><span style=\"color: #dda133;\">\u2713 <\/span>Jei kambaryje sugedo armat\u016bra, prane\u0161kite mums el. pa\u0161tu info@sonneshop.ee arba +372 56240669 ir mes rasime sprendim\u0105.<\/p>\t\t\t\t\t\t\t\t<\/div>\n\t\t\t\t<\/div>\n\t\t\t\t\t<\/div>\n\t\t<\/div>\n\t\t\t\t\t<\/div>\n\t\t<\/section>\n\t\t\t\t<\/div>\n\t\t","protected":false},"excerpt":{"rendered":"<p>U\u017esakymo s\u0105lygos U\u017esakymo s\u0105lygos \u2713 Norint patvirtinti u\u017esakym\u0105, reikia sumok\u0117ti 50 EUR dalin\u012f u\u017estat\u0105, kuris bus taikomas, kai u\u017esakymas bus apmok\u0117tas banko pavedimu arba vietoje grynaisiais pinigais ar kortele. Sumok\u0117damas rezervacijos mokest\u012f mok\u0117tojas sutinka su kambario taisykl\u0117mis. \u2713 U\u017e papildomas [&hellip;]<\/p>\n","protected":false},"author":1,"featured_media":0,"parent":0,"menu_order":0,"comment_status":"closed","ping_status":"closed","template":"","meta":{"footnotes":""},"class_list":["post-7150","page","type-page","status-publish","hentry"],"yoast_head":"<!-- This site is optimized with the Yoast SEO plugin v27.5 - https:\/\/yoast.com\/product\/yoast-seo-wordpress\/ -->\n<title>U\u017esakymo s\u0105lygos - Sonne<\/title>\n<meta name=\"robots\" content=\"index, follow, max-snippet:-1, max-image-preview:large, max-video-preview:-1\" \/>\n<link rel=\"canonical\" href=\"https:\/\/www.sonneshop.ee\/lt\/uzsakymo-salygos\/\" \/>\n<meta property=\"og:locale\" content=\"lt_LT\" \/>\n<meta property=\"og:type\" content=\"article\" \/>\n<meta property=\"og:title\" content=\"U\u017esakymo s\u0105lygos - Sonne\" \/>\n<meta property=\"og:description\" content=\"U\u017esakymo s\u0105lygos U\u017esakymo s\u0105lygos \u2713 Norint patvirtinti u\u017esakym\u0105, reikia sumok\u0117ti 50 EUR dalin\u012f u\u017estat\u0105, kuris bus taikomas, kai u\u017esakymas bus apmok\u0117tas banko pavedimu arba vietoje grynaisiais pinigais ar kortele. Sumok\u0117damas rezervacijos mokest\u012f mok\u0117tojas sutinka su kambario taisykl\u0117mis. \u2713 U\u017e papildomas [&hellip;]\" \/>\n<meta property=\"og:url\" content=\"https:\/\/www.sonneshop.ee\/lt\/uzsakymo-salygos\/\" \/>\n<meta property=\"og:site_name\" content=\"Sonne\" \/>\n<meta property=\"article:publisher\" content=\"https:\/\/www.facebook.com\/sonneshop\/\" \/>\n<meta property=\"article:modified_time\" content=\"2026-04-06T07:23:01+00:00\" \/>\n<meta name=\"twitter:card\" content=\"summary_large_image\" \/>\n<meta name=\"twitter:label1\" content=\"Est. reading time\" \/>\n\t<meta name=\"twitter:data1\" content=\"1 minut\u0117\" \/>\n<script type=\"application\/ld+json\" class=\"yoast-schema-graph\">{\"@context\":\"https:\\\/\\\/schema.org\",\"@graph\":[{\"@type\":\"WebPage\",\"@id\":\"https:\\\/\\\/www.sonneshop.ee\\\/lt\\\/uzsakymo-salygos\\\/\",\"url\":\"https:\\\/\\\/www.sonneshop.ee\\\/lt\\\/uzsakymo-salygos\\\/\",\"name\":\"U\u017esakymo s\u0105lygos - Sonne\",\"isPartOf\":{\"@id\":\"https:\\\/\\\/www.sonneshop.ee\\\/lt\\\/#website\"},\"datePublished\":\"2023-10-01T12:54:13+00:00\",\"dateModified\":\"2026-04-06T07:23:01+00:00\",\"breadcrumb\":{\"@id\":\"https:\\\/\\\/www.sonneshop.ee\\\/lt\\\/uzsakymo-salygos\\\/#breadcrumb\"},\"inLanguage\":\"lt-LT\",\"potentialAction\":[{\"@type\":\"ReadAction\",\"target\":[\"https:\\\/\\\/www.sonneshop.ee\\\/lt\\\/uzsakymo-salygos\\\/\"]}]},{\"@type\":\"BreadcrumbList\",\"@id\":\"https:\\\/\\\/www.sonneshop.ee\\\/lt\\\/uzsakymo-salygos\\\/#breadcrumb\",\"itemListElement\":[{\"@type\":\"ListItem\",\"position\":1,\"name\":\"Home\",\"item\":\"https:\\\/\\\/www.sonneshop.ee\\\/lt\\\/kava-namai-menas\\\/\"},{\"@type\":\"ListItem\",\"position\":2,\"name\":\"U\u017esakymo s\u0105lygos\"}]},{\"@type\":\"WebSite\",\"@id\":\"https:\\\/\\\/www.sonneshop.ee\\\/lt\\\/#website\",\"url\":\"https:\\\/\\\/www.sonneshop.ee\\\/lt\\\/\",\"name\":\"Sonne\",\"description\":\"Kohv.Kodu.Kunst\",\"publisher\":{\"@id\":\"https:\\\/\\\/www.sonneshop.ee\\\/lt\\\/#organization\"},\"potentialAction\":[{\"@type\":\"SearchAction\",\"target\":{\"@type\":\"EntryPoint\",\"urlTemplate\":\"https:\\\/\\\/www.sonneshop.ee\\\/lt\\\/?s={search_term_string}\"},\"query-input\":{\"@type\":\"PropertyValueSpecification\",\"valueRequired\":true,\"valueName\":\"search_term_string\"}}],\"inLanguage\":\"lt-LT\"},{\"@type\":\"Organization\",\"@id\":\"https:\\\/\\\/www.sonneshop.ee\\\/lt\\\/#organization\",\"name\":\"Sonne kohv.kodu.kunst\",\"url\":\"https:\\\/\\\/www.sonneshop.ee\\\/lt\\\/\",\"logo\":{\"@type\":\"ImageObject\",\"inLanguage\":\"lt-LT\",\"@id\":\"https:\\\/\\\/www.sonneshop.ee\\\/lt\\\/#\\\/schema\\\/logo\\\/image\\\/\",\"url\":\"https:\\\/\\\/www.sonneshop.ee\\\/wp-content\\\/uploads\\\/2023\\\/07\\\/Sonne_valge.png\",\"contentUrl\":\"https:\\\/\\\/www.sonneshop.ee\\\/wp-content\\\/uploads\\\/2023\\\/07\\\/Sonne_valge.png\",\"width\":600,\"height\":600,\"caption\":\"Sonne kohv.kodu.kunst\"},\"image\":{\"@id\":\"https:\\\/\\\/www.sonneshop.ee\\\/lt\\\/#\\\/schema\\\/logo\\\/image\\\/\"},\"sameAs\":[\"https:\\\/\\\/www.facebook.com\\\/sonneshop\\\/\"]}]}<\/script>\n<!-- \/ Yoast SEO plugin. -->","yoast_head_json":{"title":"U\u017esakymo s\u0105lygos - Sonne","robots":{"index":"index","follow":"follow","max-snippet":"max-snippet:-1","max-image-preview":"max-image-preview:large","max-video-preview":"max-video-preview:-1"},"canonical":"https:\/\/www.sonneshop.ee\/lt\/uzsakymo-salygos\/","og_locale":"lt_LT","og_type":"article","og_title":"U\u017esakymo s\u0105lygos - Sonne","og_description":"U\u017esakymo s\u0105lygos U\u017esakymo s\u0105lygos \u2713 Norint patvirtinti u\u017esakym\u0105, reikia sumok\u0117ti 50 EUR dalin\u012f u\u017estat\u0105, kuris bus taikomas, kai u\u017esakymas bus apmok\u0117tas banko pavedimu arba vietoje grynaisiais pinigais ar kortele. Sumok\u0117damas rezervacijos mokest\u012f mok\u0117tojas sutinka su kambario taisykl\u0117mis. \u2713 U\u017e papildomas [&hellip;]","og_url":"https:\/\/www.sonneshop.ee\/lt\/uzsakymo-salygos\/","og_site_name":"Sonne","article_publisher":"https:\/\/www.facebook.com\/sonneshop\/","article_modified_time":"2026-04-06T07:23:01+00:00","twitter_card":"summary_large_image","twitter_misc":{"Est. reading time":"1 minut\u0117"},"schema":{"@context":"https:\/\/schema.org","@graph":[{"@type":"WebPage","@id":"https:\/\/www.sonneshop.ee\/lt\/uzsakymo-salygos\/","url":"https:\/\/www.sonneshop.ee\/lt\/uzsakymo-salygos\/","name":"U\u017esakymo s\u0105lygos - Sonne","isPartOf":{"@id":"https:\/\/www.sonneshop.ee\/lt\/#website"},"datePublished":"2023-10-01T12:54:13+00:00","dateModified":"2026-04-06T07:23:01+00:00","breadcrumb":{"@id":"https:\/\/www.sonneshop.ee\/lt\/uzsakymo-salygos\/#breadcrumb"},"inLanguage":"lt-LT","potentialAction":[{"@type":"ReadAction","target":["https:\/\/www.sonneshop.ee\/lt\/uzsakymo-salygos\/"]}]},{"@type":"BreadcrumbList","@id":"https:\/\/www.sonneshop.ee\/lt\/uzsakymo-salygos\/#breadcrumb","itemListElement":[{"@type":"ListItem","position":1,"name":"Home","item":"https:\/\/www.sonneshop.ee\/lt\/kava-namai-menas\/"},{"@type":"ListItem","position":2,"name":"U\u017esakymo s\u0105lygos"}]},{"@type":"WebSite","@id":"https:\/\/www.sonneshop.ee\/lt\/#website","url":"https:\/\/www.sonneshop.ee\/lt\/","name":"Sonne","description":"Kohv.Kodu.Kunst","publisher":{"@id":"https:\/\/www.sonneshop.ee\/lt\/#organization"},"potentialAction":[{"@type":"SearchAction","target":{"@type":"EntryPoint","urlTemplate":"https:\/\/www.sonneshop.ee\/lt\/?s={search_term_string}"},"query-input":{"@type":"PropertyValueSpecification","valueRequired":true,"valueName":"search_term_string"}}],"inLanguage":"lt-LT"},{"@type":"Organization","@id":"https:\/\/www.sonneshop.ee\/lt\/#organization","name":"Sonne kohv.kodu.kunst","url":"https:\/\/www.sonneshop.ee\/lt\/","logo":{"@type":"ImageObject","inLanguage":"lt-LT","@id":"https:\/\/www.sonneshop.ee\/lt\/#\/schema\/logo\/image\/","url":"https:\/\/www.sonneshop.ee\/wp-content\/uploads\/2023\/07\/Sonne_valge.png","contentUrl":"https:\/\/www.sonneshop.ee\/wp-content\/uploads\/2023\/07\/Sonne_valge.png","width":600,"height":600,"caption":"Sonne kohv.kodu.kunst"},"image":{"@id":"https:\/\/www.sonneshop.ee\/lt\/#\/schema\/logo\/image\/"},"sameAs":["https:\/\/www.facebook.com\/sonneshop\/"]}]}},"_links":{"self":[{"href":"https:\/\/www.sonneshop.ee\/lt\/wp-json\/wp\/v2\/pages\/7150","targetHints":{"allow":["GET"]}}],"collection":[{"href":"https:\/\/www.sonneshop.ee\/lt\/wp-json\/wp\/v2\/pages"}],"about":[{"href":"https:\/\/www.sonneshop.ee\/lt\/wp-json\/wp\/v2\/types\/page"}],"author":[{"embeddable":true,"href":"https:\/\/www.sonneshop.ee\/lt\/wp-json\/wp\/v2\/users\/1"}],"replies":[{"embeddable":true,"href":"https:\/\/www.sonneshop.ee\/lt\/wp-json\/wp\/v2\/comments?post=7150"}],"version-history":[{"count":4,"href":"https:\/\/www.sonneshop.ee\/lt\/wp-json\/wp\/v2\/pages\/7150\/revisions"}],"predecessor-version":[{"id":11061,"href":"https:\/\/www.sonneshop.ee\/lt\/wp-json\/wp\/v2\/pages\/7150\/revisions\/11061"}],"wp:attachment":[{"href":"https:\/\/www.sonneshop.ee\/lt\/wp-json\/wp\/v2\/media?parent=7150"}],"curies":[{"name":"wp","href":"https:\/\/api.w.org\/{rel}","templated":true}]}}