{"id":7148,"date":"2023-09-12T11:04:50","date_gmt":"2023-09-12T08:04:50","guid":{"rendered":"https:\/\/www.sonneshop.ee\/slapuku-politika\/"},"modified":"2024-01-19T16:13:14","modified_gmt":"2024-01-19T14:13:14","slug":"slapuku-politika","status":"publish","type":"page","link":"https:\/\/www.sonneshop.ee\/lt\/slapuku-politika\/","title":{"rendered":"SLAPUK\u0172 POLITIKA"},"content":{"rendered":"\t\t<div data-elementor-type=\"wp-page\" data-elementor-id=\"7148\" class=\"elementor elementor-7148 elementor-4199\">\n\t\t\t\t\t\t<section class=\"elementor-section elementor-top-section elementor-element elementor-element-e57c5ed elementor-section-boxed elementor-section-height-default elementor-section-height-default\" data-id=\"e57c5ed\" data-element_type=\"section\" data-e-type=\"section\" data-settings=\"{&quot;grandrestaurant_ext_is_background_parallax&quot;:&quot;false&quot;,&quot;grandrestaurant_ext_is_background_backdrop&quot;:&quot;false&quot;,&quot;grandrestaurant_ext_is_background_on_scroll&quot;:&quot;false&quot;}\">\n\t\t\t\t\t\t<div class=\"elementor-container elementor-column-gap-default\">\n\t\t\t\t\t<div class=\"elementor-column elementor-col-100 elementor-top-column elementor-element elementor-element-68b84d8\" data-id=\"68b84d8\" data-element_type=\"column\" data-e-type=\"column\" data-settings=\"{&quot;grandrestaurant_ext_link_reservation&quot;:&quot;false&quot;,&quot;grandrestaurant_ext_link_sidemenu&quot;:&quot;false&quot;,&quot;grandrestaurant_ext_link_fullmenu&quot;:&quot;false&quot;,&quot;grandrestaurant_ext_link_closed_fullmenu&quot;:&quot;false&quot;,&quot;grandrestaurant_ext_is_scrollme&quot;:&quot;false&quot;,&quot;grandrestaurant_ext_is_smoove&quot;:&quot;false&quot;,&quot;grandrestaurant_ext_is_parallax_mouse&quot;:&quot;false&quot;,&quot;grandrestaurant_ext_is_infinite&quot;:&quot;false&quot;,&quot;grandrestaurant_ext_is_fadeout_animation&quot;:&quot;false&quot;,&quot;grandrestaurant_ext_mobile_static&quot;:&quot;false&quot;}\">\n\t\t\t<div class=\"elementor-widget-wrap elementor-element-populated\">\n\t\t\t\t\t\t<div class=\"elementor-element elementor-element-6c76489 elementor-widget elementor-widget-spacer\" data-id=\"6c76489\" data-element_type=\"widget\" data-e-type=\"widget\" data-settings=\"{&quot;grandrestaurant_ext_link_reservation&quot;:&quot;false&quot;,&quot;grandrestaurant_ext_link_sidemenu&quot;:&quot;false&quot;,&quot;grandrestaurant_ext_link_fullmenu&quot;:&quot;false&quot;,&quot;grandrestaurant_ext_link_closed_fullmenu&quot;:&quot;false&quot;,&quot;grandrestaurant_ext_is_scrollme&quot;:&quot;false&quot;,&quot;grandrestaurant_ext_is_smoove&quot;:&quot;false&quot;,&quot;grandrestaurant_ext_is_parallax_mouse&quot;:&quot;false&quot;,&quot;grandrestaurant_ext_is_infinite&quot;:&quot;false&quot;,&quot;grandrestaurant_ext_is_fadeout_animation&quot;:&quot;false&quot;,&quot;grandrestaurant_ext_mobile_static&quot;:&quot;false&quot;}\" data-widget_type=\"spacer.default\">\n\t\t\t\t<div class=\"elementor-widget-container\">\n\t\t\t\t\t\t\t<div class=\"elementor-spacer\">\n\t\t\t<div class=\"elementor-spacer-inner\"><\/div>\n\t\t<\/div>\n\t\t\t\t\t\t<\/div>\n\t\t\t\t<\/div>\n\t\t\t\t<div class=\"elementor-element elementor-element-4312afb elementor-widget elementor-widget-heading\" data-id=\"4312afb\" data-element_type=\"widget\" data-e-type=\"widget\" data-settings=\"{&quot;grandrestaurant_ext_link_reservation&quot;:&quot;false&quot;,&quot;grandrestaurant_ext_link_sidemenu&quot;:&quot;false&quot;,&quot;grandrestaurant_ext_link_fullmenu&quot;:&quot;false&quot;,&quot;grandrestaurant_ext_link_closed_fullmenu&quot;:&quot;false&quot;,&quot;grandrestaurant_ext_is_scrollme&quot;:&quot;false&quot;,&quot;grandrestaurant_ext_is_smoove&quot;:&quot;false&quot;,&quot;grandrestaurant_ext_is_parallax_mouse&quot;:&quot;false&quot;,&quot;grandrestaurant_ext_is_infinite&quot;:&quot;false&quot;,&quot;grandrestaurant_ext_is_fadeout_animation&quot;:&quot;false&quot;,&quot;grandrestaurant_ext_mobile_static&quot;:&quot;false&quot;}\" data-widget_type=\"heading.default\">\n\t\t\t\t<div class=\"elementor-widget-container\">\n\t\t\t\t\t<h2 class=\"elementor-heading-title elementor-size-default\">Slapuk\u0173 politika<\/h2>\t\t\t\t<\/div>\n\t\t\t\t<\/div>\n\t\t\t\t<div class=\"elementor-element elementor-element-f580f2f elementor-widget elementor-widget-spacer\" data-id=\"f580f2f\" data-element_type=\"widget\" data-e-type=\"widget\" data-settings=\"{&quot;grandrestaurant_ext_link_reservation&quot;:&quot;false&quot;,&quot;grandrestaurant_ext_link_sidemenu&quot;:&quot;false&quot;,&quot;grandrestaurant_ext_link_fullmenu&quot;:&quot;false&quot;,&quot;grandrestaurant_ext_link_closed_fullmenu&quot;:&quot;false&quot;,&quot;grandrestaurant_ext_is_scrollme&quot;:&quot;false&quot;,&quot;grandrestaurant_ext_is_smoove&quot;:&quot;false&quot;,&quot;grandrestaurant_ext_is_parallax_mouse&quot;:&quot;false&quot;,&quot;grandrestaurant_ext_is_infinite&quot;:&quot;false&quot;,&quot;grandrestaurant_ext_is_fadeout_animation&quot;:&quot;false&quot;,&quot;grandrestaurant_ext_mobile_static&quot;:&quot;false&quot;}\" data-widget_type=\"spacer.default\">\n\t\t\t\t<div class=\"elementor-widget-container\">\n\t\t\t\t\t\t\t<div class=\"elementor-spacer\">\n\t\t\t<div class=\"elementor-spacer-inner\"><\/div>\n\t\t<\/div>\n\t\t\t\t\t\t<\/div>\n\t\t\t\t<\/div>\n\t\t\t\t<div class=\"elementor-element elementor-element-c43ee50 elementor-widget elementor-widget-text-editor\" data-id=\"c43ee50\" data-element_type=\"widget\" data-e-type=\"widget\" data-settings=\"{&quot;grandrestaurant_ext_link_reservation&quot;:&quot;false&quot;,&quot;grandrestaurant_ext_link_sidemenu&quot;:&quot;false&quot;,&quot;grandrestaurant_ext_link_fullmenu&quot;:&quot;false&quot;,&quot;grandrestaurant_ext_link_closed_fullmenu&quot;:&quot;false&quot;,&quot;grandrestaurant_ext_is_scrollme&quot;:&quot;false&quot;,&quot;grandrestaurant_ext_is_smoove&quot;:&quot;false&quot;,&quot;grandrestaurant_ext_is_parallax_mouse&quot;:&quot;false&quot;,&quot;grandrestaurant_ext_is_infinite&quot;:&quot;false&quot;,&quot;grandrestaurant_ext_is_fadeout_animation&quot;:&quot;false&quot;,&quot;grandrestaurant_ext_mobile_static&quot;:&quot;false&quot;}\" data-widget_type=\"text-editor.default\">\n\t\t\t\t<div class=\"elementor-widget-container\">\n\t\t\t\t\t\t\t\t\t<h4 class=\"wp-block-heading\"><strong>Kas yra sausainis?<\/strong><\/h4>\n<p><em>Slapukas<\/em>&#8211; tai nedidelis failas, kuris i\u0161saugomas j\u016bs\u0173 \u012frenginyje, kai lankot\u0117s svetain\u0117je.<\/p>\n<h4 class=\"wp-block-heading\"><strong>Kam naudojame slapukus?<\/strong><\/h4>\n<p>Slapuk\u0173 informacij\u0105 naudojame siekdami pagerinti svetain\u0117s patogum\u0105 ir turin\u012f. Slapukai padeda rinkti anonimin\u0119 informacij\u0105 apie aplankytus puslapius ir svetain\u0117je naudojamus \u012frenginius. Kadangi surinkta informacija yra anonimin\u0117, ne\u012fmanoma nustatyti, kokie asmenys lankosi m\u016bs\u0173 svetain\u0117je.<\/p>\n<p>Slapukai padeda suasmeninti puslap\u012f, kai prisijungiate, planuoti svetain\u0117s patobulinimus ir pl\u0117tr\u0105, prisiminti nustatymus ir lengviau dalytis svetain\u0117s turiniu socialin\u0117je \u017einiasklaidoje.<\/p>\n<h4 class=\"wp-block-heading\"><strong>Kokius slapukus naudojame?<\/strong><\/h4>\n<p><strong>Sesijos slapukai <\/strong>naudojami kiekvieno apsilankymo metu, susiejami su veikla svetain\u0117je ir galioja tik nar\u0161ykl\u0117s sesijos metu.<\/p>\n<p><strong>Nuolatiniai slapukai<\/strong> i\u0161saugo naudotojo nuostatas arba veikl\u0105. Nuolatiniai slapukai n\u0117ra i\u0161trinami u\u017edarius nar\u0161ykl\u0119 ir yra saugomi naudotojo \u012frenginyje. Pavyzd\u017eiui, i\u0161saugoti vartotojo vard\u0105 ir slapta\u017eod\u012f, kad naudotojui nereik\u0117t\u0173 prisijungti kiekvien\u0105 kart\u0105 lankantis tam tikroje svetain\u0117je.<\/p>\n<p>Naudojame <strong>reklamos slapukus<\/strong>, kad gal\u0117tume pateikti naudotojo interesus atitinkan\u010dius skelbimus. \u0160iuos slapukus naudojame reklamos kampanijos veiksmingumui \u012fvertinti ir \u012fsiminti, k\u0105 naudotojas per\u017ei\u016br\u0117jo svetain\u0117je.<\/p>\n<p><strong>Tre\u010di\u0173j\u0173 \u0161ali\u0173 slapukai<\/strong> gaunami i\u0161 reklam\u0173 kitose svetain\u0117se ir yra naudotojo lankomoje svetain\u0117je. Pavyzd\u017eiui, &#8222;Facebook&#8221; ir &#8222;Google&#8221; gali naudoti savo slapukus informacijai apie m\u016bs\u0173 svetain\u0117s turin\u012f rinkti.<\/p>\n<p>&#8222;Facebook&#8221; slapuk\u0173 naudojimo s\u0105lygos: https: <a href=\"https:\/\/www.facebook.com\/policies\/cookies\/\">\/\/www.facebook.com\/policies\/cookies\/<\/a><\/p>\n<p>&#8222;Google&#8221; slapuk\u0173 naudojimo s\u0105lygos: https: <a href=\"https:\/\/www.google.com\/policies\/technologies\/cookies\/\">\/\/www.google.com\/policies\/technologies\/cookies\/<\/a><\/p>\n<h4 class=\"wp-block-heading\"><strong>Kiek laiko slapukas saugomas naudotojo kompiuteryje?<\/strong><\/h4>\n<p>Kiekvieno slapuko saugojimo trukm\u0117 prie\u0161 j\u012f i\u0161trinant yra skirtinga. Kiekvieno naujo apsilankymo svetain\u0117je metu slapukai atnaujinami, tod\u0117l prat\u0119siamas ir j\u0173 saugojimo laikotarpis.<\/p>\n<h4 class=\"wp-block-heading\"><strong>Kaip i\u0161trinti slapukus?<\/strong><\/h4>\n<p>Svetain\u0117s lankytojai turi galimyb\u0119 blokuoti, i\u0161trinti arba at\u0161aukti savo sutikim\u0105 saugoti slapukus savo \u012frenginiuose. Ta\u010diau reik\u0117t\u0173 pa\u017eym\u0117ti, kad tai gali tur\u0117ti \u012ftakos naudotoj\u0173 patogumui. Toliau pateikiame kelet\u0105 rekomendacij\u0173, kaip nustatyti slapukus daugumoje nar\u0161ykli\u0173.<\/p>\n<p><span style=\"color: #252665;\"><em><strong><a style=\"color: #252665;\" href=\"http:\/\/support.apple.com\/kb\/PH5042\" target=\"_blank\" rel=\"noopener\">Safari<\/a><\/strong><\/em><\/span><br \/><span style=\"color: #252665;\"><em><strong><a style=\"color: #252665;\" href=\"https:\/\/support.google.com\/chrome\/answer\/95647?hl=en\" target=\"_blank\" rel=\"noopener\">&#8222;Google Chrome<\/a><\/strong><\/em><\/span><br \/><span style=\"color: #252665;\"><em><strong><a style=\"color: #252665;\" href=\"http:\/\/support.mozilla.org\/en-US\/kb\/Clear%20Recent%20History\" target=\"_blank\" rel=\"noopener\">&#8222;Mozilla Firefox<\/a><\/strong><\/em><\/span><br \/><span style=\"color: #252665;\"><em><strong><a style=\"color: #252665;\" href=\"https:\/\/support.microsoft.com\/en-us\/kb\/278835\" target=\"_blank\" rel=\"noopener\">&#8222;Internet Explorer<\/a><\/strong><\/em><\/span><br \/><span style=\"color: #252665;\"><a style=\"color: #252665;\" href=\"http:\/\/www.opera.com\/browser\/tutorials\/security\/privacy\" target=\"_blank\" rel=\"noopener\"><em><strong>Opera<\/strong><\/em><\/a><\/span><\/p>\n\t\t\t\t\t\t\t\t<\/div>\n\t\t\t\t<\/div>\n\t\t\t\t\t<\/div>\n\t\t<\/div>\n\t\t\t\t\t<\/div>\n\t\t<\/section>\n\t\t\t\t<\/div>\n\t\t","protected":false},"excerpt":{"rendered":"<p>Slapuk\u0173 politika Kas yra sausainis? Slapukas&#8211; tai nedidelis failas, kuris i\u0161saugomas j\u016bs\u0173 \u012frenginyje, kai lankot\u0117s svetain\u0117je. Kam naudojame slapukus? Slapuk\u0173 informacij\u0105 naudojame siekdami pagerinti svetain\u0117s patogum\u0105 ir turin\u012f. Slapukai padeda rinkti anonimin\u0119 informacij\u0105 apie aplankytus puslapius ir svetain\u0117je naudojamus \u012frenginius. [&hellip;]<\/p>\n","protected":false},"author":1,"featured_media":0,"parent":0,"menu_order":0,"comment_status":"closed","ping_status":"closed","template":"","meta":{"footnotes":""},"class_list":["post-7148","page","type-page","status-publish","hentry"],"yoast_head":"<!-- This site is optimized with the Yoast SEO plugin v27.5 - https:\/\/yoast.com\/product\/yoast-seo-wordpress\/ -->\n<title>SLAPUK\u0172 POLITIKA - Sonne<\/title>\n<meta name=\"robots\" content=\"index, follow, max-snippet:-1, max-image-preview:large, max-video-preview:-1\" \/>\n<link rel=\"canonical\" href=\"https:\/\/www.sonneshop.ee\/lt\/slapuku-politika\/\" \/>\n<meta property=\"og:locale\" content=\"lt_LT\" \/>\n<meta property=\"og:type\" content=\"article\" \/>\n<meta property=\"og:title\" content=\"SLAPUK\u0172 POLITIKA - Sonne\" \/>\n<meta property=\"og:description\" content=\"Slapuk\u0173 politika Kas yra sausainis? Slapukas&#8211; tai nedidelis failas, kuris i\u0161saugomas j\u016bs\u0173 \u012frenginyje, kai lankot\u0117s svetain\u0117je. Kam naudojame slapukus? Slapuk\u0173 informacij\u0105 naudojame siekdami pagerinti svetain\u0117s patogum\u0105 ir turin\u012f. Slapukai padeda rinkti anonimin\u0119 informacij\u0105 apie aplankytus puslapius ir svetain\u0117je naudojamus \u012frenginius. [&hellip;]\" \/>\n<meta property=\"og:url\" content=\"https:\/\/www.sonneshop.ee\/lt\/slapuku-politika\/\" \/>\n<meta property=\"og:site_name\" content=\"Sonne\" \/>\n<meta property=\"article:publisher\" content=\"https:\/\/www.facebook.com\/sonneshop\/\" \/>\n<meta property=\"article:modified_time\" content=\"2024-01-19T14:13:14+00:00\" \/>\n<meta name=\"twitter:card\" content=\"summary_large_image\" \/>\n<meta name=\"twitter:label1\" content=\"Est. reading time\" \/>\n\t<meta name=\"twitter:data1\" content=\"2 minut\u0117s\" \/>\n<script type=\"application\/ld+json\" class=\"yoast-schema-graph\">{\"@context\":\"https:\\\/\\\/schema.org\",\"@graph\":[{\"@type\":\"WebPage\",\"@id\":\"https:\\\/\\\/www.sonneshop.ee\\\/lt\\\/slapuku-politika\\\/\",\"url\":\"https:\\\/\\\/www.sonneshop.ee\\\/lt\\\/slapuku-politika\\\/\",\"name\":\"SLAPUK\u0172 POLITIKA - Sonne\",\"isPartOf\":{\"@id\":\"https:\\\/\\\/www.sonneshop.ee\\\/lt\\\/#website\"},\"datePublished\":\"2023-09-12T08:04:50+00:00\",\"dateModified\":\"2024-01-19T14:13:14+00:00\",\"breadcrumb\":{\"@id\":\"https:\\\/\\\/www.sonneshop.ee\\\/lt\\\/slapuku-politika\\\/#breadcrumb\"},\"inLanguage\":\"lt-LT\",\"potentialAction\":[{\"@type\":\"ReadAction\",\"target\":[\"https:\\\/\\\/www.sonneshop.ee\\\/lt\\\/slapuku-politika\\\/\"]}]},{\"@type\":\"BreadcrumbList\",\"@id\":\"https:\\\/\\\/www.sonneshop.ee\\\/lt\\\/slapuku-politika\\\/#breadcrumb\",\"itemListElement\":[{\"@type\":\"ListItem\",\"position\":1,\"name\":\"Home\",\"item\":\"https:\\\/\\\/www.sonneshop.ee\\\/lt\\\/kava-namai-menas\\\/\"},{\"@type\":\"ListItem\",\"position\":2,\"name\":\"SLAPUK\u0172 POLITIKA\"}]},{\"@type\":\"WebSite\",\"@id\":\"https:\\\/\\\/www.sonneshop.ee\\\/lt\\\/#website\",\"url\":\"https:\\\/\\\/www.sonneshop.ee\\\/lt\\\/\",\"name\":\"Sonne\",\"description\":\"Kohv.Kodu.Kunst\",\"publisher\":{\"@id\":\"https:\\\/\\\/www.sonneshop.ee\\\/lt\\\/#organization\"},\"potentialAction\":[{\"@type\":\"SearchAction\",\"target\":{\"@type\":\"EntryPoint\",\"urlTemplate\":\"https:\\\/\\\/www.sonneshop.ee\\\/lt\\\/?s={search_term_string}\"},\"query-input\":{\"@type\":\"PropertyValueSpecification\",\"valueRequired\":true,\"valueName\":\"search_term_string\"}}],\"inLanguage\":\"lt-LT\"},{\"@type\":\"Organization\",\"@id\":\"https:\\\/\\\/www.sonneshop.ee\\\/lt\\\/#organization\",\"name\":\"Sonne kohv.kodu.kunst\",\"url\":\"https:\\\/\\\/www.sonneshop.ee\\\/lt\\\/\",\"logo\":{\"@type\":\"ImageObject\",\"inLanguage\":\"lt-LT\",\"@id\":\"https:\\\/\\\/www.sonneshop.ee\\\/lt\\\/#\\\/schema\\\/logo\\\/image\\\/\",\"url\":\"https:\\\/\\\/www.sonneshop.ee\\\/wp-content\\\/uploads\\\/2023\\\/07\\\/Sonne_valge.png\",\"contentUrl\":\"https:\\\/\\\/www.sonneshop.ee\\\/wp-content\\\/uploads\\\/2023\\\/07\\\/Sonne_valge.png\",\"width\":600,\"height\":600,\"caption\":\"Sonne kohv.kodu.kunst\"},\"image\":{\"@id\":\"https:\\\/\\\/www.sonneshop.ee\\\/lt\\\/#\\\/schema\\\/logo\\\/image\\\/\"},\"sameAs\":[\"https:\\\/\\\/www.facebook.com\\\/sonneshop\\\/\"]}]}<\/script>\n<!-- \/ Yoast SEO plugin. -->","yoast_head_json":{"title":"SLAPUK\u0172 POLITIKA - Sonne","robots":{"index":"index","follow":"follow","max-snippet":"max-snippet:-1","max-image-preview":"max-image-preview:large","max-video-preview":"max-video-preview:-1"},"canonical":"https:\/\/www.sonneshop.ee\/lt\/slapuku-politika\/","og_locale":"lt_LT","og_type":"article","og_title":"SLAPUK\u0172 POLITIKA - Sonne","og_description":"Slapuk\u0173 politika Kas yra sausainis? Slapukas&#8211; tai nedidelis failas, kuris i\u0161saugomas j\u016bs\u0173 \u012frenginyje, kai lankot\u0117s svetain\u0117je. Kam naudojame slapukus? Slapuk\u0173 informacij\u0105 naudojame siekdami pagerinti svetain\u0117s patogum\u0105 ir turin\u012f. Slapukai padeda rinkti anonimin\u0119 informacij\u0105 apie aplankytus puslapius ir svetain\u0117je naudojamus \u012frenginius. [&hellip;]","og_url":"https:\/\/www.sonneshop.ee\/lt\/slapuku-politika\/","og_site_name":"Sonne","article_publisher":"https:\/\/www.facebook.com\/sonneshop\/","article_modified_time":"2024-01-19T14:13:14+00:00","twitter_card":"summary_large_image","twitter_misc":{"Est. reading time":"2 minut\u0117s"},"schema":{"@context":"https:\/\/schema.org","@graph":[{"@type":"WebPage","@id":"https:\/\/www.sonneshop.ee\/lt\/slapuku-politika\/","url":"https:\/\/www.sonneshop.ee\/lt\/slapuku-politika\/","name":"SLAPUK\u0172 POLITIKA - Sonne","isPartOf":{"@id":"https:\/\/www.sonneshop.ee\/lt\/#website"},"datePublished":"2023-09-12T08:04:50+00:00","dateModified":"2024-01-19T14:13:14+00:00","breadcrumb":{"@id":"https:\/\/www.sonneshop.ee\/lt\/slapuku-politika\/#breadcrumb"},"inLanguage":"lt-LT","potentialAction":[{"@type":"ReadAction","target":["https:\/\/www.sonneshop.ee\/lt\/slapuku-politika\/"]}]},{"@type":"BreadcrumbList","@id":"https:\/\/www.sonneshop.ee\/lt\/slapuku-politika\/#breadcrumb","itemListElement":[{"@type":"ListItem","position":1,"name":"Home","item":"https:\/\/www.sonneshop.ee\/lt\/kava-namai-menas\/"},{"@type":"ListItem","position":2,"name":"SLAPUK\u0172 POLITIKA"}]},{"@type":"WebSite","@id":"https:\/\/www.sonneshop.ee\/lt\/#website","url":"https:\/\/www.sonneshop.ee\/lt\/","name":"Sonne","description":"Kohv.Kodu.Kunst","publisher":{"@id":"https:\/\/www.sonneshop.ee\/lt\/#organization"},"potentialAction":[{"@type":"SearchAction","target":{"@type":"EntryPoint","urlTemplate":"https:\/\/www.sonneshop.ee\/lt\/?s={search_term_string}"},"query-input":{"@type":"PropertyValueSpecification","valueRequired":true,"valueName":"search_term_string"}}],"inLanguage":"lt-LT"},{"@type":"Organization","@id":"https:\/\/www.sonneshop.ee\/lt\/#organization","name":"Sonne kohv.kodu.kunst","url":"https:\/\/www.sonneshop.ee\/lt\/","logo":{"@type":"ImageObject","inLanguage":"lt-LT","@id":"https:\/\/www.sonneshop.ee\/lt\/#\/schema\/logo\/image\/","url":"https:\/\/www.sonneshop.ee\/wp-content\/uploads\/2023\/07\/Sonne_valge.png","contentUrl":"https:\/\/www.sonneshop.ee\/wp-content\/uploads\/2023\/07\/Sonne_valge.png","width":600,"height":600,"caption":"Sonne kohv.kodu.kunst"},"image":{"@id":"https:\/\/www.sonneshop.ee\/lt\/#\/schema\/logo\/image\/"},"sameAs":["https:\/\/www.facebook.com\/sonneshop\/"]}]}},"_links":{"self":[{"href":"https:\/\/www.sonneshop.ee\/lt\/wp-json\/wp\/v2\/pages\/7148","targetHints":{"allow":["GET"]}}],"collection":[{"href":"https:\/\/www.sonneshop.ee\/lt\/wp-json\/wp\/v2\/pages"}],"about":[{"href":"https:\/\/www.sonneshop.ee\/lt\/wp-json\/wp\/v2\/types\/page"}],"author":[{"embeddable":true,"href":"https:\/\/www.sonneshop.ee\/lt\/wp-json\/wp\/v2\/users\/1"}],"replies":[{"embeddable":true,"href":"https:\/\/www.sonneshop.ee\/lt\/wp-json\/wp\/v2\/comments?post=7148"}],"version-history":[{"count":1,"href":"https:\/\/www.sonneshop.ee\/lt\/wp-json\/wp\/v2\/pages\/7148\/revisions"}],"predecessor-version":[{"id":7152,"href":"https:\/\/www.sonneshop.ee\/lt\/wp-json\/wp\/v2\/pages\/7148\/revisions\/7152"}],"wp:attachment":[{"href":"https:\/\/www.sonneshop.ee\/lt\/wp-json\/wp\/v2\/media?parent=7148"}],"curies":[{"name":"wp","href":"https:\/\/api.w.org\/{rel}","templated":true}]}}