{"id":7606,"date":"2024-01-08T10:55:32","date_gmt":"2024-01-08T08:55:32","guid":{"rendered":"https:\/\/www.sonneshop.ee\/product\/seebialus-2\/"},"modified":"2024-01-08T10:55:32","modified_gmt":"2024-01-08T08:55:32","slug":"seebialus-2","status":"publish","type":"product","link":"https:\/\/www.sonneshop.ee\/fi\/tuote\/seebialus-2\/","title":{"rendered":"Seebialus"},"content":{"rendered":"","protected":false},"excerpt":{"rendered":"<p>&nbsp;<\/p>\n<h5>Minimalistisen muotoilun betoninen py\u00f6re\u00e4 saippuakuppi, joka valuttaa ylim\u00e4\u00e4r\u00e4isen veden pohjasta, kun k\u00e4ytet\u00e4\u00e4n kiinte\u00e4\u00e4 saippuaa.<\/h5>\n<p>&nbsp;<\/p>\n<p>Ihanteellinen niin kylpyhuoneeseen kuin keitti\u00f6\u00f6nkin.<\/p>\n<p>Mitat: halkaisija 98 mm<br \/>\nMateriaali: betoni<br \/>\nK\u00e4sitelty luonnollisilla \u00f6ljyill\u00e4.<\/p>\n<p>Jokainen tuote on k\u00e4sintehty, ja sill\u00e4 on oma ainutlaatuinen muotoilunsa.<\/p>\n<p>Suunniteltu ja valmistettu Virossa.<\/p>\n<p>&nbsp;<\/p>\n","protected":false},"featured_media":6965,"comment_status":"open","ping_status":"closed","template":"","meta":[],"product_brand":[],"product_cat":[565],"product_tag":[603,566,601],"class_list":{"0":"post-7606","1":"product","2":"type-product","3":"status-publish","4":"has-post-thumbnail","6":"product_cat-oko-fi","7":"product_tag-betoninen-saippuakuppi","8":"product_tag-oko-fi","9":"product_tag-seebialus-fi","11":"first","12":"instock","13":"taxable","14":"shipping-taxable","15":"purchasable","16":"product-type-simple"},"yoast_head":"<!-- This site is optimized with the Yoast SEO plugin v27.6 - https:\/\/yoast.com\/product\/yoast-seo-wordpress\/ -->\n<title>Seebialus - Sonne<\/title>\n<meta name=\"robots\" content=\"index, follow, max-snippet:-1, max-image-preview:large, max-video-preview:-1\" \/>\n<link rel=\"canonical\" href=\"https:\/\/www.sonneshop.ee\/fi\/tuote\/seebialus-2\/\" \/>\n<meta property=\"og:locale\" content=\"fi_FI\" \/>\n<meta property=\"og:type\" content=\"article\" \/>\n<meta property=\"og:title\" content=\"Seebialus - Sonne\" \/>\n<meta property=\"og:description\" content=\"&nbsp; Minimalistisen muotoilun betoninen py\u00f6re\u00e4 saippuakuppi, joka valuttaa ylim\u00e4\u00e4r\u00e4isen veden pohjasta, kun k\u00e4ytet\u00e4\u00e4n kiinte\u00e4\u00e4 saippuaa. &nbsp; Ihanteellinen niin kylpyhuoneeseen kuin keitti\u00f6\u00f6nkin. Mitat: halkaisija 98 mm Materiaali: betoni K\u00e4sitelty luonnollisilla \u00f6ljyill\u00e4. Jokainen tuote on k\u00e4sintehty, ja sill\u00e4 on oma ainutlaatuinen muotoilunsa. Suunniteltu ja valmistettu Virossa. &nbsp;\" \/>\n<meta property=\"og:url\" content=\"https:\/\/www.sonneshop.ee\/fi\/tuote\/seebialus-2\/\" \/>\n<meta property=\"og:site_name\" content=\"Sonne\" \/>\n<meta property=\"article:publisher\" content=\"https:\/\/www.facebook.com\/sonneshop\/\" \/>\n<meta property=\"og:image\" content=\"https:\/\/www.sonneshop.ee\/wp-content\/uploads\/2024\/01\/okoummarguneseebialushall.jpg\" \/>\n\t<meta property=\"og:image:width\" content=\"768\" \/>\n\t<meta property=\"og:image:height\" content=\"1152\" \/>\n\t<meta property=\"og:image:type\" content=\"image\/jpeg\" \/>\n<meta name=\"twitter:card\" content=\"summary_large_image\" \/>\n<script type=\"application\/ld+json\" class=\"yoast-schema-graph\">{\"@context\":\"https:\\\/\\\/schema.org\",\"@graph\":[{\"@type\":\"WebPage\",\"@id\":\"https:\\\/\\\/www.sonneshop.ee\\\/fi\\\/tuote\\\/seebialus-2\\\/\",\"url\":\"https:\\\/\\\/www.sonneshop.ee\\\/fi\\\/tuote\\\/seebialus-2\\\/\",\"name\":\"Seebialus - Sonne\",\"isPartOf\":{\"@id\":\"https:\\\/\\\/www.sonneshop.ee\\\/fi\\\/#website\"},\"primaryImageOfPage\":{\"@id\":\"https:\\\/\\\/www.sonneshop.ee\\\/fi\\\/tuote\\\/seebialus-2\\\/#primaryimage\"},\"image\":{\"@id\":\"https:\\\/\\\/www.sonneshop.ee\\\/fi\\\/tuote\\\/seebialus-2\\\/#primaryimage\"},\"thumbnailUrl\":\"https:\\\/\\\/www.sonneshop.ee\\\/wp-content\\\/uploads\\\/2024\\\/01\\\/okoummarguneseebialushall.jpg\",\"datePublished\":\"2024-01-08T08:55:32+00:00\",\"breadcrumb\":{\"@id\":\"https:\\\/\\\/www.sonneshop.ee\\\/fi\\\/tuote\\\/seebialus-2\\\/#breadcrumb\"},\"inLanguage\":\"fi\",\"potentialAction\":[{\"@type\":\"ReadAction\",\"target\":[\"https:\\\/\\\/www.sonneshop.ee\\\/fi\\\/tuote\\\/seebialus-2\\\/\"]}]},{\"@type\":\"ImageObject\",\"inLanguage\":\"fi\",\"@id\":\"https:\\\/\\\/www.sonneshop.ee\\\/fi\\\/tuote\\\/seebialus-2\\\/#primaryimage\",\"url\":\"https:\\\/\\\/www.sonneshop.ee\\\/wp-content\\\/uploads\\\/2024\\\/01\\\/okoummarguneseebialushall.jpg\",\"contentUrl\":\"https:\\\/\\\/www.sonneshop.ee\\\/wp-content\\\/uploads\\\/2024\\\/01\\\/okoummarguneseebialushall.jpg\",\"width\":768,\"height\":1152},{\"@type\":\"BreadcrumbList\",\"@id\":\"https:\\\/\\\/www.sonneshop.ee\\\/fi\\\/tuote\\\/seebialus-2\\\/#breadcrumb\",\"itemListElement\":[{\"@type\":\"ListItem\",\"position\":1,\"name\":\"Home\",\"item\":\"https:\\\/\\\/www.sonneshop.ee\\\/fi\\\/kahvi-koti-taide\\\/\"},{\"@type\":\"ListItem\",\"position\":2,\"name\":\"Pood\",\"item\":\"https:\\\/\\\/www.sonneshop.ee\\\/pood\\\/\"},{\"@type\":\"ListItem\",\"position\":3,\"name\":\"Seebialus\"}]},{\"@type\":\"WebSite\",\"@id\":\"https:\\\/\\\/www.sonneshop.ee\\\/fi\\\/#website\",\"url\":\"https:\\\/\\\/www.sonneshop.ee\\\/fi\\\/\",\"name\":\"Sonne\",\"description\":\"Kohv.Kodu.Kunst\",\"publisher\":{\"@id\":\"https:\\\/\\\/www.sonneshop.ee\\\/fi\\\/#organization\"},\"potentialAction\":[{\"@type\":\"SearchAction\",\"target\":{\"@type\":\"EntryPoint\",\"urlTemplate\":\"https:\\\/\\\/www.sonneshop.ee\\\/fi\\\/?s={search_term_string}\"},\"query-input\":{\"@type\":\"PropertyValueSpecification\",\"valueRequired\":true,\"valueName\":\"search_term_string\"}}],\"inLanguage\":\"fi\"},{\"@type\":\"Organization\",\"@id\":\"https:\\\/\\\/www.sonneshop.ee\\\/fi\\\/#organization\",\"name\":\"Sonne kohv.kodu.kunst\",\"url\":\"https:\\\/\\\/www.sonneshop.ee\\\/fi\\\/\",\"logo\":{\"@type\":\"ImageObject\",\"inLanguage\":\"fi\",\"@id\":\"https:\\\/\\\/www.sonneshop.ee\\\/fi\\\/#\\\/schema\\\/logo\\\/image\\\/\",\"url\":\"https:\\\/\\\/www.sonneshop.ee\\\/wp-content\\\/uploads\\\/2023\\\/07\\\/Sonne_valge.png\",\"contentUrl\":\"https:\\\/\\\/www.sonneshop.ee\\\/wp-content\\\/uploads\\\/2023\\\/07\\\/Sonne_valge.png\",\"width\":600,\"height\":600,\"caption\":\"Sonne kohv.kodu.kunst\"},\"image\":{\"@id\":\"https:\\\/\\\/www.sonneshop.ee\\\/fi\\\/#\\\/schema\\\/logo\\\/image\\\/\"},\"sameAs\":[\"https:\\\/\\\/www.facebook.com\\\/sonneshop\\\/\"]}]}<\/script>\n<!-- \/ Yoast SEO plugin. -->","yoast_head_json":{"title":"Seebialus - Sonne","robots":{"index":"index","follow":"follow","max-snippet":"max-snippet:-1","max-image-preview":"max-image-preview:large","max-video-preview":"max-video-preview:-1"},"canonical":"https:\/\/www.sonneshop.ee\/fi\/tuote\/seebialus-2\/","og_locale":"fi_FI","og_type":"article","og_title":"Seebialus - Sonne","og_description":"&nbsp; Minimalistisen muotoilun betoninen py\u00f6re\u00e4 saippuakuppi, joka valuttaa ylim\u00e4\u00e4r\u00e4isen veden pohjasta, kun k\u00e4ytet\u00e4\u00e4n kiinte\u00e4\u00e4 saippuaa. &nbsp; Ihanteellinen niin kylpyhuoneeseen kuin keitti\u00f6\u00f6nkin. Mitat: halkaisija 98 mm Materiaali: betoni K\u00e4sitelty luonnollisilla \u00f6ljyill\u00e4. Jokainen tuote on k\u00e4sintehty, ja sill\u00e4 on oma ainutlaatuinen muotoilunsa. Suunniteltu ja valmistettu Virossa. &nbsp;","og_url":"https:\/\/www.sonneshop.ee\/fi\/tuote\/seebialus-2\/","og_site_name":"Sonne","article_publisher":"https:\/\/www.facebook.com\/sonneshop\/","og_image":[{"width":768,"height":1152,"url":"https:\/\/www.sonneshop.ee\/wp-content\/uploads\/2024\/01\/okoummarguneseebialushall.jpg","type":"image\/jpeg"}],"twitter_card":"summary_large_image","schema":{"@context":"https:\/\/schema.org","@graph":[{"@type":"WebPage","@id":"https:\/\/www.sonneshop.ee\/fi\/tuote\/seebialus-2\/","url":"https:\/\/www.sonneshop.ee\/fi\/tuote\/seebialus-2\/","name":"Seebialus - Sonne","isPartOf":{"@id":"https:\/\/www.sonneshop.ee\/fi\/#website"},"primaryImageOfPage":{"@id":"https:\/\/www.sonneshop.ee\/fi\/tuote\/seebialus-2\/#primaryimage"},"image":{"@id":"https:\/\/www.sonneshop.ee\/fi\/tuote\/seebialus-2\/#primaryimage"},"thumbnailUrl":"https:\/\/www.sonneshop.ee\/wp-content\/uploads\/2024\/01\/okoummarguneseebialushall.jpg","datePublished":"2024-01-08T08:55:32+00:00","breadcrumb":{"@id":"https:\/\/www.sonneshop.ee\/fi\/tuote\/seebialus-2\/#breadcrumb"},"inLanguage":"fi","potentialAction":[{"@type":"ReadAction","target":["https:\/\/www.sonneshop.ee\/fi\/tuote\/seebialus-2\/"]}]},{"@type":"ImageObject","inLanguage":"fi","@id":"https:\/\/www.sonneshop.ee\/fi\/tuote\/seebialus-2\/#primaryimage","url":"https:\/\/www.sonneshop.ee\/wp-content\/uploads\/2024\/01\/okoummarguneseebialushall.jpg","contentUrl":"https:\/\/www.sonneshop.ee\/wp-content\/uploads\/2024\/01\/okoummarguneseebialushall.jpg","width":768,"height":1152},{"@type":"BreadcrumbList","@id":"https:\/\/www.sonneshop.ee\/fi\/tuote\/seebialus-2\/#breadcrumb","itemListElement":[{"@type":"ListItem","position":1,"name":"Home","item":"https:\/\/www.sonneshop.ee\/fi\/kahvi-koti-taide\/"},{"@type":"ListItem","position":2,"name":"Pood","item":"https:\/\/www.sonneshop.ee\/pood\/"},{"@type":"ListItem","position":3,"name":"Seebialus"}]},{"@type":"WebSite","@id":"https:\/\/www.sonneshop.ee\/fi\/#website","url":"https:\/\/www.sonneshop.ee\/fi\/","name":"Sonne","description":"Kohv.Kodu.Kunst","publisher":{"@id":"https:\/\/www.sonneshop.ee\/fi\/#organization"},"potentialAction":[{"@type":"SearchAction","target":{"@type":"EntryPoint","urlTemplate":"https:\/\/www.sonneshop.ee\/fi\/?s={search_term_string}"},"query-input":{"@type":"PropertyValueSpecification","valueRequired":true,"valueName":"search_term_string"}}],"inLanguage":"fi"},{"@type":"Organization","@id":"https:\/\/www.sonneshop.ee\/fi\/#organization","name":"Sonne kohv.kodu.kunst","url":"https:\/\/www.sonneshop.ee\/fi\/","logo":{"@type":"ImageObject","inLanguage":"fi","@id":"https:\/\/www.sonneshop.ee\/fi\/#\/schema\/logo\/image\/","url":"https:\/\/www.sonneshop.ee\/wp-content\/uploads\/2023\/07\/Sonne_valge.png","contentUrl":"https:\/\/www.sonneshop.ee\/wp-content\/uploads\/2023\/07\/Sonne_valge.png","width":600,"height":600,"caption":"Sonne kohv.kodu.kunst"},"image":{"@id":"https:\/\/www.sonneshop.ee\/fi\/#\/schema\/logo\/image\/"},"sameAs":["https:\/\/www.facebook.com\/sonneshop\/"]}]}},"_links":{"self":[{"href":"https:\/\/www.sonneshop.ee\/fi\/wp-json\/wp\/v2\/product\/7606","targetHints":{"allow":["GET"]}}],"collection":[{"href":"https:\/\/www.sonneshop.ee\/fi\/wp-json\/wp\/v2\/product"}],"about":[{"href":"https:\/\/www.sonneshop.ee\/fi\/wp-json\/wp\/v2\/types\/product"}],"replies":[{"embeddable":true,"href":"https:\/\/www.sonneshop.ee\/fi\/wp-json\/wp\/v2\/comments?post=7606"}],"wp:featuredmedia":[{"embeddable":true,"href":"https:\/\/www.sonneshop.ee\/fi\/wp-json\/wp\/v2\/media\/6965"}],"wp:attachment":[{"href":"https:\/\/www.sonneshop.ee\/fi\/wp-json\/wp\/v2\/media?parent=7606"}],"wp:term":[{"taxonomy":"product_brand","embeddable":true,"href":"https:\/\/www.sonneshop.ee\/fi\/wp-json\/wp\/v2\/product_brand?post=7606"},{"taxonomy":"product_cat","embeddable":true,"href":"https:\/\/www.sonneshop.ee\/fi\/wp-json\/wp\/v2\/product_cat?post=7606"},{"taxonomy":"product_tag","embeddable":true,"href":"https:\/\/www.sonneshop.ee\/fi\/wp-json\/wp\/v2\/product_tag?post=7606"}],"curies":[{"name":"wp","href":"https:\/\/api.w.org\/{rel}","templated":true}]}}