{"id":7579,"date":"2024-01-08T10:27:28","date_gmt":"2024-01-08T08:27:28","guid":{"rendered":"https:\/\/www.sonneshop.ee\/product\/soikea-pohja\/"},"modified":"2024-01-08T10:27:28","modified_gmt":"2024-01-08T08:27:28","slug":"soikea-pohja","status":"publish","type":"product","link":"https:\/\/www.sonneshop.ee\/fi\/tuote\/soikea-pohja\/","title":{"rendered":"Soikea pohja"},"content":{"rendered":"","protected":false},"excerpt":{"rendered":"<p>&nbsp;<\/p>\n<h5>Betonijalusta\/jalusta, jossa on minimalistinen muotoilu.<\/h5>\n<p>&nbsp;<\/p>\n<p>Sopii kynttil\u00f6iden, korujen, hammasharjatelineen ja nestesaippuan alustaksi kylpyhuoneessa.<\/p>\n<p>Mitat: 17,5 x 9,5 x 1,6 cm.<br \/>\nMateriaali: betoni<br \/>\nK\u00e4sitelty luonnollisilla \u00f6ljyill\u00e4.<\/p>\n<p>Jokainen tuote on k\u00e4sintehty, ja sill\u00e4 on oma ainutlaatuinen muotoilunsa.<\/p>\n<p>Suunniteltu ja valmistettu Virossa.<\/p>\n<p>&nbsp;<\/p>\n","protected":false},"featured_media":6953,"comment_status":"open","ping_status":"closed","template":"","meta":[],"product_brand":[],"product_cat":[565],"product_tag":[568,566,567],"class_list":{"0":"post-7579","1":"product","2":"type-product","3":"status-publish","4":"has-post-thumbnail","6":"product_cat-oko-fi","7":"product_tag-kynttilanjalka","8":"product_tag-oko-fi","9":"product_tag-soikea-pohja","11":"first","12":"instock","13":"taxable","14":"shipping-taxable","15":"purchasable","16":"product-type-simple"},"yoast_head":"<!-- This site is optimized with the Yoast SEO plugin v27.5 - https:\/\/yoast.com\/product\/yoast-seo-wordpress\/ -->\n<title>Soikea pohja - Sonne<\/title>\n<meta name=\"robots\" content=\"index, follow, max-snippet:-1, max-image-preview:large, max-video-preview:-1\" \/>\n<link rel=\"canonical\" href=\"https:\/\/www.sonneshop.ee\/fi\/tuote\/soikea-pohja\/\" \/>\n<meta property=\"og:locale\" content=\"fi_FI\" \/>\n<meta property=\"og:type\" content=\"article\" \/>\n<meta property=\"og:title\" content=\"Soikea pohja - Sonne\" \/>\n<meta property=\"og:description\" content=\"&nbsp; Betonijalusta\/jalusta, jossa on minimalistinen muotoilu. &nbsp; Sopii kynttil\u00f6iden, korujen, hammasharjatelineen ja nestesaippuan alustaksi kylpyhuoneessa. Mitat: 17,5 x 9,5 x 1,6 cm. Materiaali: betoni K\u00e4sitelty luonnollisilla \u00f6ljyill\u00e4. Jokainen tuote on k\u00e4sintehty, ja sill\u00e4 on oma ainutlaatuinen muotoilunsa. Suunniteltu ja valmistettu Virossa. &nbsp;\" \/>\n<meta property=\"og:url\" content=\"https:\/\/www.sonneshop.ee\/fi\/tuote\/soikea-pohja\/\" \/>\n<meta property=\"og:site_name\" content=\"Sonne\" \/>\n<meta property=\"article:publisher\" content=\"https:\/\/www.facebook.com\/sonneshop\/\" \/>\n<meta property=\"og:image\" content=\"https:\/\/www.sonneshop.ee\/wp-content\/uploads\/2024\/01\/tumehallkuunlaalus.jpg\" \/>\n\t<meta property=\"og:image:width\" content=\"768\" \/>\n\t<meta property=\"og:image:height\" content=\"1152\" \/>\n\t<meta property=\"og:image:type\" content=\"image\/jpeg\" \/>\n<meta name=\"twitter:card\" content=\"summary_large_image\" \/>\n<script type=\"application\/ld+json\" class=\"yoast-schema-graph\">{\"@context\":\"https:\\\/\\\/schema.org\",\"@graph\":[{\"@type\":\"WebPage\",\"@id\":\"https:\\\/\\\/www.sonneshop.ee\\\/fi\\\/tuote\\\/soikea-pohja\\\/\",\"url\":\"https:\\\/\\\/www.sonneshop.ee\\\/fi\\\/tuote\\\/soikea-pohja\\\/\",\"name\":\"Soikea pohja - Sonne\",\"isPartOf\":{\"@id\":\"https:\\\/\\\/www.sonneshop.ee\\\/fi\\\/#website\"},\"primaryImageOfPage\":{\"@id\":\"https:\\\/\\\/www.sonneshop.ee\\\/fi\\\/tuote\\\/soikea-pohja\\\/#primaryimage\"},\"image\":{\"@id\":\"https:\\\/\\\/www.sonneshop.ee\\\/fi\\\/tuote\\\/soikea-pohja\\\/#primaryimage\"},\"thumbnailUrl\":\"https:\\\/\\\/www.sonneshop.ee\\\/wp-content\\\/uploads\\\/2024\\\/01\\\/tumehallkuunlaalus.jpg\",\"datePublished\":\"2024-01-08T08:27:28+00:00\",\"breadcrumb\":{\"@id\":\"https:\\\/\\\/www.sonneshop.ee\\\/fi\\\/tuote\\\/soikea-pohja\\\/#breadcrumb\"},\"inLanguage\":\"fi\",\"potentialAction\":[{\"@type\":\"ReadAction\",\"target\":[\"https:\\\/\\\/www.sonneshop.ee\\\/fi\\\/tuote\\\/soikea-pohja\\\/\"]}]},{\"@type\":\"ImageObject\",\"inLanguage\":\"fi\",\"@id\":\"https:\\\/\\\/www.sonneshop.ee\\\/fi\\\/tuote\\\/soikea-pohja\\\/#primaryimage\",\"url\":\"https:\\\/\\\/www.sonneshop.ee\\\/wp-content\\\/uploads\\\/2024\\\/01\\\/tumehallkuunlaalus.jpg\",\"contentUrl\":\"https:\\\/\\\/www.sonneshop.ee\\\/wp-content\\\/uploads\\\/2024\\\/01\\\/tumehallkuunlaalus.jpg\",\"width\":768,\"height\":1152},{\"@type\":\"BreadcrumbList\",\"@id\":\"https:\\\/\\\/www.sonneshop.ee\\\/fi\\\/tuote\\\/soikea-pohja\\\/#breadcrumb\",\"itemListElement\":[{\"@type\":\"ListItem\",\"position\":1,\"name\":\"Home\",\"item\":\"https:\\\/\\\/www.sonneshop.ee\\\/fi\\\/kahvi-koti-taide\\\/\"},{\"@type\":\"ListItem\",\"position\":2,\"name\":\"Pood\",\"item\":\"https:\\\/\\\/www.sonneshop.ee\\\/pood\\\/\"},{\"@type\":\"ListItem\",\"position\":3,\"name\":\"Soikea pohja\"}]},{\"@type\":\"WebSite\",\"@id\":\"https:\\\/\\\/www.sonneshop.ee\\\/fi\\\/#website\",\"url\":\"https:\\\/\\\/www.sonneshop.ee\\\/fi\\\/\",\"name\":\"Sonne\",\"description\":\"Kohv.Kodu.Kunst\",\"publisher\":{\"@id\":\"https:\\\/\\\/www.sonneshop.ee\\\/fi\\\/#organization\"},\"potentialAction\":[{\"@type\":\"SearchAction\",\"target\":{\"@type\":\"EntryPoint\",\"urlTemplate\":\"https:\\\/\\\/www.sonneshop.ee\\\/fi\\\/?s={search_term_string}\"},\"query-input\":{\"@type\":\"PropertyValueSpecification\",\"valueRequired\":true,\"valueName\":\"search_term_string\"}}],\"inLanguage\":\"fi\"},{\"@type\":\"Organization\",\"@id\":\"https:\\\/\\\/www.sonneshop.ee\\\/fi\\\/#organization\",\"name\":\"Sonne kohv.kodu.kunst\",\"url\":\"https:\\\/\\\/www.sonneshop.ee\\\/fi\\\/\",\"logo\":{\"@type\":\"ImageObject\",\"inLanguage\":\"fi\",\"@id\":\"https:\\\/\\\/www.sonneshop.ee\\\/fi\\\/#\\\/schema\\\/logo\\\/image\\\/\",\"url\":\"https:\\\/\\\/www.sonneshop.ee\\\/wp-content\\\/uploads\\\/2023\\\/07\\\/Sonne_valge.png\",\"contentUrl\":\"https:\\\/\\\/www.sonneshop.ee\\\/wp-content\\\/uploads\\\/2023\\\/07\\\/Sonne_valge.png\",\"width\":600,\"height\":600,\"caption\":\"Sonne kohv.kodu.kunst\"},\"image\":{\"@id\":\"https:\\\/\\\/www.sonneshop.ee\\\/fi\\\/#\\\/schema\\\/logo\\\/image\\\/\"},\"sameAs\":[\"https:\\\/\\\/www.facebook.com\\\/sonneshop\\\/\"]}]}<\/script>\n<!-- \/ Yoast SEO plugin. -->","yoast_head_json":{"title":"Soikea pohja - Sonne","robots":{"index":"index","follow":"follow","max-snippet":"max-snippet:-1","max-image-preview":"max-image-preview:large","max-video-preview":"max-video-preview:-1"},"canonical":"https:\/\/www.sonneshop.ee\/fi\/tuote\/soikea-pohja\/","og_locale":"fi_FI","og_type":"article","og_title":"Soikea pohja - Sonne","og_description":"&nbsp; Betonijalusta\/jalusta, jossa on minimalistinen muotoilu. &nbsp; Sopii kynttil\u00f6iden, korujen, hammasharjatelineen ja nestesaippuan alustaksi kylpyhuoneessa. Mitat: 17,5 x 9,5 x 1,6 cm. Materiaali: betoni K\u00e4sitelty luonnollisilla \u00f6ljyill\u00e4. Jokainen tuote on k\u00e4sintehty, ja sill\u00e4 on oma ainutlaatuinen muotoilunsa. Suunniteltu ja valmistettu Virossa. &nbsp;","og_url":"https:\/\/www.sonneshop.ee\/fi\/tuote\/soikea-pohja\/","og_site_name":"Sonne","article_publisher":"https:\/\/www.facebook.com\/sonneshop\/","og_image":[{"width":768,"height":1152,"url":"https:\/\/www.sonneshop.ee\/wp-content\/uploads\/2024\/01\/tumehallkuunlaalus.jpg","type":"image\/jpeg"}],"twitter_card":"summary_large_image","schema":{"@context":"https:\/\/schema.org","@graph":[{"@type":"WebPage","@id":"https:\/\/www.sonneshop.ee\/fi\/tuote\/soikea-pohja\/","url":"https:\/\/www.sonneshop.ee\/fi\/tuote\/soikea-pohja\/","name":"Soikea pohja - Sonne","isPartOf":{"@id":"https:\/\/www.sonneshop.ee\/fi\/#website"},"primaryImageOfPage":{"@id":"https:\/\/www.sonneshop.ee\/fi\/tuote\/soikea-pohja\/#primaryimage"},"image":{"@id":"https:\/\/www.sonneshop.ee\/fi\/tuote\/soikea-pohja\/#primaryimage"},"thumbnailUrl":"https:\/\/www.sonneshop.ee\/wp-content\/uploads\/2024\/01\/tumehallkuunlaalus.jpg","datePublished":"2024-01-08T08:27:28+00:00","breadcrumb":{"@id":"https:\/\/www.sonneshop.ee\/fi\/tuote\/soikea-pohja\/#breadcrumb"},"inLanguage":"fi","potentialAction":[{"@type":"ReadAction","target":["https:\/\/www.sonneshop.ee\/fi\/tuote\/soikea-pohja\/"]}]},{"@type":"ImageObject","inLanguage":"fi","@id":"https:\/\/www.sonneshop.ee\/fi\/tuote\/soikea-pohja\/#primaryimage","url":"https:\/\/www.sonneshop.ee\/wp-content\/uploads\/2024\/01\/tumehallkuunlaalus.jpg","contentUrl":"https:\/\/www.sonneshop.ee\/wp-content\/uploads\/2024\/01\/tumehallkuunlaalus.jpg","width":768,"height":1152},{"@type":"BreadcrumbList","@id":"https:\/\/www.sonneshop.ee\/fi\/tuote\/soikea-pohja\/#breadcrumb","itemListElement":[{"@type":"ListItem","position":1,"name":"Home","item":"https:\/\/www.sonneshop.ee\/fi\/kahvi-koti-taide\/"},{"@type":"ListItem","position":2,"name":"Pood","item":"https:\/\/www.sonneshop.ee\/pood\/"},{"@type":"ListItem","position":3,"name":"Soikea pohja"}]},{"@type":"WebSite","@id":"https:\/\/www.sonneshop.ee\/fi\/#website","url":"https:\/\/www.sonneshop.ee\/fi\/","name":"Sonne","description":"Kohv.Kodu.Kunst","publisher":{"@id":"https:\/\/www.sonneshop.ee\/fi\/#organization"},"potentialAction":[{"@type":"SearchAction","target":{"@type":"EntryPoint","urlTemplate":"https:\/\/www.sonneshop.ee\/fi\/?s={search_term_string}"},"query-input":{"@type":"PropertyValueSpecification","valueRequired":true,"valueName":"search_term_string"}}],"inLanguage":"fi"},{"@type":"Organization","@id":"https:\/\/www.sonneshop.ee\/fi\/#organization","name":"Sonne kohv.kodu.kunst","url":"https:\/\/www.sonneshop.ee\/fi\/","logo":{"@type":"ImageObject","inLanguage":"fi","@id":"https:\/\/www.sonneshop.ee\/fi\/#\/schema\/logo\/image\/","url":"https:\/\/www.sonneshop.ee\/wp-content\/uploads\/2023\/07\/Sonne_valge.png","contentUrl":"https:\/\/www.sonneshop.ee\/wp-content\/uploads\/2023\/07\/Sonne_valge.png","width":600,"height":600,"caption":"Sonne kohv.kodu.kunst"},"image":{"@id":"https:\/\/www.sonneshop.ee\/fi\/#\/schema\/logo\/image\/"},"sameAs":["https:\/\/www.facebook.com\/sonneshop\/"]}]}},"_links":{"self":[{"href":"https:\/\/www.sonneshop.ee\/fi\/wp-json\/wp\/v2\/product\/7579","targetHints":{"allow":["GET"]}}],"collection":[{"href":"https:\/\/www.sonneshop.ee\/fi\/wp-json\/wp\/v2\/product"}],"about":[{"href":"https:\/\/www.sonneshop.ee\/fi\/wp-json\/wp\/v2\/types\/product"}],"replies":[{"embeddable":true,"href":"https:\/\/www.sonneshop.ee\/fi\/wp-json\/wp\/v2\/comments?post=7579"}],"wp:featuredmedia":[{"embeddable":true,"href":"https:\/\/www.sonneshop.ee\/fi\/wp-json\/wp\/v2\/media\/6953"}],"wp:attachment":[{"href":"https:\/\/www.sonneshop.ee\/fi\/wp-json\/wp\/v2\/media?parent=7579"}],"wp:term":[{"taxonomy":"product_brand","embeddable":true,"href":"https:\/\/www.sonneshop.ee\/fi\/wp-json\/wp\/v2\/product_brand?post=7579"},{"taxonomy":"product_cat","embeddable":true,"href":"https:\/\/www.sonneshop.ee\/fi\/wp-json\/wp\/v2\/product_cat?post=7579"},{"taxonomy":"product_tag","embeddable":true,"href":"https:\/\/www.sonneshop.ee\/fi\/wp-json\/wp\/v2\/product_tag?post=7579"}],"curies":[{"name":"wp","href":"https:\/\/api.w.org\/{rel}","templated":true}]}}