{"id":7472,"date":"2023-11-14T16:45:23","date_gmt":"2023-11-14T14:45:23","guid":{"rendered":"https:\/\/www.sonneshop.ee\/product\/kupla-kynttila-ombre\/"},"modified":"2025-12-08T12:18:28","modified_gmt":"2025-12-08T10:18:28","slug":"kupla-kynttila-ombre","status":"publish","type":"product","link":"https:\/\/www.sonneshop.ee\/fi\/tuote\/kupla-kynttila-ombre\/","title":{"rendered":"Kupla kynttil\u00e4 ombre"},"content":{"rendered":"<p>&nbsp;<\/p>\n<p><span style=\"font-weight: 400;\"><strong>Kaikki Bright Moon -kynttil\u00e4t valetaan k\u00e4sin k\u00e4ytt\u00e4en puhdasta soijavahaa, kest\u00e4vi\u00e4 puuvillakynttil\u00e4nvanoja ja korkealaatuisia tuoksu\u00f6ljyj\u00e4.<\/strong>  Suunniteltu koristeelliseen k\u00e4ytt\u00f6\u00f6n. Kun poltat soijavahaa, muista, ett\u00e4 se voi levit\u00e4, joten suosittelemme k\u00e4ytt\u00e4m\u00e4\u00e4n kuumuutta kest\u00e4v\u00e4\u00e4 alustaa.<\/span><\/p>\n<p><span style=\"font-weight: 400;\">Kaikki Bright Moon -kynttil\u00e4t on valmistettu KeraSoy Pillar soijavahasta.<\/span><\/p>\n<p><span style=\"font-weight: 400;\">KeraSoy Pillar vaha valmistetaan k\u00e4ytt\u00e4en vain korkealaatuisia ja vastuullisesti hankittuja raaka-aineita. Kuten kaikki Keraxin luonnolliset kynttil\u00e4vahat, my\u00f6s KeraSoy Pillar 4120 t\u00e4ytt\u00e4\u00e4 tarvittavat vaatimukset, eli se on biohajoava, vegaaninen ja palmu\u00f6ljyt\u00f6n. KeraSoy Pillar -vahan valmistuksessa ei k\u00e4ytet\u00e4 el\u00e4intuotteita.<\/span><\/p>\n","protected":false},"excerpt":{"rendered":"<p>&nbsp;<\/p>\n<h5><strong>Kirkas Moon ombre -tyylinen kuplakynttil\u00e4 on tyylik\u00e4s sisustuselementti mihin tahansa sisustukseen.<\/strong><\/h5>\n<p>&nbsp;<\/p>\n<ul>\n<li style=\"font-weight: 400;\" aria-level=\"1\"><span style=\"font-weight: 400;\">100% luonnollinen soijavaha<\/span><\/li>\n<li style=\"font-weight: 400;\" aria-level=\"1\"><span style=\"font-weight: 400;\">Paino: 160 grammaa<\/span><\/li>\n<li style=\"font-weight: 400;\" aria-level=\"1\"><span style=\"font-weight: 400;\">Koko: 6 x 6 cm<\/span><\/li>\n<li style=\"font-weight: 400;\" aria-level=\"1\"><span style=\"font-weight: 400;\">Polttoaika ~25h<\/span><\/li>\n<li style=\"font-weight: 400;\" aria-level=\"1\"><span style=\"font-weight: 400;\">K\u00e4sin valettu Virossa<\/span><\/li>\n<\/ul>\n<p>&nbsp;<\/p>\n","protected":false},"featured_media":6865,"comment_status":"open","ping_status":"closed","template":"","meta":[],"product_brand":[],"product_cat":[528],"product_tag":[466,467],"class_list":{"0":"post-7472","1":"product","2":"type-product","3":"status-publish","4":"has-post-thumbnail","6":"product_cat-maro-kynttilat","7":"product_tag-kirkas-kuu","8":"product_tag-soijanahkainen-kynttila","10":"first","11":"instock","12":"taxable","13":"shipping-taxable","14":"purchasable","15":"product-type-simple"},"yoast_head":"<!-- This site is optimized with the Yoast SEO plugin v27.4 - https:\/\/yoast.com\/product\/yoast-seo-wordpress\/ -->\n<title>Kupla kynttil\u00e4 ombre - Sonne<\/title>\n<meta name=\"robots\" content=\"index, follow, max-snippet:-1, max-image-preview:large, max-video-preview:-1\" \/>\n<link rel=\"canonical\" href=\"https:\/\/www.sonneshop.ee\/fi\/tuote\/kupla-kynttila-ombre\/\" \/>\n<meta property=\"og:locale\" content=\"fi_FI\" \/>\n<meta property=\"og:type\" content=\"article\" \/>\n<meta property=\"og:title\" content=\"Kupla kynttil\u00e4 ombre - Sonne\" \/>\n<meta property=\"og:description\" content=\"&nbsp; Kirkas Moon ombre -tyylinen kuplakynttil\u00e4 on tyylik\u00e4s sisustuselementti mihin tahansa sisustukseen. &nbsp;  100% luonnollinen soijavaha  Paino: 160 grammaa  Koko: 6 x 6 cm  Polttoaika ~25h  K\u00e4sin valettu Virossa &nbsp;\" \/>\n<meta property=\"og:url\" content=\"https:\/\/www.sonneshop.ee\/fi\/tuote\/kupla-kynttila-ombre\/\" \/>\n<meta property=\"og:site_name\" content=\"Sonne\" \/>\n<meta property=\"article:publisher\" content=\"https:\/\/www.facebook.com\/sonneshop\/\" \/>\n<meta property=\"article:modified_time\" content=\"2025-12-08T10:18:28+00:00\" \/>\n<meta property=\"og:image\" content=\"https:\/\/www.sonneshop.ee\/wp-content\/uploads\/2023\/11\/ombree_mullikuunal_helgekuu.jpg\" \/>\n\t<meta property=\"og:image:width\" content=\"1440\" \/>\n\t<meta property=\"og:image:height\" content=\"1920\" \/>\n\t<meta property=\"og:image:type\" content=\"image\/jpeg\" \/>\n<meta name=\"twitter:card\" content=\"summary_large_image\" \/>\n<meta name=\"twitter:label1\" content=\"Arvioitu lukuaika\" \/>\n\t<meta name=\"twitter:data1\" content=\"1 minuutti\" \/>\n<script type=\"application\/ld+json\" class=\"yoast-schema-graph\">{\"@context\":\"https:\\\/\\\/schema.org\",\"@graph\":[{\"@type\":\"WebPage\",\"@id\":\"https:\\\/\\\/www.sonneshop.ee\\\/fi\\\/tuote\\\/kupla-kynttila-ombre\\\/\",\"url\":\"https:\\\/\\\/www.sonneshop.ee\\\/fi\\\/tuote\\\/kupla-kynttila-ombre\\\/\",\"name\":\"Kupla kynttil\u00e4 ombre - Sonne\",\"isPartOf\":{\"@id\":\"https:\\\/\\\/www.sonneshop.ee\\\/fi\\\/#website\"},\"primaryImageOfPage\":{\"@id\":\"https:\\\/\\\/www.sonneshop.ee\\\/fi\\\/tuote\\\/kupla-kynttila-ombre\\\/#primaryimage\"},\"image\":{\"@id\":\"https:\\\/\\\/www.sonneshop.ee\\\/fi\\\/tuote\\\/kupla-kynttila-ombre\\\/#primaryimage\"},\"thumbnailUrl\":\"https:\\\/\\\/www.sonneshop.ee\\\/wp-content\\\/uploads\\\/2023\\\/11\\\/ombree_mullikuunal_helgekuu.jpg\",\"datePublished\":\"2023-11-14T14:45:23+00:00\",\"dateModified\":\"2025-12-08T10:18:28+00:00\",\"breadcrumb\":{\"@id\":\"https:\\\/\\\/www.sonneshop.ee\\\/fi\\\/tuote\\\/kupla-kynttila-ombre\\\/#breadcrumb\"},\"inLanguage\":\"fi\",\"potentialAction\":[{\"@type\":\"ReadAction\",\"target\":[\"https:\\\/\\\/www.sonneshop.ee\\\/fi\\\/tuote\\\/kupla-kynttila-ombre\\\/\"]}]},{\"@type\":\"ImageObject\",\"inLanguage\":\"fi\",\"@id\":\"https:\\\/\\\/www.sonneshop.ee\\\/fi\\\/tuote\\\/kupla-kynttila-ombre\\\/#primaryimage\",\"url\":\"https:\\\/\\\/www.sonneshop.ee\\\/wp-content\\\/uploads\\\/2023\\\/11\\\/ombree_mullikuunal_helgekuu.jpg\",\"contentUrl\":\"https:\\\/\\\/www.sonneshop.ee\\\/wp-content\\\/uploads\\\/2023\\\/11\\\/ombree_mullikuunal_helgekuu.jpg\",\"width\":1440,\"height\":1920},{\"@type\":\"BreadcrumbList\",\"@id\":\"https:\\\/\\\/www.sonneshop.ee\\\/fi\\\/tuote\\\/kupla-kynttila-ombre\\\/#breadcrumb\",\"itemListElement\":[{\"@type\":\"ListItem\",\"position\":1,\"name\":\"Home\",\"item\":\"https:\\\/\\\/www.sonneshop.ee\\\/fi\\\/kahvi-koti-taide\\\/\"},{\"@type\":\"ListItem\",\"position\":2,\"name\":\"Pood\",\"item\":\"https:\\\/\\\/www.sonneshop.ee\\\/pood\\\/\"},{\"@type\":\"ListItem\",\"position\":3,\"name\":\"Kupla kynttil\u00e4 ombre\"}]},{\"@type\":\"WebSite\",\"@id\":\"https:\\\/\\\/www.sonneshop.ee\\\/fi\\\/#website\",\"url\":\"https:\\\/\\\/www.sonneshop.ee\\\/fi\\\/\",\"name\":\"Sonne\",\"description\":\"Kohv.Kodu.Kunst\",\"publisher\":{\"@id\":\"https:\\\/\\\/www.sonneshop.ee\\\/fi\\\/#organization\"},\"potentialAction\":[{\"@type\":\"SearchAction\",\"target\":{\"@type\":\"EntryPoint\",\"urlTemplate\":\"https:\\\/\\\/www.sonneshop.ee\\\/fi\\\/?s={search_term_string}\"},\"query-input\":{\"@type\":\"PropertyValueSpecification\",\"valueRequired\":true,\"valueName\":\"search_term_string\"}}],\"inLanguage\":\"fi\"},{\"@type\":\"Organization\",\"@id\":\"https:\\\/\\\/www.sonneshop.ee\\\/fi\\\/#organization\",\"name\":\"Sonne kohv.kodu.kunst\",\"url\":\"https:\\\/\\\/www.sonneshop.ee\\\/fi\\\/\",\"logo\":{\"@type\":\"ImageObject\",\"inLanguage\":\"fi\",\"@id\":\"https:\\\/\\\/www.sonneshop.ee\\\/fi\\\/#\\\/schema\\\/logo\\\/image\\\/\",\"url\":\"https:\\\/\\\/www.sonneshop.ee\\\/wp-content\\\/uploads\\\/2023\\\/07\\\/Sonne_valge.png\",\"contentUrl\":\"https:\\\/\\\/www.sonneshop.ee\\\/wp-content\\\/uploads\\\/2023\\\/07\\\/Sonne_valge.png\",\"width\":600,\"height\":600,\"caption\":\"Sonne kohv.kodu.kunst\"},\"image\":{\"@id\":\"https:\\\/\\\/www.sonneshop.ee\\\/fi\\\/#\\\/schema\\\/logo\\\/image\\\/\"},\"sameAs\":[\"https:\\\/\\\/www.facebook.com\\\/sonneshop\\\/\"]}]}<\/script>\n<!-- \/ Yoast SEO plugin. -->","yoast_head_json":{"title":"Kupla kynttil\u00e4 ombre - Sonne","robots":{"index":"index","follow":"follow","max-snippet":"max-snippet:-1","max-image-preview":"max-image-preview:large","max-video-preview":"max-video-preview:-1"},"canonical":"https:\/\/www.sonneshop.ee\/fi\/tuote\/kupla-kynttila-ombre\/","og_locale":"fi_FI","og_type":"article","og_title":"Kupla kynttil\u00e4 ombre - Sonne","og_description":"&nbsp; Kirkas Moon ombre -tyylinen kuplakynttil\u00e4 on tyylik\u00e4s sisustuselementti mihin tahansa sisustukseen. &nbsp;  100% luonnollinen soijavaha  Paino: 160 grammaa  Koko: 6 x 6 cm  Polttoaika ~25h  K\u00e4sin valettu Virossa &nbsp;","og_url":"https:\/\/www.sonneshop.ee\/fi\/tuote\/kupla-kynttila-ombre\/","og_site_name":"Sonne","article_publisher":"https:\/\/www.facebook.com\/sonneshop\/","article_modified_time":"2025-12-08T10:18:28+00:00","og_image":[{"width":1440,"height":1920,"url":"https:\/\/www.sonneshop.ee\/wp-content\/uploads\/2023\/11\/ombree_mullikuunal_helgekuu.jpg","type":"image\/jpeg"}],"twitter_card":"summary_large_image","twitter_misc":{"Arvioitu lukuaika":"1 minuutti"},"schema":{"@context":"https:\/\/schema.org","@graph":[{"@type":"WebPage","@id":"https:\/\/www.sonneshop.ee\/fi\/tuote\/kupla-kynttila-ombre\/","url":"https:\/\/www.sonneshop.ee\/fi\/tuote\/kupla-kynttila-ombre\/","name":"Kupla kynttil\u00e4 ombre - Sonne","isPartOf":{"@id":"https:\/\/www.sonneshop.ee\/fi\/#website"},"primaryImageOfPage":{"@id":"https:\/\/www.sonneshop.ee\/fi\/tuote\/kupla-kynttila-ombre\/#primaryimage"},"image":{"@id":"https:\/\/www.sonneshop.ee\/fi\/tuote\/kupla-kynttila-ombre\/#primaryimage"},"thumbnailUrl":"https:\/\/www.sonneshop.ee\/wp-content\/uploads\/2023\/11\/ombree_mullikuunal_helgekuu.jpg","datePublished":"2023-11-14T14:45:23+00:00","dateModified":"2025-12-08T10:18:28+00:00","breadcrumb":{"@id":"https:\/\/www.sonneshop.ee\/fi\/tuote\/kupla-kynttila-ombre\/#breadcrumb"},"inLanguage":"fi","potentialAction":[{"@type":"ReadAction","target":["https:\/\/www.sonneshop.ee\/fi\/tuote\/kupla-kynttila-ombre\/"]}]},{"@type":"ImageObject","inLanguage":"fi","@id":"https:\/\/www.sonneshop.ee\/fi\/tuote\/kupla-kynttila-ombre\/#primaryimage","url":"https:\/\/www.sonneshop.ee\/wp-content\/uploads\/2023\/11\/ombree_mullikuunal_helgekuu.jpg","contentUrl":"https:\/\/www.sonneshop.ee\/wp-content\/uploads\/2023\/11\/ombree_mullikuunal_helgekuu.jpg","width":1440,"height":1920},{"@type":"BreadcrumbList","@id":"https:\/\/www.sonneshop.ee\/fi\/tuote\/kupla-kynttila-ombre\/#breadcrumb","itemListElement":[{"@type":"ListItem","position":1,"name":"Home","item":"https:\/\/www.sonneshop.ee\/fi\/kahvi-koti-taide\/"},{"@type":"ListItem","position":2,"name":"Pood","item":"https:\/\/www.sonneshop.ee\/pood\/"},{"@type":"ListItem","position":3,"name":"Kupla kynttil\u00e4 ombre"}]},{"@type":"WebSite","@id":"https:\/\/www.sonneshop.ee\/fi\/#website","url":"https:\/\/www.sonneshop.ee\/fi\/","name":"Sonne","description":"Kohv.Kodu.Kunst","publisher":{"@id":"https:\/\/www.sonneshop.ee\/fi\/#organization"},"potentialAction":[{"@type":"SearchAction","target":{"@type":"EntryPoint","urlTemplate":"https:\/\/www.sonneshop.ee\/fi\/?s={search_term_string}"},"query-input":{"@type":"PropertyValueSpecification","valueRequired":true,"valueName":"search_term_string"}}],"inLanguage":"fi"},{"@type":"Organization","@id":"https:\/\/www.sonneshop.ee\/fi\/#organization","name":"Sonne kohv.kodu.kunst","url":"https:\/\/www.sonneshop.ee\/fi\/","logo":{"@type":"ImageObject","inLanguage":"fi","@id":"https:\/\/www.sonneshop.ee\/fi\/#\/schema\/logo\/image\/","url":"https:\/\/www.sonneshop.ee\/wp-content\/uploads\/2023\/07\/Sonne_valge.png","contentUrl":"https:\/\/www.sonneshop.ee\/wp-content\/uploads\/2023\/07\/Sonne_valge.png","width":600,"height":600,"caption":"Sonne kohv.kodu.kunst"},"image":{"@id":"https:\/\/www.sonneshop.ee\/fi\/#\/schema\/logo\/image\/"},"sameAs":["https:\/\/www.facebook.com\/sonneshop\/"]}]}},"_links":{"self":[{"href":"https:\/\/www.sonneshop.ee\/fi\/wp-json\/wp\/v2\/product\/7472","targetHints":{"allow":["GET"]}}],"collection":[{"href":"https:\/\/www.sonneshop.ee\/fi\/wp-json\/wp\/v2\/product"}],"about":[{"href":"https:\/\/www.sonneshop.ee\/fi\/wp-json\/wp\/v2\/types\/product"}],"replies":[{"embeddable":true,"href":"https:\/\/www.sonneshop.ee\/fi\/wp-json\/wp\/v2\/comments?post=7472"}],"wp:featuredmedia":[{"embeddable":true,"href":"https:\/\/www.sonneshop.ee\/fi\/wp-json\/wp\/v2\/media\/6865"}],"wp:attachment":[{"href":"https:\/\/www.sonneshop.ee\/fi\/wp-json\/wp\/v2\/media?parent=7472"}],"wp:term":[{"taxonomy":"product_brand","embeddable":true,"href":"https:\/\/www.sonneshop.ee\/fi\/wp-json\/wp\/v2\/product_brand?post=7472"},{"taxonomy":"product_cat","embeddable":true,"href":"https:\/\/www.sonneshop.ee\/fi\/wp-json\/wp\/v2\/product_cat?post=7472"},{"taxonomy":"product_tag","embeddable":true,"href":"https:\/\/www.sonneshop.ee\/fi\/wp-json\/wp\/v2\/product_tag?post=7472"}],"curies":[{"name":"wp","href":"https:\/\/api.w.org\/{rel}","templated":true}]}}