{"id":7463,"date":"2023-11-14T16:10:45","date_gmt":"2023-11-14T14:10:45","guid":{"rendered":"https:\/\/www.sonneshop.ee\/product\/aurinkolasit-klassinen\/"},"modified":"2023-11-14T16:10:45","modified_gmt":"2023-11-14T14:10:45","slug":"aurinkolasit-klassinen","status":"publish","type":"product","link":"https:\/\/www.sonneshop.ee\/fi\/tuote\/aurinkolasit-klassinen\/","title":{"rendered":"Aurinkolasit klassinen"},"content":{"rendered":"<p>&nbsp;<\/p>\n<p><strong>SONNENGLAS\u00ae TARKOITTAA MY\u00d6S:<\/strong><\/p>\n<p><span style=\"font-weight: 400;\">J\u00c4T\u00c4MME MAAILMAMME PAREMMASSA KUNNOSSA KUIN MIT\u00c4 L\u00d6YSIMME SEN.<\/span><\/p>\n<p><span style=\"font-weight: 400;\">Johannesburgin l\u00e4hi\u00f6iss\u00e4 tapahtuneesta kehityksest\u00e4 l\u00e4htien t\u00e4m\u00e4 prosessi on ollut suoraan yhteydess\u00e4 sen tuottajien el\u00e4m\u00e4\u00e4n. N\u00e4m\u00e4 ihmiset ovat saavuttaneet  <\/span><\/p>\n<p><span style=\"font-weight: 400;\">parasta, mit\u00e4 heill\u00e4 on &#8211; kiitos kekseli\u00e4isyyden ja vankkumattoman el\u00e4m\u00e4nilon. T\u00e4m\u00e4 sielu ohjaa SONNENGLAS\u00ae:n siihen, mit\u00e4 se on: valoon, joka loistaa monin eri tavoin.<\/span><\/p>\n<p><span style=\"font-weight: 400;\">Siksi meille on itsest\u00e4\u00e4n selv\u00e4\u00e4, ett\u00e4 valmistamme aurinkolamppumme sosiaalisesti kest\u00e4v\u00e4ll\u00e4 tavalla ja noudatamme tiukkoja reilun kaupan standardeja. Etel\u00e4-Afrikan tehtaallamme luomme vakituisia ty\u00f6paikkoja ja tulevaisuudenn\u00e4kymi\u00e4 aiemmin ty\u00f6tt\u00f6mille nuorille, jotka asuvat Johannesburgin ep\u00e4suotuisilla alueilla.<\/span><\/p>\n<p><span style=\"font-weight: 400;\">SONNENGLAS\u00ae valmistetaan suurelta osin k\u00e4sity\u00f6n\u00e4. T\u00e4m\u00e4 takaa korkean laadun ja erityisen pitk\u00e4n kest\u00e4vyyden. Todellinen etel\u00e4afrikkalainen menestystarina, joka ei ainoastaan tuo lis\u00e4\u00e4 valoa townshipiin, vaan tekee my\u00f6s muusta maailmasta valoisamman paikan &#8211; valoa valon j\u00e4lkeen.<\/span><\/p>\n<p>&nbsp;<\/p>\n","protected":false},"excerpt":{"rendered":"<p>&nbsp;<\/p>\n<h5><strong>Seuraavan sukupolven vihre\u00e4\u00e4 huipputeknologiaa tutussa 1 litran (33,8 unssia) versiossa, jossa on jopa 100 tunnin kiilto.<\/strong><\/h5>\n<p>&nbsp;<\/p>\n<p><span style=\"font-weight: 400;\">Ominaisuudet:<\/span><\/p>\n<p><span style=\"font-weight: 400;\">Toimii jopa 100 tuntia jokaisen t\u00e4yden latauksen j\u00e4lkeen.<\/span><\/p>\n<p><span style=\"font-weight: 400;\">Kytkeytyy automaattisesti p\u00e4\u00e4lle y\u00f6ll\u00e4 ja pois p\u00e4\u00e4lt\u00e4 seuraavana aamuna.<\/span><\/p>\n<p><span style=\"font-weight: 400;\">Uudet SONNENGLAS\u00ae LEDit, joissa on pehme\u00e4, l\u00e4mmin ja v\u00e4lkkym\u00e4t\u00f6n valo (3000K).<\/span><\/p>\n<p><span style=\"font-weight: 400;\">10 tunnin akunkesto vain 10 minuutin latauksen j\u00e4lkeen USB-C:n kautta.<\/span><\/p>\n<p><span style=\"font-weight: 400;\">K\u00e4yt\u00e4nn\u00f6llinen akun varauksen ilmaisin<\/span><\/p>\n<p><span style=\"font-weight: 400;\">Naarmuuntumaton korkean suorituskyvyn pinnoite<\/span><\/p>\n<p><span style=\"font-weight: 400;\">S\u00e4\u00e4nkest\u00e4v\u00e4, korroosiovapaa, suojattu sateelta<\/span><\/p>\n<p><span style=\"font-weight: 400;\">Integroitu USB-portti, jossa on p\u00f6lypistoke<\/span><\/p>\n<p>&nbsp;<\/p>\n","protected":false},"featured_media":6797,"comment_status":"open","ping_status":"closed","template":"","meta":[],"product_brand":[],"product_cat":[458],"product_tag":[459],"class_list":{"0":"post-7463","1":"product","2":"type-product","3":"status-publish","4":"has-post-thumbnail","6":"product_cat-aurinkolasit","7":"product_tag-aurinkolasit","9":"first","10":"instock","11":"taxable","12":"shipping-taxable","13":"purchasable","14":"product-type-simple"},"yoast_head":"<!-- This site is optimized with the Yoast SEO plugin v27.4 - https:\/\/yoast.com\/product\/yoast-seo-wordpress\/ -->\n<title>Aurinkolasit klassinen - Sonne<\/title>\n<meta name=\"robots\" content=\"index, follow, max-snippet:-1, max-image-preview:large, max-video-preview:-1\" \/>\n<link rel=\"canonical\" href=\"https:\/\/www.sonneshop.ee\/fi\/tuote\/aurinkolasit-klassinen\/\" \/>\n<meta property=\"og:locale\" content=\"fi_FI\" \/>\n<meta property=\"og:type\" content=\"article\" \/>\n<meta property=\"og:title\" content=\"Aurinkolasit klassinen - Sonne\" \/>\n<meta property=\"og:description\" content=\"&nbsp; Seuraavan sukupolven vihre\u00e4\u00e4 huipputeknologiaa tutussa 1 litran (33,8 unssia) versiossa, jossa on jopa 100 tunnin kiilto. &nbsp; Ominaisuudet: Toimii jopa 100 tuntia jokaisen t\u00e4yden latauksen j\u00e4lkeen. Kytkeytyy automaattisesti p\u00e4\u00e4lle y\u00f6ll\u00e4 ja pois p\u00e4\u00e4lt\u00e4 seuraavana aamuna. Uudet SONNENGLAS\u00ae LEDit, joissa on pehme\u00e4, l\u00e4mmin ja v\u00e4lkkym\u00e4t\u00f6n valo (3000K). 10 tunnin akunkesto vain 10 minuutin latauksen j\u00e4lkeen USB-C:n kautta. K\u00e4yt\u00e4nn\u00f6llinen akun varauksen ilmaisin Naarmuuntumaton korkean suorituskyvyn pinnoite S\u00e4\u00e4nkest\u00e4v\u00e4, korroosiovapaa, suojattu sateelta Integroitu USB-portti, jossa on p\u00f6lypistoke &nbsp;\" \/>\n<meta property=\"og:url\" content=\"https:\/\/www.sonneshop.ee\/fi\/tuote\/aurinkolasit-klassinen\/\" \/>\n<meta property=\"og:site_name\" content=\"Sonne\" \/>\n<meta property=\"article:publisher\" content=\"https:\/\/www.facebook.com\/sonneshop\/\" \/>\n<meta property=\"og:image\" content=\"https:\/\/www.sonneshop.ee\/wp-content\/uploads\/2023\/11\/Sonneglas_classic-1.jpg\" \/>\n\t<meta property=\"og:image:width\" content=\"800\" \/>\n\t<meta property=\"og:image:height\" content=\"800\" \/>\n\t<meta property=\"og:image:type\" content=\"image\/jpeg\" \/>\n<meta name=\"twitter:card\" content=\"summary_large_image\" \/>\n<meta name=\"twitter:label1\" content=\"Arvioitu lukuaika\" \/>\n\t<meta name=\"twitter:data1\" content=\"1 minuutti\" \/>\n<script type=\"application\/ld+json\" class=\"yoast-schema-graph\">{\"@context\":\"https:\\\/\\\/schema.org\",\"@graph\":[{\"@type\":\"WebPage\",\"@id\":\"https:\\\/\\\/www.sonneshop.ee\\\/fi\\\/tuote\\\/aurinkolasit-klassinen\\\/\",\"url\":\"https:\\\/\\\/www.sonneshop.ee\\\/fi\\\/tuote\\\/aurinkolasit-klassinen\\\/\",\"name\":\"Aurinkolasit klassinen - Sonne\",\"isPartOf\":{\"@id\":\"https:\\\/\\\/www.sonneshop.ee\\\/fi\\\/#website\"},\"primaryImageOfPage\":{\"@id\":\"https:\\\/\\\/www.sonneshop.ee\\\/fi\\\/tuote\\\/aurinkolasit-klassinen\\\/#primaryimage\"},\"image\":{\"@id\":\"https:\\\/\\\/www.sonneshop.ee\\\/fi\\\/tuote\\\/aurinkolasit-klassinen\\\/#primaryimage\"},\"thumbnailUrl\":\"https:\\\/\\\/www.sonneshop.ee\\\/wp-content\\\/uploads\\\/2023\\\/11\\\/Sonneglas_classic-1.jpg\",\"datePublished\":\"2023-11-14T14:10:45+00:00\",\"breadcrumb\":{\"@id\":\"https:\\\/\\\/www.sonneshop.ee\\\/fi\\\/tuote\\\/aurinkolasit-klassinen\\\/#breadcrumb\"},\"inLanguage\":\"fi\",\"potentialAction\":[{\"@type\":\"ReadAction\",\"target\":[\"https:\\\/\\\/www.sonneshop.ee\\\/fi\\\/tuote\\\/aurinkolasit-klassinen\\\/\"]}]},{\"@type\":\"ImageObject\",\"inLanguage\":\"fi\",\"@id\":\"https:\\\/\\\/www.sonneshop.ee\\\/fi\\\/tuote\\\/aurinkolasit-klassinen\\\/#primaryimage\",\"url\":\"https:\\\/\\\/www.sonneshop.ee\\\/wp-content\\\/uploads\\\/2023\\\/11\\\/Sonneglas_classic-1.jpg\",\"contentUrl\":\"https:\\\/\\\/www.sonneshop.ee\\\/wp-content\\\/uploads\\\/2023\\\/11\\\/Sonneglas_classic-1.jpg\",\"width\":800,\"height\":800},{\"@type\":\"BreadcrumbList\",\"@id\":\"https:\\\/\\\/www.sonneshop.ee\\\/fi\\\/tuote\\\/aurinkolasit-klassinen\\\/#breadcrumb\",\"itemListElement\":[{\"@type\":\"ListItem\",\"position\":1,\"name\":\"Home\",\"item\":\"https:\\\/\\\/www.sonneshop.ee\\\/fi\\\/kahvi-koti-taide\\\/\"},{\"@type\":\"ListItem\",\"position\":2,\"name\":\"Pood\",\"item\":\"https:\\\/\\\/www.sonneshop.ee\\\/pood\\\/\"},{\"@type\":\"ListItem\",\"position\":3,\"name\":\"Aurinkolasit klassinen\"}]},{\"@type\":\"WebSite\",\"@id\":\"https:\\\/\\\/www.sonneshop.ee\\\/fi\\\/#website\",\"url\":\"https:\\\/\\\/www.sonneshop.ee\\\/fi\\\/\",\"name\":\"Sonne\",\"description\":\"Kohv.Kodu.Kunst\",\"publisher\":{\"@id\":\"https:\\\/\\\/www.sonneshop.ee\\\/fi\\\/#organization\"},\"potentialAction\":[{\"@type\":\"SearchAction\",\"target\":{\"@type\":\"EntryPoint\",\"urlTemplate\":\"https:\\\/\\\/www.sonneshop.ee\\\/fi\\\/?s={search_term_string}\"},\"query-input\":{\"@type\":\"PropertyValueSpecification\",\"valueRequired\":true,\"valueName\":\"search_term_string\"}}],\"inLanguage\":\"fi\"},{\"@type\":\"Organization\",\"@id\":\"https:\\\/\\\/www.sonneshop.ee\\\/fi\\\/#organization\",\"name\":\"Sonne kohv.kodu.kunst\",\"url\":\"https:\\\/\\\/www.sonneshop.ee\\\/fi\\\/\",\"logo\":{\"@type\":\"ImageObject\",\"inLanguage\":\"fi\",\"@id\":\"https:\\\/\\\/www.sonneshop.ee\\\/fi\\\/#\\\/schema\\\/logo\\\/image\\\/\",\"url\":\"https:\\\/\\\/www.sonneshop.ee\\\/wp-content\\\/uploads\\\/2023\\\/07\\\/Sonne_valge.png\",\"contentUrl\":\"https:\\\/\\\/www.sonneshop.ee\\\/wp-content\\\/uploads\\\/2023\\\/07\\\/Sonne_valge.png\",\"width\":600,\"height\":600,\"caption\":\"Sonne kohv.kodu.kunst\"},\"image\":{\"@id\":\"https:\\\/\\\/www.sonneshop.ee\\\/fi\\\/#\\\/schema\\\/logo\\\/image\\\/\"},\"sameAs\":[\"https:\\\/\\\/www.facebook.com\\\/sonneshop\\\/\"]}]}<\/script>\n<!-- \/ Yoast SEO plugin. -->","yoast_head_json":{"title":"Aurinkolasit klassinen - Sonne","robots":{"index":"index","follow":"follow","max-snippet":"max-snippet:-1","max-image-preview":"max-image-preview:large","max-video-preview":"max-video-preview:-1"},"canonical":"https:\/\/www.sonneshop.ee\/fi\/tuote\/aurinkolasit-klassinen\/","og_locale":"fi_FI","og_type":"article","og_title":"Aurinkolasit klassinen - Sonne","og_description":"&nbsp; Seuraavan sukupolven vihre\u00e4\u00e4 huipputeknologiaa tutussa 1 litran (33,8 unssia) versiossa, jossa on jopa 100 tunnin kiilto. &nbsp; Ominaisuudet: Toimii jopa 100 tuntia jokaisen t\u00e4yden latauksen j\u00e4lkeen. Kytkeytyy automaattisesti p\u00e4\u00e4lle y\u00f6ll\u00e4 ja pois p\u00e4\u00e4lt\u00e4 seuraavana aamuna. Uudet SONNENGLAS\u00ae LEDit, joissa on pehme\u00e4, l\u00e4mmin ja v\u00e4lkkym\u00e4t\u00f6n valo (3000K). 10 tunnin akunkesto vain 10 minuutin latauksen j\u00e4lkeen USB-C:n kautta. K\u00e4yt\u00e4nn\u00f6llinen akun varauksen ilmaisin Naarmuuntumaton korkean suorituskyvyn pinnoite S\u00e4\u00e4nkest\u00e4v\u00e4, korroosiovapaa, suojattu sateelta Integroitu USB-portti, jossa on p\u00f6lypistoke &nbsp;","og_url":"https:\/\/www.sonneshop.ee\/fi\/tuote\/aurinkolasit-klassinen\/","og_site_name":"Sonne","article_publisher":"https:\/\/www.facebook.com\/sonneshop\/","og_image":[{"width":800,"height":800,"url":"https:\/\/www.sonneshop.ee\/wp-content\/uploads\/2023\/11\/Sonneglas_classic-1.jpg","type":"image\/jpeg"}],"twitter_card":"summary_large_image","twitter_misc":{"Arvioitu lukuaika":"1 minuutti"},"schema":{"@context":"https:\/\/schema.org","@graph":[{"@type":"WebPage","@id":"https:\/\/www.sonneshop.ee\/fi\/tuote\/aurinkolasit-klassinen\/","url":"https:\/\/www.sonneshop.ee\/fi\/tuote\/aurinkolasit-klassinen\/","name":"Aurinkolasit klassinen - Sonne","isPartOf":{"@id":"https:\/\/www.sonneshop.ee\/fi\/#website"},"primaryImageOfPage":{"@id":"https:\/\/www.sonneshop.ee\/fi\/tuote\/aurinkolasit-klassinen\/#primaryimage"},"image":{"@id":"https:\/\/www.sonneshop.ee\/fi\/tuote\/aurinkolasit-klassinen\/#primaryimage"},"thumbnailUrl":"https:\/\/www.sonneshop.ee\/wp-content\/uploads\/2023\/11\/Sonneglas_classic-1.jpg","datePublished":"2023-11-14T14:10:45+00:00","breadcrumb":{"@id":"https:\/\/www.sonneshop.ee\/fi\/tuote\/aurinkolasit-klassinen\/#breadcrumb"},"inLanguage":"fi","potentialAction":[{"@type":"ReadAction","target":["https:\/\/www.sonneshop.ee\/fi\/tuote\/aurinkolasit-klassinen\/"]}]},{"@type":"ImageObject","inLanguage":"fi","@id":"https:\/\/www.sonneshop.ee\/fi\/tuote\/aurinkolasit-klassinen\/#primaryimage","url":"https:\/\/www.sonneshop.ee\/wp-content\/uploads\/2023\/11\/Sonneglas_classic-1.jpg","contentUrl":"https:\/\/www.sonneshop.ee\/wp-content\/uploads\/2023\/11\/Sonneglas_classic-1.jpg","width":800,"height":800},{"@type":"BreadcrumbList","@id":"https:\/\/www.sonneshop.ee\/fi\/tuote\/aurinkolasit-klassinen\/#breadcrumb","itemListElement":[{"@type":"ListItem","position":1,"name":"Home","item":"https:\/\/www.sonneshop.ee\/fi\/kahvi-koti-taide\/"},{"@type":"ListItem","position":2,"name":"Pood","item":"https:\/\/www.sonneshop.ee\/pood\/"},{"@type":"ListItem","position":3,"name":"Aurinkolasit klassinen"}]},{"@type":"WebSite","@id":"https:\/\/www.sonneshop.ee\/fi\/#website","url":"https:\/\/www.sonneshop.ee\/fi\/","name":"Sonne","description":"Kohv.Kodu.Kunst","publisher":{"@id":"https:\/\/www.sonneshop.ee\/fi\/#organization"},"potentialAction":[{"@type":"SearchAction","target":{"@type":"EntryPoint","urlTemplate":"https:\/\/www.sonneshop.ee\/fi\/?s={search_term_string}"},"query-input":{"@type":"PropertyValueSpecification","valueRequired":true,"valueName":"search_term_string"}}],"inLanguage":"fi"},{"@type":"Organization","@id":"https:\/\/www.sonneshop.ee\/fi\/#organization","name":"Sonne kohv.kodu.kunst","url":"https:\/\/www.sonneshop.ee\/fi\/","logo":{"@type":"ImageObject","inLanguage":"fi","@id":"https:\/\/www.sonneshop.ee\/fi\/#\/schema\/logo\/image\/","url":"https:\/\/www.sonneshop.ee\/wp-content\/uploads\/2023\/07\/Sonne_valge.png","contentUrl":"https:\/\/www.sonneshop.ee\/wp-content\/uploads\/2023\/07\/Sonne_valge.png","width":600,"height":600,"caption":"Sonne kohv.kodu.kunst"},"image":{"@id":"https:\/\/www.sonneshop.ee\/fi\/#\/schema\/logo\/image\/"},"sameAs":["https:\/\/www.facebook.com\/sonneshop\/"]}]}},"_links":{"self":[{"href":"https:\/\/www.sonneshop.ee\/fi\/wp-json\/wp\/v2\/product\/7463","targetHints":{"allow":["GET"]}}],"collection":[{"href":"https:\/\/www.sonneshop.ee\/fi\/wp-json\/wp\/v2\/product"}],"about":[{"href":"https:\/\/www.sonneshop.ee\/fi\/wp-json\/wp\/v2\/types\/product"}],"replies":[{"embeddable":true,"href":"https:\/\/www.sonneshop.ee\/fi\/wp-json\/wp\/v2\/comments?post=7463"}],"wp:featuredmedia":[{"embeddable":true,"href":"https:\/\/www.sonneshop.ee\/fi\/wp-json\/wp\/v2\/media\/6797"}],"wp:attachment":[{"href":"https:\/\/www.sonneshop.ee\/fi\/wp-json\/wp\/v2\/media?parent=7463"}],"wp:term":[{"taxonomy":"product_brand","embeddable":true,"href":"https:\/\/www.sonneshop.ee\/fi\/wp-json\/wp\/v2\/product_brand?post=7463"},{"taxonomy":"product_cat","embeddable":true,"href":"https:\/\/www.sonneshop.ee\/fi\/wp-json\/wp\/v2\/product_cat?post=7463"},{"taxonomy":"product_tag","embeddable":true,"href":"https:\/\/www.sonneshop.ee\/fi\/wp-json\/wp\/v2\/product_tag?post=7463"}],"curies":[{"name":"wp","href":"https:\/\/api.w.org\/{rel}","templated":true}]}}