{"id":7459,"date":"2023-11-13T17:45:30","date_gmt":"2023-11-13T15:45:30","guid":{"rendered":"https:\/\/www.sonneshop.ee\/product\/nelion-muotoinen-lampaannahka-kynsilla\/"},"modified":"2023-11-13T17:45:30","modified_gmt":"2023-11-13T15:45:30","slug":"nelion-muotoinen-lampaannahka-kynsilla","status":"publish","type":"product","link":"https:\/\/www.sonneshop.ee\/fi\/tuote\/nelion-muotoinen-lampaannahka-kynsilla\/","title":{"rendered":"Neli\u00f6n muotoinen lampaannahka kynsill\u00e4"},"content":{"rendered":"<p>&nbsp;<\/p>\n<p><span style=\"font-weight: 400;\">Mitat:<\/span><\/p>\n<p><span style=\"font-weight: 400;\">Koko XS: \u00d820 x K20cm<\/span><\/p>\n<p><span style=\"font-weight: 400;\">Materiaalit: palmunlehdet ja sepis<\/span><\/p>\n<p><span style=\"font-weight: 400;\">T\u00e4m\u00e4 tuote on lampunvarjostin, ei riippuvalaisin. Kiinnitysj\u00e4rjestelm\u00e4 ei mahdollista hyv\u00e4\u00e4 tasapainoa roikkumisen aikana.<\/span><\/p>\n<p><span style=\"font-weight: 400;\">Marokossa k\u00e4sintehtyjen tuotteiden koossa ja v\u00e4riss\u00e4 voi olla pieni\u00e4 vaihteluita. Jokainen kappale on ainutlaatuinen.<\/span><\/p>\n<p><span style=\"font-weight: 400;\">S\u00e4hk\u00f6j\u00e4rjestelm\u00e4\u00e4 ei ole. Tarvitaan LED-lamppu (ei sis\u00e4lly toimitukseen).<\/span><\/p>\n<p>&nbsp;<\/p>\n","protected":false},"excerpt":{"rendered":"<p>&nbsp;<\/p>\n<h5><strong>Karitsanvillasta valmistettu hapsullinen varjostin on silmi\u00e4 hivelev\u00e4n trendik\u00e4s ja upea koriste mihin tahansa huoneeseen.  <\/strong><\/h5>\n<p><span style=\"font-weight: 400;\">Py\u00f6re\u00e4 lampunvarjostin, jossa on palmunlehti, kiinnitet\u00e4\u00e4n lattiavalaisimen jalustaan tai y\u00f6p\u00f6yd\u00e4lle, jossa on E27-pistorasia.<\/span><\/p>\n<p>&nbsp;<\/p>\n","protected":false},"featured_media":6777,"comment_status":"open","ping_status":"closed","template":"","meta":[],"product_brand":[],"product_cat":[452],"product_tag":[453,455,454],"class_list":{"0":"post-7459","1":"product","2":"type-product","3":"status-publish","4":"has-post-thumbnail","6":"product_cat-bohome-living-fi","7":"product_tag-bohome-living-fi","8":"product_tag-laelamp-fi","9":"product_tag-riippuvalaisin","11":"first","12":"instock","13":"taxable","14":"shipping-taxable","15":"purchasable","16":"product-type-simple"},"yoast_head":"<!-- This site is optimized with the Yoast SEO plugin v27.6 - https:\/\/yoast.com\/product\/yoast-seo-wordpress\/ -->\n<title>Neli\u00f6n muotoinen lampaannahka kynsill\u00e4 - Sonne<\/title>\n<meta name=\"robots\" content=\"index, follow, max-snippet:-1, max-image-preview:large, max-video-preview:-1\" \/>\n<link rel=\"canonical\" href=\"https:\/\/www.sonneshop.ee\/fi\/tuote\/nelion-muotoinen-lampaannahka-kynsilla\/\" \/>\n<meta property=\"og:locale\" content=\"fi_FI\" \/>\n<meta property=\"og:type\" content=\"article\" \/>\n<meta property=\"og:title\" content=\"Neli\u00f6n muotoinen lampaannahka kynsill\u00e4 - Sonne\" \/>\n<meta property=\"og:description\" content=\"&nbsp; Karitsanvillasta valmistettu hapsullinen varjostin on silmi\u00e4 hivelev\u00e4n trendik\u00e4s ja upea koriste mihin tahansa huoneeseen.  Py\u00f6re\u00e4 lampunvarjostin, jossa on palmunlehti, kiinnitet\u00e4\u00e4n lattiavalaisimen jalustaan tai y\u00f6p\u00f6yd\u00e4lle, jossa on E27-pistorasia. &nbsp;\" \/>\n<meta property=\"og:url\" content=\"https:\/\/www.sonneshop.ee\/fi\/tuote\/nelion-muotoinen-lampaannahka-kynsilla\/\" \/>\n<meta property=\"og:site_name\" content=\"Sonne\" \/>\n<meta property=\"article:publisher\" content=\"https:\/\/www.facebook.com\/sonneshop\/\" \/>\n<meta property=\"og:image\" content=\"https:\/\/www.sonneshop.ee\/wp-content\/uploads\/2023\/11\/Abat-jour-en-paille-a-franges-carre_Bohome_Living.jpg\" \/>\n\t<meta property=\"og:image:width\" content=\"720\" \/>\n\t<meta property=\"og:image:height\" content=\"720\" \/>\n\t<meta property=\"og:image:type\" content=\"image\/jpeg\" \/>\n<meta name=\"twitter:card\" content=\"summary_large_image\" \/>\n<script type=\"application\/ld+json\" class=\"yoast-schema-graph\">{\"@context\":\"https:\\\/\\\/schema.org\",\"@graph\":[{\"@type\":\"WebPage\",\"@id\":\"https:\\\/\\\/www.sonneshop.ee\\\/fi\\\/tuote\\\/nelion-muotoinen-lampaannahka-kynsilla\\\/\",\"url\":\"https:\\\/\\\/www.sonneshop.ee\\\/fi\\\/tuote\\\/nelion-muotoinen-lampaannahka-kynsilla\\\/\",\"name\":\"Neli\u00f6n muotoinen lampaannahka kynsill\u00e4 - Sonne\",\"isPartOf\":{\"@id\":\"https:\\\/\\\/www.sonneshop.ee\\\/fi\\\/#website\"},\"primaryImageOfPage\":{\"@id\":\"https:\\\/\\\/www.sonneshop.ee\\\/fi\\\/tuote\\\/nelion-muotoinen-lampaannahka-kynsilla\\\/#primaryimage\"},\"image\":{\"@id\":\"https:\\\/\\\/www.sonneshop.ee\\\/fi\\\/tuote\\\/nelion-muotoinen-lampaannahka-kynsilla\\\/#primaryimage\"},\"thumbnailUrl\":\"https:\\\/\\\/www.sonneshop.ee\\\/wp-content\\\/uploads\\\/2023\\\/11\\\/Abat-jour-en-paille-a-franges-carre_Bohome_Living.jpg\",\"datePublished\":\"2023-11-13T15:45:30+00:00\",\"breadcrumb\":{\"@id\":\"https:\\\/\\\/www.sonneshop.ee\\\/fi\\\/tuote\\\/nelion-muotoinen-lampaannahka-kynsilla\\\/#breadcrumb\"},\"inLanguage\":\"fi\",\"potentialAction\":[{\"@type\":\"ReadAction\",\"target\":[\"https:\\\/\\\/www.sonneshop.ee\\\/fi\\\/tuote\\\/nelion-muotoinen-lampaannahka-kynsilla\\\/\"]}]},{\"@type\":\"ImageObject\",\"inLanguage\":\"fi\",\"@id\":\"https:\\\/\\\/www.sonneshop.ee\\\/fi\\\/tuote\\\/nelion-muotoinen-lampaannahka-kynsilla\\\/#primaryimage\",\"url\":\"https:\\\/\\\/www.sonneshop.ee\\\/wp-content\\\/uploads\\\/2023\\\/11\\\/Abat-jour-en-paille-a-franges-carre_Bohome_Living.jpg\",\"contentUrl\":\"https:\\\/\\\/www.sonneshop.ee\\\/wp-content\\\/uploads\\\/2023\\\/11\\\/Abat-jour-en-paille-a-franges-carre_Bohome_Living.jpg\",\"width\":720,\"height\":720},{\"@type\":\"BreadcrumbList\",\"@id\":\"https:\\\/\\\/www.sonneshop.ee\\\/fi\\\/tuote\\\/nelion-muotoinen-lampaannahka-kynsilla\\\/#breadcrumb\",\"itemListElement\":[{\"@type\":\"ListItem\",\"position\":1,\"name\":\"Home\",\"item\":\"https:\\\/\\\/www.sonneshop.ee\\\/fi\\\/kahvi-koti-taide\\\/\"},{\"@type\":\"ListItem\",\"position\":2,\"name\":\"Pood\",\"item\":\"https:\\\/\\\/www.sonneshop.ee\\\/pood\\\/\"},{\"@type\":\"ListItem\",\"position\":3,\"name\":\"Neli\u00f6n muotoinen lampaannahka kynsill\u00e4\"}]},{\"@type\":\"WebSite\",\"@id\":\"https:\\\/\\\/www.sonneshop.ee\\\/fi\\\/#website\",\"url\":\"https:\\\/\\\/www.sonneshop.ee\\\/fi\\\/\",\"name\":\"Sonne\",\"description\":\"Kohv.Kodu.Kunst\",\"publisher\":{\"@id\":\"https:\\\/\\\/www.sonneshop.ee\\\/fi\\\/#organization\"},\"potentialAction\":[{\"@type\":\"SearchAction\",\"target\":{\"@type\":\"EntryPoint\",\"urlTemplate\":\"https:\\\/\\\/www.sonneshop.ee\\\/fi\\\/?s={search_term_string}\"},\"query-input\":{\"@type\":\"PropertyValueSpecification\",\"valueRequired\":true,\"valueName\":\"search_term_string\"}}],\"inLanguage\":\"fi\"},{\"@type\":\"Organization\",\"@id\":\"https:\\\/\\\/www.sonneshop.ee\\\/fi\\\/#organization\",\"name\":\"Sonne kohv.kodu.kunst\",\"url\":\"https:\\\/\\\/www.sonneshop.ee\\\/fi\\\/\",\"logo\":{\"@type\":\"ImageObject\",\"inLanguage\":\"fi\",\"@id\":\"https:\\\/\\\/www.sonneshop.ee\\\/fi\\\/#\\\/schema\\\/logo\\\/image\\\/\",\"url\":\"https:\\\/\\\/www.sonneshop.ee\\\/wp-content\\\/uploads\\\/2023\\\/07\\\/Sonne_valge.png\",\"contentUrl\":\"https:\\\/\\\/www.sonneshop.ee\\\/wp-content\\\/uploads\\\/2023\\\/07\\\/Sonne_valge.png\",\"width\":600,\"height\":600,\"caption\":\"Sonne kohv.kodu.kunst\"},\"image\":{\"@id\":\"https:\\\/\\\/www.sonneshop.ee\\\/fi\\\/#\\\/schema\\\/logo\\\/image\\\/\"},\"sameAs\":[\"https:\\\/\\\/www.facebook.com\\\/sonneshop\\\/\"]}]}<\/script>\n<!-- \/ Yoast SEO plugin. -->","yoast_head_json":{"title":"Neli\u00f6n muotoinen lampaannahka kynsill\u00e4 - Sonne","robots":{"index":"index","follow":"follow","max-snippet":"max-snippet:-1","max-image-preview":"max-image-preview:large","max-video-preview":"max-video-preview:-1"},"canonical":"https:\/\/www.sonneshop.ee\/fi\/tuote\/nelion-muotoinen-lampaannahka-kynsilla\/","og_locale":"fi_FI","og_type":"article","og_title":"Neli\u00f6n muotoinen lampaannahka kynsill\u00e4 - Sonne","og_description":"&nbsp; Karitsanvillasta valmistettu hapsullinen varjostin on silmi\u00e4 hivelev\u00e4n trendik\u00e4s ja upea koriste mihin tahansa huoneeseen.  Py\u00f6re\u00e4 lampunvarjostin, jossa on palmunlehti, kiinnitet\u00e4\u00e4n lattiavalaisimen jalustaan tai y\u00f6p\u00f6yd\u00e4lle, jossa on E27-pistorasia. &nbsp;","og_url":"https:\/\/www.sonneshop.ee\/fi\/tuote\/nelion-muotoinen-lampaannahka-kynsilla\/","og_site_name":"Sonne","article_publisher":"https:\/\/www.facebook.com\/sonneshop\/","og_image":[{"width":720,"height":720,"url":"https:\/\/www.sonneshop.ee\/wp-content\/uploads\/2023\/11\/Abat-jour-en-paille-a-franges-carre_Bohome_Living.jpg","type":"image\/jpeg"}],"twitter_card":"summary_large_image","schema":{"@context":"https:\/\/schema.org","@graph":[{"@type":"WebPage","@id":"https:\/\/www.sonneshop.ee\/fi\/tuote\/nelion-muotoinen-lampaannahka-kynsilla\/","url":"https:\/\/www.sonneshop.ee\/fi\/tuote\/nelion-muotoinen-lampaannahka-kynsilla\/","name":"Neli\u00f6n muotoinen lampaannahka kynsill\u00e4 - Sonne","isPartOf":{"@id":"https:\/\/www.sonneshop.ee\/fi\/#website"},"primaryImageOfPage":{"@id":"https:\/\/www.sonneshop.ee\/fi\/tuote\/nelion-muotoinen-lampaannahka-kynsilla\/#primaryimage"},"image":{"@id":"https:\/\/www.sonneshop.ee\/fi\/tuote\/nelion-muotoinen-lampaannahka-kynsilla\/#primaryimage"},"thumbnailUrl":"https:\/\/www.sonneshop.ee\/wp-content\/uploads\/2023\/11\/Abat-jour-en-paille-a-franges-carre_Bohome_Living.jpg","datePublished":"2023-11-13T15:45:30+00:00","breadcrumb":{"@id":"https:\/\/www.sonneshop.ee\/fi\/tuote\/nelion-muotoinen-lampaannahka-kynsilla\/#breadcrumb"},"inLanguage":"fi","potentialAction":[{"@type":"ReadAction","target":["https:\/\/www.sonneshop.ee\/fi\/tuote\/nelion-muotoinen-lampaannahka-kynsilla\/"]}]},{"@type":"ImageObject","inLanguage":"fi","@id":"https:\/\/www.sonneshop.ee\/fi\/tuote\/nelion-muotoinen-lampaannahka-kynsilla\/#primaryimage","url":"https:\/\/www.sonneshop.ee\/wp-content\/uploads\/2023\/11\/Abat-jour-en-paille-a-franges-carre_Bohome_Living.jpg","contentUrl":"https:\/\/www.sonneshop.ee\/wp-content\/uploads\/2023\/11\/Abat-jour-en-paille-a-franges-carre_Bohome_Living.jpg","width":720,"height":720},{"@type":"BreadcrumbList","@id":"https:\/\/www.sonneshop.ee\/fi\/tuote\/nelion-muotoinen-lampaannahka-kynsilla\/#breadcrumb","itemListElement":[{"@type":"ListItem","position":1,"name":"Home","item":"https:\/\/www.sonneshop.ee\/fi\/kahvi-koti-taide\/"},{"@type":"ListItem","position":2,"name":"Pood","item":"https:\/\/www.sonneshop.ee\/pood\/"},{"@type":"ListItem","position":3,"name":"Neli\u00f6n muotoinen lampaannahka kynsill\u00e4"}]},{"@type":"WebSite","@id":"https:\/\/www.sonneshop.ee\/fi\/#website","url":"https:\/\/www.sonneshop.ee\/fi\/","name":"Sonne","description":"Kohv.Kodu.Kunst","publisher":{"@id":"https:\/\/www.sonneshop.ee\/fi\/#organization"},"potentialAction":[{"@type":"SearchAction","target":{"@type":"EntryPoint","urlTemplate":"https:\/\/www.sonneshop.ee\/fi\/?s={search_term_string}"},"query-input":{"@type":"PropertyValueSpecification","valueRequired":true,"valueName":"search_term_string"}}],"inLanguage":"fi"},{"@type":"Organization","@id":"https:\/\/www.sonneshop.ee\/fi\/#organization","name":"Sonne kohv.kodu.kunst","url":"https:\/\/www.sonneshop.ee\/fi\/","logo":{"@type":"ImageObject","inLanguage":"fi","@id":"https:\/\/www.sonneshop.ee\/fi\/#\/schema\/logo\/image\/","url":"https:\/\/www.sonneshop.ee\/wp-content\/uploads\/2023\/07\/Sonne_valge.png","contentUrl":"https:\/\/www.sonneshop.ee\/wp-content\/uploads\/2023\/07\/Sonne_valge.png","width":600,"height":600,"caption":"Sonne kohv.kodu.kunst"},"image":{"@id":"https:\/\/www.sonneshop.ee\/fi\/#\/schema\/logo\/image\/"},"sameAs":["https:\/\/www.facebook.com\/sonneshop\/"]}]}},"_links":{"self":[{"href":"https:\/\/www.sonneshop.ee\/fi\/wp-json\/wp\/v2\/product\/7459","targetHints":{"allow":["GET"]}}],"collection":[{"href":"https:\/\/www.sonneshop.ee\/fi\/wp-json\/wp\/v2\/product"}],"about":[{"href":"https:\/\/www.sonneshop.ee\/fi\/wp-json\/wp\/v2\/types\/product"}],"replies":[{"embeddable":true,"href":"https:\/\/www.sonneshop.ee\/fi\/wp-json\/wp\/v2\/comments?post=7459"}],"wp:featuredmedia":[{"embeddable":true,"href":"https:\/\/www.sonneshop.ee\/fi\/wp-json\/wp\/v2\/media\/6777"}],"wp:attachment":[{"href":"https:\/\/www.sonneshop.ee\/fi\/wp-json\/wp\/v2\/media?parent=7459"}],"wp:term":[{"taxonomy":"product_brand","embeddable":true,"href":"https:\/\/www.sonneshop.ee\/fi\/wp-json\/wp\/v2\/product_brand?post=7459"},{"taxonomy":"product_cat","embeddable":true,"href":"https:\/\/www.sonneshop.ee\/fi\/wp-json\/wp\/v2\/product_cat?post=7459"},{"taxonomy":"product_tag","embeddable":true,"href":"https:\/\/www.sonneshop.ee\/fi\/wp-json\/wp\/v2\/product_tag?post=7459"}],"curies":[{"name":"wp","href":"https:\/\/api.w.org\/{rel}","templated":true}]}}