{"id":7161,"date":"2023-06-12T07:40:11","date_gmt":"2023-06-12T04:40:11","guid":{"rendered":"https:\/\/www.sonneshop.ee\/tietosuojakaytanto\/"},"modified":"2026-04-06T10:24:41","modified_gmt":"2026-04-06T07:24:41","slug":"tietosuojakaytanto","status":"publish","type":"page","link":"https:\/\/www.sonneshop.ee\/fi\/tietosuojakaytanto\/","title":{"rendered":"Tietosuojak\u00e4yt\u00e4nt\u00f6"},"content":{"rendered":"\t\t<div data-elementor-type=\"wp-page\" data-elementor-id=\"7161\" class=\"elementor elementor-7161 elementor-3\">\n\t\t\t\t\t\t<section class=\"elementor-section elementor-top-section elementor-element elementor-element-10535e2f elementor-section-boxed elementor-section-height-default elementor-section-height-default\" data-id=\"10535e2f\" data-element_type=\"section\" data-e-type=\"section\" data-settings=\"{&quot;grandrestaurant_ext_is_background_parallax&quot;:&quot;false&quot;,&quot;grandrestaurant_ext_is_background_backdrop&quot;:&quot;false&quot;,&quot;grandrestaurant_ext_is_background_on_scroll&quot;:&quot;false&quot;}\">\n\t\t\t\t\t\t<div class=\"elementor-container elementor-column-gap-default\">\n\t\t\t\t\t<div class=\"elementor-column elementor-col-100 elementor-top-column elementor-element elementor-element-381680a0\" data-id=\"381680a0\" data-element_type=\"column\" data-e-type=\"column\" data-settings=\"{&quot;grandrestaurant_ext_link_reservation&quot;:&quot;false&quot;,&quot;grandrestaurant_ext_link_sidemenu&quot;:&quot;false&quot;,&quot;grandrestaurant_ext_link_fullmenu&quot;:&quot;false&quot;,&quot;grandrestaurant_ext_link_closed_fullmenu&quot;:&quot;false&quot;,&quot;grandrestaurant_ext_is_scrollme&quot;:&quot;false&quot;,&quot;grandrestaurant_ext_is_smoove&quot;:&quot;false&quot;,&quot;grandrestaurant_ext_is_parallax_mouse&quot;:&quot;false&quot;,&quot;grandrestaurant_ext_is_infinite&quot;:&quot;false&quot;,&quot;grandrestaurant_ext_is_fadeout_animation&quot;:&quot;false&quot;,&quot;grandrestaurant_ext_mobile_static&quot;:&quot;false&quot;}\">\n\t\t\t<div class=\"elementor-widget-wrap elementor-element-populated\">\n\t\t\t\t\t\t<div class=\"elementor-element elementor-element-6400a70 elementor-widget elementor-widget-spacer\" data-id=\"6400a70\" data-element_type=\"widget\" data-e-type=\"widget\" data-settings=\"{&quot;grandrestaurant_ext_link_reservation&quot;:&quot;false&quot;,&quot;grandrestaurant_ext_link_sidemenu&quot;:&quot;false&quot;,&quot;grandrestaurant_ext_link_fullmenu&quot;:&quot;false&quot;,&quot;grandrestaurant_ext_link_closed_fullmenu&quot;:&quot;false&quot;,&quot;grandrestaurant_ext_is_scrollme&quot;:&quot;false&quot;,&quot;grandrestaurant_ext_is_smoove&quot;:&quot;false&quot;,&quot;grandrestaurant_ext_is_parallax_mouse&quot;:&quot;false&quot;,&quot;grandrestaurant_ext_is_infinite&quot;:&quot;false&quot;,&quot;grandrestaurant_ext_is_fadeout_animation&quot;:&quot;false&quot;,&quot;grandrestaurant_ext_mobile_static&quot;:&quot;false&quot;}\" data-widget_type=\"spacer.default\">\n\t\t\t\t<div class=\"elementor-widget-container\">\n\t\t\t\t\t\t\t<div class=\"elementor-spacer\">\n\t\t\t<div class=\"elementor-spacer-inner\"><\/div>\n\t\t<\/div>\n\t\t\t\t\t\t<\/div>\n\t\t\t\t<\/div>\n\t\t\t\t<div class=\"elementor-element elementor-element-b767149 elementor-hidden-tablet elementor-hidden-mobile elementor-widget elementor-widget-heading\" data-id=\"b767149\" data-element_type=\"widget\" data-e-type=\"widget\" data-settings=\"{&quot;grandrestaurant_ext_link_reservation&quot;:&quot;false&quot;,&quot;grandrestaurant_ext_link_sidemenu&quot;:&quot;false&quot;,&quot;grandrestaurant_ext_link_fullmenu&quot;:&quot;false&quot;,&quot;grandrestaurant_ext_link_closed_fullmenu&quot;:&quot;false&quot;,&quot;grandrestaurant_ext_is_scrollme&quot;:&quot;false&quot;,&quot;grandrestaurant_ext_is_smoove&quot;:&quot;false&quot;,&quot;grandrestaurant_ext_is_parallax_mouse&quot;:&quot;false&quot;,&quot;grandrestaurant_ext_is_infinite&quot;:&quot;false&quot;,&quot;grandrestaurant_ext_is_fadeout_animation&quot;:&quot;false&quot;,&quot;grandrestaurant_ext_mobile_static&quot;:&quot;false&quot;}\" data-widget_type=\"heading.default\">\n\t\t\t\t<div class=\"elementor-widget-container\">\n\t\t\t\t\t<h2 class=\"elementor-heading-title elementor-size-default\">Tietosuojak\u00e4yt\u00e4nt\u00f6<\/h2>\t\t\t\t<\/div>\n\t\t\t\t<\/div>\n\t\t\t\t<div class=\"elementor-element elementor-element-6a68093 elementor-hidden-desktop elementor-widget elementor-widget-heading\" data-id=\"6a68093\" data-element_type=\"widget\" data-e-type=\"widget\" data-settings=\"{&quot;grandrestaurant_ext_link_reservation&quot;:&quot;false&quot;,&quot;grandrestaurant_ext_link_sidemenu&quot;:&quot;false&quot;,&quot;grandrestaurant_ext_link_fullmenu&quot;:&quot;false&quot;,&quot;grandrestaurant_ext_link_closed_fullmenu&quot;:&quot;false&quot;,&quot;grandrestaurant_ext_is_scrollme&quot;:&quot;false&quot;,&quot;grandrestaurant_ext_is_smoove&quot;:&quot;false&quot;,&quot;grandrestaurant_ext_is_parallax_mouse&quot;:&quot;false&quot;,&quot;grandrestaurant_ext_is_infinite&quot;:&quot;false&quot;,&quot;grandrestaurant_ext_is_fadeout_animation&quot;:&quot;false&quot;,&quot;grandrestaurant_ext_mobile_static&quot;:&quot;false&quot;}\" data-widget_type=\"heading.default\">\n\t\t\t\t<div class=\"elementor-widget-container\">\n\t\t\t\t\t<h2 class=\"elementor-heading-title elementor-size-default\">Tietosuojak\u00e4yt\u00e4nt\u00f6<\/h2>\t\t\t\t<\/div>\n\t\t\t\t<\/div>\n\t\t\t\t<div class=\"elementor-element elementor-element-46c81016 elementor-widget elementor-widget-text-editor\" data-id=\"46c81016\" data-element_type=\"widget\" data-e-type=\"widget\" data-settings=\"{&quot;grandrestaurant_ext_link_reservation&quot;:&quot;false&quot;,&quot;grandrestaurant_ext_link_sidemenu&quot;:&quot;false&quot;,&quot;grandrestaurant_ext_link_fullmenu&quot;:&quot;false&quot;,&quot;grandrestaurant_ext_link_closed_fullmenu&quot;:&quot;false&quot;,&quot;grandrestaurant_ext_is_scrollme&quot;:&quot;false&quot;,&quot;grandrestaurant_ext_is_smoove&quot;:&quot;false&quot;,&quot;grandrestaurant_ext_is_parallax_mouse&quot;:&quot;false&quot;,&quot;grandrestaurant_ext_is_infinite&quot;:&quot;false&quot;,&quot;grandrestaurant_ext_is_fadeout_animation&quot;:&quot;false&quot;,&quot;grandrestaurant_ext_mobile_static&quot;:&quot;false&quot;}\" data-widget_type=\"text-editor.default\">\n\t\t\t\t<div class=\"elementor-widget-container\">\n\t\t\t\t\t\t\t\t\t<div class=\"page\" title=\"Sivu 1\"><div class=\"layoutArea\"><p>Verkkokaupan www.sonneshop.ee henkil\u00f6tietojen rekisterinpit\u00e4j\u00e4 on Sonne Shop O\u00dc (kotipaikka 16436538), P\u00e4rnun l\u00e4\u00e4ni, P\u00e4rnun kaupunki, Kihlepa Village, Meieri, 88305, puhelin +372 <a href=\"tel:37258331631\">5833 1631<\/a> ja s\u00e4hk\u00f6posti <a href=\"mailto:info@sonneshop.ee\">info@sonneshop.ee<\/a>.<\/p><h4 class=\"column\"><strong>Mit\u00e4 henkil\u00f6tietoja k\u00e4sitell\u00e4\u00e4n<\/strong><\/h4><ul><li>nimi, puhelinnumero ja s\u00e4hk\u00f6postiosoite;<\/li><li>toimitusosoite;<\/li><li>pankkitilin numero;<\/li><li>tavaroiden ja palvelujen kustannukset ja maksutiedot (ostohistoria);<\/li><li>asiakastuen tiedot;<\/li><li>IP-osoite<\/li><\/ul><h4><strong>Henkil\u00f6tietojen k\u00e4sittelyn tarkoitukset<\/strong><\/h4><p>Henkil\u00f6tietoja k\u00e4ytet\u00e4\u00e4n asiakastilausten hallinnointiin ja tavaroiden toimittamiseen.<\/p><p>Ostohistoriatietoja (ostop\u00e4iv\u00e4m\u00e4\u00e4r\u00e4, tavarat, m\u00e4\u00e4r\u00e4, asiakastiedot) k\u00e4ytet\u00e4\u00e4n yleiskuvan laatimiseen ostetuista tavaroista ja palveluista, asiakkaiden mieltymysten analysointiin ja muun muassa kuluttajariitojen ratkaisemiseen.<\/p><p>Pankkitilin numeroa k\u00e4ytet\u00e4\u00e4n maksujen palauttamiseen asiakkaalle.<\/p><p>Henkil\u00f6tietoja, kuten s\u00e4hk\u00f6postiosoitetta, puhelinnumeroa ja asiakkaan nime\u00e4, k\u00e4sitell\u00e4\u00e4n tavaroiden ja palvelujen toimittamiseen liittyvien ongelmien ratkaisemiseksi (asiakastuki). S\u00e4hk\u00f6postia k\u00e4ytet\u00e4\u00e4n my\u00f6s laskujen l\u00e4hett\u00e4miseen, ja puhelinnumeroa k\u00e4ytet\u00e4\u00e4n ilmoittamaan pakettiautomaatille tavaroiden saapumisesta.<\/p><p>Verkkokaupan k\u00e4ytt\u00e4j\u00e4n IP-osoitetta tai muita verkkotunnisteita k\u00e4sitell\u00e4\u00e4n verkkokaupan tarjoamiseksi tietoyhteiskunnan palveluna ja verkkok\u00e4ytt\u00f6tilastoja varten.<\/p><h4><strong>Oikeusperusta<\/strong><\/h4><p>Henkil\u00f6tietojen k\u00e4sittely suoritetaan asiakkaan kanssa tehdyn sopimuksen toteuttamiseksi (asiakastilausten hallinnointi, toimitukset, tavaroiden palauttaminen ja maksut).<\/p><\/div><\/div><div class=\"page\" title=\"Sivu 2\"><div class=\"layoutArea\"><div class=\"column\"><p>Henkil\u00f6tietojen k\u00e4sittely suoritetaan lakis\u00e4\u00e4teisen velvoitteen t\u00e4ytt\u00e4miseksi (esim. kirjanpito).<\/p><p>Henkil\u00f6tietojen k\u00e4sittely on tarpeen rekisterinpit\u00e4j\u00e4n oikeutetun edun vuoksi, joka koskee ostohistorian ker\u00e4\u00e4mist\u00e4 mahdollisten kuluttajariitojen ratkaisemiseksi.<\/p><h4><strong>Vastaanottajat, joille henkil\u00f6tietoja luovutetaan<\/strong><\/h4><p>Sonne Shop O\u00dc on henkil\u00f6tietojen rekisterinpit\u00e4j\u00e4, Sonne Shop O\u00dc v\u00e4litt\u00e4\u00e4 maksujen suorittamiseksi tarvittavat henkil\u00f6tiedot Maksekeskus AS:lle.<\/p><p>Henkil\u00f6tiedot siirret\u00e4\u00e4n verkkokaupan asiakastukeen ostojen ja ostohistorian hallintaa sek\u00e4 asiakkaiden ongelmien ratkaisemista varten. (koskee vain, jos asiakastukipalvelun tarjoaa toinen henkil\u00f6 eli verkkokaupan ulkopuolinen henkil\u00f6).<\/p><p>Nimi, puhelinnumero ja s\u00e4hk\u00f6postiosoite v\u00e4litet\u00e4\u00e4n asiakkaan valitsemalle kuljetuspalvelujen tarjoajalle. Jos tavarat toimitetaan kuriirin v\u00e4lityksell\u00e4, yhteystietojen lis\u00e4ksi ilmoitetaan asiakkaan osoite.<\/p><p>Jos verkkokaupan kirjanpidon hoitaa palveluntarjoaja, henkil\u00f6tiedot siirret\u00e4\u00e4n palveluntarjoajalle kirjanpitotoimien suorittamista varten.<\/p><p>Henkil\u00f6tietoja voidaan siirt\u00e4\u00e4 tietotekniikan palveluntarjoajille, jos se on tarpeen verkkokaupan toimivuuden tai tietojen saatavuuden varmistamiseksi.<\/p><h4><strong>Tietoturva ja tiedonsaanti<\/strong><\/h4><p>Henkil\u00f6tiedot tallennetaan Web hosting -palvelun palvelimille, jotka sijaitsevat Euroopan unionin j\u00e4senvaltion alueella tai Euroopan talousalueeseen liittyneiden maiden alueella. Tietoja voidaan siirt\u00e4\u00e4 maihin, joiden tietosuojan tason Euroopan komissio on arvioinut riitt\u00e4v\u00e4ksi, tai kolmannessa maassa sijaitsevaan yritykseen, johon on sovellettu yleisen tietosuoja-asetuksen 46 tai 47 artiklassa tai 49 artiklan 1 kohdassa tarkoitettua suojatoimenpidett\u00e4.<\/p><\/div><\/div><\/div><div class=\"page\" title=\"Sivu 3\"><div class=\"layoutArea\"><div class=\"column\"><p>Henkil\u00f6tietoihin on p\u00e4\u00e4sy verkkokaupan ty\u00f6ntekij\u00f6ill\u00e4, joilla on p\u00e4\u00e4sy henkil\u00f6tietoihin verkkokaupan k\u00e4ytt\u00f6\u00f6n liittyvien teknisten ongelmien ratkaisemiseksi ja asiakastukipalvelujen tarjoamiseksi.<\/p><p>Verkkokauppa toteuttaa asianmukaisia fyysisi\u00e4, organisatorisia ja tietoteknisi\u00e4 turvatoimia henkil\u00f6tietojen suojaamiseksi vahingossa tapahtuvalta tai laittomalta tuhoamiselta, h\u00e4vi\u00e4miselt\u00e4, muuttamiselta tai luvattomalta k\u00e4yt\u00f6lt\u00e4 ja luovuttamiselta, kuten: verkkokaupan palvelimien palomuuri ja asianmukainen virustorjunta, s\u00e4\u00e4nn\u00f6lliset varmuuskopiot, joita s\u00e4ilytet\u00e4\u00e4n erill\u00e4\u00e4n verkkokaupan palvelimesta.<\/p><p>Henkil\u00f6tietojen siirrot verkkokaupasta vastaanottajille (esim. kuljetuspalvelujen tarjoajille ja tietojen yhdistelij\u00f6ille) perustuvat verkkokaupan ja k\u00e4sittelij\u00f6iden v\u00e4lisiin sopimuksiin. Rekisterinpit\u00e4jien on varmistettava asianmukaiset suojatoimet henkil\u00f6tietojen k\u00e4sittely\u00e4 varten yleisen tietosuoja-asetuksen 28 artiklan mukaisesti.<\/p><h4><strong>P\u00e4\u00e4sy henkil\u00f6tietoihin ja niiden korjaaminen<\/strong><\/h4><p>Henkil\u00f6tietoja voi tarkastella ja korjata verkkokaupan k\u00e4ytt\u00e4j\u00e4profiilissa tai asiakastuen kautta. Jos ostos on tehty ilman k\u00e4ytt\u00e4j\u00e4tili\u00e4, p\u00e4\u00e4set henkil\u00f6kohtaisiin tietoihin k\u00e4siksi kirjautumalla sis\u00e4\u00e4n. Jos pyynt\u00f6 saada tutustua henkil\u00f6tietoihin tehd\u00e4\u00e4n s\u00e4hk\u00f6isesti, tiedot on toimitettava my\u00f6s julkisesti saatavilla olevien s\u00e4hk\u00f6isten viestimien v\u00e4lityksell\u00e4.<\/p><\/div><\/div><div class=\"layoutArea\"><div class=\"column\"><h4><strong>Suostumuksen peruuttaminen<\/strong><\/h4><div class=\"layoutArea\"><div class=\"column\"><p>Jos henkil\u00f6tietojen k\u00e4sittely perustuu asiakkaan suostumukseen, asiakkaalla on oikeus peruuttaa suostumus asiakastilin asetuksissa tai ilmoittamalla siit\u00e4 asiakastukeen s\u00e4hk\u00f6postitse.<\/p><\/div><\/div><h4><strong>Varastointi<\/strong><\/h4><\/div><div class=\"column\"><p>Kun suljet verkkokaupan asiakastilisi, henkil\u00f6tietosi poistetaan, lukuun ottamatta henkil\u00f6tietoja (ostohistoriatiedot), jotka on s\u00e4ilytett\u00e4v\u00e4 kirjanpitotarkoituksiin tai kuluttajariitojen ratkaisemiseksi.<\/p><\/div><\/div><div class=\"layoutArea\"><div class=\"column\"><p>Maksuja ja kuluttajariitoja koskevissa riita-asioissa henkil\u00f6tietoja s\u00e4ilytet\u00e4\u00e4n, kunnes saatava on ratkaistu tai vanhentumisaika on p\u00e4\u00e4ttynyt.<\/p><p>Kirjanpitoaineiston sis\u00e4lt\u00e4mi\u00e4 henkil\u00f6tietoja s\u00e4ilytet\u00e4\u00e4n seitsem\u00e4n vuotta.<\/p><h4><strong>Rajoitus<\/strong><\/h4><p>Sinulla on oikeus pyyt\u00e4\u00e4 henkil\u00f6tietojesi k\u00e4sittelyn rajoittamista, jos tiedot ovat virheellisi\u00e4 tai puutteellisia tai jos henkil\u00f6tietojasi k\u00e4sitell\u00e4\u00e4n lainvastaisesti.<\/p><\/div><\/div><\/div><div class=\"page\" title=\"Sivu 4\"><div class=\"layoutArea\"><div class=\"column\"><h4><strong>Vastalauseet<\/strong><\/h4><p>Asiakkaalla on oikeus vastustaa henkil\u00f6tietojensa k\u00e4sittely\u00e4, jos h\u00e4nell\u00e4 on syyt\u00e4 uskoa, ett\u00e4 h\u00e4nen henkil\u00f6tietojensa k\u00e4sittelylle ei ole laillista perustetta.<\/p><h4><strong>Poistaminen<\/strong><\/h4><p>Jos haluat poistaa henkil\u00f6tietoja, sinun on otettava yhteytt\u00e4 asiakastukeen s\u00e4hk\u00f6postitse. Poistopyynt\u00f6\u00f6n vastataan viimeist\u00e4\u00e4n kuukauden kuluessa ja ilmoitetaan poistoaika. Pyynt\u00f6\u00f6n annettavassa vastauksessa ilmoitetaan my\u00f6s, mit\u00e4 henkil\u00f6tietoja ei poisteta ja mill\u00e4 oikeusperustalla ja mist\u00e4 syyst\u00e4.<\/p><h4><strong>Siirto<\/strong><\/h4><p>S\u00e4hk\u00f6postitse tehtyihin henkil\u00f6tietojen siirtoa koskeviin pyynt\u00f6ihin vastataan viimeist\u00e4\u00e4n kuukauden kuluessa. Asiakaspalvelu tarkistaa henkil\u00f6llisyyden ja ilmoittaa siirrett\u00e4vist\u00e4 henkil\u00f6tiedoista.<\/p><\/div><\/div><div class=\"layoutArea\"><div class=\"column\"><h4><strong>Suoramarkkinointiviestint\u00e4<\/strong><\/h4><p>S\u00e4hk\u00f6postiosoitetta ja puhelinnumeroa k\u00e4ytet\u00e4\u00e4n suoramarkkinointiviestien l\u00e4hett\u00e4miseen, jos asiakas on antanut siihen suostumuksensa. Jos asiakas ei halua vastaanottaa suoramarkkinointiviestint\u00e4\u00e4, h\u00e4nen on valittava asianmukainen maininta s\u00e4hk\u00f6postin alatunnisteesta tai otettava yhteytt\u00e4 asiakastukeen.<\/p><\/div><\/div><div class=\"section\"><div class=\"layoutArea\"><div class=\"column\"><p>Jos henkil\u00f6tietoja k\u00e4sitell\u00e4\u00e4n suoramarkkinointitarkoituksiin (profilointi), asiakkaalla on oikeus milloin tahansa vastustaa sek\u00e4 henkil\u00f6tietojensa alkuper\u00e4ist\u00e4 ett\u00e4 my\u00f6hemp\u00e4\u00e4 k\u00e4sittely\u00e4, mukaan lukien suoramarkkinointiin liittyv\u00e4 profilointi, ilmoittamalla siit\u00e4 asiakastukeen s\u00e4hk\u00f6postitse.<\/p><\/div><\/div><\/div><div class=\"layoutArea\"><div class=\"column\"><h4><strong>Riitojen ratkaiseminen<\/strong><\/h4><p>Henkil\u00f6tietojen k\u00e4sittelyyn liittyv\u00e4t riidat voidaan ratkaista asiakastuen kautta osoitteessa <a href=\"mailto:info@sonneshop.ee\">info@sonneshop.ee<\/a>. Valvontaviranomainen on Viron tietosuojavaltuutettu (info@aki.ee).<\/p><\/div><\/div><\/div>\t\t\t\t\t\t\t\t<\/div>\n\t\t\t\t<\/div>\n\t\t\t\t\t<\/div>\n\t\t<\/div>\n\t\t\t\t\t<\/div>\n\t\t<\/section>\n\t\t\t\t<\/div>\n\t\t","protected":false},"excerpt":{"rendered":"<p>Tietosuojak\u00e4yt\u00e4nt\u00f6 Tietosuojak\u00e4yt\u00e4nt\u00f6 Verkkokaupan www.sonneshop.ee henkil\u00f6tietojen rekisterinpit\u00e4j\u00e4 on Sonne Shop O\u00dc (kotipaikka 16436538), P\u00e4rnun l\u00e4\u00e4ni, P\u00e4rnun kaupunki, Kihlepa Village, Meieri, 88305, puhelin +372 5833 1631 ja s\u00e4hk\u00f6posti info@sonneshop.ee. Mit\u00e4 henkil\u00f6tietoja k\u00e4sitell\u00e4\u00e4n nimi, puhelinnumero ja s\u00e4hk\u00f6postiosoite; toimitusosoite; pankkitilin numero; tavaroiden ja palvelujen [&hellip;]<\/p>\n","protected":false},"author":1,"featured_media":0,"parent":0,"menu_order":0,"comment_status":"closed","ping_status":"closed","template":"","meta":{"footnotes":""},"class_list":["post-7161","page","type-page","status-publish","hentry"],"yoast_head":"<!-- This site is optimized with the Yoast SEO plugin v27.5 - https:\/\/yoast.com\/product\/yoast-seo-wordpress\/ -->\n<title>Tietosuojak\u00e4yt\u00e4nt\u00f6 - Sonne<\/title>\n<meta name=\"robots\" content=\"index, follow, max-snippet:-1, max-image-preview:large, max-video-preview:-1\" \/>\n<link rel=\"canonical\" href=\"https:\/\/www.sonneshop.ee\/fi\/tietosuojakaytanto\/\" \/>\n<meta property=\"og:locale\" content=\"fi_FI\" \/>\n<meta property=\"og:type\" content=\"article\" \/>\n<meta property=\"og:title\" content=\"Tietosuojak\u00e4yt\u00e4nt\u00f6 - Sonne\" \/>\n<meta property=\"og:description\" content=\"Tietosuojak\u00e4yt\u00e4nt\u00f6 Tietosuojak\u00e4yt\u00e4nt\u00f6 Verkkokaupan www.sonneshop.ee henkil\u00f6tietojen rekisterinpit\u00e4j\u00e4 on Sonne Shop O\u00dc (kotipaikka 16436538), P\u00e4rnun l\u00e4\u00e4ni, P\u00e4rnun kaupunki, Kihlepa Village, Meieri, 88305, puhelin +372 5833 1631 ja s\u00e4hk\u00f6posti info@sonneshop.ee. Mit\u00e4 henkil\u00f6tietoja k\u00e4sitell\u00e4\u00e4n nimi, puhelinnumero ja s\u00e4hk\u00f6postiosoite; toimitusosoite; pankkitilin numero; tavaroiden ja palvelujen [&hellip;]\" \/>\n<meta property=\"og:url\" content=\"https:\/\/www.sonneshop.ee\/fi\/tietosuojakaytanto\/\" \/>\n<meta property=\"og:site_name\" content=\"Sonne\" \/>\n<meta property=\"article:publisher\" content=\"https:\/\/www.facebook.com\/sonneshop\/\" \/>\n<meta property=\"article:modified_time\" content=\"2026-04-06T07:24:41+00:00\" \/>\n<meta name=\"twitter:card\" content=\"summary_large_image\" \/>\n<meta name=\"twitter:label1\" content=\"Arvioitu lukuaika\" \/>\n\t<meta name=\"twitter:data1\" content=\"4 minuuttia\" \/>\n<script type=\"application\/ld+json\" class=\"yoast-schema-graph\">{\"@context\":\"https:\\\/\\\/schema.org\",\"@graph\":[{\"@type\":\"WebPage\",\"@id\":\"https:\\\/\\\/www.sonneshop.ee\\\/fi\\\/tietosuojakaytanto\\\/\",\"url\":\"https:\\\/\\\/www.sonneshop.ee\\\/fi\\\/tietosuojakaytanto\\\/\",\"name\":\"Tietosuojak\u00e4yt\u00e4nt\u00f6 - Sonne\",\"isPartOf\":{\"@id\":\"https:\\\/\\\/www.sonneshop.ee\\\/fi\\\/#website\"},\"datePublished\":\"2023-06-12T04:40:11+00:00\",\"dateModified\":\"2026-04-06T07:24:41+00:00\",\"breadcrumb\":{\"@id\":\"https:\\\/\\\/www.sonneshop.ee\\\/fi\\\/tietosuojakaytanto\\\/#breadcrumb\"},\"inLanguage\":\"fi\",\"potentialAction\":[{\"@type\":\"ReadAction\",\"target\":[\"https:\\\/\\\/www.sonneshop.ee\\\/fi\\\/tietosuojakaytanto\\\/\"]}]},{\"@type\":\"BreadcrumbList\",\"@id\":\"https:\\\/\\\/www.sonneshop.ee\\\/fi\\\/tietosuojakaytanto\\\/#breadcrumb\",\"itemListElement\":[{\"@type\":\"ListItem\",\"position\":1,\"name\":\"Home\",\"item\":\"https:\\\/\\\/www.sonneshop.ee\\\/fi\\\/kahvi-koti-taide\\\/\"},{\"@type\":\"ListItem\",\"position\":2,\"name\":\"Tietosuojak\u00e4yt\u00e4nt\u00f6\"}]},{\"@type\":\"WebSite\",\"@id\":\"https:\\\/\\\/www.sonneshop.ee\\\/fi\\\/#website\",\"url\":\"https:\\\/\\\/www.sonneshop.ee\\\/fi\\\/\",\"name\":\"Sonne\",\"description\":\"Kohv.Kodu.Kunst\",\"publisher\":{\"@id\":\"https:\\\/\\\/www.sonneshop.ee\\\/fi\\\/#organization\"},\"potentialAction\":[{\"@type\":\"SearchAction\",\"target\":{\"@type\":\"EntryPoint\",\"urlTemplate\":\"https:\\\/\\\/www.sonneshop.ee\\\/fi\\\/?s={search_term_string}\"},\"query-input\":{\"@type\":\"PropertyValueSpecification\",\"valueRequired\":true,\"valueName\":\"search_term_string\"}}],\"inLanguage\":\"fi\"},{\"@type\":\"Organization\",\"@id\":\"https:\\\/\\\/www.sonneshop.ee\\\/fi\\\/#organization\",\"name\":\"Sonne kohv.kodu.kunst\",\"url\":\"https:\\\/\\\/www.sonneshop.ee\\\/fi\\\/\",\"logo\":{\"@type\":\"ImageObject\",\"inLanguage\":\"fi\",\"@id\":\"https:\\\/\\\/www.sonneshop.ee\\\/fi\\\/#\\\/schema\\\/logo\\\/image\\\/\",\"url\":\"https:\\\/\\\/www.sonneshop.ee\\\/wp-content\\\/uploads\\\/2023\\\/07\\\/Sonne_valge.png\",\"contentUrl\":\"https:\\\/\\\/www.sonneshop.ee\\\/wp-content\\\/uploads\\\/2023\\\/07\\\/Sonne_valge.png\",\"width\":600,\"height\":600,\"caption\":\"Sonne kohv.kodu.kunst\"},\"image\":{\"@id\":\"https:\\\/\\\/www.sonneshop.ee\\\/fi\\\/#\\\/schema\\\/logo\\\/image\\\/\"},\"sameAs\":[\"https:\\\/\\\/www.facebook.com\\\/sonneshop\\\/\"]}]}<\/script>\n<!-- \/ Yoast SEO plugin. -->","yoast_head_json":{"title":"Tietosuojak\u00e4yt\u00e4nt\u00f6 - Sonne","robots":{"index":"index","follow":"follow","max-snippet":"max-snippet:-1","max-image-preview":"max-image-preview:large","max-video-preview":"max-video-preview:-1"},"canonical":"https:\/\/www.sonneshop.ee\/fi\/tietosuojakaytanto\/","og_locale":"fi_FI","og_type":"article","og_title":"Tietosuojak\u00e4yt\u00e4nt\u00f6 - Sonne","og_description":"Tietosuojak\u00e4yt\u00e4nt\u00f6 Tietosuojak\u00e4yt\u00e4nt\u00f6 Verkkokaupan www.sonneshop.ee henkil\u00f6tietojen rekisterinpit\u00e4j\u00e4 on Sonne Shop O\u00dc (kotipaikka 16436538), P\u00e4rnun l\u00e4\u00e4ni, P\u00e4rnun kaupunki, Kihlepa Village, Meieri, 88305, puhelin +372 5833 1631 ja s\u00e4hk\u00f6posti info@sonneshop.ee. Mit\u00e4 henkil\u00f6tietoja k\u00e4sitell\u00e4\u00e4n nimi, puhelinnumero ja s\u00e4hk\u00f6postiosoite; toimitusosoite; pankkitilin numero; tavaroiden ja palvelujen [&hellip;]","og_url":"https:\/\/www.sonneshop.ee\/fi\/tietosuojakaytanto\/","og_site_name":"Sonne","article_publisher":"https:\/\/www.facebook.com\/sonneshop\/","article_modified_time":"2026-04-06T07:24:41+00:00","twitter_card":"summary_large_image","twitter_misc":{"Arvioitu lukuaika":"4 minuuttia"},"schema":{"@context":"https:\/\/schema.org","@graph":[{"@type":"WebPage","@id":"https:\/\/www.sonneshop.ee\/fi\/tietosuojakaytanto\/","url":"https:\/\/www.sonneshop.ee\/fi\/tietosuojakaytanto\/","name":"Tietosuojak\u00e4yt\u00e4nt\u00f6 - Sonne","isPartOf":{"@id":"https:\/\/www.sonneshop.ee\/fi\/#website"},"datePublished":"2023-06-12T04:40:11+00:00","dateModified":"2026-04-06T07:24:41+00:00","breadcrumb":{"@id":"https:\/\/www.sonneshop.ee\/fi\/tietosuojakaytanto\/#breadcrumb"},"inLanguage":"fi","potentialAction":[{"@type":"ReadAction","target":["https:\/\/www.sonneshop.ee\/fi\/tietosuojakaytanto\/"]}]},{"@type":"BreadcrumbList","@id":"https:\/\/www.sonneshop.ee\/fi\/tietosuojakaytanto\/#breadcrumb","itemListElement":[{"@type":"ListItem","position":1,"name":"Home","item":"https:\/\/www.sonneshop.ee\/fi\/kahvi-koti-taide\/"},{"@type":"ListItem","position":2,"name":"Tietosuojak\u00e4yt\u00e4nt\u00f6"}]},{"@type":"WebSite","@id":"https:\/\/www.sonneshop.ee\/fi\/#website","url":"https:\/\/www.sonneshop.ee\/fi\/","name":"Sonne","description":"Kohv.Kodu.Kunst","publisher":{"@id":"https:\/\/www.sonneshop.ee\/fi\/#organization"},"potentialAction":[{"@type":"SearchAction","target":{"@type":"EntryPoint","urlTemplate":"https:\/\/www.sonneshop.ee\/fi\/?s={search_term_string}"},"query-input":{"@type":"PropertyValueSpecification","valueRequired":true,"valueName":"search_term_string"}}],"inLanguage":"fi"},{"@type":"Organization","@id":"https:\/\/www.sonneshop.ee\/fi\/#organization","name":"Sonne kohv.kodu.kunst","url":"https:\/\/www.sonneshop.ee\/fi\/","logo":{"@type":"ImageObject","inLanguage":"fi","@id":"https:\/\/www.sonneshop.ee\/fi\/#\/schema\/logo\/image\/","url":"https:\/\/www.sonneshop.ee\/wp-content\/uploads\/2023\/07\/Sonne_valge.png","contentUrl":"https:\/\/www.sonneshop.ee\/wp-content\/uploads\/2023\/07\/Sonne_valge.png","width":600,"height":600,"caption":"Sonne kohv.kodu.kunst"},"image":{"@id":"https:\/\/www.sonneshop.ee\/fi\/#\/schema\/logo\/image\/"},"sameAs":["https:\/\/www.facebook.com\/sonneshop\/"]}]}},"_links":{"self":[{"href":"https:\/\/www.sonneshop.ee\/fi\/wp-json\/wp\/v2\/pages\/7161","targetHints":{"allow":["GET"]}}],"collection":[{"href":"https:\/\/www.sonneshop.ee\/fi\/wp-json\/wp\/v2\/pages"}],"about":[{"href":"https:\/\/www.sonneshop.ee\/fi\/wp-json\/wp\/v2\/types\/page"}],"author":[{"embeddable":true,"href":"https:\/\/www.sonneshop.ee\/fi\/wp-json\/wp\/v2\/users\/1"}],"replies":[{"embeddable":true,"href":"https:\/\/www.sonneshop.ee\/fi\/wp-json\/wp\/v2\/comments?post=7161"}],"version-history":[{"count":4,"href":"https:\/\/www.sonneshop.ee\/fi\/wp-json\/wp\/v2\/pages\/7161\/revisions"}],"predecessor-version":[{"id":11069,"href":"https:\/\/www.sonneshop.ee\/fi\/wp-json\/wp\/v2\/pages\/7161\/revisions\/11069"}],"wp:attachment":[{"href":"https:\/\/www.sonneshop.ee\/fi\/wp-json\/wp\/v2\/media?parent=7161"}],"curies":[{"name":"wp","href":"https:\/\/api.w.org\/{rel}","templated":true}]}}